{"id":3189,"date":"2014-02-22T20:41:21","date_gmt":"2014-02-22T19:41:21","guid":{"rendered":"http:\/\/wp.unil.ch\/ateliercritique\/?page_id=3189"},"modified":"2025-02-07T09:33:16","modified_gmt":"2025-02-07T08:33:16","slug":"amandine-rosset","status":"publish","type":"page","link":"https:\/\/wp.unil.ch\/ateliercritique\/lequipe\/amandine-rosset\/","title":{"rendered":"Amandine Rosset"},"content":{"rendered":"\n<p>\u00c9tudiante en bachelor dans la Facult\u00e9 des lettres en fran\u00e7ais et g\u00e9ographie, je profite de l&rsquo;Atelier Critique pour parcourir les th\u00e9\u00e2tres romands afin de me confronter \u00e0 des formes th\u00e9\u00e2trales vari\u00e9es et parfois \u00e9tonnantes. Cet Atelier me permet aussi d&rsquo;aiguiser mon oeil d&rsquo;analyste et de me rapprocher de ma passion pour le journalisme.<\/p>\n\n\n\n<h4 class=\"wp-block-heading\">Les critiques d&rsquo;Amandine Rosset :<\/h4>\n\n\n\n<div class=\"wp-block-query is-layout-flow wp-block-query-is-layout-flow\"><ul class=\"wp-block-post-template is-layout-flow wp-block-post-template-is-layout-flow\"><li class=\"wp-block-post post-8181 post type-post status-publish format-standard has-post-thumbnail category-critique category-expired category-spectacle category-theatre-de-vidy tag-amandine-rosset tag-elisa-picci\">\n<h6 class=\"liensouligne wp-block-post-title\"><a href=\"https:\/\/wp.unil.ch\/ateliercritique\/2016\/05\/taxi-dancers\/\" target=\"_self\" >Taxi-Dancers<\/a><\/h6>\n\n<div class=\"wp-block-post-excerpt\"><p class=\"wp-block-post-excerpt__excerpt\">De et par Marie-Caroline Hominal \/ Th\u00e9\u00e2tre de Vidy \/ du 20 au 29 mai 2016 \/ Critiques par Elisa Picci et Amandine Rosset. <\/p><\/div>\n\n\n<div style=\"height:1px\" aria-hidden=\"true\" class=\"wp-block-spacer\"><\/div>\n\n<\/li><li class=\"wp-block-post post-7975 post type-post status-publish format-standard has-post-thumbnail category-critique category-expired category-le-reflet category-spectacle tag-amandine-rosset tag-deborah-strebel\">\n<h6 class=\"liensouligne wp-block-post-title\"><a href=\"https:\/\/wp.unil.ch\/ateliercritique\/2016\/03\/george-dandin-et-la-jalousie-du-barbouille\/\" target=\"_self\" >George Dandin et La Jalousie du Barbouill\u00e9<\/a><\/h6>\n\n<div class=\"wp-block-post-excerpt\"><p class=\"wp-block-post-excerpt__excerpt\">De Moli\u00e8re \/ mise en sc\u00e8ne Herv\u00e9 Pierre \/ par la troupe de la Com\u00e9die-Fran\u00e7aise \/ Le Reflet \/ le 20 mars 2016 \/ Critiques par Deborah Strebel et Amandine Rosset. <\/p><\/div>\n\n\n<div style=\"height:1px\" aria-hidden=\"true\" class=\"wp-block-spacer\"><\/div>\n\n<\/li><li class=\"wp-block-post post-7822 post type-post status-publish format-standard has-post-thumbnail category-critique category-expired category-le-reflet category-spectacle tag-amandine-rosset\">\n<h6 class=\"liensouligne wp-block-post-title\"><a href=\"https:\/\/wp.unil.ch\/ateliercritique\/2016\/02\/piccoli-sentimenti\/\" target=\"_self\" >Piccoli Sentimenti<\/a><\/h6>\n\n<div class=\"wp-block-post-excerpt\"><p class=\"wp-block-post-excerpt__excerpt\">Conception Antonio Catalano et Alain Moreau \/ \u00e9criture, marionnette et mise en sc\u00e8ne Alain Moreau \/ Le Reflet (Vevey) \/ du 13 au 14 f\u00e9vrier 2016 \/ Critique par Amandine Rosset. <\/p><\/div>\n\n\n<div style=\"height:1px\" aria-hidden=\"true\" class=\"wp-block-spacer\"><\/div>\n\n<\/li><li class=\"wp-block-post post-7654 post type-post status-publish format-standard has-post-thumbnail category-critique category-expired category-la-grange category-spectacle tag-amandine-rosset tag-emilie-roch\">\n<h6 class=\"liensouligne wp-block-post-title\"><a href=\"https:\/\/wp.unil.ch\/ateliercritique\/2016\/01\/sauvage-opera-de-chambre\/\" target=\"_self\" >Sauvage : Op\u00e9ra de Chambre<\/a><\/h6>\n\n<div class=\"wp-block-post-excerpt\"><p class=\"wp-block-post-excerpt__excerpt\">De Dominique Lehmann (musique) et Pierre Louis P\u00e9clat (livret) \/ mise en sc\u00e8ne H\u00e9l\u00e8ne Cattin \/ Th\u00e9\u00e2tre de la Grange de Dorigny \/ du 8 au 10, puis du 15 au 17 janvier 2016 \/ Critiques par Emilie Roch et\u2026 <\/p><\/div>\n\n\n<div style=\"height:1px\" aria-hidden=\"true\" class=\"wp-block-spacer\"><\/div>\n\n<\/li><li class=\"wp-block-post post-7498 post type-post status-publish format-standard has-post-thumbnail category-critique category-expired category-theatre-de-larsenic category-spectacle tag-amandine-rosset tag-valmir-rexhepi\">\n<h6 class=\"liensouligne wp-block-post-title\"><a href=\"https:\/\/wp.unil.ch\/ateliercritique\/2015\/11\/tristesse-animal-noir\/\" target=\"_self\" >Tristesse animal noir<\/a><\/h6>\n\n<div class=\"wp-block-post-excerpt\"><p class=\"wp-block-post-excerpt__excerpt\">D\u2019Anja Hilling \/ mise en sc\u00e8ne Collectif Sur un Malentendu \/ L&rsquo;Arsenic \/ du 23 au 29 novembre 2015 \/ Critiques par Amandine Rosset et Valmir Rexhepi. <\/p><\/div>\n\n\n<div style=\"height:1px\" aria-hidden=\"true\" class=\"wp-block-spacer\"><\/div>\n\n<\/li><li class=\"wp-block-post post-5770 post type-post status-publish format-standard has-post-thumbnail category-critique category-expired category-la-grange category-spectacle tag-amandine-rosset tag-maelle-andrey\">\n<h6 class=\"liensouligne wp-block-post-title\"><a href=\"https:\/\/wp.unil.ch\/ateliercritique\/2015\/01\/la-voix-du-peuple\/\" target=\"_self\" >La Voix du peuple<\/a><\/h6>\n\n<div class=\"wp-block-post-excerpt\"><p class=\"wp-block-post-excerpt__excerpt\">par la Cie Les D\u00e9biteurs \/ mise en sc\u00e8ne J\u00e9r\u00f4me Junod \/ du 27 au 31 janvier 2015 \/ La Grange de Dorigny \/ Critiques par Ma\u00eblle Andrey et Amandine Rosset.\u00a0 <\/p><\/div>\n\n\n<div style=\"height:1px\" aria-hidden=\"true\" class=\"wp-block-spacer\"><\/div>\n\n<\/li><li class=\"wp-block-post post-4971 post type-post status-publish format-standard has-post-thumbnail category-critique category-expired category-theatre-de-larsenic category-spectacle tag-amandine-rosset\">\n<h6 class=\"liensouligne wp-block-post-title\"><a href=\"https:\/\/wp.unil.ch\/ateliercritique\/2014\/10\/les-filles-du-roi-lear-ou-la-veritable-histoire-de-rihanna\/\" target=\"_self\" >Les filles du Roi Lear ou la v\u00e9ritable histoire de Rihanna<\/a><\/h6>\n\n<div class=\"wp-block-post-excerpt\"><p class=\"wp-block-post-excerpt__excerpt\">Texte et mise en sc\u00e8ne Marielle Pinsard \/ du 26 septembre au 4 octobre 2014 \/ Arsenic\u00a0\/ Critique par Amandie Rosset. <\/p><\/div>\n\n\n<div style=\"height:1px\" aria-hidden=\"true\" class=\"wp-block-spacer\"><\/div>\n\n<\/li><li class=\"wp-block-post post-4673 post type-post status-publish format-standard has-post-thumbnail category-critique category-expired category-theatre-de-larsenic category-spectacle tag-amandine-rosset\">\n<h6 class=\"liensouligne wp-block-post-title\"><a href=\"https:\/\/wp.unil.ch\/ateliercritique\/2014\/06\/sauna\/\" target=\"_self\" >SAUN\u00c5<\/a><\/h6>\n\n<div class=\"wp-block-post-excerpt\"><p class=\"wp-block-post-excerpt__excerpt\">conception et mise en sc\u00e8ne Adrien Barazzone \u2013 Cie L\u2019Homme de dos \/ Th\u00e9\u00e2tre Arsenic \u00e0 Lausanne \/ du 3 au 7 juin 2014 \/ Critique par Amandine Rosset. <\/p><\/div>\n\n\n<div style=\"height:1px\" aria-hidden=\"true\" class=\"wp-block-spacer\"><\/div>\n\n<\/li><li class=\"wp-block-post post-4471 post type-post status-publish format-standard has-post-thumbnail category-critique category-expired category-le-petit-theatre category-spectacle tag-amandine-rosset\">\n<h6 class=\"liensouligne wp-block-post-title\"><a href=\"https:\/\/wp.unil.ch\/ateliercritique\/2014\/05\/petite-soeur\/\" target=\"_self\" >Petite S\u0153ur<\/a><\/h6>\n\n<div class=\"wp-block-post-excerpt\"><p class=\"wp-block-post-excerpt__excerpt\">d\u2019apr\u00e8s Pierre Gripari \/ Cr\u00e9ation Cie Pasquier-Rossier \/ Le petit th\u00e9\u00e2tre de Lausanne \/ du 30 avril au 18 mai 2014 \/ Critique par Amandine Rosset. <\/p><\/div>\n\n\n<div style=\"height:1px\" aria-hidden=\"true\" class=\"wp-block-spacer\"><\/div>\n\n<\/li><li class=\"wp-block-post post-2111 post type-post status-publish format-standard has-post-thumbnail category-critique category-expired category-spectacle category-theatre-de-carouge tag-alice-bottarelli tag-amandine-rosset tag-cecilia-galindo tag-suzanne-balharry\">\n<h6 class=\"liensouligne wp-block-post-title\"><a href=\"https:\/\/wp.unil.ch\/ateliercritique\/2014\/01\/malade\/\" target=\"_self\" >Le Malade imaginaire<\/a><\/h6>\n\n<div class=\"wp-block-post-excerpt\"><p class=\"wp-block-post-excerpt__excerpt\">de Moli\u00e8re \/ mise en sc\u00e8ne Jean Liermier \/ Th\u00e9\u00e2tre de Carouge \u00e0 Gen\u00e8ve \/ du 14 janvier au 9 f\u00e9vrier 2014 \/ Critique par Cecilia Galindo, Suzanne Balharry, Alice Bottarelli, Amandi Rosset. <\/p><\/div>\n\n\n<div style=\"height:1px\" aria-hidden=\"true\" class=\"wp-block-spacer\"><\/div>\n\n<\/li><li class=\"wp-block-post post-1704 post type-post status-publish format-standard has-post-thumbnail category-critique category-expired category-spectacle category-theatre-de-vidy tag-aitor-gosende tag-amandine-rosset\">\n<h6 class=\"liensouligne wp-block-post-title\"><a href=\"https:\/\/wp.unil.ch\/ateliercritique\/2013\/12\/hughie\/\" target=\"_self\" >Hughie<\/a><\/h6>\n\n<div class=\"wp-block-post-excerpt\"><p class=\"wp-block-post-excerpt__excerpt\">d&rsquo;Eug\u00e8ne O&rsquo;Neill \/ mise en sc\u00e8ne Jean-Yves Ruf \/ Th\u00e9\u00e2tre de Vidy \u00e0 Lausanne \/ du 4 au 22 d\u00e9cembre 2013 \/ Critiques par Aitor Gosende et Amandine Rosset. <\/p><\/div>\n\n\n<div style=\"height:1px\" aria-hidden=\"true\" class=\"wp-block-spacer\"><\/div>\n\n<\/li><\/ul><\/div>\n","protected":false},"excerpt":{"rendered":"<p>\u00c9tudiante en bachelor dans la Facult\u00e9 des lettres en fran\u00e7ais et g\u00e9ographie, je profite de l&rsquo;Atelier Critique pour parcourir les th\u00e9\u00e2tres romands afin de me confronter \u00e0 des formes th\u00e9\u00e2trales &hellip; <\/p>\n","protected":false},"author":1420,"featured_media":0,"parent":2716,"menu_order":0,"comment_status":"closed","ping_status":"open","template":"","meta":{"_seopress_robots_primary_cat":"","_seopress_titles_title":"","_seopress_titles_desc":"","_seopress_robots_index":"","footnotes":""},"class_list":["post-3189","page","type-page","status-publish"],"_links":{"self":[{"href":"https:\/\/wp.unil.ch\/ateliercritique\/wp-json\/wp\/v2\/pages\/3189","targetHints":{"allow":["GET"]}}],"collection":[{"href":"https:\/\/wp.unil.ch\/ateliercritique\/wp-json\/wp\/v2\/pages"}],"about":[{"href":"https:\/\/wp.unil.ch\/ateliercritique\/wp-json\/wp\/v2\/types\/page"}],"author":[{"embeddable":true,"href":"https:\/\/wp.unil.ch\/ateliercritique\/wp-json\/wp\/v2\/users\/1420"}],"replies":[{"embeddable":true,"href":"https:\/\/wp.unil.ch\/ateliercritique\/wp-json\/wp\/v2\/comments?post=3189"}],"version-history":[{"count":4,"href":"https:\/\/wp.unil.ch\/ateliercritique\/wp-json\/wp\/v2\/pages\/3189\/revisions"}],"predecessor-version":[{"id":22346,"href":"https:\/\/wp.unil.ch\/ateliercritique\/wp-json\/wp\/v2\/pages\/3189\/revisions\/22346"}],"up":[{"embeddable":true,"href":"https:\/\/wp.unil.ch\/ateliercritique\/wp-json\/wp\/v2\/pages\/2716"}],"wp:attachment":[{"href":"https:\/\/wp.unil.ch\/ateliercritique\/wp-json\/wp\/v2\/media?parent=3189"}],"curies":[{"name":"wp","href":"https:\/\/api.w.org\/{rel}","templated":true}]}}