{"id":3187,"date":"2014-02-22T20:40:44","date_gmt":"2014-02-22T19:40:44","guid":{"rendered":"http:\/\/wp.unil.ch\/ateliercritique\/?page_id=3187"},"modified":"2025-02-06T17:35:34","modified_gmt":"2025-02-06T16:35:34","slug":"aline-kohler","status":"publish","type":"page","link":"https:\/\/wp.unil.ch\/ateliercritique\/lequipe\/aline-kohler\/","title":{"rendered":"Aline Kohler"},"content":{"rendered":"<div class=\"wp-block-image\">\n<figure class=\"alignright size-full is-resized\"><img alt=\"\" loading=\"lazy\" decoding=\"async\" width=\"321\" height=\"426\" src=\"https:\/\/wp.unil.ch\/ateliercritique\/files\/2014\/03\/kohler.jpg\" alt=\"\" class=\"wp-image-9654\" style=\"width:auto;height:250px\" srcset=\"https:\/\/wp.unil.ch\/ateliercritique\/files\/2014\/03\/kohler.jpg 321w, https:\/\/wp.unil.ch\/ateliercritique\/files\/2014\/03\/kohler-128x170.jpg 128w, https:\/\/wp.unil.ch\/ateliercritique\/files\/2014\/03\/kohler-151x200.jpg 151w\" sizes=\"auto, (max-width: 321px) 100vw, 321px\" \/><\/figure>\n<\/div>\n\n\n<p>Etudiante en Master en Lettres et r\u00e9dactrice en chef de <a title=\"Fr\u00e9quence Banane\" href=\"https:\/\/www.frequencebanane.ch\/\" target=\"_blank\" rel=\"noopener\">Fr\u00e9quence Banane<\/a>, je me passionne pour la litt\u00e9rature et l\u2019art. A l\u2019universit\u00e9, j\u2019ai notamment suivi des cours de litt\u00e9rature, de dramaturgie, d\u2019histoire de l\u2019art, de musicologie et de cin\u00e9ma. Dans chacun de ces domaines, je retrouve des histoires actuelles et pass\u00e9es qui mettent en lumi\u00e8re l\u2019humain. Au-del\u00e0 de ma conviction de la place fondamentale de l\u2019art dans notre soci\u00e9t\u00e9, je porte une grande attention \u00e0 l\u2019esth\u00e9tique. Pour moi, la critique fait partie int\u00e9grante de l\u2019art ; les deux sont interd\u00e9pendants et indispensables. A c\u00f4t\u00e9 de l\u2019\u00e9criture, je vis ma propre exp\u00e9rience de la sc\u00e8ne \u00e0 travers le piano, le chant et l\u2019improvisation th\u00e9\u00e2trale.<\/p>\n\n\n\n<h4 class=\"wp-block-heading\">Les critiques d&rsquo;Aline Kohler :<\/h4>\n\n\n\n<div class=\"wp-block-query is-layout-flow wp-block-query-is-layout-flow\"><ul class=\"wp-block-post-template is-layout-flow wp-block-post-template-is-layout-flow\"><li class=\"wp-block-post post-4372 post type-post status-publish format-standard has-post-thumbnail category-critique category-expired category-spectacle category-theatre-les-halles tag-aline-kohler tag-deborah-strebel tag-jehanne-denogent\">\n<h6 class=\"liensouligne wp-block-post-title\"><a href=\"https:\/\/wp.unil.ch\/ateliercritique\/2014\/05\/on-a-promis\/\" target=\"_self\" >On a promis de ne pas vous toucher<\/a><\/h6>\n\n<div class=\"wp-block-post-excerpt\"><p class=\"wp-block-post-excerpt__excerpt\">\u00e0 partir de G. Bataille \/ mise en sc\u00e8ne Aur\u00e9lien Patouillard \u2013 Zooscope \/ du 9 au 19 avril 2014 au Th\u00e9\u00e2tre Les Halles de Sierre \/ du 7 au 11 mai au Th\u00e9\u00e2tre Arsenic \u00e0 Lausanne \/ Critiques par\u2026 <\/p><\/div>\n\n\n<div style=\"height:1px\" aria-hidden=\"true\" class=\"wp-block-spacer\"><\/div>\n\n<\/li><li class=\"wp-block-post post-4100 post type-post status-publish format-standard has-post-thumbnail category-critique category-expired category-la-grange category-spectacle tag-aline-kohler tag-jehanne-denogent tag-sabrina-roh\">\n<h6 class=\"liensouligne wp-block-post-title\"><a href=\"https:\/\/wp.unil.ch\/ateliercritique\/2014\/03\/couvre-feux\/\" target=\"_self\" >Couvre-feux<\/a><\/h6>\n\n<div class=\"wp-block-post-excerpt\"><p class=\"wp-block-post-excerpt__excerpt\">de Didier-Georges Gabily \/ mise en sc\u00e8ne et adaptation Ludovic Chazaud \u2013 la Cie Jeanne F\u00f6hn \/ Th\u00e9\u00e2tre La Grange de Dorigny \/ du 13 au 16 mars 2014 \/ Critiques par Sabrina Roh, Jehanne Denogent et Aline Kohler.\u00a0 <\/p><\/div>\n\n\n<div style=\"height:1px\" aria-hidden=\"true\" class=\"wp-block-spacer\"><\/div>\n\n<\/li><li class=\"wp-block-post post-3683 post type-post status-publish format-standard has-post-thumbnail category-critique category-expired category-theatre-comedie category-la-grange category-spectacle tag-aline-kohler tag-deborah-strebel tag-jehanne-denogent tag-joanna-potz tag-maryke-oosterhoff\">\n<h6 class=\"liensouligne wp-block-post-title\"><a href=\"https:\/\/wp.unil.ch\/ateliercritique\/2014\/03\/yvonne\/\" target=\"_self\" >Yvonne, princesse de Bourgogne<\/a><\/h6>\n\n<div class=\"wp-block-post-excerpt\"><p class=\"wp-block-post-excerpt__excerpt\">d\u2019apr\u00e8s Witold Gombrowicz \/ conception et mise en sc\u00e8ne Genevi\u00e8ve Guhl \/ du 27 f\u00e9vrier au 8 mars au Th\u00e9\u00e2tre La Grange de Dorigny \u00e0 Lausanne \/ du 8 au 11 avril \u00e0 la Com\u00e9die de Gen\u00e8ve \/ vendredi 2\u2026 <\/p><\/div>\n\n\n<div style=\"height:1px\" aria-hidden=\"true\" class=\"wp-block-spacer\"><\/div>\n\n<\/li><li class=\"wp-block-post post-1897 post type-post status-publish format-standard has-post-thumbnail category-critique category-expired category-la-grange category-spectacle tag-aline-kohler tag-deborah-strebel tag-roxane-cherubini\">\n<h6 class=\"liensouligne wp-block-post-title\"><a href=\"https:\/\/wp.unil.ch\/ateliercritique\/2014\/01\/pierre\/\" target=\"_self\" >La Pierre<\/a><\/h6>\n\n<div class=\"wp-block-post-excerpt\"><p class=\"wp-block-post-excerpt__excerpt\">de Marius von Mayenburg \/ mise en sc\u00e8ne de Gianni Schneider \/ Th\u00e9\u00e2tre La Grange de Dorigny \u00e0 Lausanne \/ du 9 au 19 janvier 2014 \/ Critiques par Joanna P\u00f6tz, Deborah Strebel, Roxane Chrubini et Aline Kohler. <\/p><\/div>\n\n\n<div style=\"height:1px\" aria-hidden=\"true\" class=\"wp-block-spacer\"><\/div>\n\n<\/li><li class=\"wp-block-post post-1328 post type-post status-publish format-standard has-post-thumbnail category-critique category-expired category-theatre-de-larsenic category-spectacle tag-aitor-gosende tag-aline-kohler tag-jehanne-denogent tag-sabrina-roh\">\n<h6 class=\"liensouligne wp-block-post-title\"><a href=\"https:\/\/wp.unil.ch\/ateliercritique\/2013\/11\/valse\/\" target=\"_self\" >Valse aux cypr\u00e8s<\/a><\/h6>\n\n<div class=\"wp-block-post-excerpt\"><p class=\"wp-block-post-excerpt__excerpt\">de Julien Mages \/ collectif Division \/ Th\u00e9\u00e2tre l&rsquo;Arsenic \u00e0 Lausanne \/ du 26 novembre au 5 d\u00e9cembre 2013 \/ Critiques par Jehanne Denogent, Aitor Gosende, Sabrina Roh et Aline Kohler. <\/p><\/div>\n\n\n<div style=\"height:1px\" aria-hidden=\"true\" class=\"wp-block-spacer\"><\/div>\n\n<\/li><li class=\"wp-block-post post-703 post type-post status-publish format-standard has-post-thumbnail category-critique category-expired category-spectacle category-theatre-de-vidy tag-aline-kohler tag-cecilia-galindo tag-jonas-guyot\">\n<h6 class=\"liensouligne wp-block-post-title\"><a href=\"https:\/\/wp.unil.ch\/ateliercritique\/2013\/11\/derive\/\" target=\"_self\" >La D\u00e9rive des continents<\/a><\/h6>\n\n<div class=\"wp-block-post-excerpt\"><p class=\"wp-block-post-excerpt__excerpt\">de Philippe Saire et Antoinette Rychner \/ d\u2019apr\u00e8s l\u2019Odyss\u00e9e d&rsquo;Hom\u00e8re \/ Th\u00e9\u00e2tre de Vidy \u00e0 Lausanne \/ du 29 octobre au 17 novembre 2013 \/ Critiques par Cecilia Galindo, Aline Kohler et Jonas Guyot. <\/p><\/div>\n\n\n<div style=\"height:1px\" aria-hidden=\"true\" class=\"wp-block-spacer\"><\/div>\n\n<\/li><li class=\"wp-block-post post-660 post type-post status-publish format-standard has-post-thumbnail category-critique category-expired category-la-grange category-spectacle tag-aline-kohler tag-cecilia-galindo tag-jonas-parson tag-sabrina-roh\">\n<h6 class=\"liensouligne wp-block-post-title\"><a href=\"https:\/\/wp.unil.ch\/ateliercritique\/2013\/10\/quatre-ronde\/\" target=\"_self\" >La Ronde<\/a><\/h6>\n\n<div class=\"wp-block-post-excerpt\"><p class=\"wp-block-post-excerpt__excerpt\">d&rsquo;Arthur Schnitzler \/ mise en sc\u00e8ne Valentin Rossier \/ Th\u00e9\u00e2tre La Grange de Dorigny \/ du 25 octobre au 2 novembre 2013 \/ Critiques par Cecilia Galindo, Sabrina Roh, Jonas Parson et Aline Kohler. <\/p><\/div>\n\n\n<div style=\"height:1px\" aria-hidden=\"true\" class=\"wp-block-spacer\"><\/div>\n\n<\/li><\/ul><\/div>\n","protected":false},"excerpt":{"rendered":"<p>Etudiante en Master en Lettres et r\u00e9dactrice en chef de Fr\u00e9quence Banane, je me passionne pour la litt\u00e9rature et l\u2019art. A l\u2019universit\u00e9, j\u2019ai notamment suivi des cours de litt\u00e9rature, de &hellip; <\/p>\n","protected":false},"author":1420,"featured_media":0,"parent":2716,"menu_order":0,"comment_status":"closed","ping_status":"open","template":"","meta":{"_seopress_robots_primary_cat":"","_seopress_titles_title":"","_seopress_titles_desc":"","_seopress_robots_index":"","footnotes":""},"class_list":["post-3187","page","type-page","status-publish"],"_links":{"self":[{"href":"https:\/\/wp.unil.ch\/ateliercritique\/wp-json\/wp\/v2\/pages\/3187","targetHints":{"allow":["GET"]}}],"collection":[{"href":"https:\/\/wp.unil.ch\/ateliercritique\/wp-json\/wp\/v2\/pages"}],"about":[{"href":"https:\/\/wp.unil.ch\/ateliercritique\/wp-json\/wp\/v2\/types\/page"}],"author":[{"embeddable":true,"href":"https:\/\/wp.unil.ch\/ateliercritique\/wp-json\/wp\/v2\/users\/1420"}],"replies":[{"embeddable":true,"href":"https:\/\/wp.unil.ch\/ateliercritique\/wp-json\/wp\/v2\/comments?post=3187"}],"version-history":[{"count":3,"href":"https:\/\/wp.unil.ch\/ateliercritique\/wp-json\/wp\/v2\/pages\/3187\/revisions"}],"predecessor-version":[{"id":22309,"href":"https:\/\/wp.unil.ch\/ateliercritique\/wp-json\/wp\/v2\/pages\/3187\/revisions\/22309"}],"up":[{"embeddable":true,"href":"https:\/\/wp.unil.ch\/ateliercritique\/wp-json\/wp\/v2\/pages\/2716"}],"wp:attachment":[{"href":"https:\/\/wp.unil.ch\/ateliercritique\/wp-json\/wp\/v2\/media?parent=3187"}],"curies":[{"name":"wp","href":"https:\/\/api.w.org\/{rel}","templated":true}]}}