{"id":3182,"date":"2014-02-22T20:32:30","date_gmt":"2014-02-22T19:32:30","guid":{"rendered":"http:\/\/wp.unil.ch\/ateliercritique\/?page_id=3182"},"modified":"2025-02-06T17:52:41","modified_gmt":"2025-02-06T16:52:41","slug":"jonas-parson","status":"publish","type":"page","link":"https:\/\/wp.unil.ch\/ateliercritique\/lequipe\/jonas-parson\/","title":{"rendered":"Jonas Parson"},"content":{"rendered":"<p style=\"text-align: justify\"><a href=\"https:\/\/wp.unil.ch\/ateliercritique\/files\/2014\/02\/parson.jpg\"><img alt=\"\" loading=\"lazy\" decoding=\"async\" class=\"alignleft  wp-image-3177 author-image\" src=\"https:\/\/wp.unil.ch\/ateliercritique\/files\/2014\/02\/parson-150x200.jpg\" alt=\"\" width=\"120\" height=\"160\" \/><\/a>\u00c9tudiant bachelor en Fran\u00e7ais Moderne, Philosophie et Histoire de l&rsquo;Art, mon amour pour le th\u00e9\u00e2tre et la sc\u00e8ne me vient d&rsquo;une double source, les excursions nombreuses au gymnase en compagnie de quelques enseignants passionn\u00e9s, ainsi que mon exp\u00e9rience d&rsquo;artiste et d&rsquo;enseignant \u00e0 l&rsquo;\u00e9cole de cirque et cie <a title=\"L'\u00c9lastique Citrique\" href=\"https:\/\/www.lelastiquecitrique.ch\/\" target=\"_blank\" rel=\"noopener\">l\u2019\u00c9lastique Citrique<\/a>. Curieux de d\u00e9couvrir des pi\u00e8ces qui me font sortir de ma zone de confort et qui explorent de nouvelles possibilit\u00e9s d&rsquo;expression et d&rsquo;occupation de l&rsquo;espace, j&rsquo;aime \u00e9norm\u00e9ment le metteur en sc\u00e8ne suisse Dorian Rossel. J&rsquo;adore lire (Proust, Dosto\u00efevski, Ibsen) et voyager. <a href=\"https:\/\/refletsdunmonde.blogspot.com\/\">Je prends aussi des photos de temps en temps<\/a>.<\/p>\n<p style=\"text-align: justify\"><a href=\"https:\/\/refletsdunmonde.blogspot.com\/\">https:\/\/refletsdunmonde.blogspot.com\/<\/a>.<\/p>\n<p>\u00a0<\/p>\n<h4>Les critiques de Jonas Parson :<\/h4>\n\n\n<div class=\"wp-block-query is-layout-flow wp-block-query-is-layout-flow\"><ul class=\"wp-block-post-template is-layout-flow wp-block-post-template-is-layout-flow\"><li class=\"wp-block-post post-6386 post type-post status-publish format-standard has-post-thumbnail category-critique category-expired category-maison-saint-gervais category-spectacle tag-jonas-parson tag-nicolas-joray\">\n<h6 class=\"liensouligne wp-block-post-title\"><a href=\"https:\/\/wp.unil.ch\/ateliercritique\/2015\/05\/lane-et-le-ruisseau\/\" target=\"_self\" >L&rsquo;\u00e2ne et le ruisseau<\/a><\/h6>\n\n<div class=\"wp-block-post-excerpt\"><p class=\"wp-block-post-excerpt__excerpt\">L\u2019\u00e2ne et le ruisseau \/ D\u2019Alfred de Musset \/ Mise en sc\u00e8ne Christian Geffroy Schlittler \/ du 12 au 23 mai 2015 \/ Th\u00e9\u00e2tre Saint-Gervais (Gen\u00e8ve) \/ Critiques par Nicolas Joray et Jonas Parson . <\/p><\/div>\n\n\n<div style=\"height:1px\" aria-hidden=\"true\" class=\"wp-block-spacer\"><\/div>\n\n<\/li><li class=\"wp-block-post post-6343 post type-post status-publish format-standard has-post-thumbnail category-critique category-expired category-spectacle category-theatre-am-stram-gram-geneve tag-jonas-parson tag-jonathan-hofer\">\n<h6 class=\"liensouligne wp-block-post-title\"><a href=\"https:\/\/wp.unil.ch\/ateliercritique\/2015\/05\/riquet\/\" target=\"_self\" >Riquet<\/a><\/h6>\n\n<div class=\"wp-block-post-excerpt\"><p class=\"wp-block-post-excerpt__excerpt\">D\u2019Antoine Herniotte \/ d\u2019apr\u00e8s Charles Perrault \/ Mise en sc\u00e8ne par Laurent Brethome \/ du 5 au 10 mai 2015 \/ Th\u00e9\u00e2tre Am Stram Gram (Gen\u00e8ve) \/ Critiques par Jonathan Hofer et Jonas Parson . <\/p><\/div>\n\n\n<div style=\"height:1px\" aria-hidden=\"true\" class=\"wp-block-spacer\"><\/div>\n\n<\/li><li class=\"wp-block-post post-4463 post type-post status-publish format-standard has-post-thumbnail category-centre-pluriculturel-et-social-douchy category-critique category-expired category-spectacle tag-jonas-parson\">\n<h6 class=\"liensouligne wp-block-post-title\"><a href=\"https:\/\/wp.unil.ch\/ateliercritique\/2014\/05\/paradise-now\/\" target=\"_self\" >Paradise Now !<\/a><\/h6>\n\n<div class=\"wp-block-post-excerpt\"><p class=\"wp-block-post-excerpt__excerpt\">Cr\u00e9ation Cie Voix Publique \/ Centre Pluriculturel et social d\u2019Ouchy \/ du 29 avril au 11 mai 2014 \/ Critique par Jonas Parson.\u00a0 <\/p><\/div>\n\n\n<div style=\"height:1px\" aria-hidden=\"true\" class=\"wp-block-spacer\"><\/div>\n\n<\/li><li class=\"wp-block-post post-3990 post type-post status-publish format-standard has-post-thumbnail category-critique category-expired category-maison-saint-gervais category-spectacle tag-jonas-parson\">\n<h6 class=\"liensouligne wp-block-post-title\"><a href=\"https:\/\/wp.unil.ch\/ateliercritique\/2014\/03\/scenes\/\" target=\"_self\" >Sc\u00e8nes de la vie conjugale<\/a><\/h6>\n\n<div class=\"wp-block-post-excerpt\"><p class=\"wp-block-post-excerpt__excerpt\">d\u2019apr\u00e8s Ingmar Bergman \/ mise en sc\u00e8ne et interpr\u00e9tation par la Compagnie tg STAN \/ Th\u00e9\u00e2tre Saint-Gervais \u00e0 Gen\u00e8ve \/ du 27 f\u00e9vrier au 8 mars 2014\u00a0 \/ Critique par Jonas Parson.\u00a0 <\/p><\/div>\n\n\n<div style=\"height:1px\" aria-hidden=\"true\" class=\"wp-block-spacer\"><\/div>\n\n<\/li><li class=\"wp-block-post post-2369 post type-post status-publish format-standard has-post-thumbnail category-critique category-expired category-spectacle category-theatre-de-vidy tag-cecilia-galindo tag-jonas-guyot tag-jonas-parson\">\n<h6 class=\"liensouligne wp-block-post-title\"><a href=\"https:\/\/wp.unil.ch\/ateliercritique\/2014\/01\/immortels\/\" target=\"_self\" >Immortels<\/a><\/h6>\n\n<div class=\"wp-block-post-excerpt\"><p class=\"wp-block-post-excerpt__excerpt\">de Nasser Djema\u00ef \/ mise en sc\u00e8ne Nasser Djema\u00ef \/ Th\u00e9\u00e2tre de Vidy \u00e0 Lausanne \/\u00a0du 21 janvier au 2 f\u00e9vrier 2014 \/ Critiques pas Jonas Guyot, Cecilia Galindo et Jonas Parson. <\/p><\/div>\n\n\n<div style=\"height:1px\" aria-hidden=\"true\" class=\"wp-block-spacer\"><\/div>\n\n<\/li><li class=\"wp-block-post post-1540 post type-post status-publish format-standard has-post-thumbnail category-critique category-expired category-theatre-de-larsenic category-spectacle tag-jonas-parson tag-roxane-cherubini tag-sabrina-roh\">\n<h6 class=\"liensouligne wp-block-post-title\"><a href=\"https:\/\/wp.unil.ch\/ateliercritique\/2013\/12\/souviendrons\/\" target=\"_self\" >Nous souviendrons nous<\/a><\/h6>\n\n<div class=\"wp-block-post-excerpt\"><p class=\"wp-block-post-excerpt__excerpt\">de C\u00e9dric Leproust \/ Compagnie T\u00e9tanotwist \/ Th\u00e9\u00e2tre l&rsquo;Arsenic \u00e0 Lausanne \/ du 10 au 15 d\u00e9cembre 2013 \/ Critiques par Sabrina Roh, Jonas Parson et Roxane Cherubini. <\/p><\/div>\n\n\n<div style=\"height:1px\" aria-hidden=\"true\" class=\"wp-block-spacer\"><\/div>\n\n<\/li><li class=\"wp-block-post post-984 post type-post status-publish format-standard has-post-thumbnail category-critique category-expired category-spectacle category-theatre-de-vidy tag-cecilia-galindo tag-jonas-parson tag-sabrina-roh\">\n<h6 class=\"liensouligne wp-block-post-title\"><a href=\"https:\/\/wp.unil.ch\/ateliercritique\/2013\/11\/triomphe\/\" target=\"_self\" >Le Triomphe de l&rsquo;amour<\/a><\/h6>\n\n<div class=\"wp-block-post-excerpt\"><p class=\"wp-block-post-excerpt__excerpt\">de Marivaux \/ mise en sc\u00e8ne Galin Stoev \/ Th\u00e9\u00e2tre de Vidy \u00e0 Lausanne \/ du 5 au 17 novembre 2013 \/ Critiques par Cecilia Galindo, Sabrina Roh et Jonas Parson. <\/p><\/div>\n\n\n<div style=\"height:1px\" aria-hidden=\"true\" class=\"wp-block-spacer\"><\/div>\n\n<\/li><li class=\"wp-block-post post-660 post type-post status-publish format-standard has-post-thumbnail category-critique category-expired category-la-grange category-spectacle tag-aline-kohler tag-cecilia-galindo tag-jonas-parson tag-sabrina-roh\">\n<h6 class=\"liensouligne wp-block-post-title\"><a href=\"https:\/\/wp.unil.ch\/ateliercritique\/2013\/10\/quatre-ronde\/\" target=\"_self\" >La Ronde<\/a><\/h6>\n\n<div class=\"wp-block-post-excerpt\"><p class=\"wp-block-post-excerpt__excerpt\">d&rsquo;Arthur Schnitzler \/ mise en sc\u00e8ne Valentin Rossier \/ Th\u00e9\u00e2tre La Grange de Dorigny \/ du 25 octobre au 2 novembre 2013 \/ Critiques par Cecilia Galindo, Sabrina Roh, Jonas Parson et Aline Kohler. <\/p><\/div>\n\n\n<div style=\"height:1px\" aria-hidden=\"true\" class=\"wp-block-spacer\"><\/div>\n\n<\/li><\/ul><\/div>\n","protected":false},"excerpt":{"rendered":"<p>\u00c9tudiant bachelor en Fran\u00e7ais Moderne, Philosophie et Histoire de l&rsquo;Art, mon amour pour le th\u00e9\u00e2tre et la sc\u00e8ne me vient d&rsquo;une double source, les excursions nombreuses au gymnase en compagnie &hellip; <\/p>\n","protected":false},"author":1420,"featured_media":0,"parent":2716,"menu_order":0,"comment_status":"closed","ping_status":"open","template":"","meta":{"_seopress_robots_primary_cat":"","_seopress_titles_title":"","_seopress_titles_desc":"","_seopress_robots_index":"","footnotes":""},"class_list":["post-3182","page","type-page","status-publish"],"_links":{"self":[{"href":"https:\/\/wp.unil.ch\/ateliercritique\/wp-json\/wp\/v2\/pages\/3182","targetHints":{"allow":["GET"]}}],"collection":[{"href":"https:\/\/wp.unil.ch\/ateliercritique\/wp-json\/wp\/v2\/pages"}],"about":[{"href":"https:\/\/wp.unil.ch\/ateliercritique\/wp-json\/wp\/v2\/types\/page"}],"author":[{"embeddable":true,"href":"https:\/\/wp.unil.ch\/ateliercritique\/wp-json\/wp\/v2\/users\/1420"}],"replies":[{"embeddable":true,"href":"https:\/\/wp.unil.ch\/ateliercritique\/wp-json\/wp\/v2\/comments?post=3182"}],"version-history":[{"count":1,"href":"https:\/\/wp.unil.ch\/ateliercritique\/wp-json\/wp\/v2\/pages\/3182\/revisions"}],"predecessor-version":[{"id":22329,"href":"https:\/\/wp.unil.ch\/ateliercritique\/wp-json\/wp\/v2\/pages\/3182\/revisions\/22329"}],"up":[{"embeddable":true,"href":"https:\/\/wp.unil.ch\/ateliercritique\/wp-json\/wp\/v2\/pages\/2716"}],"wp:attachment":[{"href":"https:\/\/wp.unil.ch\/ateliercritique\/wp-json\/wp\/v2\/media?parent=3182"}],"curies":[{"name":"wp","href":"https:\/\/api.w.org\/{rel}","templated":true}]}}