{"id":3180,"date":"2014-02-22T20:27:59","date_gmt":"2014-02-22T19:27:59","guid":{"rendered":"http:\/\/wp.unil.ch\/ateliercritique\/?page_id=3180"},"modified":"2025-02-06T16:48:34","modified_gmt":"2025-02-06T15:48:34","slug":"alice-bottarelli","status":"publish","type":"page","link":"https:\/\/wp.unil.ch\/ateliercritique\/lequipe\/alice-bottarelli\/","title":{"rendered":"Alice Bottarelli"},"content":{"rendered":"\n<h4 class=\"wp-block-heading\">Les critiques d&rsquo;Alice Bottarelli : <\/h4>\n\n\n\n<div class=\"wp-block-query is-layout-flow wp-block-query-is-layout-flow\"><ul class=\"wp-block-post-template is-layout-flow wp-block-post-template-is-layout-flow\"><li class=\"wp-block-post post-6354 post type-post status-publish format-standard has-post-thumbnail category-critique category-expired category-spectacle category-theatre-du-crochetan-monthey tag-alice-bottarelli\">\n<h6 class=\"liensouligne wp-block-post-title\"><a href=\"https:\/\/wp.unil.ch\/ateliercritique\/2015\/05\/les-bonnes\/\" target=\"_self\" >Les Bonnes<\/a><\/h6>\n\n<div class=\"wp-block-post-excerpt\"><p class=\"wp-block-post-excerpt__excerpt\">De Jean Genet \/ Mise en sc\u00e8ne David Fauvel \/ du 6 au 8 mai 2015 \/ Th\u00e9\u00e2tre du Crochetan (Monthey) \/ Critique par Alice Bottarelli . <\/p><\/div>\n\n\n<div style=\"height:1px\" aria-hidden=\"true\" class=\"wp-block-spacer\"><\/div>\n\n<\/li><li class=\"wp-block-post post-6325 post type-post status-publish format-standard has-post-thumbnail category-critique category-expired category-spectacle category-theatre-du-jorat tag-alice-bottarelli\">\n<h6 class=\"liensouligne wp-block-post-title\"><a href=\"https:\/\/wp.unil.ch\/ateliercritique\/2015\/05\/la-bibliotheque\/\" target=\"_self\" >La Biblioth\u00e8que<\/a><\/h6>\n\n<div class=\"wp-block-post-excerpt\"><p class=\"wp-block-post-excerpt__excerpt\">Par la Cie EnVol \/ Mise en sc\u00e8ne par Diana Fontannaz \/ du 2 au 3 mai 2015 \/ Th\u00e9\u00e2tre du Jorat (M\u00e9zi\u00e8res) \/ Critique par Alice Bottarelli . <\/p><\/div>\n\n\n<div style=\"height:1px\" aria-hidden=\"true\" class=\"wp-block-spacer\"><\/div>\n\n<\/li><li class=\"wp-block-post post-6298 post type-post status-publish format-standard has-post-thumbnail category-critique category-expired category-la-grange category-spectacle tag-alice-bottarelli tag-deborah-strebel tag-frederic-guignard\">\n<h6 class=\"liensouligne wp-block-post-title\"><a href=\"https:\/\/wp.unil.ch\/ateliercritique\/2015\/05\/festival-fecule-2015\/\" target=\"_self\" >Festival F\u00e9cule 2015<\/a><\/h6>\n\n<div class=\"wp-block-post-excerpt\"><p class=\"wp-block-post-excerpt__excerpt\">Festival F\u00e9cule 2015 \/ du 20 avril au 3 mai 2015 \/ Grange de Dorigny (Lausanne) \/ Critiques par Alice Bottarelli, Deborah Strebel et Fr\u00e9d\u00e9ric Guignard . <\/p><\/div>\n\n\n<div style=\"height:1px\" aria-hidden=\"true\" class=\"wp-block-spacer\"><\/div>\n\n<\/li><li class=\"wp-block-post post-6101 post type-post status-publish format-standard has-post-thumbnail category-critique category-expired category-theatre-de-larsenic category-spectacle tag-alice-bottarelli\">\n<h6 class=\"liensouligne wp-block-post-title\"><a href=\"https:\/\/wp.unil.ch\/ateliercritique\/2015\/03\/saga\/\" target=\"_self\" >Saga<\/a><\/h6>\n\n<div class=\"wp-block-post-excerpt\"><p class=\"wp-block-post-excerpt__excerpt\">Conception et mise en sc\u00e8ne par Jonathan Capdevielle \/ du 18 au 20 mars 2015 \/ Th\u00e9\u00e2tre de l\u2019Arsenic (Lausanne) \/ Critique par Alice Bottarelli . <\/p><\/div>\n\n\n<div style=\"height:1px\" aria-hidden=\"true\" class=\"wp-block-spacer\"><\/div>\n\n<\/li><li class=\"wp-block-post post-4806 post type-post status-publish format-standard has-post-thumbnail category-critique category-expired category-spectacle category-orangerie tag-alice-bottarelli tag-deborah-strebel\">\n<h6 class=\"liensouligne wp-block-post-title\"><a href=\"https:\/\/wp.unil.ch\/ateliercritique\/2014\/07\/derniers\/\" target=\"_self\" >Derniers remords avant l\u2019oubli<\/a><\/h6>\n\n<div class=\"wp-block-post-excerpt\"><p class=\"wp-block-post-excerpt__excerpt\">de Jean-Luc Lagarce \/ mise en sc\u00e8ne Michel Kacenelenbogen \/ au Th\u00e9\u00e2tre de l&rsquo;Orangerie \u00e0 Gen\u00e8ve \/ du 16 au 26 juillet 2014 \/ Critiques par Deborah Strebel et Alice Bottarelli. <\/p><\/div>\n\n\n<div style=\"height:1px\" aria-hidden=\"true\" class=\"wp-block-spacer\"><\/div>\n\n<\/li><li class=\"wp-block-post post-4344 post type-post status-publish format-standard has-post-thumbnail category-critique category-expired category-petitheatre-sion category-spectacle tag-alice-bottarelli tag-suzanne-balharry\">\n<h6 class=\"liensouligne wp-block-post-title\"><a href=\"https:\/\/wp.unil.ch\/ateliercritique\/2014\/04\/cafe\/\" target=\"_self\" >Le Caf\u00e9 des voyageurs<\/a><\/h6>\n\n<div class=\"wp-block-post-excerpt\"><p class=\"wp-block-post-excerpt__excerpt\">inspir\u00e9 de la nouvelle de Corinna Bille \/ Cie la.la.la \/ Petith\u00e9\u00e2tre de Sion \/ du 3 au 13 avril \/ Critiques par Suzanne Balharry et Alice Bottarelli. <\/p><\/div>\n\n\n<div style=\"height:1px\" aria-hidden=\"true\" class=\"wp-block-spacer\"><\/div>\n\n<\/li><li class=\"wp-block-post post-4272 post type-post status-publish format-standard has-post-thumbnail category-critique category-expired category-la-grange category-spectacle tag-alice-bottarelli\">\n<h6 class=\"liensouligne wp-block-post-title\"><a href=\"https:\/\/wp.unil.ch\/ateliercritique\/2014\/03\/foucault-71\/\" target=\"_self\" >Foucault 71<\/a><\/h6>\n\n<div class=\"wp-block-post-excerpt\"><p class=\"wp-block-post-excerpt__excerpt\">par le collectif F71 \/ du 27 au 29 mars 2014 \/ Th\u00e9\u00e2tre La Grange de Dorigny \/ Critique par Alice Bottarelli. <\/p><\/div>\n\n\n<div style=\"height:1px\" aria-hidden=\"true\" class=\"wp-block-spacer\"><\/div>\n\n<\/li><li class=\"wp-block-post post-4228 post type-post status-publish format-standard has-post-thumbnail category-critique category-expired category-spectacle category-theatre-de-vidy tag-aitor-gosende tag-alice-bottarelli tag-cecilia-galindo\">\n<h6 class=\"liensouligne wp-block-post-title\"><a href=\"https:\/\/wp.unil.ch\/ateliercritique\/2014\/03\/seule\/\" target=\"_self\" >Seule la mer<\/a><\/h6>\n\n<div class=\"wp-block-post-excerpt\"><p class=\"wp-block-post-excerpt__excerpt\">d\u2019Amos Oz \/ mise en sc\u00e8ne Denis Maillefer \/ Th\u00e9\u00e2tre de Vidy \u00e0 Lausanne \/ du 18 mars au 23 mars 2014 \/ Critiques par Cecilia Galindo, Alice Bottarelli et Aitor Gosende Cruces. <\/p><\/div>\n\n\n<div style=\"height:1px\" aria-hidden=\"true\" class=\"wp-block-spacer\"><\/div>\n\n<\/li><li class=\"wp-block-post post-4022 post type-post status-publish format-standard has-post-thumbnail category-critique category-expired category-theatre-de-larsenic category-maison-saint-gervais category-spectacle tag-aitor-gosende tag-alice-bottarelli tag-cecilia-galindo\">\n<h6 class=\"liensouligne wp-block-post-title\"><a href=\"https:\/\/wp.unil.ch\/ateliercritique\/2014\/03\/mercedes\/\" target=\"_self\" >Mercedes-Benz W123<\/a><\/h6>\n\n<div class=\"wp-block-post-excerpt\"><p class=\"wp-block-post-excerpt__excerpt\">texte et mise en sc\u00e8ne Marie Fourquet \u2013 Cie ad-apte (CH) \/ du 11 au 16 mars 2014 au Th\u00e9\u00e2tre Arsenic \u00e0 Lausanne \/ le 26 avril au Centre Culturel R\u00e9gional de Del\u00e9mont \/ du 30 avril au 17 mai\u2026 <\/p><\/div>\n\n\n<div style=\"height:1px\" aria-hidden=\"true\" class=\"wp-block-spacer\"><\/div>\n\n<\/li><li class=\"wp-block-post post-3593 post type-post status-publish format-standard has-post-thumbnail category-critique category-expired category-maison-saint-gervais category-spectacle tag-alice-bottarelli\">\n<h6 class=\"liensouligne wp-block-post-title\"><a href=\"https:\/\/wp.unil.ch\/ateliercritique\/2014\/02\/mlle\/\" target=\"_self\" >Mademoiselle Else et Apr\u00e8s la r\u00e9p\u00e9tition<\/a><\/h6>\n\n<div class=\"wp-block-post-excerpt\"><p class=\"wp-block-post-excerpt__excerpt\">d\u2019apr\u00e8s Arthur Schnitzler et Ingmar Bergman \/ mise en sc\u00e8ne et interpr\u00e9tation par la Compagnie tg STAN \/ Th\u00e9\u00e2tre Saint-Gervais \u00e0 Gen\u00e8ve \/ du 26 f\u00e9vrier au 1er mars 2014 \/ Critique par Alice Bottarelli. <\/p><\/div>\n\n\n<div style=\"height:1px\" aria-hidden=\"true\" class=\"wp-block-spacer\"><\/div>\n\n<\/li><li class=\"wp-block-post post-2636 post type-post status-publish format-standard has-post-thumbnail category-critique category-expired category-la-grange category-spectacle tag-alice-bottarelli tag-deborah-strebel tag-joanna-potz tag-sophie-badoux\">\n<h6 class=\"liensouligne wp-block-post-title\"><a href=\"https:\/\/wp.unil.ch\/ateliercritique\/2014\/02\/recreation\/\" target=\"_self\" >R\u00e9Cr\u00e9ation<\/a><\/h6>\n\n<div class=\"wp-block-post-excerpt\"><p class=\"wp-block-post-excerpt__excerpt\">d\u2019apr\u00e8s l\u2019\u0153uvre de Robert Walser \/ par In Pulverem Reverteris \/ mise en sc\u00e8ne Danielle Br\u00e9 \/ Th\u00e9\u00e2tre La Grange de Dorigny \u00e0 Lausanne \/ du 6 au 7 f\u00e9vrier 2014 \/ Critiques par Deborah Strebel, Alice Bottarelli, Joanna P\u00f6tz\u2026 <\/p><\/div>\n\n\n<div style=\"height:1px\" aria-hidden=\"true\" class=\"wp-block-spacer\"><\/div>\n\n<\/li><li class=\"wp-block-post post-2111 post type-post status-publish format-standard has-post-thumbnail category-critique category-expired category-spectacle category-theatre-de-carouge tag-alice-bottarelli tag-amandine-rosset tag-cecilia-galindo tag-suzanne-balharry\">\n<h6 class=\"liensouligne wp-block-post-title\"><a href=\"https:\/\/wp.unil.ch\/ateliercritique\/2014\/01\/malade\/\" target=\"_self\" >Le Malade imaginaire<\/a><\/h6>\n\n<div class=\"wp-block-post-excerpt\"><p class=\"wp-block-post-excerpt__excerpt\">de Moli\u00e8re \/ mise en sc\u00e8ne Jean Liermier \/ Th\u00e9\u00e2tre de Carouge \u00e0 Gen\u00e8ve \/ du 14 janvier au 9 f\u00e9vrier 2014 \/ Critique par Cecilia Galindo, Suzanne Balharry, Alice Bottarelli, Amandi Rosset. <\/p><\/div>\n\n\n<div style=\"height:1px\" aria-hidden=\"true\" class=\"wp-block-spacer\"><\/div>\n\n<\/li><\/ul><\/div>\n","protected":false},"excerpt":{"rendered":"<p>Les critiques d&rsquo;Alice Bottarelli :<\/p>\n","protected":false},"author":1420,"featured_media":0,"parent":2716,"menu_order":0,"comment_status":"closed","ping_status":"open","template":"","meta":{"_seopress_robots_primary_cat":"","_seopress_titles_title":"","_seopress_titles_desc":"","_seopress_robots_index":"","footnotes":""},"class_list":["post-3180","page","type-page","status-publish"],"_links":{"self":[{"href":"https:\/\/wp.unil.ch\/ateliercritique\/wp-json\/wp\/v2\/pages\/3180","targetHints":{"allow":["GET"]}}],"collection":[{"href":"https:\/\/wp.unil.ch\/ateliercritique\/wp-json\/wp\/v2\/pages"}],"about":[{"href":"https:\/\/wp.unil.ch\/ateliercritique\/wp-json\/wp\/v2\/types\/page"}],"author":[{"embeddable":true,"href":"https:\/\/wp.unil.ch\/ateliercritique\/wp-json\/wp\/v2\/users\/1420"}],"replies":[{"embeddable":true,"href":"https:\/\/wp.unil.ch\/ateliercritique\/wp-json\/wp\/v2\/comments?post=3180"}],"version-history":[{"count":4,"href":"https:\/\/wp.unil.ch\/ateliercritique\/wp-json\/wp\/v2\/pages\/3180\/revisions"}],"predecessor-version":[{"id":22251,"href":"https:\/\/wp.unil.ch\/ateliercritique\/wp-json\/wp\/v2\/pages\/3180\/revisions\/22251"}],"up":[{"embeddable":true,"href":"https:\/\/wp.unil.ch\/ateliercritique\/wp-json\/wp\/v2\/pages\/2716"}],"wp:attachment":[{"href":"https:\/\/wp.unil.ch\/ateliercritique\/wp-json\/wp\/v2\/media?parent=3180"}],"curies":[{"name":"wp","href":"https:\/\/api.w.org\/{rel}","templated":true}]}}