{"id":2837,"date":"2014-02-18T10:43:31","date_gmt":"2014-02-18T09:43:31","guid":{"rendered":"http:\/\/wp.unil.ch\/ateliercritique\/?page_id=2837"},"modified":"2025-02-06T16:37:58","modified_gmt":"2025-02-06T15:37:58","slug":"sophie-badoux","status":"publish","type":"page","link":"https:\/\/wp.unil.ch\/ateliercritique\/lequipe\/sophie-badoux\/","title":{"rendered":"Sophie Badoux"},"content":{"rendered":"\n<p>\u00a0<\/p>\n<h4>Les critiques de Sophie Badoux:<\/h4>\n\n\n<div class=\"wp-block-query is-layout-flow wp-block-query-is-layout-flow\"><ul class=\"wp-block-post-template is-layout-flow wp-block-post-template-is-layout-flow\"><li class=\"wp-block-post post-2636 post type-post status-publish format-standard has-post-thumbnail category-critique category-expired category-la-grange category-spectacle tag-alice-bottarelli tag-deborah-strebel tag-joanna-potz tag-sophie-badoux\">\n<h6 class=\"liensouligne wp-block-post-title\"><a href=\"https:\/\/wp.unil.ch\/ateliercritique\/2014\/02\/recreation\/\" target=\"_self\" >R\u00e9Cr\u00e9ation<\/a><\/h6>\n\n<div class=\"wp-block-post-excerpt\"><p class=\"wp-block-post-excerpt__excerpt\">d\u2019apr\u00e8s l\u2019\u0153uvre de Robert Walser \/ par In Pulverem Reverteris \/ mise en sc\u00e8ne Danielle Br\u00e9 \/ Th\u00e9\u00e2tre La Grange de Dorigny \u00e0 Lausanne \/ du 6 au 7 f\u00e9vrier 2014 \/ Critiques par Deborah Strebel, Alice Bottarelli, Joanna P\u00f6tz\u2026 <\/p><\/div>\n\n\n<div style=\"height:1px\" aria-hidden=\"true\" class=\"wp-block-spacer\"><\/div>\n\n<\/li><li class=\"wp-block-post post-2492 post type-post status-publish format-standard has-post-thumbnail category-critique category-expired category-theatre-comedie category-spectacle tag-cecilia-galindo tag-jehanne-denogent tag-sophie-badoux\">\n<h6 class=\"liensouligne wp-block-post-title\"><a href=\"https:\/\/wp.unil.ch\/ateliercritique\/2014\/01\/heros\/\" target=\"_self\" >Des H\u00e9ros : Ajax \/ \u0152dipe Roi<\/a><\/h6>\n\n<div class=\"wp-block-post-excerpt\"><p class=\"wp-block-post-excerpt__excerpt\">textes de Wajdi Mouawad et de Sophocle \/ mise en sc\u00e8ne Wajdi Mouawad \/ La Com\u00e9die (Gen\u00e8ve) \/ du 21 au 26 janvier 2014 \/ Critiques par Cecilia Galindo, Sophie Badoux et Jehanne Denogent. <\/p><\/div>\n\n\n<div style=\"height:1px\" aria-hidden=\"true\" class=\"wp-block-spacer\"><\/div>\n\n<\/li><li class=\"wp-block-post post-2292 post type-post status-publish format-standard has-post-thumbnail category-critique category-expired category-maison-saint-gervais category-spectacle tag-deborah-strebel tag-sophie-badoux\">\n<h6 class=\"liensouligne wp-block-post-title\"><a href=\"https:\/\/wp.unil.ch\/ateliercritique\/2014\/01\/trop-frais\/\" target=\"_self\" >Trop Frais !<\/a><\/h6>\n\n<div class=\"wp-block-post-excerpt\"><p class=\"wp-block-post-excerpt__excerpt\">cr\u00e9ation Le Ressemblement \/ mise en sc\u00e8ne Aur\u00e9lien Patouillard \/ Th\u00e9\u00e2tre Saint-Gervais \u00e0 Gen\u00e8ve \/ du 14 au 25 janvier \/ Critiques par Sophie Badoux et Deborah Strebel. <\/p><\/div>\n\n\n<div style=\"height:1px\" aria-hidden=\"true\" class=\"wp-block-spacer\"><\/div>\n\n<\/li><li class=\"wp-block-post post-1659 post type-post status-publish format-standard has-post-thumbnail category-critique category-expired category-spectacle category-theatre-du-loup tag-deborah-strebel tag-sophie-badoux\">\n<h6 class=\"liensouligne wp-block-post-title\"><a href=\"https:\/\/wp.unil.ch\/ateliercritique\/2013\/12\/staying\/\" target=\"_self\" >Staying Alive<\/a><\/h6>\n\n<div class=\"wp-block-post-excerpt\"><p class=\"wp-block-post-excerpt__excerpt\">mise en sc\u00e8ne et conception Dorian Rossel, Delphine Lanza, Antonio Buil et Paola Pagani \/ Th\u00e9\u00e2tre du Loup \u00e0 Gen\u00e8ve \/ du 13 au 22 d\u00e9cembre 2013 \/ Critiques par Sophie Badoux et Deborah Strebel. <\/p><\/div>\n\n\n<div style=\"height:1px\" aria-hidden=\"true\" class=\"wp-block-spacer\"><\/div>\n\n<\/li><li class=\"wp-block-post post-161 post type-post status-publish format-standard has-post-thumbnail category-critique category-expired category-theatre-de-larsenic category-maison-saint-gervais category-spectacle category-theatre-les-halles tag-sophie-badoux\">\n<h6 class=\"liensouligne wp-block-post-title\"><a href=\"https:\/\/wp.unil.ch\/ateliercritique\/2013\/10\/avancer\/\" target=\"_self\" >La Maison d&rsquo;Antan<\/a><\/h6>\n\n<div class=\"wp-block-post-excerpt\"><p class=\"wp-block-post-excerpt__excerpt\">Mise en sc\u00e8ne Oscar Gomez Mata \/ Compagnie l&rsquo;Alakran \/ L&rsquo;Arsenic \u00e0 Lausanne \/ Th\u00e9\u00e2tre Saint-Gervais \u00e0 Gen\u00e8ve \/ Th\u00e9\u00e2tre Les Halles de Sierre \/ du 24 au 25 octobre 2013 \/ Critique par Sophie Badoux. <\/p><\/div>\n\n\n<div style=\"height:1px\" aria-hidden=\"true\" class=\"wp-block-spacer\"><\/div>\n\n<\/li><\/ul><\/div>\n","protected":false},"excerpt":{"rendered":"<p>\u00a0 Les critiques de Sophie Badoux:<\/p>\n","protected":false},"author":1420,"featured_media":0,"parent":2716,"menu_order":0,"comment_status":"closed","ping_status":"closed","template":"","meta":{"_seopress_robots_primary_cat":"","_seopress_titles_title":"","_seopress_titles_desc":"","_seopress_robots_index":"","footnotes":""},"class_list":["post-2837","page","type-page","status-publish"],"_links":{"self":[{"href":"https:\/\/wp.unil.ch\/ateliercritique\/wp-json\/wp\/v2\/pages\/2837","targetHints":{"allow":["GET"]}}],"collection":[{"href":"https:\/\/wp.unil.ch\/ateliercritique\/wp-json\/wp\/v2\/pages"}],"about":[{"href":"https:\/\/wp.unil.ch\/ateliercritique\/wp-json\/wp\/v2\/types\/page"}],"author":[{"embeddable":true,"href":"https:\/\/wp.unil.ch\/ateliercritique\/wp-json\/wp\/v2\/users\/1420"}],"replies":[{"embeddable":true,"href":"https:\/\/wp.unil.ch\/ateliercritique\/wp-json\/wp\/v2\/comments?post=2837"}],"version-history":[{"count":1,"href":"https:\/\/wp.unil.ch\/ateliercritique\/wp-json\/wp\/v2\/pages\/2837\/revisions"}],"predecessor-version":[{"id":22237,"href":"https:\/\/wp.unil.ch\/ateliercritique\/wp-json\/wp\/v2\/pages\/2837\/revisions\/22237"}],"up":[{"embeddable":true,"href":"https:\/\/wp.unil.ch\/ateliercritique\/wp-json\/wp\/v2\/pages\/2716"}],"wp:attachment":[{"href":"https:\/\/wp.unil.ch\/ateliercritique\/wp-json\/wp\/v2\/media?parent=2837"}],"curies":[{"name":"wp","href":"https:\/\/api.w.org\/{rel}","templated":true}]}}