{"id":2806,"date":"2014-02-18T09:31:34","date_gmt":"2014-02-18T08:31:34","guid":{"rendered":"http:\/\/wp.unil.ch\/ateliercritique\/?page_id=2806"},"modified":"2025-03-31T14:55:26","modified_gmt":"2025-03-31T12:55:26","slug":"latelier-de-critique-theatrale","status":"publish","type":"page","link":"https:\/\/wp.unil.ch\/ateliercritique\/accueil\/latelier-de-critique-theatrale\/","title":{"rendered":"\u00c0 propos"},"content":{"rendered":"<form role=\"search\" method=\"get\" action=\"https:\/\/wp.unil.ch\/ateliercritique\/\" class=\"wp-block-search__button-outside wp-block-search__text-button wp-block-search\"    ><label class=\"wp-block-search__label screen-reader-text\" for=\"wp-block-search__input-1\" >Rechercher<\/label><div class=\"wp-block-search__inside-wrapper\" ><input class=\"wp-block-search__input\" id=\"wp-block-search__input-1\" placeholder=\"Recherche...\" value=\"\" type=\"search\" name=\"s\" required \/><button aria-label=\"Rechercher\" class=\"wp-block-search__button wp-element-button\" type=\"submit\" >Rechercher<\/button><\/div><\/form>\n\n\n<div style=\"height:20px\" aria-hidden=\"true\" class=\"wp-block-spacer\"><\/div>\n\n\n\n<h2 class=\"wp-block-heading\">\u00c0 propos<\/h2>\n\n\n\n<p>L&rsquo;Atelier critique, dirig\u00e9 par <a href=\"https:\/\/applicationspub.unil.ch\/interpub\/noauth\/php\/Un\/UnPers.php?PerNum=1125974&amp;LanCode=37\">Lise Michel,<\/a> est un atelier de formation \u00e0 l&rsquo;\u00e9criture critique sur les spectacles, dont les activit\u00e9s s&rsquo;inscrivent dans le cadre du <a href=\"https:\/\/www.unil.ch\/cet\">Centre d&rsquo;\u00e9tudes th\u00e9\u00e2trales de l&rsquo;UNIL.&nbsp;<\/a><\/p>\n\n\n\n<p>Il fait partie du <a href=\"https:\/\/www.unil.ch\/cet\/etudes-theatrales\">programme de sp\u00e9cialisation (niveau Master) en \u00e9tudes th\u00e9\u00e2trales<\/a> commun aux universit\u00e9s de Fribourg, Gen\u00e8ve, Lausanne et Neuch\u00e2tel [voir les <a href=\"https:\/\/www.unil.ch\/cet\/fr\/home\/menuinst\/formations\/master\/offre-denseignements.html\">horaires des enseignements<\/a> de ce programme]. Il est \u00e9galement ouvert \u00e0 d&rsquo;autres \u00e9tudiants sous certaines conditions. Le site de l&rsquo;Atelier critique accueille les textes r\u00e9dig\u00e9s par les participant.e.s des quatre universit\u00e9s romandes.<\/p>\n\n\n\n<p>Le principe de l&rsquo;atelier est le suivant : apr\u00e8s des s\u00e9ances de formation \u00e0 la critique th\u00e9\u00e2trale, les \u00e9tudiants assistent aux spectacles dans les th\u00e9\u00e2tres partenaires. En \u00e9change des invitations, les participant.e.s de l&rsquo;Atelier s&rsquo;engagent \u00e0 fournir une critique avant le lendemain du spectacle \u00e0 18h. Ces textes font l&rsquo;objet d&rsquo;un ou plusieurs \u00e9changes p\u00e9dagogiques et critiques avant d&rsquo;\u00eatre publi\u00e9s sur le pr\u00e9sent site. Une totale libert\u00e9 de parole &#8211; et de go\u00fbt &#8211; est laiss\u00e9e aux spectateurs.<\/p>\n\n\n\n<p>Les 27 th\u00e9\u00e2tres fr\u00e9quent\u00e9s par les r\u00e9dactrices et r\u00e9dacteurs de l&rsquo;Atelier sont situ\u00e9s dans toute la Suisse romande. Le choix des spectacles se veut repr\u00e9sentatif de la vari\u00e9t\u00e9 de l&rsquo;offre th\u00e9\u00e2trale dans la r\u00e9gion.<\/p>\n\n\n\n<p>L&rsquo; Atelier critique b\u00e9n\u00e9ficie du soutien de la <a href=\"https:\/\/www.unil.ch\/lettres\/fr\/home.html\">Facult\u00e9 des lettres de l&rsquo;Universit\u00e9 de Lausanne<\/a> et du R\u00e9seau de coop\u00e9ration <a href=\"https:\/\/www.triangle-azur.ch\/azur-en-lettres\/dramaturgie-et-histoire-du-theatre\/\">Azur+<\/a> (Universit\u00e9s de Fribourg, Gen\u00e8ve, Lausanne, et Neuch\u00e2tel). Il a \u00e9t\u00e9 laur\u00e9at du Fonds d&rsquo;innovation p\u00e9dagogique de l&rsquo;UNIL en 2014.<\/p>\n","protected":false},"excerpt":{"rendered":"<p>\u00c0 propos L&rsquo;Atelier critique, dirig\u00e9 par Lise Michel, est un atelier de formation \u00e0 l&rsquo;\u00e9criture critique sur les spectacles, dont les activit\u00e9s s&rsquo;inscrivent dans le cadre du Centre d&rsquo;\u00e9tudes th\u00e9\u00e2trales &hellip; <\/p>\n","protected":false},"author":784,"featured_media":0,"parent":2707,"menu_order":8,"comment_status":"closed","ping_status":"closed","template":"","meta":{"_seopress_robots_primary_cat":"","_seopress_titles_title":"","_seopress_titles_desc":"","_seopress_robots_index":"","footnotes":""},"class_list":["post-2806","page","type-page","status-publish"],"_links":{"self":[{"href":"https:\/\/wp.unil.ch\/ateliercritique\/wp-json\/wp\/v2\/pages\/2806","targetHints":{"allow":["GET"]}}],"collection":[{"href":"https:\/\/wp.unil.ch\/ateliercritique\/wp-json\/wp\/v2\/pages"}],"about":[{"href":"https:\/\/wp.unil.ch\/ateliercritique\/wp-json\/wp\/v2\/types\/page"}],"author":[{"embeddable":true,"href":"https:\/\/wp.unil.ch\/ateliercritique\/wp-json\/wp\/v2\/users\/784"}],"replies":[{"embeddable":true,"href":"https:\/\/wp.unil.ch\/ateliercritique\/wp-json\/wp\/v2\/comments?post=2806"}],"version-history":[{"count":5,"href":"https:\/\/wp.unil.ch\/ateliercritique\/wp-json\/wp\/v2\/pages\/2806\/revisions"}],"predecessor-version":[{"id":23062,"href":"https:\/\/wp.unil.ch\/ateliercritique\/wp-json\/wp\/v2\/pages\/2806\/revisions\/23062"}],"up":[{"embeddable":true,"href":"https:\/\/wp.unil.ch\/ateliercritique\/wp-json\/wp\/v2\/pages\/2707"}],"wp:attachment":[{"href":"https:\/\/wp.unil.ch\/ateliercritique\/wp-json\/wp\/v2\/media?parent=2806"}],"curies":[{"name":"wp","href":"https:\/\/api.w.org\/{rel}","templated":true}]}}