{"id":2798,"date":"2014-02-18T09:12:05","date_gmt":"2014-02-18T08:12:05","guid":{"rendered":"http:\/\/wp.unil.ch\/ateliercritique\/?page_id=2798"},"modified":"2026-02-12T15:43:06","modified_gmt":"2026-02-12T14:43:06","slug":"gervais","status":"publish","type":"page","link":"https:\/\/wp.unil.ch\/ateliercritique\/theatres-partenaires\/gervais\/","title":{"rendered":"Maison Saint-Gervais (Gen\u00e8ve)"},"content":{"rendered":"<div class=\"wp-block-image\">\n<figure class=\"alignleft size-large is-resized\"><a href=\"https:\/\/saintgervais.ch\/\"><img loading=\"lazy\" decoding=\"async\" width=\"710\" height=\"1024\" src=\"https:\/\/wp.unil.ch\/ateliercritique\/files\/2026\/02\/saint-gervais-logo-710x1024.png\" alt=\"saint gervais logo\" class=\"wp-image-23431\" style=\"width:200px\" srcset=\"https:\/\/wp.unil.ch\/ateliercritique\/files\/2026\/02\/saint-gervais-logo-710x1024.png 710w, https:\/\/wp.unil.ch\/ateliercritique\/files\/2026\/02\/saint-gervais-logo-139x200.png 139w, https:\/\/wp.unil.ch\/ateliercritique\/files\/2026\/02\/saint-gervais-logo-118x170.png 118w, https:\/\/wp.unil.ch\/ateliercritique\/files\/2026\/02\/saint-gervais-logo-768x1108.png 768w, https:\/\/wp.unil.ch\/ateliercritique\/files\/2026\/02\/saint-gervais-logo-1065x1536.png 1065w, https:\/\/wp.unil.ch\/ateliercritique\/files\/2026\/02\/saint-gervais-logo-1420x2048.png 1420w, https:\/\/wp.unil.ch\/ateliercritique\/files\/2026\/02\/saint-gervais-logo-scaled.png 1775w\" sizes=\"auto, (max-width: 710px) 100vw, 710px\" \/><\/a><\/figure>\n<\/div>\n\n\n<h4 class=\"wp-block-heading\">Critiques par spectacles jou\u00e9s dans ce th\u00e9\u00e2tre :<\/h4>\n\n\n\n<div class=\"wp-block-query is-layout-flow wp-block-query-is-layout-flow\"><ul class=\"wp-block-post-template is-layout-flow wp-block-post-template-is-layout-flow\"><li class=\"wp-block-post post-20008 post type-post status-publish format-standard has-post-thumbnail category-critique category-expired category-maison-saint-gervais category-spectacle tag-anna-chialva tag-hadrien-halter\">\n<h6 class=\"liensouligne wp-block-post-title\"><a href=\"https:\/\/wp.unil.ch\/ateliercritique\/2024\/11\/quichotte\/\" target=\"_self\" >Quichotte<\/a><\/h6>\n\n<div class=\"wp-block-post-excerpt\"><p class=\"wp-block-post-excerpt__excerpt\">Mise en sc\u00e8ne de Gwena\u00ebl Morin \/ D&rsquo;apr\u00e8s Miguel de Cervantes \/ Maison Saint-Gervais (Gen\u00e8ve) \/ Du 20 au 23 novembre 2024 \/ Critiques par Hadrien Halter et Anna Chialva . <\/p><\/div>\n\n\n<div style=\"height:1px\" aria-hidden=\"true\" class=\"wp-block-spacer\"><\/div>\n\n<\/li><li class=\"wp-block-post post-18060 post type-post status-publish format-standard has-post-thumbnail category-critique category-expired category-maison-saint-gervais category-spectacle tag-emma-chapatte tag-marguerite-thery\">\n<h6 class=\"liensouligne wp-block-post-title\"><a href=\"https:\/\/wp.unil.ch\/ateliercritique\/2024\/04\/quichotte-chevalerie-moderne-2\/\" target=\"_self\" >Quichotte, chevalerie moderne<\/a><\/h6>\n\n<div class=\"wp-block-post-excerpt\"><p class=\"wp-block-post-excerpt__excerpt\">Mise en sc\u00e8ne par Julien Basler \/ La Cie Les Fondateurs \/ Maison Saint-Gervais (Gen\u00e8ve) \/ du 18 au 28 avril 2024 \/ Critiques par Emma Chapatte et Marguerite Thery. <\/p><\/div>\n\n\n<div style=\"height:1px\" aria-hidden=\"true\" class=\"wp-block-spacer\"><\/div>\n\n<\/li><li class=\"wp-block-post post-17649 post type-post status-publish format-standard has-post-thumbnail category-critique category-expired category-maison-saint-gervais category-spectacle tag-emma-chapatte\">\n<h6 class=\"liensouligne wp-block-post-title\"><a href=\"https:\/\/wp.unil.ch\/ateliercritique\/2024\/03\/ars-nova\/\" target=\"_self\" >Ars Nova<\/a><\/h6>\n\n<div class=\"wp-block-post-excerpt\"><p class=\"wp-block-post-excerpt__excerpt\">Compagnie La Filiale Fant\u00f4me \/ Conception de Romain Daroles \/ Maison Saint-Gervais \/ du 5 au 10 mars 2024 \/ Critique par Emma Chapatte. <\/p><\/div>\n\n\n<div style=\"height:1px\" aria-hidden=\"true\" class=\"wp-block-spacer\"><\/div>\n\n<\/li><li class=\"wp-block-post post-17245 post type-post status-publish format-standard has-post-thumbnail category-critique category-expired category-maison-saint-gervais category-spectacle tag-piera-biondina\">\n<h6 class=\"liensouligne wp-block-post-title\"><a href=\"https:\/\/wp.unil.ch\/ateliercritique\/2023\/11\/la-force-de-la-farce\/\" target=\"_self\" >La Force de la Farce<\/a><\/h6>\n\n<div class=\"wp-block-post-excerpt\"><p class=\"wp-block-post-excerpt__excerpt\">Conception et jeu par Fran\u00e7ois Herpeux \/ Groupe F_T^M_S \/ Th\u00e9\u00e2tre Saint-Gervais (Gen\u00e8ve) \/ du 16 au 18 novembre 2023 \/ critique par Piera Biondina . <\/p><\/div>\n\n\n<div style=\"height:1px\" aria-hidden=\"true\" class=\"wp-block-spacer\"><\/div>\n\n<\/li><li class=\"wp-block-post post-16443 post type-post status-publish format-standard has-post-thumbnail category-critique category-expired category-maison-saint-gervais category-spectacle tag-celine-bignotti\">\n<h6 class=\"liensouligne wp-block-post-title\"><a href=\"https:\/\/wp.unil.ch\/ateliercritique\/2022\/10\/lost-for-life\/\" target=\"_self\" >Lost for Life<\/a><\/h6>\n\n<div class=\"wp-block-post-excerpt\"><p class=\"wp-block-post-excerpt__excerpt\">Texte et mise en sc\u00e8ne de Lola Giouse \/ Jeu La Division de la joie \/ Th\u00e9\u00e2tre Saint-Gervais \u2013 Gen\u00e8ve \/ du 30 septembre au 9 octobre 2022 \/ critique par C\u00e9line Bignotti . <\/p><\/div>\n\n\n<div style=\"height:1px\" aria-hidden=\"true\" class=\"wp-block-spacer\"><\/div>\n\n<\/li><li class=\"wp-block-post post-16137 post type-post status-publish format-standard has-post-thumbnail category-critique category-expired category-maison-saint-gervais category-spectacle category-theatre-de-vidy tag-clementine-glardon tag-melanie-carrel-2\">\n<h6 class=\"liensouligne wp-block-post-title\"><a href=\"https:\/\/wp.unil.ch\/ateliercritique\/2022\/03\/desordre-du-discours\/\" target=\"_self\" >D\u00e9sordre du discours<\/a><\/h6>\n\n<div class=\"wp-block-post-excerpt\"><p class=\"wp-block-post-excerpt__excerpt\">D\u2019apr\u00e8s Michel Foucault \/ Conception Fanny de Chaill\u00e9 \/ Avec Guillaume Bailliart \/ Th\u00e9\u00e2tre Saint-Gervais (hors les murs UNIGE) et Th\u00e9\u00e2tre de Vidy (hors les murs UNIL) \/ du 22 au 27 mars 2022 \/ critiques par Cl\u00e9mentine Glardon et\u2026 <\/p><\/div>\n\n\n<div style=\"height:1px\" aria-hidden=\"true\" class=\"wp-block-spacer\"><\/div>\n\n<\/li><li class=\"wp-block-post post-15144 post type-post status-publish format-standard has-post-thumbnail category-critique category-expired category-maison-saint-gervais category-spectacle tag-darya-feral tag-valentine-bovey\">\n<h6 class=\"liensouligne wp-block-post-title\"><a href=\"https:\/\/wp.unil.ch\/ateliercritique\/2021\/05\/les-bonimenteurs\/\" target=\"_self\" >Les Bonimenteurs<\/a><\/h6>\n\n<div class=\"wp-block-post-excerpt\"><p class=\"wp-block-post-excerpt__excerpt\">\u00c0 partir du film\u00a0Suspiria de Dario Argento \/ Cr\u00e9ation en collaboration et interpr\u00e9tation par Jonathan Capdevielle, Arthur B. Gillette et Jennifer Eliz Hutt \/ Th\u00e9\u00e2tre Saint-Gervais \u2013 Gen\u00e8ve \/ du 6 au 9 mai 2021 \/ Critiques par Valentine Bovey\u2026 <\/p><\/div>\n\n\n<div style=\"height:1px\" aria-hidden=\"true\" class=\"wp-block-spacer\"><\/div>\n\n<\/li><li class=\"wp-block-post post-13263 post type-post status-publish format-standard has-post-thumbnail category-critique category-expired category-maison-saint-gervais category-spectacle tag-thibault-hugentobler\">\n<h6 class=\"liensouligne wp-block-post-title\"><a href=\"https:\/\/wp.unil.ch\/ateliercritique\/2019\/03\/mecanique-v\/\" target=\"_self\" >M\u00e9canique V<\/a><\/h6>\n\n<div class=\"wp-block-post-excerpt\"><p class=\"wp-block-post-excerpt__excerpt\">D\u2019apr\u00e8s Georges Feydeau \/ Conception par Julie Cloux et Matteo Zimmermann \/ Th\u00e9\u00e2tre Saint-Gervais \/ du 8 au 17 mars 2019 \/ Critique par Thibault Hugentobler. <\/p><\/div>\n\n\n<div style=\"height:1px\" aria-hidden=\"true\" class=\"wp-block-spacer\"><\/div>\n\n<\/li><li class=\"wp-block-post post-12876 post type-post status-publish format-standard has-post-thumbnail category-critique category-expired category-maison-saint-gervais category-spectacle tag-oceane-forster\">\n<h6 class=\"liensouligne wp-block-post-title\"><a href=\"https:\/\/wp.unil.ch\/ateliercritique\/2018\/10\/all-can-be-softer\/\" target=\"_self\" >All can be softer<\/a><\/h6>\n\n<div class=\"wp-block-post-excerpt\"><p class=\"wp-block-post-excerpt__excerpt\">Texte et mise en sc\u00e8ne de Ren\u00e9e Van Trier \/ Th\u00e9\u00e2tre Saint-Gervais \/ du 06 au 07 octobre 2018 \/ Critique par Oc\u00e9ane Forster. <\/p><\/div>\n\n\n<div style=\"height:1px\" aria-hidden=\"true\" class=\"wp-block-spacer\"><\/div>\n\n<\/li><li class=\"wp-block-post post-12686 post type-post status-publish format-standard has-post-thumbnail category-critique category-expired category-maison-saint-gervais category-spectacle tag-amalia-devaud tag-aurelien-maignant\">\n<h6 class=\"liensouligne wp-block-post-title\"><a href=\"https:\/\/wp.unil.ch\/ateliercritique\/2018\/05\/la-danse-des-affranchies\/\" target=\"_self\" >La danse des affranchies<\/a><\/h6>\n\n<div class=\"wp-block-post-excerpt\"><p class=\"wp-block-post-excerpt__excerpt\">De Latifa Djerbi \/ Mise en sc\u00e8ne de Julien Mages \/ Th\u00e9\u00e2tre Saint-Gervais \/ du 8 au 19 mai 2018 \/ Critiques par Aur\u00e9lien Maignant et Amalia D\u00e9vaud. <\/p><\/div>\n\n\n<div style=\"height:1px\" aria-hidden=\"true\" class=\"wp-block-spacer\"><\/div>\n\n<\/li><li class=\"wp-block-post post-12344 post type-post status-publish format-standard has-post-thumbnail category-critique category-expired category-maison-saint-gervais category-spectacle tag-julia-cela tag-thomas-flahaut\">\n<h6 class=\"liensouligne wp-block-post-title\"><a href=\"https:\/\/wp.unil.ch\/ateliercritique\/2018\/01\/quoi-maintenant\/\" target=\"_self\" >Quoi\/Maintenant<\/a><\/h6>\n\n<div class=\"wp-block-post-excerpt\"><p class=\"wp-block-post-excerpt__excerpt\">Par le collectif Tg STAN \/ Th\u00e9\u00e2tre Saint-Gervais \/ du 11 au 13 janvier 2018 \/ Critiques par Thomas Flahaut et Julia Cela. <\/p><\/div>\n\n\n<div style=\"height:1px\" aria-hidden=\"true\" class=\"wp-block-spacer\"><\/div>\n\n<\/li><li class=\"wp-block-post post-11555 post type-post status-publish format-standard has-post-thumbnail category-critique category-expired category-maison-saint-gervais category-spectacle tag-laure-elie-hoegen tag-margot-prodhom\">\n<h6 class=\"liensouligne wp-block-post-title\"><a href=\"https:\/\/wp.unil.ch\/ateliercritique\/2017\/05\/la-ligne\/\" target=\"_self\" >La Ligne<\/a><\/h6>\n\n<div class=\"wp-block-post-excerpt\"><p class=\"wp-block-post-excerpt__excerpt\">Direction artistique de Jean-Baptiste Roybon \/ Production de la Compagnie Kokodyniack \/ Th\u00e9\u00e2tre Saint-Gervais \/ du 9 au 20 mai 2017 \/ Critique par Margot Prod&rsquo;hom et Laure-Elie Hoegen. <\/p><\/div>\n\n\n<div style=\"height:1px\" aria-hidden=\"true\" class=\"wp-block-spacer\"><\/div>\n\n<\/li><li class=\"wp-block-post post-11280 post type-post status-publish format-standard has-post-thumbnail category-critique category-expired category-maison-saint-gervais category-spectacle tag-margot-prodhom\">\n<h6 class=\"liensouligne wp-block-post-title\"><a href=\"https:\/\/wp.unil.ch\/ateliercritique\/2017\/03\/les-moliere-de-vitez\/\" target=\"_self\" >Les Moli\u00e8re de Vitez : L&rsquo;Ecole des femmes<\/a><\/h6>\n\n<div class=\"wp-block-post-excerpt\"><p class=\"wp-block-post-excerpt__excerpt\">De Moli\u00e8re \/ Mise en sc\u00e8ne de Gwena\u00ebl Morin \/ Les Moliere de Vitez \/ Par le Th\u00e9\u00e2tre Permanent \/ Th\u00e9\u00e2tre Saint-Gervais \/ du 14 au 25 mars 2017 \/ Critique par Margot Prod&rsquo;hom. <\/p><\/div>\n\n\n<div style=\"height:1px\" aria-hidden=\"true\" class=\"wp-block-spacer\"><\/div>\n\n<\/li><li class=\"wp-block-post post-7942 post type-post status-publish format-standard has-post-thumbnail category-critique category-expired category-maison-saint-gervais category-spectacle tag-julia-cela\">\n<h6 class=\"liensouligne wp-block-post-title\"><a href=\"https:\/\/wp.unil.ch\/ateliercritique\/2016\/03\/recyclage-autres-petites-philosophies-suspectes\/\" target=\"_self\" >Recyclage et autres petites philosophies suspectes<\/a><\/h6>\n\n<div class=\"wp-block-post-excerpt\"><p class=\"wp-block-post-excerpt__excerpt\">Conception Katy Hernan et Adrien Rupp \/ par la Compagnie Zooscope \/ Th\u00e9\u00e2tre St-Gervais \/ du 15 au 26 mars 2016 \/ Critique par Julia Cela. <\/p><\/div>\n\n\n<div style=\"height:1px\" aria-hidden=\"true\" class=\"wp-block-spacer\"><\/div>\n\n<\/li><li class=\"wp-block-post post-7702 post type-post status-publish format-standard has-post-thumbnail category-critique category-expired category-maison-saint-gervais category-spectacle tag-deborah-strebel tag-luc-siegenthaler\">\n<h6 class=\"liensouligne wp-block-post-title\"><a href=\"https:\/\/wp.unil.ch\/ateliercritique\/2016\/01\/te-hare-invencible-con-mi-derrota\/\" target=\"_self\" >Te har\u00e9 invencible con mi derrota<\/a><\/h6>\n\n<div class=\"wp-block-post-excerpt\"><p class=\"wp-block-post-excerpt__excerpt\">D\u2019Ang\u00e9lica Liddell \/ par Ang\u00e9lica Liddell, compagnie Atra Bilis Teatro \/ Th\u00e9\u00e2tre Saint-Gervais \/ du 19 au 23 janvier 2016 \/ Critiques par Luc Siegenthaler et Deborah Strebel. <\/p><\/div>\n\n\n<div style=\"height:1px\" aria-hidden=\"true\" class=\"wp-block-spacer\"><\/div>\n\n<\/li><li class=\"wp-block-post post-7567 post type-post status-publish format-standard has-post-thumbnail category-critique category-expired category-maison-saint-gervais category-spectacle tag-valmir-rexhepi\">\n<h6 class=\"liensouligne wp-block-post-title\"><a href=\"https:\/\/wp.unil.ch\/ateliercritique\/2015\/12\/la-damnation-de-faustino-2\/\" target=\"_self\" >La damnation de Faustino<\/a><\/h6>\n\n<div class=\"wp-block-post-excerpt\"><p class=\"wp-block-post-excerpt__excerpt\">\u00c9crit et mis en sc\u00e8ne par Claude-Inga Barbey \/ par la compagnie Sans Scrupules avec le concours de S\u00e9verine Bujard, Yvonne St\u00e4dler, Patrick Lapp, R\u00e9mi Rauzier\u00a0\/ Th\u00e9\u00e2tre St-Gervais\/ du 1er au 19 d\u00e9cembre 2015 \/\u00a0Critique par Valmir Rexhepi. <\/p><\/div>\n\n\n<div style=\"height:1px\" aria-hidden=\"true\" class=\"wp-block-spacer\"><\/div>\n\n<\/li><li class=\"wp-block-post post-6536 post type-post status-publish format-standard has-post-thumbnail category-critique category-expired category-maison-saint-gervais category-spectacle tag-deborah-strebel tag-jehanne-denogent\">\n<h6 class=\"liensouligne wp-block-post-title\"><a href=\"https:\/\/wp.unil.ch\/ateliercritique\/2015\/06\/cheer-leader\/\" target=\"_self\" >Cheer Leader<\/a><\/h6>\n\n<div class=\"wp-block-post-excerpt\"><p class=\"wp-block-post-excerpt__excerpt\">Cr\u00e9ation du Think Tank Theatre \/ Mise en sc\u00e8ne de Karim Bel Kacem \/ Co-mise en sc\u00e8ne et chor\u00e9graphie Maud Blandel \/ du 2 au 13 juin 2015 \/ Th\u00e9\u00e2tre Saint-Gervais (Gen\u00e8ve) \/ Critiques par Deborah Strebel et Jehanne Denogent\u2026 <\/p><\/div>\n\n\n<div style=\"height:1px\" aria-hidden=\"true\" class=\"wp-block-spacer\"><\/div>\n\n<\/li><li class=\"wp-block-post post-6386 post type-post status-publish format-standard has-post-thumbnail category-critique category-expired category-maison-saint-gervais category-spectacle tag-jonas-parson tag-nicolas-joray\">\n<h6 class=\"liensouligne wp-block-post-title\"><a href=\"https:\/\/wp.unil.ch\/ateliercritique\/2015\/05\/lane-et-le-ruisseau\/\" target=\"_self\" >L&rsquo;\u00e2ne et le ruisseau<\/a><\/h6>\n\n<div class=\"wp-block-post-excerpt\"><p class=\"wp-block-post-excerpt__excerpt\">L\u2019\u00e2ne et le ruisseau \/ D\u2019Alfred de Musset \/ Mise en sc\u00e8ne Christian Geffroy Schlittler \/ du 12 au 23 mai 2015 \/ Th\u00e9\u00e2tre Saint-Gervais (Gen\u00e8ve) \/ Critiques par Nicolas Joray et Jonas Parson . <\/p><\/div>\n\n\n<div style=\"height:1px\" aria-hidden=\"true\" class=\"wp-block-spacer\"><\/div>\n\n<\/li><li class=\"wp-block-post post-6197 post type-post status-publish format-standard has-post-thumbnail category-critique category-expired category-maison-saint-gervais category-spectacle tag-anais-gasser tag-joanna-bravo-carmona\">\n<h6 class=\"liensouligne wp-block-post-title\"><a href=\"https:\/\/wp.unil.ch\/ateliercritique\/2015\/04\/othello\/\" target=\"_self\" >Othello<\/a><\/h6>\n\n<div class=\"wp-block-post-excerpt\"><p class=\"wp-block-post-excerpt__excerpt\">De Shakespeare \/ Mise en sc\u00e8ne d\u2019Eric Salama \/du 15 au 30 avril 2015 \/ Th\u00e9\u00e2tre St-Gervais (Gen\u00e8ve) \/ Critiques par Ana\u00efs Gasser et Joanna Bravo Carmona . <\/p><\/div>\n\n\n<div style=\"height:1px\" aria-hidden=\"true\" class=\"wp-block-spacer\"><\/div>\n\n<\/li><li class=\"wp-block-post post-6003 post type-post status-publish format-standard has-post-thumbnail category-critique category-expired category-maison-saint-gervais category-spectacle tag-deborah-strebel tag-jehanne-denogent\">\n<h6 class=\"liensouligne wp-block-post-title\"><a href=\"https:\/\/wp.unil.ch\/ateliercritique\/2015\/03\/le-fantasme-de-lechec\/\" target=\"_self\" >Le Fantasme de l&rsquo;\u00e9chec<\/a><\/h6>\n\n<div class=\"wp-block-post-excerpt\"><p class=\"wp-block-post-excerpt__excerpt\">par la Cie Fenil Hirsute \/ cr\u00e9ation V\u00e9ronique Bettencourt \/ du 10 au 21 mars 2015 \/ Th\u00e9\u00e2tre Saint-Gervais \/ Critiques par Deboarh Strebel et Jehanne Denogent. <\/p><\/div>\n\n\n<div style=\"height:1px\" aria-hidden=\"true\" class=\"wp-block-spacer\"><\/div>\n\n<\/li><li class=\"wp-block-post post-5639 post type-post status-publish format-standard has-post-thumbnail category-critique category-expired category-maison-saint-gervais category-spectacle tag-jehanne-denogent tag-maryke-oosterhoff\">\n<h6 class=\"liensouligne wp-block-post-title\"><a href=\"https:\/\/wp.unil.ch\/ateliercritique\/2014\/12\/my-dinner-with-andre\/\" target=\"_self\" >My Dinner with Andr\u00e9<\/a><\/h6>\n\n<div class=\"wp-block-post-excerpt\"><p class=\"wp-block-post-excerpt__excerpt\">tg STAN, de KOE \/ de et avec Damiaan De Schrijver et Peter Van den Eede \/ texte d&rsquo;Andr\u00e9 Gregory et Wallace Shawn d\u2019apr\u00e8s le sc\u00e9nario de l&rsquo;adaptation de Louis Malle (1981) \/ du 17 au 20 d\u00e9cembre 2014 \/\u2026 <\/p><\/div>\n\n\n<div style=\"height:1px\" aria-hidden=\"true\" class=\"wp-block-spacer\"><\/div>\n\n<\/li><li class=\"wp-block-post post-5434 post type-post status-publish format-standard has-post-thumbnail category-critique category-expired category-maison-saint-gervais category-spectacle tag-jonas-guyot tag-nicolas-joray\">\n<h6 class=\"liensouligne wp-block-post-title\"><a href=\"https:\/\/wp.unil.ch\/ateliercritique\/2014\/11\/5434\/\" target=\"_self\" >Daisy<\/a><\/h6>\n\n<div class=\"wp-block-post-excerpt\"><p class=\"wp-block-post-excerpt__excerpt\">de Rodrigo Garc\u00eda \/ du 11 au 15 novembre 2014 \/ Th\u00e9\u00e2tre Saint-Gervais \/ Critiques par Jonas Guyot et Nicolas Joray. <\/p><\/div>\n\n\n<div style=\"height:1px\" aria-hidden=\"true\" class=\"wp-block-spacer\"><\/div>\n\n<\/li><li class=\"wp-block-post post-4022 post type-post status-publish format-standard has-post-thumbnail category-critique category-expired category-theatre-de-larsenic category-maison-saint-gervais category-spectacle tag-aitor-gosende tag-alice-bottarelli tag-cecilia-galindo\">\n<h6 class=\"liensouligne wp-block-post-title\"><a href=\"https:\/\/wp.unil.ch\/ateliercritique\/2014\/03\/mercedes\/\" target=\"_self\" >Mercedes-Benz W123<\/a><\/h6>\n\n<div class=\"wp-block-post-excerpt\"><p class=\"wp-block-post-excerpt__excerpt\">texte et mise en sc\u00e8ne Marie Fourquet \u2013 Cie ad-apte (CH) \/ du 11 au 16 mars 2014 au Th\u00e9\u00e2tre Arsenic \u00e0 Lausanne \/ le 26 avril au Centre Culturel R\u00e9gional de Del\u00e9mont \/ du 30 avril au 17 mai\u2026 <\/p><\/div>\n\n\n<div style=\"height:1px\" aria-hidden=\"true\" class=\"wp-block-spacer\"><\/div>\n\n<\/li><li class=\"wp-block-post post-3990 post type-post status-publish format-standard has-post-thumbnail category-critique category-expired category-maison-saint-gervais category-spectacle tag-jonas-parson\">\n<h6 class=\"liensouligne wp-block-post-title\"><a href=\"https:\/\/wp.unil.ch\/ateliercritique\/2014\/03\/scenes\/\" target=\"_self\" >Sc\u00e8nes de la vie conjugale<\/a><\/h6>\n\n<div class=\"wp-block-post-excerpt\"><p class=\"wp-block-post-excerpt__excerpt\">d\u2019apr\u00e8s Ingmar Bergman \/ mise en sc\u00e8ne et interpr\u00e9tation par la Compagnie tg STAN \/ Th\u00e9\u00e2tre Saint-Gervais \u00e0 Gen\u00e8ve \/ du 27 f\u00e9vrier au 8 mars 2014\u00a0 \/ Critique par Jonas Parson.\u00a0 <\/p><\/div>\n\n\n<div style=\"height:1px\" aria-hidden=\"true\" class=\"wp-block-spacer\"><\/div>\n\n<\/li><li class=\"wp-block-post post-3593 post type-post status-publish format-standard has-post-thumbnail category-critique category-expired category-maison-saint-gervais category-spectacle tag-alice-bottarelli\">\n<h6 class=\"liensouligne wp-block-post-title\"><a href=\"https:\/\/wp.unil.ch\/ateliercritique\/2014\/02\/mlle\/\" target=\"_self\" >Mademoiselle Else et Apr\u00e8s la r\u00e9p\u00e9tition<\/a><\/h6>\n\n<div class=\"wp-block-post-excerpt\"><p class=\"wp-block-post-excerpt__excerpt\">d\u2019apr\u00e8s Arthur Schnitzler et Ingmar Bergman \/ mise en sc\u00e8ne et interpr\u00e9tation par la Compagnie tg STAN \/ Th\u00e9\u00e2tre Saint-Gervais \u00e0 Gen\u00e8ve \/ du 26 f\u00e9vrier au 1er mars 2014 \/ Critique par Alice Bottarelli. <\/p><\/div>\n\n\n<div style=\"height:1px\" aria-hidden=\"true\" class=\"wp-block-spacer\"><\/div>\n\n<\/li><\/ul><\/div>\n","protected":false},"excerpt":{"rendered":"<p>Critiques par spectacles jou\u00e9s dans ce th\u00e9\u00e2tre :<\/p>\n","protected":false},"author":1420,"featured_media":0,"parent":2713,"menu_order":0,"comment_status":"closed","ping_status":"closed","template":"","meta":{"_seopress_robots_primary_cat":"","_seopress_titles_title":"","_seopress_titles_desc":"","_seopress_robots_index":"","footnotes":""},"class_list":["post-2798","page","type-page","status-publish"],"_links":{"self":[{"href":"https:\/\/wp.unil.ch\/ateliercritique\/wp-json\/wp\/v2\/pages\/2798","targetHints":{"allow":["GET"]}}],"collection":[{"href":"https:\/\/wp.unil.ch\/ateliercritique\/wp-json\/wp\/v2\/pages"}],"about":[{"href":"https:\/\/wp.unil.ch\/ateliercritique\/wp-json\/wp\/v2\/types\/page"}],"author":[{"embeddable":true,"href":"https:\/\/wp.unil.ch\/ateliercritique\/wp-json\/wp\/v2\/users\/1420"}],"replies":[{"embeddable":true,"href":"https:\/\/wp.unil.ch\/ateliercritique\/wp-json\/wp\/v2\/comments?post=2798"}],"version-history":[{"count":5,"href":"https:\/\/wp.unil.ch\/ateliercritique\/wp-json\/wp\/v2\/pages\/2798\/revisions"}],"predecessor-version":[{"id":23432,"href":"https:\/\/wp.unil.ch\/ateliercritique\/wp-json\/wp\/v2\/pages\/2798\/revisions\/23432"}],"up":[{"embeddable":true,"href":"https:\/\/wp.unil.ch\/ateliercritique\/wp-json\/wp\/v2\/pages\/2713"}],"wp:attachment":[{"href":"https:\/\/wp.unil.ch\/ateliercritique\/wp-json\/wp\/v2\/media?parent=2798"}],"curies":[{"name":"wp","href":"https:\/\/api.w.org\/{rel}","templated":true}]}}