{"id":2794,"date":"2014-02-18T09:11:18","date_gmt":"2014-02-18T08:11:18","guid":{"rendered":"http:\/\/wp.unil.ch\/ateliercritique\/?page_id=2794"},"modified":"2026-02-12T15:34:02","modified_gmt":"2026-02-12T14:34:02","slug":"passage","status":"publish","type":"page","link":"https:\/\/wp.unil.ch\/ateliercritique\/theatres-partenaires\/passage\/","title":{"rendered":"Th\u00e9\u00e2tre du Passage (Neuch\u00e2tel)"},"content":{"rendered":"\n<figure class=\"wp-block-image size-large is-resized\"><a href=\"https:\/\/www.theatredupassage.ch\/\" target=\"_blank\" rel=\"noopener\"><img loading=\"lazy\" decoding=\"async\" width=\"1024\" height=\"575\" src=\"https:\/\/wp.unil.ch\/ateliercritique\/files\/2026\/02\/passage-logo-1024x575.jpg\" alt=\"passage logo\" class=\"wp-image-23427\" style=\"width:300px\" srcset=\"https:\/\/wp.unil.ch\/ateliercritique\/files\/2026\/02\/passage-logo-1024x575.jpg 1024w, https:\/\/wp.unil.ch\/ateliercritique\/files\/2026\/02\/passage-logo-300x169.jpg 300w, https:\/\/wp.unil.ch\/ateliercritique\/files\/2026\/02\/passage-logo-250x141.jpg 250w, https:\/\/wp.unil.ch\/ateliercritique\/files\/2026\/02\/passage-logo-768x432.jpg 768w, https:\/\/wp.unil.ch\/ateliercritique\/files\/2026\/02\/passage-logo.jpg 1500w\" sizes=\"auto, (max-width: 1024px) 100vw, 1024px\" \/><\/a><\/figure>\n\n\n\n<h4 class=\"wp-block-heading\">Critiques par spectacles jou\u00e9s dans ce th\u00e9\u00e2tre :<\/h4>\n\n\n\n<div class=\"wp-block-query is-layout-flow wp-block-query-is-layout-flow\"><ul class=\"wp-block-post-template is-layout-flow wp-block-post-template-is-layout-flow\"><li class=\"wp-block-post post-20071 post type-post status-publish format-standard has-post-thumbnail category-critique category-expired category-spectacle category-theatre-du-passage tag-lucie-ortet tag-odile-jaques\">\n<h6 class=\"liensouligne wp-block-post-title\"><a href=\"https:\/\/wp.unil.ch\/ateliercritique\/2024\/11\/six\/\" target=\"_self\" >Six\u00b0<\/a><\/h6>\n\n<div class=\"wp-block-post-excerpt\"><p class=\"wp-block-post-excerpt__excerpt\">Conception et mise en sc\u00e8ne par la Cie FLIP Fabrique \/ Th\u00e9\u00e2tre du Passage (Neuch\u00e2tel) \/ Du 23 au 24 novembre 2024 \/ Critiques par Odile Jaques et Lucie Ortet . <\/p><\/div>\n\n\n<div style=\"height:1px\" aria-hidden=\"true\" class=\"wp-block-spacer\"><\/div>\n\n<\/li><li class=\"wp-block-post post-19108 post type-post status-publish format-standard has-post-thumbnail category-critique category-expired category-spectacle category-theatre-du-passage tag-noelie-jeannerat\">\n<h6 class=\"liensouligne wp-block-post-title\"><a href=\"https:\/\/wp.unil.ch\/ateliercritique\/2024\/06\/les-diablogues\/\" target=\"_self\" >Les Diablogues<\/a><\/h6>\n\n<div class=\"wp-block-post-excerpt\"><p class=\"wp-block-post-excerpt__excerpt\">Texte par par Roland Dubillard \/ mise en sc\u00e8ne par Jean Liermier\u00a0\/ Th\u00e9\u00e2tre du Passage (Neuch\u00e2tel) \/ du 6 au 9 juin 2024 \/ Th\u00e9\u00e2tre de Carouge (Gen\u00e8ve) \/ du 12 au 27 juin \/ critiques par No\u00eblie Jeannerat et\u2026 <\/p><\/div>\n\n\n<div style=\"height:1px\" aria-hidden=\"true\" class=\"wp-block-spacer\"><\/div>\n\n<\/li><li class=\"wp-block-post post-13970 post type-post status-publish format-standard has-post-thumbnail category-critique category-expired category-spectacle category-theatre-du-passage tag-margaux-farron tag-sarah-juilland\">\n<h6 class=\"liensouligne wp-block-post-title\"><a href=\"https:\/\/wp.unil.ch\/ateliercritique\/2019\/12\/le-roi-se-meurt\/\" target=\"_self\" >Le roi se meurt<\/a><\/h6>\n\n<div class=\"wp-block-post-excerpt\"><p class=\"wp-block-post-excerpt__excerpt\">Texte d\u2019Eug\u00e8ne Ionesco \/ Mise en sc\u00e8ne de C\u00e9dric Dorier \/ Th\u00e9\u00e2tre du Passage \/ 27 novembre 2019 \/ Critiques par Margaux Farron et Sarah Juilland. <\/p><\/div>\n\n\n<div style=\"height:1px\" aria-hidden=\"true\" class=\"wp-block-spacer\"><\/div>\n\n<\/li><li class=\"wp-block-post post-13246 post type-post status-publish format-standard has-post-thumbnail category-critique category-expired category-spectacle category-theatre-du-passage tag-lena-rossel tag-sacha-toupance\">\n<h6 class=\"liensouligne wp-block-post-title\"><a href=\"https:\/\/wp.unil.ch\/ateliercritique\/2019\/03\/les-separables\/\" target=\"_self\" >Les S\u00e9parables<\/a><\/h6>\n\n<div class=\"wp-block-post-excerpt\"><p class=\"wp-block-post-excerpt__excerpt\">Texte de Fabrice Melquiot \/ Mise en sc\u00e8ne de Dominique Catton et Christiane Suter \/ Th\u00e9\u00e2tre du Passage \/ 13 mars 2019 \/ Critiques par Lena Rossel et Sacha Toupance.\u00a0 <\/p><\/div>\n\n\n<div style=\"height:1px\" aria-hidden=\"true\" class=\"wp-block-spacer\"><\/div>\n\n<\/li><li class=\"wp-block-post post-13037 post type-post status-publish format-standard has-post-thumbnail category-critique category-expired category-spectacle category-theatre-du-passage tag-brice-torriani tag-lena-rossel\">\n<h6 class=\"liensouligne wp-block-post-title\"><a href=\"https:\/\/wp.unil.ch\/ateliercritique\/2018\/11\/funerailles-dhiver\/\" target=\"_self\" >Fun\u00e9railles d\u2019hiver<\/a><\/h6>\n\n<div class=\"wp-block-post-excerpt\"><p class=\"wp-block-post-excerpt__excerpt\">Texte de Hanokh Levin \/ Mise en sc\u00e8ne de Michael Delaunoy \/ Th\u00e9\u00e2tre du Passage \/ du 20 au 22 novembre 2018 \/ Critiques par Brice Torriani et Lena Rossel.\u00a0 <\/p><\/div>\n\n\n<div style=\"height:1px\" aria-hidden=\"true\" class=\"wp-block-spacer\"><\/div>\n\n<\/li><li class=\"wp-block-post post-12981 post type-post status-publish format-standard has-post-thumbnail category-critique category-expired category-spectacle category-theatre-du-passage tag-noe-maggetti tag-thibault-hugentobler\">\n<h6 class=\"liensouligne wp-block-post-title\"><a href=\"https:\/\/wp.unil.ch\/ateliercritique\/2018\/11\/amphitryon\/\" target=\"_self\" >Amphitryon<\/a><\/h6>\n\n<div class=\"wp-block-post-excerpt\"><p class=\"wp-block-post-excerpt__excerpt\">Texte de Moli\u00e8re \/ Mise en sc\u00e8ne de St\u00e9phanie Tesson \/ Th\u00e9\u00e2tre du Passage \/ 1er novembre 2018 \/ Critiques par No\u00e9 Maggetti et Thibault Hugentobler. <\/p><\/div>\n\n\n<div style=\"height:1px\" aria-hidden=\"true\" class=\"wp-block-spacer\"><\/div>\n\n<\/li><li class=\"wp-block-post post-10492 post type-post status-publish format-standard has-post-thumbnail category-critique category-expired category-spectacle category-theatre-du-passage tag-alice-moraz tag-jonathan-hofer\">\n<h6 class=\"liensouligne wp-block-post-title\"><a href=\"https:\/\/wp.unil.ch\/ateliercritique\/2016\/11\/le-chant-du-cygne\/\" target=\"_self\" >Le chant du cygne<\/a><\/h6>\n\n<div class=\"wp-block-post-excerpt\"><p class=\"wp-block-post-excerpt__excerpt\">D\u2019Anton Tchekhov \/ mise en sc\u00e8ne Robert Bouvier \/ Th\u00e9\u00e2tre du Passage \/ du 2 au 6 novembre \/ Critiques par Alice Moraz et Jonathan Hofer.\u00a0 <\/p><\/div>\n\n\n<div style=\"height:1px\" aria-hidden=\"true\" class=\"wp-block-spacer\"><\/div>\n\n<\/li><li class=\"wp-block-post post-8107 post type-post status-publish format-standard has-post-thumbnail category-critique category-expired category-spectacle category-theatre-du-passage tag-waqas-mirza\">\n<h6 class=\"liensouligne wp-block-post-title\"><a href=\"https:\/\/wp.unil.ch\/ateliercritique\/2016\/04\/berenice\/\" target=\"_self\" >B\u00e9r\u00e9nice<\/a><\/h6>\n\n<div class=\"wp-block-post-excerpt\"><p class=\"wp-block-post-excerpt__excerpt\">De Jean Racine \/ mise en sc\u00e8ne Olivier Chapelet \/\u00a0Th\u00e9\u00e2tre du Passage \/ 22 avril 2016 \/ Critique par Waqas Mirza. <\/p><\/div>\n\n\n<div style=\"height:1px\" aria-hidden=\"true\" class=\"wp-block-spacer\"><\/div>\n\n<\/li><li class=\"wp-block-post post-7842 post type-post status-publish format-standard has-post-thumbnail category-critique category-expired category-spectacle category-theatre-du-passage tag-elisa-picci tag-emilie-roch\">\n<h6 class=\"liensouligne wp-block-post-title\"><a href=\"https:\/\/wp.unil.ch\/ateliercritique\/2016\/02\/cupidon-est-malade\/\" target=\"_self\" >Cupidon est malade<\/a><\/h6>\n\n<div class=\"wp-block-post-excerpt\"><p class=\"wp-block-post-excerpt__excerpt\">De Pauline Sales \/ mis en sc\u00e8ne Jean Bellorini \/ Le Th\u00e9\u00e2tre du Passage \/ 21 f\u00e9vrier 2016 \/ Critiques par Elisa Picci et Emilie Roch. <\/p><\/div>\n\n\n<div style=\"height:1px\" aria-hidden=\"true\" class=\"wp-block-spacer\"><\/div>\n\n<\/li><li class=\"wp-block-post post-7167 post type-post status-publish format-standard has-post-thumbnail category-critique category-expired category-spectacle category-theatre-du-passage tag-camille-logoz tag-marie-reymond\">\n<h6 class=\"liensouligne wp-block-post-title\"><a href=\"https:\/\/wp.unil.ch\/ateliercritique\/2015\/10\/la-cerisaie\/\" target=\"_self\" >La Cerisaie<\/a><\/h6>\n\n<div class=\"wp-block-post-excerpt\"><p class=\"wp-block-post-excerpt__excerpt\">D\u2019Anton Tchekhov \/ par la Cie du Passage et Cie G. Bouillon \/ Th\u00e9\u00e2tre du Passage (Neuch\u00e2tel) \/ du 22 au 25 octobre 2015 \/ Critiques par Camille Logoz et Marie Reymond. <\/p><\/div>\n\n\n<div style=\"height:1px\" aria-hidden=\"true\" class=\"wp-block-spacer\"><\/div>\n\n<\/li><li class=\"wp-block-post post-6267 post type-post status-publish format-standard has-post-thumbnail category-critique category-expired category-spectacle category-theatre-du-passage tag-camille-logoz tag-elisa-picci\">\n<h6 class=\"liensouligne wp-block-post-title\"><a href=\"https:\/\/wp.unil.ch\/ateliercritique\/2015\/04\/20000-lieues-sous-les-mers\/\" target=\"_self\" >20&rsquo;000 lieues sous les mers<\/a><\/h6>\n\n<div class=\"wp-block-post-excerpt\"><p class=\"wp-block-post-excerpt__excerpt\">D\u2019apr\u00e8s Jules Verne \/ Par la Cie Imaginaire Th\u00e9\u00e2tre \/ Mise en sc\u00e8ne Sydney Bernard \/ 26 avril 2015 \/ Th\u00e9\u00e2tre du Passage (Neuch\u00e2tel) \/ Critiques par Camille Logoz et Elisa Picci . <\/p><\/div>\n\n\n<div style=\"height:1px\" aria-hidden=\"true\" class=\"wp-block-spacer\"><\/div>\n\n<\/li><li class=\"wp-block-post post-6184 post type-post status-publish format-standard has-post-thumbnail category-critique category-expired category-spectacle category-theatre-du-passage tag-deborah-strebel\">\n<h6 class=\"liensouligne wp-block-post-title\"><a href=\"https:\/\/wp.unil.ch\/ateliercritique\/2015\/04\/en-attendant-godot\/\" target=\"_self\" >En attendant Godot<\/a><\/h6>\n\n<div class=\"wp-block-post-excerpt\"><p class=\"wp-block-post-excerpt__excerpt\">De Samuel Beckett \/ Mise en sc\u00e8ne par Jean Lambert-wild, Marcel Bozonnet et Lorenzo Malaguerra \/ 1er avril 2015 \/ Th\u00e9\u00e2tre du Passage (Neuch\u00e2tel) \/ Critique par Deborah Strebel . <\/p><\/div>\n\n\n<div style=\"height:1px\" aria-hidden=\"true\" class=\"wp-block-spacer\"><\/div>\n\n<\/li><li class=\"wp-block-post post-6172 post type-post status-publish format-standard has-post-thumbnail category-critique category-expired category-spectacle category-theatre-du-passage tag-elisa-picci tag-nicolas-joray\">\n<h6 class=\"liensouligne wp-block-post-title\"><a href=\"https:\/\/wp.unil.ch\/ateliercritique\/2015\/04\/le-moche\/\" target=\"_self\" >Le Moche<\/a><\/h6>\n\n<div class=\"wp-block-post-excerpt\"><p class=\"wp-block-post-excerpt__excerpt\">De Marius von Mayenburg \/ Mise en sc\u00e8ne par Nathalie Sandoz \/ du 24 au 31 mars 2015 \/ Th\u00e9\u00e2tre du Passage (Neuch\u00e2tel) \/ Critiques par Nicolas Joray et Elisa Picci . <\/p><\/div>\n\n\n<div style=\"height:1px\" aria-hidden=\"true\" class=\"wp-block-spacer\"><\/div>\n\n<\/li><li class=\"wp-block-post post-5278 post type-post status-publish format-standard has-post-thumbnail category-critique category-expired category-spectacle category-theatre-du-passage tag-cecilia-galindo tag-suzanne-balharry\">\n<h6 class=\"liensouligne wp-block-post-title\"><a href=\"https:\/\/wp.unil.ch\/ateliercritique\/2014\/10\/doute\/\" target=\"_self\" >Doute<\/a><\/h6>\n\n<div class=\"wp-block-post-excerpt\"><p class=\"wp-block-post-excerpt__excerpt\">de John Patrick Shanley \/ mise en sc\u00e8ne Robert Bouvier \/ 26 octobre 2014 \/ Th\u00e9\u00e2tre du Passage \/ Critiques par Cecilia Galindo et Suzanne Balharry. <\/p><\/div>\n\n\n<div style=\"height:1px\" aria-hidden=\"true\" class=\"wp-block-spacer\"><\/div>\n\n<\/li><li class=\"wp-block-post post-5242 post type-post status-publish format-standard has-post-thumbnail category-critique category-expired category-spectacle category-theatre-du-passage tag-deborah-strebel\">\n<h6 class=\"liensouligne wp-block-post-title\"><a href=\"https:\/\/wp.unil.ch\/ateliercritique\/2014\/10\/mi-gran-obra\/\" target=\"_self\" >Mi gran obra\u00a0: un proyecto ambicioso<\/a><\/h6>\n\n<div class=\"wp-block-post-excerpt\"><p class=\"wp-block-post-excerpt__excerpt\">Projet de et par David Espinosa \/ du 21 au 26 octobre 2014 \/ Th\u00e9\u00e2tre du Passage \/ plus d\u2019infos Les critiques : Utopie microcosmique \/ Critique par Deborah Strebel. <\/p><\/div>\n\n\n<div style=\"height:1px\" aria-hidden=\"true\" class=\"wp-block-spacer\"><\/div>\n\n<\/li><li class=\"wp-block-post post-4668 post type-post status-publish format-standard has-post-thumbnail category-critique category-expired category-spectacle category-theatre-du-passage tag-deborah-strebel\">\n<h6 class=\"liensouligne wp-block-post-title\"><a href=\"https:\/\/wp.unil.ch\/ateliercritique\/2014\/06\/fleurs\/\" target=\"_self\" >Les fleurs du mal<\/a><\/h6>\n\n<div class=\"wp-block-post-excerpt\"><p class=\"wp-block-post-excerpt__excerpt\">de Charles Baudelaire, avec des textes de Brigitte Fontaine et Areski Belkacem \/ mise en sc\u00e8ne Fran\u00e7oise Courvoisier \/ Th\u00e9\u00e2tre du passage \u00e0 Neuch\u00e2tel \/ du 3 au 15 juin 2014 \/ Critique par Deborah Strebel. <\/p><\/div>\n\n\n<div style=\"height:1px\" aria-hidden=\"true\" class=\"wp-block-spacer\"><\/div>\n\n<\/li><li class=\"wp-block-post post-4332 post type-post status-publish format-standard has-post-thumbnail category-critique category-expired category-spectacle category-theatre-du-passage tag-jonas-guyot tag-sabrina-roh\">\n<h6 class=\"liensouligne wp-block-post-title\"><a href=\"https:\/\/wp.unil.ch\/ateliercritique\/2014\/04\/made\/\" target=\"_self\" >Made in China<\/a><\/h6>\n\n<div class=\"wp-block-post-excerpt\"><p class=\"wp-block-post-excerpt__excerpt\">de Thierry Debroux \/ mise en sc\u00e8ne Didier Kerckaert \/ Th\u00e9\u00e2tre du Passage \u00e0 Neuch\u00e2tel \/ 3 avril \/ Critiques par Sabrina Roh et Jonas Guyot. <\/p><\/div>\n\n\n<div style=\"height:1px\" aria-hidden=\"true\" class=\"wp-block-spacer\"><\/div>\n\n<\/li><li class=\"wp-block-post post-2417 post type-post status-publish format-standard has-post-thumbnail category-critique category-expired category-spectacle category-theatre-du-passage tag-deborah-strebel tag-suzanne-balharry\">\n<h6 class=\"liensouligne wp-block-post-title\"><a href=\"https:\/\/wp.unil.ch\/ateliercritique\/2014\/01\/love\/\" target=\"_self\" >Love and money<\/a><\/h6>\n\n<div class=\"wp-block-post-excerpt\"><p class=\"wp-block-post-excerpt__excerpt\">de Dennis Kelly \/ mise en sc\u00e8ne Francis A\u00efqui \/ Th\u00e9\u00e2tre du Passage \u00e0 Neuch\u00e2tel \/ le 22 janvier 2014 \/ Critiques par Deborah Strebel et Suzanne Balharry. <\/p><\/div>\n\n\n<div style=\"height:1px\" aria-hidden=\"true\" class=\"wp-block-spacer\"><\/div>\n\n<\/li><li class=\"wp-block-post post-1343 post type-post status-publish format-standard has-post-thumbnail category-critique category-expired category-spectacle category-theatre-du-passage tag-roxane-cherubini\">\n<h6 class=\"liensouligne wp-block-post-title\"><a href=\"https:\/\/wp.unil.ch\/ateliercritique\/2013\/12\/gardien\/\" target=\"_self\" >Le Gardien des \u00e2mes<\/a><\/h6>\n\n<div class=\"wp-block-post-excerpt\"><p class=\"wp-block-post-excerpt__excerpt\">de Pierre Kertz \/ mise en sc\u00e8ne Olivier Chapelet \/ Th\u00e9\u00e2tre du Passage \u00e0 Neuch\u00e2tel \/ le 28 novembre 2013 \/ Critique par Roxane Cherubini. <\/p><\/div>\n\n\n<div style=\"height:1px\" aria-hidden=\"true\" class=\"wp-block-spacer\"><\/div>\n\n<\/li><li class=\"wp-block-post post-1073 post type-post status-publish format-standard has-post-thumbnail category-critique category-expired category-spectacle category-theatre-du-passage tag-suzanne-balharry\">\n<h6 class=\"liensouligne wp-block-post-title\"><a href=\"https:\/\/wp.unil.ch\/ateliercritique\/2013\/11\/trois-richard\/\" target=\"_self\" >Richard III<\/a><\/h6>\n\n<div class=\"wp-block-post-excerpt\"><p class=\"wp-block-post-excerpt__excerpt\">de Shakespeare \/ mise en sc\u00e8ne le Puppentheater Magdeburg \/Th\u00e9\u00e2tre du Passage \u00e0 Neuch\u00e2tel \/ le 12 novembre \/ Critique par Suzanne Balharry. <\/p><\/div>\n\n\n<div style=\"height:1px\" aria-hidden=\"true\" class=\"wp-block-spacer\"><\/div>\n\n<\/li><\/ul><\/div>\n","protected":false},"excerpt":{"rendered":"<p>Critiques par spectacles jou\u00e9s dans ce th\u00e9\u00e2tre :<\/p>\n","protected":false},"author":1420,"featured_media":0,"parent":2713,"menu_order":0,"comment_status":"closed","ping_status":"open","template":"","meta":{"_seopress_robots_primary_cat":"","_seopress_titles_title":"","_seopress_titles_desc":"","_seopress_robots_index":"","footnotes":""},"class_list":["post-2794","page","type-page","status-publish"],"_links":{"self":[{"href":"https:\/\/wp.unil.ch\/ateliercritique\/wp-json\/wp\/v2\/pages\/2794","targetHints":{"allow":["GET"]}}],"collection":[{"href":"https:\/\/wp.unil.ch\/ateliercritique\/wp-json\/wp\/v2\/pages"}],"about":[{"href":"https:\/\/wp.unil.ch\/ateliercritique\/wp-json\/wp\/v2\/types\/page"}],"author":[{"embeddable":true,"href":"https:\/\/wp.unil.ch\/ateliercritique\/wp-json\/wp\/v2\/users\/1420"}],"replies":[{"embeddable":true,"href":"https:\/\/wp.unil.ch\/ateliercritique\/wp-json\/wp\/v2\/comments?post=2794"}],"version-history":[{"count":3,"href":"https:\/\/wp.unil.ch\/ateliercritique\/wp-json\/wp\/v2\/pages\/2794\/revisions"}],"predecessor-version":[{"id":23428,"href":"https:\/\/wp.unil.ch\/ateliercritique\/wp-json\/wp\/v2\/pages\/2794\/revisions\/23428"}],"up":[{"embeddable":true,"href":"https:\/\/wp.unil.ch\/ateliercritique\/wp-json\/wp\/v2\/pages\/2713"}],"wp:attachment":[{"href":"https:\/\/wp.unil.ch\/ateliercritique\/wp-json\/wp\/v2\/media?parent=2794"}],"curies":[{"name":"wp","href":"https:\/\/api.w.org\/{rel}","templated":true}]}}