{"id":2792,"date":"2014-02-18T09:11:01","date_gmt":"2014-02-18T08:11:01","guid":{"rendered":"http:\/\/wp.unil.ch\/ateliercritique\/?page_id=2792"},"modified":"2026-02-12T15:24:10","modified_gmt":"2026-02-12T14:24:10","slug":"loup","status":"publish","type":"page","link":"https:\/\/wp.unil.ch\/ateliercritique\/theatres-partenaires\/loup\/","title":{"rendered":"Th\u00e9\u00e2tre du Loup (Gen\u00e8ve)"},"content":{"rendered":"\n<figure class=\"wp-block-image size-full is-resized\"><a href=\"https:\/\/theatreduloup.ch\/\" target=\"_blank\" rel=\"noopener\"><img loading=\"lazy\" decoding=\"async\" width=\"225\" height=\"225\" src=\"https:\/\/wp.unil.ch\/ateliercritique\/files\/2026\/02\/loup-logo.png\" alt=\"loup logo\" class=\"wp-image-23419\" style=\"width:300px\" srcset=\"https:\/\/wp.unil.ch\/ateliercritique\/files\/2026\/02\/loup-logo.png 225w, https:\/\/wp.unil.ch\/ateliercritique\/files\/2026\/02\/loup-logo-200x200.png 200w, https:\/\/wp.unil.ch\/ateliercritique\/files\/2026\/02\/loup-logo-170x170.png 170w\" sizes=\"auto, (max-width: 225px) 100vw, 225px\" \/><\/a><\/figure>\n\n\n\n<h4 class=\"wp-block-heading\">Critiques par spectacles jou\u00e9s dans ce th\u00e9\u00e2tre :<\/h4>\n\n\n\n<div class=\"wp-block-query is-layout-flow wp-block-query-is-layout-flow\"><ul class=\"wp-block-post-template is-layout-flow wp-block-post-template-is-layout-flow\"><li class=\"wp-block-post post-14762 post type-post status-publish format-standard has-post-thumbnail category-critique category-expired category-spectacle category-theatre-du-loup tag-katharine-simblet tag-stella-wohlers\">\n<h6 class=\"liensouligne wp-block-post-title\"><a href=\"https:\/\/wp.unil.ch\/ateliercritique\/2020\/10\/dapres\/\" target=\"_self\" >D&rsquo;apr\u00e8s<\/a><\/h6>\n\n<div class=\"wp-block-post-excerpt\"><p class=\"wp-block-post-excerpt__excerpt\">Adapt\u00e9 du texte Benoni\u00a0de Knut Hamsun \/ Conception, adaptation et mise en sc\u00e8ne de Adrien Barazzone \/ Co-mise en sc\u00e8ne Barbara Schlittler \/ Th\u00e9\u00e2tre du Loup \/ du 23 octobre au 8 novembre 2020 \/ Critiques par Stella Wohlers et\u2026 <\/p><\/div>\n\n\n<div style=\"height:1px\" aria-hidden=\"true\" class=\"wp-block-spacer\"><\/div>\n\n<\/li><li class=\"wp-block-post post-12848 post type-post status-publish format-standard has-post-thumbnail category-critique category-expired category-spectacle category-theatre-du-loup tag-oceane-forster\">\n<h6 class=\"liensouligne wp-block-post-title\"><a href=\"https:\/\/wp.unil.ch\/ateliercritique\/2018\/10\/mais-qui-sont-ces-gens\/\" target=\"_self\" >Mais qui sont ces gens ?<\/a><\/h6>\n\n<div class=\"wp-block-post-excerpt\"><p class=\"wp-block-post-excerpt__excerpt\">De Marion Pulver \/ Mise en sc\u00e8ne de Julien George \/ Th\u00e9\u00e2tre du Loup \/ du 5 au 21 octobre 2018 \/ Critique par Oc\u00e9ane Forster. <\/p><\/div>\n\n\n<div style=\"height:1px\" aria-hidden=\"true\" class=\"wp-block-spacer\"><\/div>\n\n<\/li><li class=\"wp-block-post post-12710 post type-post status-publish format-standard has-post-thumbnail category-critique category-expired category-spectacle category-theatre-du-loup tag-amalia-devaud tag-thomas-flahaut\">\n<h6 class=\"liensouligne wp-block-post-title\"><a href=\"https:\/\/wp.unil.ch\/ateliercritique\/2018\/05\/les-4-chaperons-rouges\/\" target=\"_self\" >Les 4 chaperons rouges<\/a><\/h6>\n\n<div class=\"wp-block-post-excerpt\"><p class=\"wp-block-post-excerpt__excerpt\">De\u00a0Jo\u00ebl Pommerat, Lucie Rausis, C\u00e9dric Simon, Maude Lan\u00e7on et Ludovic Chazaud \/ Th\u00e9\u00e2tre du Loup \/ du 22 mai au 2 juin 2018 \/ Critiques par Thomas Flahaut et Amalia D\u00e9vaud. <\/p><\/div>\n\n\n<div style=\"height:1px\" aria-hidden=\"true\" class=\"wp-block-spacer\"><\/div>\n\n<\/li><li class=\"wp-block-post post-11466 post type-post status-publish format-standard has-post-thumbnail category-critique category-expired category-spectacle category-theatre-du-loup tag-thomas-cordova\">\n<h6 class=\"liensouligne wp-block-post-title\"><a href=\"https:\/\/wp.unil.ch\/ateliercritique\/2017\/05\/les-luttes-intestines\/\" target=\"_self\" >Les luttes intestines<\/a><\/h6>\n\n<div class=\"wp-block-post-excerpt\"><p class=\"wp-block-post-excerpt__excerpt\">Conception et mise en sc\u00e8ne de Adrien Barazzone \/ Th\u00e9\u00e2tre du Loup \/ du 29\u00a0avril au 14\u00a0mai 2017 \/ Critique par Thomas Cordova. <\/p><\/div>\n\n\n<div style=\"height:1px\" aria-hidden=\"true\" class=\"wp-block-spacer\"><\/div>\n\n<\/li><li class=\"wp-block-post post-10788 post type-post status-publish format-standard has-post-thumbnail category-critique category-expired category-spectacle category-theatre-du-loup tag-thomas-cordova\">\n<h6 class=\"liensouligne wp-block-post-title\"><a href=\"https:\/\/wp.unil.ch\/ateliercritique\/2016\/12\/cercle\/\" target=\"_self\" >Cercle<\/a><\/h6>\n\n<div class=\"wp-block-post-excerpt\"><p class=\"wp-block-post-excerpt__excerpt\">De Alexandre Chollier \/ Mise en sc\u00e8ne de Jean-Louis Johannides \/ Th\u00e9\u00e2tre du Loup, Gen\u00e8ve \/ du 07 au 18 d\u00e9cembre 2017 \/ Critique par Thomas Cordova. <\/p><\/div>\n\n\n<div style=\"height:1px\" aria-hidden=\"true\" class=\"wp-block-spacer\"><\/div>\n\n<\/li><li class=\"wp-block-post post-6835 post type-post status-publish format-standard has-post-thumbnail category-critique category-expired category-spectacle category-theatre-du-loup tag-deborah-strebel tag-nadia-hachemi\">\n<h6 class=\"liensouligne wp-block-post-title\"><a href=\"https:\/\/wp.unil.ch\/ateliercritique\/2015\/10\/dacier\/\" target=\"_self\" >D&rsquo;acier<\/a><\/h6>\n\n<div class=\"wp-block-post-excerpt\"><p class=\"wp-block-post-excerpt__excerpt\">De Silvia Avallone \/ mise en sc\u00e8ne Robert Sandoz \/ Th\u00e9\u00e2tre du Loup \/ du 6 au 18 octobre 2015 \/ Critiques par Deborah Strebel et Nadia Hachemi . <\/p><\/div>\n\n\n<div style=\"height:1px\" aria-hidden=\"true\" class=\"wp-block-spacer\"><\/div>\n\n<\/li><li class=\"wp-block-post post-6406 post type-post status-publish format-standard has-post-thumbnail category-critique category-expired category-spectacle category-theatre-du-loup tag-deborah-strebel tag-lucas-moreel\">\n<h6 class=\"liensouligne wp-block-post-title\"><a href=\"https:\/\/wp.unil.ch\/ateliercritique\/2015\/05\/viande-morceaux-choisis\/\" target=\"_self\" >Viande, morceaux choisis<\/a><\/h6>\n\n<div class=\"wp-block-post-excerpt\"><p class=\"wp-block-post-excerpt__excerpt\">D\u2019apr\u00e8s une id\u00e9e de Thierry Jorand et Marcel M\u00fchlestein \/ Mise en sc\u00e8ne Corinne M\u00fcller et Eric Jeanmonod \/ du 16 au 31 mai 2015 \/ Th\u00e9\u00e2tre du Loup (Gen\u00e8ve) \/ Critiques par Deborah Strebel et Lucas Mor\u00ebel . <\/p><\/div>\n\n\n<div style=\"height:1px\" aria-hidden=\"true\" class=\"wp-block-spacer\"><\/div>\n\n<\/li><li class=\"wp-block-post post-5584 post type-post status-publish format-standard has-post-thumbnail category-critique category-expired category-spectacle category-theatre-du-loup tag-deborah-strebel tag-laura-pallu\">\n<h6 class=\"liensouligne wp-block-post-title\"><a href=\"https:\/\/wp.unil.ch\/ateliercritique\/2014\/12\/les-artistes-de-la-contrefacon\/\" target=\"_self\" >Les artistes de la contrefa\u00e7on<\/a><\/h6>\n\n<div class=\"wp-block-post-excerpt\"><p class=\"wp-block-post-excerpt__excerpt\">de Christian Geffroy Schlittler (Agence Louis-Fran\u00e7ois Pinagot) \/ du 10 au 14 d\u00e9cembre 2014 \/ Le Th\u00e9\u00e2tre du Loup \/ Critiques par Deborah Strebel et Laura Pall\u00f9.\u00a0 <\/p><\/div>\n\n\n<div style=\"height:1px\" aria-hidden=\"true\" class=\"wp-block-spacer\"><\/div>\n\n<\/li><li class=\"wp-block-post post-5454 post type-post status-publish format-standard has-post-thumbnail category-critique category-expired category-theatre-comedie category-spectacle category-theatre-du-loup tag-deborah-strebel\">\n<h6 class=\"liensouligne wp-block-post-title\"><a href=\"https:\/\/wp.unil.ch\/ateliercritique\/2014\/11\/vie-de-gundling\/\" target=\"_self\" >Vie de Gundling Fr\u00e9d\u00e9ric de Prusse Sommeil r\u00eave cri de Lessing<\/a><\/h6>\n\n<div class=\"wp-block-post-excerpt\"><p class=\"wp-block-post-excerpt__excerpt\">De Heiner M\u00fcller \/ mise en sc\u00e8ne de Jean Jourdheuil \/ du 11 au 30 novembre 2014 \/ Com\u00e9die \/ Th\u00e9\u00e2tre du Loup \/ Critique par Deborah Strebel. <\/p><\/div>\n\n\n<div style=\"height:1px\" aria-hidden=\"true\" class=\"wp-block-spacer\"><\/div>\n\n<\/li><li class=\"wp-block-post post-4644 post type-post status-publish format-standard has-post-thumbnail category-critique category-expired category-spectacle category-theatre-du-loup tag-sabrina-roh\">\n<h6 class=\"liensouligne wp-block-post-title\"><a href=\"https:\/\/wp.unil.ch\/ateliercritique\/2014\/05\/recherche\/\" target=\"_self\" >Recherche \u00e9l\u00e9phants, souplesse exig\u00e9e<\/a><\/h6>\n\n<div class=\"wp-block-post-excerpt\"><p class=\"wp-block-post-excerpt__excerpt\">d\u2019apr\u00e8s Russel Hoban \/ mise en sc\u00e8ne, sc\u00e9nographie et masques Eric Jeanmonod \/ Th\u00e9\u00e2tre du Loup \u00e0 Gen\u00e8ve \/ du 21 mai au 14 juin 2014 \/\u00a0Critique par Sabrinah Roh. <\/p><\/div>\n\n\n<div style=\"height:1px\" aria-hidden=\"true\" class=\"wp-block-spacer\"><\/div>\n\n<\/li><li class=\"wp-block-post post-4307 post type-post status-publish format-standard has-post-thumbnail category-critique category-expired category-spectacle category-theatre-du-loup tag-cecilia-galindo tag-suzanne-balharry\">\n<h6 class=\"liensouligne wp-block-post-title\"><a href=\"https:\/\/wp.unil.ch\/ateliercritique\/2014\/04\/puce\/\" target=\"_self\" >La Puce \u00e0 l\u2019oreille<\/a><\/h6>\n\n<div class=\"wp-block-post-excerpt\"><p class=\"wp-block-post-excerpt__excerpt\">de Georges Feydeau \/ mise en sc\u00e8ne Julien George &#8211; L&rsquo;autre compagnie \/ du 18 au 28 mars au Th\u00e9\u00e2tre Jean Arp \u00e0 Clamart \/ du 1 au 20 avril au Th\u00e9\u00e2tre du Loup \u00e0 Gen\u00e8ve \/ jeudi 24 avril\u2026 <\/p><\/div>\n\n\n<div style=\"height:1px\" aria-hidden=\"true\" class=\"wp-block-spacer\"><\/div>\n\n<\/li><li class=\"wp-block-post post-1659 post type-post status-publish format-standard has-post-thumbnail category-critique category-expired category-spectacle category-theatre-du-loup tag-deborah-strebel tag-sophie-badoux\">\n<h6 class=\"liensouligne wp-block-post-title\"><a href=\"https:\/\/wp.unil.ch\/ateliercritique\/2013\/12\/staying\/\" target=\"_self\" >Staying Alive<\/a><\/h6>\n\n<div class=\"wp-block-post-excerpt\"><p class=\"wp-block-post-excerpt__excerpt\">mise en sc\u00e8ne et conception Dorian Rossel, Delphine Lanza, Antonio Buil et Paola Pagani \/ Th\u00e9\u00e2tre du Loup \u00e0 Gen\u00e8ve \/ du 13 au 22 d\u00e9cembre 2013 \/ Critiques par Sophie Badoux et Deborah Strebel. <\/p><\/div>\n\n\n<div style=\"height:1px\" aria-hidden=\"true\" class=\"wp-block-spacer\"><\/div>\n\n<\/li><\/ul><\/div>\n","protected":false},"excerpt":{"rendered":"<p>Critiques par spectacles jou\u00e9s dans ce th\u00e9\u00e2tre :<\/p>\n","protected":false},"author":1420,"featured_media":0,"parent":2713,"menu_order":0,"comment_status":"closed","ping_status":"closed","template":"","meta":{"_seopress_robots_primary_cat":"","_seopress_titles_title":"","_seopress_titles_desc":"","_seopress_robots_index":"","footnotes":""},"class_list":["post-2792","page","type-page","status-publish"],"_links":{"self":[{"href":"https:\/\/wp.unil.ch\/ateliercritique\/wp-json\/wp\/v2\/pages\/2792","targetHints":{"allow":["GET"]}}],"collection":[{"href":"https:\/\/wp.unil.ch\/ateliercritique\/wp-json\/wp\/v2\/pages"}],"about":[{"href":"https:\/\/wp.unil.ch\/ateliercritique\/wp-json\/wp\/v2\/types\/page"}],"author":[{"embeddable":true,"href":"https:\/\/wp.unil.ch\/ateliercritique\/wp-json\/wp\/v2\/users\/1420"}],"replies":[{"embeddable":true,"href":"https:\/\/wp.unil.ch\/ateliercritique\/wp-json\/wp\/v2\/comments?post=2792"}],"version-history":[{"count":3,"href":"https:\/\/wp.unil.ch\/ateliercritique\/wp-json\/wp\/v2\/pages\/2792\/revisions"}],"predecessor-version":[{"id":23420,"href":"https:\/\/wp.unil.ch\/ateliercritique\/wp-json\/wp\/v2\/pages\/2792\/revisions\/23420"}],"up":[{"embeddable":true,"href":"https:\/\/wp.unil.ch\/ateliercritique\/wp-json\/wp\/v2\/pages\/2713"}],"wp:attachment":[{"href":"https:\/\/wp.unil.ch\/ateliercritique\/wp-json\/wp\/v2\/media?parent=2792"}],"curies":[{"name":"wp","href":"https:\/\/api.w.org\/{rel}","templated":true}]}}