{"id":2790,"date":"2014-02-18T09:10:45","date_gmt":"2014-02-18T08:10:45","guid":{"rendered":"http:\/\/wp.unil.ch\/ateliercritique\/?page_id=2790"},"modified":"2026-02-12T15:19:17","modified_gmt":"2026-02-12T14:19:17","slug":"jorat","status":"publish","type":"page","link":"https:\/\/wp.unil.ch\/ateliercritique\/theatres-partenaires\/jorat\/","title":{"rendered":"Th\u00e9\u00e2tre du Jorat (M\u00e9zi\u00e8res)"},"content":{"rendered":"\n<figure class=\"wp-block-image size-full is-resized\"><a href=\"https:\/\/theatredujorat.ch\/\" target=\"_blank\" rel=\"noopener\"><img loading=\"lazy\" decoding=\"async\" width=\"573\" height=\"381\" src=\"https:\/\/wp.unil.ch\/ateliercritique\/files\/2026\/02\/jorat-logo.jpg\" alt=\"jorat logo\" class=\"wp-image-23412\" style=\"width:300px\" srcset=\"https:\/\/wp.unil.ch\/ateliercritique\/files\/2026\/02\/jorat-logo.jpg 573w, https:\/\/wp.unil.ch\/ateliercritique\/files\/2026\/02\/jorat-logo-300x200.jpg 300w, https:\/\/wp.unil.ch\/ateliercritique\/files\/2026\/02\/jorat-logo-250x166.jpg 250w\" sizes=\"auto, (max-width: 573px) 100vw, 573px\" \/><\/a><\/figure>\n\n\n\n<h4 class=\"wp-block-heading\">Critiques par spectacles jou\u00e9s dans ce th\u00e9\u00e2tre :<\/h4>\n\n\n\n<div class=\"wp-block-query is-layout-flow wp-block-query-is-layout-flow\"><ul class=\"wp-block-post-template is-layout-flow wp-block-post-template-is-layout-flow\"><li class=\"wp-block-post post-19218 post type-post status-publish format-standard has-post-thumbnail category-critique category-expired category-spectacle category-theatre-du-jorat tag-piera-biondina\">\n<h6 class=\"liensouligne wp-block-post-title\"><a href=\"https:\/\/wp.unil.ch\/ateliercritique\/2024\/06\/playlist\/\" target=\"_self\" >Playlist<\/a><\/h6>\n\n<div class=\"wp-block-post-excerpt\"><p class=\"wp-block-post-excerpt__excerpt\">Conception par L\u00e9a Pohlhammer\/ Th\u00e9\u00e2tre du Jorat (M\u00e9zi\u00e8res)\/ 21 juin 2024 (F\u00eate de la Musique)\/ critique par Piera Biondina . <\/p><\/div>\n\n\n<div style=\"height:1px\" aria-hidden=\"true\" class=\"wp-block-spacer\"><\/div>\n\n<\/li><li class=\"wp-block-post post-18869 post type-post status-publish format-standard has-post-thumbnail category-critique category-expired category-spectacle category-theatre-du-jorat tag-marguerite-thery\">\n<h6 class=\"liensouligne wp-block-post-title\"><a href=\"https:\/\/wp.unil.ch\/ateliercritique\/2024\/06\/20000-lieues-sous-les-mers-2\/\" target=\"_self\" >20\u2019000 lieues sous les mers\u00a0<\/a><\/h6>\n\n<div class=\"wp-block-post-excerpt\"><p class=\"wp-block-post-excerpt__excerpt\">D\u2019apr\u00e8s Jules Verne \/ Adaptation et mise en sc\u00e8ne par Christian Hecq et Val\u00e9rie Lesort \/ Th\u00e9\u00e2tre du Jorat (M\u00e9zi\u00e8res) \/ du 24 au 24 mai 2024 \/ Critique par Marguerite Thery . <\/p><\/div>\n\n\n<div style=\"height:1px\" aria-hidden=\"true\" class=\"wp-block-spacer\"><\/div>\n\n<\/li><li class=\"wp-block-post post-13678 post type-post status-publish format-standard has-post-thumbnail category-critique category-expired category-spectacle category-theatre-du-jorat tag-noe-maggetti tag-oceane-forster\">\n<h6 class=\"liensouligne wp-block-post-title\"><a href=\"https:\/\/wp.unil.ch\/ateliercritique\/2019\/06\/traviata-vous-meritez-un-avenir-meilleur\/\" target=\"_self\" >Traviata \u2013 Vous m\u00e9ritez un avenir meilleur<\/a><\/h6>\n\n<div class=\"wp-block-post-excerpt\"><p class=\"wp-block-post-excerpt__excerpt\">Conception par Benjamin Lazar, Florent Hubert et Judith Chemla d\u2019apr\u00e8s Giuseppe Verdi \/ Mise en sc\u00e8ne de Benjamin Lazar \/ Th\u00e9\u00e2tre du Jorat \/ du 12 au 13 juin 2019 \/ Critiques par No\u00e9 Maggetti et Oc\u00e9ane Forster. <\/p><\/div>\n\n\n<div style=\"height:1px\" aria-hidden=\"true\" class=\"wp-block-spacer\"><\/div>\n\n<\/li><li class=\"wp-block-post post-12747 post type-post status-publish format-standard has-post-thumbnail category-critique category-expired category-spectacle category-theatre-du-jorat tag-basile-seppey tag-lucien-zuchuat\">\n<h6 class=\"liensouligne wp-block-post-title\"><a href=\"https:\/\/wp.unil.ch\/ateliercritique\/2018\/07\/bigre\/\" target=\"_self\" >Bigre<\/a><\/h6>\n\n<div class=\"wp-block-post-excerpt\"><p class=\"wp-block-post-excerpt__excerpt\">De Pierre Guillois \/ Co-\u00e9crit avec Agathe l\u2019Huillier et Olivier Martin-Salvan \/ Th\u00e9\u00e2tre du Jorat \/ les 15 et 17 juin 2018 \/ Critique par Lucien Zuchuat et Basile Seppey. <\/p><\/div>\n\n\n<div style=\"height:1px\" aria-hidden=\"true\" class=\"wp-block-spacer\"><\/div>\n\n<\/li><li class=\"wp-block-post post-11688 post type-post status-publish format-standard has-post-thumbnail category-critique category-expired category-spectacle category-theatre-du-jorat tag-laure-elie-hoegen\">\n<h6 class=\"liensouligne wp-block-post-title\"><a href=\"https:\/\/wp.unil.ch\/ateliercritique\/2017\/06\/you-me\/\" target=\"_self\" >You &amp; Me<\/a><\/h6>\n\n<div class=\"wp-block-post-excerpt\"><p class=\"wp-block-post-excerpt__excerpt\">Par les Mummenschanz avec Floriana Frassetto, Christa Barrett, Kevin Blaser, Sara Hermann, Oliver Pfulg \/ Direction artistique : Eric Sauge \/ Th\u00e9\u00e2tre du Jorat \/ du 30 mai au 4 juin \/ Critique par Laure-Elie Hoegen. <\/p><\/div>\n\n\n<div style=\"height:1px\" aria-hidden=\"true\" class=\"wp-block-spacer\"><\/div>\n\n<\/li><li class=\"wp-block-post post-8251 post type-post status-publish format-standard has-post-thumbnail category-critique category-expired category-spectacle category-theatre-du-jorat tag-emilie-roch tag-marie-reymond\">\n<h6 class=\"liensouligne wp-block-post-title\"><a href=\"https:\/\/wp.unil.ch\/ateliercritique\/2016\/06\/chapeau-le-costume\/\" target=\"_self\" >Chapeau, le costume!<\/a><\/h6>\n\n<div class=\"wp-block-post-excerpt\"><p class=\"wp-block-post-excerpt__excerpt\">De Victorien Kissling, Alain Mettral et Daniel Cornu \/ mise en sc\u00e8ne Yasmine Saegesser \/ Th\u00e9\u00e2tre du Jorat \/ 26 juin 2016 \/ Critiques par \u00c9milie Roch et Marie Reymond. <\/p><\/div>\n\n\n<div style=\"height:1px\" aria-hidden=\"true\" class=\"wp-block-spacer\"><\/div>\n\n<\/li><li class=\"wp-block-post post-6549 post type-post status-publish format-standard has-post-thumbnail category-critique category-expired category-spectacle category-theatre-du-jorat tag-cecilia-galindo tag-deborah-strebel\">\n<h6 class=\"liensouligne wp-block-post-title\"><a href=\"https:\/\/wp.unil.ch\/ateliercritique\/2015\/06\/nid-de-coucou\/\" target=\"_self\" >Nid de coucou<\/a><\/h6>\n\n<div class=\"wp-block-post-excerpt\"><p class=\"wp-block-post-excerpt__excerpt\">D\u2019apr\u00e8s Ken Kesey \/ Par le Footsbarn Theatre \/ du 11 au 12 juin 2015 \/ Th\u00e9\u00e2tre du Jorat (M\u00e9zi\u00e8res) \/ Critiques par Deborah Strebel et Cecilia Galindo . <\/p><\/div>\n\n\n<div style=\"height:1px\" aria-hidden=\"true\" class=\"wp-block-spacer\"><\/div>\n\n<\/li><li class=\"wp-block-post post-6325 post type-post status-publish format-standard has-post-thumbnail category-critique category-expired category-spectacle category-theatre-du-jorat tag-alice-bottarelli\">\n<h6 class=\"liensouligne wp-block-post-title\"><a href=\"https:\/\/wp.unil.ch\/ateliercritique\/2015\/05\/la-bibliotheque\/\" target=\"_self\" >La Biblioth\u00e8que<\/a><\/h6>\n\n<div class=\"wp-block-post-excerpt\"><p class=\"wp-block-post-excerpt__excerpt\">Par la Cie EnVol \/ Mise en sc\u00e8ne par Diana Fontannaz \/ du 2 au 3 mai 2015 \/ Th\u00e9\u00e2tre du Jorat (M\u00e9zi\u00e8res) \/ Critique par Alice Bottarelli . <\/p><\/div>\n\n\n<div style=\"height:1px\" aria-hidden=\"true\" class=\"wp-block-spacer\"><\/div>\n\n<\/li><li class=\"wp-block-post post-4714 post type-post status-publish format-standard has-post-thumbnail category-critique category-expired category-spectacle category-theatre-du-jorat tag-cecilia-galindo tag-joanna-potz tag-jonas-guyot\">\n<h6 class=\"liensouligne wp-block-post-title\"><a href=\"https:\/\/wp.unil.ch\/ateliercritique\/2014\/06\/macbeth\/\" target=\"_self\" >Macbeth (the notes)<\/a><\/h6>\n\n<div class=\"wp-block-post-excerpt\"><p class=\"wp-block-post-excerpt__excerpt\">d\u2019apr\u00e8s Shakespeare \/ adaptation et mise en sc\u00e8ne Dan Jemmett \/ Th\u00e9\u00e2tre du Jorat \u00e0 M\u00e9zi\u00e8res \/ vendredi 27 juin 2014 \/ Critiques par Joanna P\u00f6tz, Jonas Guyot et Cecilia Galindo. <\/p><\/div>\n\n\n<div style=\"height:1px\" aria-hidden=\"true\" class=\"wp-block-spacer\"><\/div>\n\n<\/li><li class=\"wp-block-post post-337 post type-post status-publish format-standard has-post-thumbnail category-critique category-expired category-spectacle category-theatre-du-jorat tag-aitor-gosende tag-cecilia-galindo tag-suzanne-balharry\">\n<h6 class=\"liensouligne wp-block-post-title\"><a href=\"https:\/\/wp.unil.ch\/ateliercritique\/2013\/10\/trois-monsieur\/\" target=\"_self\" >Monsieur Chasse !<\/a><\/h6>\n\n<div class=\"wp-block-post-excerpt\"><p class=\"wp-block-post-excerpt__excerpt\">de G.\u00a0Feydeau \/ mise en sc\u00e8ne Robert Sandoz \/ Th\u00e9\u00e2tre du Jorat \u00e0 M\u00e9zi\u00e8res \/ du 3 au 6 octobre 2013 \/ Critiques par Aitor Gosende, Cecilia Galindo et Suzanne Balharry. <\/p><\/div>\n\n\n<div style=\"height:1px\" aria-hidden=\"true\" class=\"wp-block-spacer\"><\/div>\n\n<\/li><\/ul><\/div>\n","protected":false},"excerpt":{"rendered":"<p>Critiques par spectacles jou\u00e9s dans ce th\u00e9\u00e2tre :<\/p>\n","protected":false},"author":1420,"featured_media":0,"parent":2713,"menu_order":0,"comment_status":"closed","ping_status":"closed","template":"","meta":{"_seopress_robots_primary_cat":"","_seopress_titles_title":"","_seopress_titles_desc":"","_seopress_robots_index":"","footnotes":""},"class_list":["post-2790","page","type-page","status-publish"],"_links":{"self":[{"href":"https:\/\/wp.unil.ch\/ateliercritique\/wp-json\/wp\/v2\/pages\/2790","targetHints":{"allow":["GET"]}}],"collection":[{"href":"https:\/\/wp.unil.ch\/ateliercritique\/wp-json\/wp\/v2\/pages"}],"about":[{"href":"https:\/\/wp.unil.ch\/ateliercritique\/wp-json\/wp\/v2\/types\/page"}],"author":[{"embeddable":true,"href":"https:\/\/wp.unil.ch\/ateliercritique\/wp-json\/wp\/v2\/users\/1420"}],"replies":[{"embeddable":true,"href":"https:\/\/wp.unil.ch\/ateliercritique\/wp-json\/wp\/v2\/comments?post=2790"}],"version-history":[{"count":3,"href":"https:\/\/wp.unil.ch\/ateliercritique\/wp-json\/wp\/v2\/pages\/2790\/revisions"}],"predecessor-version":[{"id":23413,"href":"https:\/\/wp.unil.ch\/ateliercritique\/wp-json\/wp\/v2\/pages\/2790\/revisions\/23413"}],"up":[{"embeddable":true,"href":"https:\/\/wp.unil.ch\/ateliercritique\/wp-json\/wp\/v2\/pages\/2713"}],"wp:attachment":[{"href":"https:\/\/wp.unil.ch\/ateliercritique\/wp-json\/wp\/v2\/media?parent=2790"}],"curies":[{"name":"wp","href":"https:\/\/api.w.org\/{rel}","templated":true}]}}