{"id":2788,"date":"2014-02-18T09:10:26","date_gmt":"2014-02-18T08:10:26","guid":{"rendered":"http:\/\/wp.unil.ch\/ateliercritique\/?page_id=2788"},"modified":"2025-02-13T09:03:55","modified_gmt":"2025-02-13T08:03:55","slug":"vidy","status":"publish","type":"page","link":"https:\/\/wp.unil.ch\/ateliercritique\/theatres-partenaires\/vidy\/","title":{"rendered":"Th\u00e9\u00e2tre de Vidy (Lausanne)"},"content":{"rendered":"\n<figure class=\"wp-block-image\"><a href=\"https:\/\/www.vidy.ch\/\"><img alt=\"\" loading=\"lazy\" decoding=\"async\" width=\"300\" height=\"56\" src=\"https:\/\/wp.unil.ch\/ateliercritique\/files\/2014\/02\/logo_vidy-300x56.png\" alt=\"\" class=\"wp-image-11246\" srcset=\"https:\/\/wp.unil.ch\/ateliercritique\/files\/2014\/02\/logo_vidy-300x56.png 300w, https:\/\/wp.unil.ch\/ateliercritique\/files\/2014\/02\/logo_vidy-250x46.png 250w, https:\/\/wp.unil.ch\/ateliercritique\/files\/2014\/02\/logo_vidy.png 328w\" sizes=\"auto, (max-width: 300px) 100vw, 300px\" \/><\/a><\/figure>\n\n\n\n<h4 class=\"wp-block-heading\">Critiques par spectacles jou\u00e9s dans ce th\u00e9\u00e2tre :<\/h4>\n\n\n\n<div class=\"wp-block-query is-layout-flow wp-block-query-is-layout-flow\"><ul class=\"wp-block-post-template is-layout-flow wp-block-post-template-is-layout-flow\"><li class=\"wp-block-post post-23359 post type-post status-publish format-standard has-post-thumbnail category-critique category-expired category-spectacle category-theatre-de-vidy tag-muireann-walsh\">\n<h6 class=\"liensouligne wp-block-post-title\"><a href=\"https:\/\/wp.unil.ch\/ateliercritique\/2025\/12\/spiegeneuronen\/\" target=\"_self\" >Spiegelneuronen<\/a><\/h6>\n\n<div class=\"wp-block-post-excerpt\"><p class=\"wp-block-post-excerpt__excerpt\">Conception et mise en sc\u00e8ne par Sasha Walt &amp; Guests\/ Stefan Kaegi (Rimini Protokoll)\/ Th\u00e9\u00e2tre de Vidy (Lausanne)\/ Du 27 au 30 novembre 2025 \/ Critique par Muireann Walsh . <\/p><\/div>\n\n\n<div style=\"height:1px\" aria-hidden=\"true\" class=\"wp-block-spacer\"><\/div>\n\n<\/li><li class=\"wp-block-post post-23331 post type-post status-publish format-standard has-post-thumbnail category-critique category-onstage category-spectacle category-theatre-de-vidy tag-hadrien-halter tag-mathys-lonfat tag-maud-seem\">\n<h6 class=\"liensouligne wp-block-post-title\"><a href=\"https:\/\/wp.unil.ch\/ateliercritique\/2025\/11\/la-distance\/\" target=\"_self\" >La Distance<\/a><\/h6>\n\n<div class=\"wp-block-post-excerpt\"><p class=\"wp-block-post-excerpt__excerpt\">Conception et mise en sc\u00e8ne par Tiago Rodrigues \/ Th\u00e9\u00e2tre de Vidy (Lausanne) \/ Du 13 au 23 novembre 2025 \/ Critiques par Hadrien Halter, Maud Seem et Mathys Lonfat . <\/p><\/div>\n\n\n<div style=\"height:1px\" aria-hidden=\"true\" class=\"wp-block-spacer\"><\/div>\n\n<\/li><li class=\"wp-block-post post-23326 post type-post status-publish format-standard has-post-thumbnail category-critique category-expired category-spectacle category-theatre-de-vidy tag-mathys-lonfat\">\n<h6 class=\"liensouligne wp-block-post-title\"><a href=\"https:\/\/wp.unil.ch\/ateliercritique\/2025\/11\/vudu-3318-blixen\/\" target=\"_self\" >Vud\u00fa (3318) Blixen<\/a><\/h6>\n\n<div class=\"wp-block-post-excerpt\"><p class=\"wp-block-post-excerpt__excerpt\">Conception et mise en sc\u00e8ne par Ang\u00e9lica Liddell \/ Th\u00e9\u00e2tre de Vidy (Lausanne) \/ Du 7 au 9 novembre 2025 \/ Critique par Mathys Lonfat . <\/p><\/div>\n\n\n<div style=\"height:1px\" aria-hidden=\"true\" class=\"wp-block-spacer\"><\/div>\n\n<\/li><li class=\"wp-block-post post-23304 post type-post status-publish format-standard has-post-thumbnail category-critique category-expired category-spectacle category-theatre-de-vidy tag-ilian-guesmia tag-maxime-grandjean\">\n<h6 class=\"liensouligne wp-block-post-title\"><a href=\"https:\/\/wp.unil.ch\/ateliercritique\/2025\/11\/in-bocca-al-lupo\/\" target=\"_self\" >In bocca al lupo<\/a><\/h6>\n\n<div class=\"wp-block-post-excerpt\"><p class=\"wp-block-post-excerpt__excerpt\">Conception et mise en sc\u00e8ne par Judith Zagury\/ Shanjulab\/ Th\u00e9\u00e2tre de Vidy (Lausanne) \/ Du 30 octobre au 14 novembre 2025 \/ Critiques par Maxime Grandjean et Ilian Guesmia . <\/p><\/div>\n\n\n<div style=\"height:1px\" aria-hidden=\"true\" class=\"wp-block-spacer\"><\/div>\n\n<\/li><li class=\"wp-block-post post-23255 post type-post status-publish format-standard has-post-thumbnail category-critique category-expired category-spectacle category-theatre-de-vidy tag-ilian-guesmia tag-mathys-lonfat tag-maud-seem tag-maxime-grandjean tag-muireann-walsh\">\n<h6 class=\"liensouligne wp-block-post-title\"><a href=\"https:\/\/wp.unil.ch\/ateliercritique\/2025\/10\/bovary-madame\/\" target=\"_self\" >Bovary Madame<\/a><\/h6>\n\n<div class=\"wp-block-post-excerpt\"><p class=\"wp-block-post-excerpt__excerpt\">D&rsquo;apr\u00e8s Gustave Flaubert \/ Mise en sc\u00e8ne par Christophe Honor\u00e9 \/ Th\u00e9\u00e2tre de Vidy (Lausanne) \/ Du 17 septembre au 8 octobre 2025 \/ Critiques par Ilian Guesmia, Muireann Walsh, Mathys Lonfat et Maud Seem . <\/p><\/div>\n\n\n<div style=\"height:1px\" aria-hidden=\"true\" class=\"wp-block-spacer\"><\/div>\n\n<\/li><li class=\"wp-block-post post-23164 post type-post status-publish format-standard has-post-thumbnail category-critique category-onstage category-spectacle category-theatre-de-vidy tag-hadrien-halter tag-ines-dalle\">\n<h6 class=\"liensouligne wp-block-post-title\"><a href=\"https:\/\/wp.unil.ch\/ateliercritique\/2025\/05\/le-sommet\/\" target=\"_self\" >Le Sommet<\/a><\/h6>\n\n<div class=\"wp-block-post-excerpt\"><p class=\"wp-block-post-excerpt__excerpt\">Conception et mise en sc\u00e8ne par Christoph Marthaler \/ Th\u00e9\u00e2tre de Vidy (Lausanne) \/ Du 16 au 25 mai 2025 \/ Critiques par In\u00e8s Dalle et Hadrien Halter . <\/p><\/div>\n\n\n<div style=\"height:1px\" aria-hidden=\"true\" class=\"wp-block-spacer\"><\/div>\n\n<\/li><li class=\"wp-block-post post-23099 post type-post status-publish format-standard has-post-thumbnail category-critique category-expired category-spectacle category-theatre-de-vidy tag-alexia-gay tag-celia-reymond tag-killian-lachat tag-laurie-boissenin tag-loris-ferrari tag-maxime-grandjean tag-muireann-walsh tag-orane-gigon\">\n<h6 class=\"liensouligne wp-block-post-title\"><a href=\"https:\/\/wp.unil.ch\/ateliercritique\/2025\/04\/lenz\/\" target=\"_self\" >Lenz<\/a><\/h6>\n\n<div class=\"wp-block-post-excerpt\"><p class=\"wp-block-post-excerpt__excerpt\">D&rsquo;apr\u00e8s Georg B\u00fcchner \/ Mise en sc\u00e8ne par \u00c9l\u00e9onore Bonah et Maria Clara Castioni \/ Th\u00e9\u00e2tre de Vidy (Lausanne) \/ Du 1 au 10 avril 2025 \/ Critiques par Alexia Gay, Muireann Walsh, Loris Ferrari, Laurie Boissenin, Killian Lachat, Maxime\u2026 <\/p><\/div>\n\n\n<div style=\"height:1px\" aria-hidden=\"true\" class=\"wp-block-spacer\"><\/div>\n\n<\/li><li class=\"wp-block-post post-23047 post type-post status-publish format-standard has-post-thumbnail category-critique category-expired category-spectacle category-theatre-de-vidy tag-celia-reymond tag-orane-gigon\">\n<h6 class=\"liensouligne wp-block-post-title\"><a href=\"https:\/\/wp.unil.ch\/ateliercritique\/2025\/03\/frks\/\" target=\"_self\" >FRKS<\/a><\/h6>\n\n<div class=\"wp-block-post-excerpt\"><p class=\"wp-block-post-excerpt__excerpt\">Conception et mise en sc\u00e8ne par Igor Cardellini et Tomas Gonzalez \/ Th\u00e9\u00e2tre de Vidy (Lausanne) \/ Du 26 mars au 4 avril 2025 \/ Critique par Orane Gigon . <\/p><\/div>\n\n\n<div style=\"height:1px\" aria-hidden=\"true\" class=\"wp-block-spacer\"><\/div>\n\n<\/li><li class=\"wp-block-post post-22955 post type-post status-publish format-standard has-post-thumbnail category-critique category-expired category-spectacle category-theatre-de-vidy tag-celia-reymond tag-orane-gigon\">\n<h6 class=\"liensouligne wp-block-post-title\"><a href=\"https:\/\/wp.unil.ch\/ateliercritique\/2025\/03\/lab-rats\/\" target=\"_self\" >Lab Rats<\/a><\/h6>\n\n<div class=\"wp-block-post-excerpt\"><p class=\"wp-block-post-excerpt__excerpt\">Cr\u00e9ation par Marc Oosterhoff et Owen Winship \/ Th\u00e9\u00e2tre de Vidy (Lausanne) \/ Du 5 au 9 mars 2025 \/ Critiques par Orane Gigon et C\u00e9lia Reymond . <\/p><\/div>\n\n\n<div style=\"height:1px\" aria-hidden=\"true\" class=\"wp-block-spacer\"><\/div>\n\n<\/li><li class=\"wp-block-post post-21319 post type-post status-publish format-standard has-post-thumbnail category-critique category-expired category-spectacle category-theatre-de-vidy tag-hadrien-halter\">\n<h6 class=\"liensouligne wp-block-post-title\"><a href=\"https:\/\/wp.unil.ch\/ateliercritique\/2024\/12\/ceci-nest-pas-une-pipe\/\" target=\"_self\" >Les chats (ou Ceux qui frappent et ceux qui sont frapp\u00e9s)<\/a><\/h6>\n\n<div class=\"wp-block-post-excerpt\"><p class=\"wp-block-post-excerpt__excerpt\">Conception et mise en sc\u00e8ne par Marl\u00e8ne Saldana et Jonathan Drillet \/ Th\u00e9\u00e2tre de Vidy (Lausanne) \/ Du 12 au 14 d\u00e9cembre 2024 \/ Critique par Hadrien Halter . <\/p><\/div>\n\n\n<div style=\"height:1px\" aria-hidden=\"true\" class=\"wp-block-spacer\"><\/div>\n\n<\/li><li class=\"wp-block-post post-21231 post type-post status-publish format-standard has-post-thumbnail category-critique category-expired category-spectacle category-theatre-de-vidy tag-lucie-ortet\">\n<h6 class=\"liensouligne wp-block-post-title\"><a href=\"https:\/\/wp.unil.ch\/ateliercritique\/2024\/12\/le-spectacle-qui-ecoute-enfin-la-parole-des-enfants\/\" target=\"_self\" >Le spectacle qui \u00e9coute enfin la parole des enfants<\/a><\/h6>\n\n<div class=\"wp-block-post-excerpt\"><p class=\"wp-block-post-excerpt__excerpt\">Conception et mise en sc\u00e8ne par Lola Giouse \/ Du 6 au 15 d\u00e9cembre 2024 \/ Th\u00e9\u00e2tre de Vidy (Lausanne) \/ Critique par Lucie Ortet . <\/p><\/div>\n\n\n<div style=\"height:1px\" aria-hidden=\"true\" class=\"wp-block-spacer\"><\/div>\n\n<\/li><li class=\"wp-block-post post-20061 post type-post status-publish format-standard has-post-thumbnail category-critique category-expired category-spectacle category-theatre-de-vidy tag-hadrien-halter tag-lou-sicovier\">\n<h6 class=\"liensouligne wp-block-post-title\"><a href=\"https:\/\/wp.unil.ch\/ateliercritique\/2024\/11\/lamante-anglaise\/\" target=\"_self\" >L&rsquo;Amante anglaise<\/a><\/h6>\n\n<div class=\"wp-block-post-excerpt\"><p class=\"wp-block-post-excerpt__excerpt\">Mise en sc\u00e8ne par Emilie Charriot \/ D&rsquo;apr\u00e8s Marguerite Duras \/ Th\u00e9\u00e2tre de Vidy (Lausanne) \/ Du 27 novembre au 8 d\u00e9cembre 2024 \/ Critiques par Hadrien Halter et Lou Sicovier . <\/p><\/div>\n\n\n<div style=\"height:1px\" aria-hidden=\"true\" class=\"wp-block-spacer\"><\/div>\n\n<\/li><li class=\"wp-block-post post-19985 post type-post status-publish format-standard has-post-thumbnail category-critique category-expired category-spectacle category-theatre-de-vidy tag-auxane-bolanz tag-loris-ferrari tag-lucie-ortet\">\n<h6 class=\"liensouligne wp-block-post-title\"><a href=\"https:\/\/wp.unil.ch\/ateliercritique\/2024\/11\/hercule\/\" target=\"_self\" >Hercule<\/a><\/h6>\n\n<div class=\"wp-block-post-excerpt\"><p class=\"wp-block-post-excerpt__excerpt\">Mise en sc\u00e8ne par Giulia Rumasuglia \/ D&rsquo;apr\u00e8s Friedrich D\u00fcrrenmatt \/ Th\u00e9\u00e2tre de Vidy (Lausanne) \/ Du 6 au 23 novembre 2024 \/ Critiques par Auxane Bolanz, Loris Ferrari et Lucie Ortet . <\/p><\/div>\n\n\n<div style=\"height:1px\" aria-hidden=\"true\" class=\"wp-block-spacer\"><\/div>\n\n<\/li><li class=\"wp-block-post post-19240 post type-post status-publish format-standard has-post-thumbnail category-critique category-expired category-spectacle category-theatre-de-vidy tag-emma-chapatte\">\n<h6 class=\"liensouligne wp-block-post-title\"><a href=\"https:\/\/wp.unil.ch\/ateliercritique\/2024\/06\/antigone-in-the-amazon\/\" target=\"_self\" >Antigone in the Amazon<\/a><\/h6>\n\n<div class=\"wp-block-post-excerpt\"><p class=\"wp-block-post-excerpt__excerpt\">Conception et mise en sc\u00e8ne par Milo Rau \/ Th\u00e9\u00e2tre de Vidy (Lausanne) \/ Du 19 au 22 juin 2024 \/ Critique par Emma Chapatte . <\/p><\/div>\n\n\n<div style=\"height:1px\" aria-hidden=\"true\" class=\"wp-block-spacer\"><\/div>\n\n<\/li><li class=\"wp-block-post post-18899 post type-post status-publish format-standard has-post-thumbnail category-critique category-expired category-spectacle category-theatre-de-vidy tag-clelie-vuillaume tag-piera-biondina\">\n<h6 class=\"liensouligne wp-block-post-title\"><a href=\"https:\/\/wp.unil.ch\/ateliercritique\/2024\/06\/plutot-vomir-que-faillir\/\" target=\"_self\" >Plut\u00f4t vomir que faillir<\/a><\/h6>\n\n<div class=\"wp-block-post-excerpt\"><p class=\"wp-block-post-excerpt__excerpt\">Mise en sc\u00e8ne par R\u00e9becca Chaillon \/ Th\u00e9\u00e2tre de Vidy (Lausanne) \/ Du 29 mai au 2 juin 2024 \/ Critiques par Cl\u00e9lie Vuillaume et Piera Biondina. <\/p><\/div>\n\n\n<div style=\"height:1px\" aria-hidden=\"true\" class=\"wp-block-spacer\"><\/div>\n\n<\/li><li class=\"wp-block-post post-17868 post type-post status-publish format-standard has-post-thumbnail category-critique category-expired category-spectacle category-theatre-de-vidy tag-clelie-vuillaume tag-mathilde-feraud\">\n<h6 class=\"liensouligne wp-block-post-title\"><a href=\"https:\/\/wp.unil.ch\/ateliercritique\/2024\/04\/avant-la-terreur\/\" target=\"_self\" >Avant la terreur<\/a><\/h6>\n\n<div class=\"wp-block-post-excerpt\"><p class=\"wp-block-post-excerpt__excerpt\">D\u2019apr\u00e8s Shakespeare et autres textes \/ Mise en sc\u00e8ne de Vincent Macaigne \/ \u00a0Th\u00e9\u00e2tre de Vidy (Lausanne) \/ Critiques par Cl\u00e9lie Vuillaume et Mathilde Feraud. <\/p><\/div>\n\n\n<div style=\"height:1px\" aria-hidden=\"true\" class=\"wp-block-spacer\"><\/div>\n\n<\/li><li class=\"wp-block-post post-17715 post type-post status-publish format-standard has-post-thumbnail category-critique category-expired category-spectacle category-theatre-de-vidy tag-noelie-jeannerat\">\n<h6 class=\"liensouligne wp-block-post-title\"><a href=\"https:\/\/wp.unil.ch\/ateliercritique\/2024\/03\/ceci-nest-pas-une-ambassade-made-in-taiwan\/\" target=\"_self\" >Ceci n\u2019est pas une ambassade (Made in Taiwan)<\/a><\/h6>\n\n<div class=\"wp-block-post-excerpt\"><p class=\"wp-block-post-excerpt__excerpt\">Conception et mise en sc\u00e8ne par Stefan Kaegi (Rimini Protokoll) \/ du 14 au 24 mars 2024 \/\u00a0Th\u00e9\u00e2tre de Vidy (Lausanne) \/ Critique par No\u00eblie Jeannerat. <\/p><\/div>\n\n\n<div style=\"height:1px\" aria-hidden=\"true\" class=\"wp-block-spacer\"><\/div>\n\n<\/li><li class=\"wp-block-post post-17291 post type-post status-publish format-standard has-post-thumbnail category-critique category-expired category-spectacle category-theatre-de-vidy tag-emma-chapatte tag-enola-rindlisbacher\">\n<h6 class=\"liensouligne wp-block-post-title\"><a href=\"https:\/\/wp.unil.ch\/ateliercritique\/2023\/12\/un-prince-de-hombourg\/\" target=\"_self\" >Un Prince de Hombourg<\/a><\/h6>\n\n<div class=\"wp-block-post-excerpt\"><p class=\"wp-block-post-excerpt__excerpt\">Mise en sc\u00e8ne par Robert Cantarella \/ d\u2019apr\u00e8s le texte de Heinrich von Kleist \/ Th\u00e9\u00e2tre de Vidy (Lausanne) \/ du 6 au 10 d\u00e9cembre 2023 \/ critiques par Emma Chapatte et Enola Rindlisbacher . <\/p><\/div>\n\n\n<div style=\"height:1px\" aria-hidden=\"true\" class=\"wp-block-spacer\"><\/div>\n\n<\/li><li class=\"wp-block-post post-17257 post type-post status-publish format-standard has-post-thumbnail category-critique category-expired category-spectacle category-theatre-de-vidy tag-enola-rindlisbacher tag-theo-krebs\">\n<h6 class=\"liensouligne wp-block-post-title\"><a href=\"https:\/\/wp.unil.ch\/ateliercritique\/2023\/12\/rivage-a-labandon-medee-materiau-paysage-avec-argonautes\/\" target=\"_self\" >Rivage \u00e0 l\u2019abandon, M\u00e9d\u00e9e-mat\u00e9riau, Paysage avec argonautes<\/a><\/h6>\n\n<div class=\"wp-block-post-excerpt\"><p class=\"wp-block-post-excerpt__excerpt\">Texte de Heiner M\u00fcller \/ Mise en sc\u00e8ne par Matthias Langhoff \/ Th\u00e9\u00e2tre de Vidy \/ du 22 au 26 novembre 2023 \/ critiques par Th\u00e9o Krebs et Enola Rindlisbacher . <\/p><\/div>\n\n\n<div style=\"height:1px\" aria-hidden=\"true\" class=\"wp-block-spacer\"><\/div>\n\n<\/li><li class=\"wp-block-post post-17145 post type-post status-publish format-standard has-post-thumbnail category-critique category-expired category-spectacle category-theatre-de-vidy tag-emma-chapatte tag-theo-krebs\">\n<h6 class=\"liensouligne wp-block-post-title\"><a href=\"https:\/\/wp.unil.ch\/ateliercritique\/2023\/11\/preparation-pour-un-miracle\/\" target=\"_self\" >Pr\u00e9paration pour un miracle<\/a><\/h6>\n\n<div class=\"wp-block-post-excerpt\"><p class=\"wp-block-post-excerpt__excerpt\">Conception, mise en sc\u00e8ne et interpr\u00e9tation par Marc Oosterhoff \/Cie Moost \/ Th\u00e9\u00e2tre de Vidy (Lausanne) \/ du 31 octobre au 12 novembre 2023 \/ critique par Emma Chapatte et Th\u00e9o Krebs . <\/p><\/div>\n\n\n<div style=\"height:1px\" aria-hidden=\"true\" class=\"wp-block-spacer\"><\/div>\n\n<\/li><li class=\"wp-block-post post-17045 post type-post status-publish format-standard has-post-thumbnail category-critique category-expired category-spectacle category-theatre-de-vidy tag-enola-rindlisbacher tag-joaquin-marine-pinero tag-sophie-perruchoud tag-theo-krebs\">\n<h6 class=\"liensouligne wp-block-post-title\"><a href=\"https:\/\/wp.unil.ch\/ateliercritique\/2023\/10\/jardin-des-delices\/\" target=\"_self\" >Le Jardin des d\u00e9lices<\/a><\/h6>\n\n<div class=\"wp-block-post-excerpt\"><p class=\"wp-block-post-excerpt__excerpt\">Conception et mise en sc\u00e8ne par Philippe Quesne \/ Compagnie Vivarium Studio \/ Th\u00e9\u00e2tre de Vidy (Lausanne) \/ du 26 septembre au 5 octobre 2023 \/ critiques par Sophie Perruchoud, Joaquin Marin\u00e9 Pi\u00f1ero, Enola Rindlisbacher et Th\u00e9o Krebs . <\/p><\/div>\n\n\n<div style=\"height:1px\" aria-hidden=\"true\" class=\"wp-block-spacer\"><\/div>\n\n<\/li><li class=\"wp-block-post post-16884 post type-post status-publish format-standard has-post-thumbnail category-critique category-expired category-spectacle category-theatre-de-vidy tag-timon-musy\">\n<h6 class=\"liensouligne wp-block-post-title\"><a href=\"https:\/\/wp.unil.ch\/ateliercritique\/2023\/06\/giselle\/\" target=\"_self\" >Giselle&#8230;<\/a><\/h6>\n\n<div class=\"wp-block-post-excerpt\"><p class=\"wp-block-post-excerpt__excerpt\">Texte et mise en sc\u00e8ne de Fran\u00e7ois Gremaud \/ Th\u00e9\u00e2tre de Vidy \/ du 8 au 11 juin 2023 \/ critique par Timon Musy <\/p><\/div>\n\n\n<div style=\"height:1px\" aria-hidden=\"true\" class=\"wp-block-spacer\"><\/div>\n\n<\/li><li class=\"wp-block-post post-16720 post type-post status-publish format-standard has-post-thumbnail category-critique category-expired category-spectacle category-theatre-de-vidy tag-julie-fievez tag-sylvain-grangier\">\n<h6 class=\"liensouligne wp-block-post-title\"><a href=\"https:\/\/wp.unil.ch\/ateliercritique\/2023\/03\/booom\/\" target=\"_self\" >Booom !<\/a><\/h6>\n\n<div class=\"wp-block-post-excerpt\"><p class=\"wp-block-post-excerpt__excerpt\">Une cr\u00e9ation collective avec Luxxx, Isabelle Vesseron, Carolina Varela, Adrien Rupp, Michael Scheuplein \/ Th\u00e9\u00e2tre de Vidy \/ du 28 mars au 06 avril \/ critiques par Julie Fievez et Sylvain Grangier . <\/p><\/div>\n\n\n<div style=\"height:1px\" aria-hidden=\"true\" class=\"wp-block-spacer\"><\/div>\n\n<\/li><li class=\"wp-block-post post-16653 post type-post status-publish format-standard has-post-thumbnail category-critique category-expired category-spectacle category-theatre-de-vidy tag-julie-fievez tag-timon-musy\">\n<h6 class=\"liensouligne wp-block-post-title\"><a href=\"https:\/\/wp.unil.ch\/ateliercritique\/2023\/03\/liebestod\/\" target=\"_self\" >Liebestod<\/a><\/h6>\n\n<div class=\"wp-block-post-excerpt\"><p class=\"wp-block-post-excerpt__excerpt\">Par Ang\u00e9lica Liddell \/ Th\u00e9\u00e2tre de Vidy \/ du 15 au 18 mars 2023 \/ critiques par Timon Musy et Julie Fievez . <\/p><\/div>\n\n\n<div style=\"height:1px\" aria-hidden=\"true\" class=\"wp-block-spacer\"><\/div>\n\n<\/li><li class=\"wp-block-post post-16568 post type-post status-publish format-standard has-post-thumbnail category-critique category-expired category-spectacle category-theatre-de-vidy tag-melanie-carrel-2\">\n<h6 class=\"liensouligne wp-block-post-title\"><a href=\"https:\/\/wp.unil.ch\/ateliercritique\/2022\/12\/un-spectacle\/\" target=\"_self\" >Un spectacle<\/a><\/h6>\n\n<div class=\"wp-block-post-excerpt\"><p class=\"wp-block-post-excerpt__excerpt\">Une cr\u00e9ation d&rsquo;Igor Cardellini et Tomas Gonzalez \/ Th\u00e9\u00e2tre de Vidy \/ du 7 au 17 d\u00e9cembre 2022 \/ critique par M\u00e9lanie Carrel . <\/p><\/div>\n\n\n<div style=\"height:1px\" aria-hidden=\"true\" class=\"wp-block-spacer\"><\/div>\n\n<\/li><\/ul><\/div>\n","protected":false},"excerpt":{"rendered":"<p>Critiques par spectacles jou\u00e9s dans ce th\u00e9\u00e2tre :<\/p>\n","protected":false},"author":1420,"featured_media":0,"parent":2713,"menu_order":0,"comment_status":"closed","ping_status":"closed","template":"","meta":{"_seopress_robots_primary_cat":"","_seopress_titles_title":"","_seopress_titles_desc":"","_seopress_robots_index":"","footnotes":""},"class_list":["post-2788","page","type-page","status-publish"],"_links":{"self":[{"href":"https:\/\/wp.unil.ch\/ateliercritique\/wp-json\/wp\/v2\/pages\/2788","targetHints":{"allow":["GET"]}}],"collection":[{"href":"https:\/\/wp.unil.ch\/ateliercritique\/wp-json\/wp\/v2\/pages"}],"about":[{"href":"https:\/\/wp.unil.ch\/ateliercritique\/wp-json\/wp\/v2\/types\/page"}],"author":[{"embeddable":true,"href":"https:\/\/wp.unil.ch\/ateliercritique\/wp-json\/wp\/v2\/users\/1420"}],"replies":[{"embeddable":true,"href":"https:\/\/wp.unil.ch\/ateliercritique\/wp-json\/wp\/v2\/comments?post=2788"}],"version-history":[{"count":2,"href":"https:\/\/wp.unil.ch\/ateliercritique\/wp-json\/wp\/v2\/pages\/2788\/revisions"}],"predecessor-version":[{"id":22837,"href":"https:\/\/wp.unil.ch\/ateliercritique\/wp-json\/wp\/v2\/pages\/2788\/revisions\/22837"}],"up":[{"embeddable":true,"href":"https:\/\/wp.unil.ch\/ateliercritique\/wp-json\/wp\/v2\/pages\/2713"}],"wp:attachment":[{"href":"https:\/\/wp.unil.ch\/ateliercritique\/wp-json\/wp\/v2\/media?parent=2788"}],"curies":[{"name":"wp","href":"https:\/\/api.w.org\/{rel}","templated":true}]}}