{"id":2784,"date":"2014-02-18T09:09:47","date_gmt":"2014-02-18T08:09:47","guid":{"rendered":"http:\/\/wp.unil.ch\/ateliercritique\/?page_id=2784"},"modified":"2026-02-12T15:32:38","modified_gmt":"2026-02-12T14:32:38","slug":"osses","status":"publish","type":"page","link":"https:\/\/wp.unil.ch\/ateliercritique\/theatres-partenaires\/osses\/","title":{"rendered":"Les Osses (Fribourg)"},"content":{"rendered":"\n<figure class=\"wp-block-image size-full\"><a href=\"https:\/\/lesosses.ch\/\" target=\"_blank\" rel=\"noopener\"><img loading=\"lazy\" decoding=\"async\" width=\"260\" height=\"194\" src=\"https:\/\/wp.unil.ch\/ateliercritique\/files\/2026\/02\/les-osses-logo.png\" alt=\"les osses logo\" class=\"wp-image-23425\" srcset=\"https:\/\/wp.unil.ch\/ateliercritique\/files\/2026\/02\/les-osses-logo.png 260w, https:\/\/wp.unil.ch\/ateliercritique\/files\/2026\/02\/les-osses-logo-228x170.png 228w\" sizes=\"auto, (max-width: 260px) 100vw, 260px\" \/><\/a><\/figure>\n\n\n\n<h4 class=\"wp-block-heading\">Critiques par spectacles jou\u00e9s dans ce th\u00e9\u00e2tre :<\/h4>\n\n\n\n<div class=\"wp-block-query is-layout-flow wp-block-query-is-layout-flow\"><ul class=\"wp-block-post-template is-layout-flow wp-block-post-template-is-layout-flow\"><li class=\"wp-block-post post-23344 post type-post status-publish format-standard has-post-thumbnail category-critique category-theatre-des-osses category-onstage category-spectacle tag-ilian-guesmia\">\n<h6 class=\"liensouligne wp-block-post-title\"><a href=\"https:\/\/wp.unil.ch\/ateliercritique\/2025\/11\/le-misanthrope-2\/\" target=\"_self\" >Le Misanthrope<\/a><\/h6>\n\n<div class=\"wp-block-post-excerpt\"><p class=\"wp-block-post-excerpt__excerpt\">D&rsquo;apr\u00e8s Moli\u00e8re \/ Mise en sc\u00e8ne par Anne Schwaller \/ Th\u00e9\u00e2tre des Osses (Fribourg) \/ Du 30 octobre au 21 d\u00e9cembre 2025 \/ Critique par Ilian Guesmia . <\/p><\/div>\n\n\n<div style=\"height:1px\" aria-hidden=\"true\" class=\"wp-block-spacer\"><\/div>\n\n<\/li><li class=\"wp-block-post post-23083 post type-post status-publish format-standard has-post-thumbnail category-critique category-expired category-theatre-des-osses category-spectacle tag-alexia-gay tag-celia-reymond\">\n<h6 class=\"liensouligne wp-block-post-title\"><a href=\"https:\/\/wp.unil.ch\/ateliercritique\/2025\/04\/la-visite-de-la-vieille-dame-3\/\" target=\"_self\" >La Visite de la vieille dame<\/a><\/h6>\n\n<div class=\"wp-block-post-excerpt\"><p class=\"wp-block-post-excerpt__excerpt\">D&rsquo;apr\u00e8s Friedrich D\u00fcrrenmatt \/ Mise en sc\u00e8ne par Nathalie Sandoz \/ Th\u00e9\u00e2tre des Osses (Fribourg) \/ Du 27 mars au 13 avril 2025 \/ Critiques par Alexia Gay et C\u00e9lia Reymond . <\/p><\/div>\n\n\n<div style=\"height:1px\" aria-hidden=\"true\" class=\"wp-block-spacer\"><\/div>\n\n<\/li><li class=\"wp-block-post post-17292 post type-post status-publish format-standard has-post-thumbnail category-critique category-expired category-theatre-des-osses category-spectacle tag-enola-rindlisbacher\">\n<h6 class=\"liensouligne wp-block-post-title\"><a href=\"https:\/\/wp.unil.ch\/ateliercritique\/2023\/12\/figaro-divorce-2\/\" target=\"_self\" >Figaro divorce<\/a><\/h6>\n\n<div class=\"wp-block-post-excerpt\"><p class=\"wp-block-post-excerpt__excerpt\">Mise en sc\u00e8ne par Philippe Sireuil \/ d&rsquo;apr\u00e8s le texte d&rsquo;\u00d6d\u00f6n von Horv\u00e1th \/ Th\u00e9\u00e2tre des Osses (Fribourg) \/ du 08 au 28 d\u00e9cembre 2023 \/ critique par Enola Rindlisbacher <\/p><\/div>\n\n\n<div style=\"height:1px\" aria-hidden=\"true\" class=\"wp-block-spacer\"><\/div>\n\n<\/li><li class=\"wp-block-post post-16899 post type-post status-publish format-standard has-post-thumbnail category-critique category-expired category-theatre-des-osses category-spectacle tag-theo-krebs\">\n<h6 class=\"liensouligne wp-block-post-title\"><a href=\"https:\/\/wp.unil.ch\/ateliercritique\/2023\/06\/la-quete\/\" target=\"_self\" >Qu\u00eate<\/a><\/h6>\n\n<div class=\"wp-block-post-excerpt\"><p class=\"wp-block-post-excerpt__excerpt\">Conception Juliette Vernerey \/ dans le cadre du Festival \u00ab Le Printemps des compagnies \u00bb \/ Th\u00e9\u00e2tre des Osses Fribourg \/ du 16 au 25 juin 2023 \/ critique par Th\u00e9o Krebs . <\/p><\/div>\n\n\n<div style=\"height:1px\" aria-hidden=\"true\" class=\"wp-block-spacer\"><\/div>\n\n<\/li><li class=\"wp-block-post post-16890 post type-post status-publish format-standard has-post-thumbnail category-critique category-expired category-theatre-des-osses category-spectacle tag-theo-krebs\">\n<h6 class=\"liensouligne wp-block-post-title\"><a href=\"https:\/\/wp.unil.ch\/ateliercritique\/2023\/06\/autostop\/\" target=\"_self\" >Autostop<\/a><\/h6>\n\n<div class=\"wp-block-post-excerpt\"><p class=\"wp-block-post-excerpt__excerpt\">Conception Floriane M\u00e9senge \/ dans le cadre du Festival \u00ab Le Printemps des compagnies \u00bb \/ Th\u00e9\u00e2tre des Osses Fribourg, du 16 au 25 juin 2023 \/ critique par Th\u00e9o Krebs . <\/p><\/div>\n\n\n<div style=\"height:1px\" aria-hidden=\"true\" class=\"wp-block-spacer\"><\/div>\n\n<\/li><li class=\"wp-block-post post-16765 post type-post status-publish format-standard has-post-thumbnail category-critique category-expired category-theatre-des-osses category-spectacle tag-emma-chapatte\">\n<h6 class=\"liensouligne wp-block-post-title\"><a href=\"https:\/\/wp.unil.ch\/ateliercritique\/2023\/05\/le-bizarre-incident-du-chient-pendant-la-nuit\/\" target=\"_self\" >Le bizarre incident du chien pendant la nuit<\/a><\/h6>\n\n<div class=\"wp-block-post-excerpt\"><p class=\"wp-block-post-excerpt__excerpt\">D&rsquo;apr\u00e8s le roman de Mark Haddon \/ Adaptation dramatique de Simon Stephens \/ Mis en sc\u00e8ne par Julien Schmutz \/ Th\u00e9\u00e2tre des Osses \/ Du 27 avril au 14 mai 2023 \/ critique par Emma Chapatte . <\/p><\/div>\n\n\n<div style=\"height:1px\" aria-hidden=\"true\" class=\"wp-block-spacer\"><\/div>\n\n<\/li><li class=\"wp-block-post post-16208 post type-post status-publish format-standard has-post-thumbnail category-critique category-expired category-theatre-des-osses category-spectacle tag-clementine-glardon tag-noemie-jeannet\">\n<h6 class=\"liensouligne wp-block-post-title\"><a href=\"https:\/\/wp.unil.ch\/ateliercritique\/2022\/04\/oncle-vania\/\" target=\"_self\" >Oncle Vania<\/a><\/h6>\n\n<div class=\"wp-block-post-excerpt\"><p class=\"wp-block-post-excerpt__excerpt\">Production Cie OC &amp; CO \/ Coproduction Th\u00e9\u00e2tre Actuel et Public de Strasbourg (TAPS) \/ d\u2019apr\u00e8s Anton Tchekhov \/ Adaptation et mise en sc\u00e8ne par Olivier Chapelet \/ Th\u00e9\u00e2tre des Osses, Fribourg \/ du 1er au 10 avril 2022 \/\u2026 <\/p><\/div>\n\n\n<div style=\"height:1px\" aria-hidden=\"true\" class=\"wp-block-spacer\"><\/div>\n\n<\/li><li class=\"wp-block-post post-15217 post type-post status-publish format-standard has-post-thumbnail category-critique category-expired category-theatre-des-osses category-spectacle tag-johanna-codourey\">\n<h6 class=\"liensouligne wp-block-post-title\"><a href=\"https:\/\/wp.unil.ch\/ateliercritique\/2021\/06\/une-rose-et-un-balai\/\" target=\"_self\" >Une Rose et un balai<\/a><\/h6>\n\n<div class=\"wp-block-post-excerpt\"><p class=\"wp-block-post-excerpt__excerpt\">Une Rose et un balai \/ Texte de Michel Simonet \/ Mise en sc\u00e8ne par Genevi\u00e8ve Pasquier et Nicolas Rossier \/ Th\u00e9\u00e2tre des Osses \/ du 27 mai au 6 juin 2021 \/ Critique par Johanna Codourey. <\/p><\/div>\n\n\n<div style=\"height:1px\" aria-hidden=\"true\" class=\"wp-block-spacer\"><\/div>\n\n<\/li><li class=\"wp-block-post post-13776 post type-post status-publish format-standard has-post-thumbnail category-critique category-expired category-theatre-des-osses category-spectacle tag-louise-philippossian tag-margaux-farron\">\n<h6 class=\"liensouligne wp-block-post-title\"><a href=\"https:\/\/wp.unil.ch\/ateliercritique\/2019\/10\/gouverneurs-de-la-rosee\/\" target=\"_self\" >Gouverneurs de la ros\u00e9e<\/a><\/h6>\n\n<div class=\"wp-block-post-excerpt\"><p class=\"wp-block-post-excerpt__excerpt\">Texte de Jacques Roumain \/ Mise en sc\u00e8ne de Genevi\u00e8ve Pasquier \/ Th\u00e9\u00e2tre des Osses \/ du 10 au 20 octobre 2019 \/ Critiques par Margaux Farron et Louise Philippossian. <\/p><\/div>\n\n\n<div style=\"height:1px\" aria-hidden=\"true\" class=\"wp-block-spacer\"><\/div>\n\n<\/li><li class=\"wp-block-post post-13667 post type-post status-publish format-standard has-post-thumbnail category-critique category-expired category-theatre-des-osses category-spectacle tag-lucas-lauth tag-natacha-gallandat\">\n<h6 class=\"liensouligne wp-block-post-title\"><a href=\"https:\/\/wp.unil.ch\/ateliercritique\/2019\/06\/printemps-des-compagnies-2\/\" target=\"_self\" >Printemps des Compagnies<\/a><\/h6>\n\n<div class=\"wp-block-post-excerpt\"><p class=\"wp-block-post-excerpt__excerpt\">Hiver \u00e0 Sokcho\u00a0\/ de Frank Semelet \/\u00a0Cette nuit encore jouer les pierres\u00a0\/ de Julien Mages \/\u00a0Ang\u00e8le et Anatole\u00a0\/ de Thomas Lonchampt et Emma Pluyaut-Biwer \/ Th\u00e9\u00e2tre des Osses \/ du 30 mai au 9 juin 2019 \/ Critiques par Lucas\u2026 <\/p><\/div>\n\n\n<div style=\"height:1px\" aria-hidden=\"true\" class=\"wp-block-spacer\"><\/div>\n\n<\/li><li class=\"wp-block-post post-13172 post type-post status-publish format-standard has-post-thumbnail category-critique category-expired category-theatre-des-osses category-spectacle tag-sarah-juilland tag-thibault-hugentobler\">\n<h6 class=\"liensouligne wp-block-post-title\"><a href=\"https:\/\/wp.unil.ch\/ateliercritique\/2019\/02\/le-journal-danne-frank\/\" target=\"_self\" >Le Journal d&rsquo;Anne Frank<\/a><\/h6>\n\n<div class=\"wp-block-post-excerpt\"><p class=\"wp-block-post-excerpt__excerpt\">D\u2019apr\u00e8s les textes d\u2019Anne Frank \/ Mise en sc\u00e8ne de Genevi\u00e8ve Pasquier et Nicolas Rossier \/ Th\u00e9\u00e2tre des Osses \/ du 24 janvier au 10 f\u00e9vrier 2019 \/\u00a0 Critiques par Thibault Hugentobler et Sarah Juilland. <\/p><\/div>\n\n\n<div style=\"height:1px\" aria-hidden=\"true\" class=\"wp-block-spacer\"><\/div>\n\n<\/li><li class=\"wp-block-post post-12828 post type-post status-publish format-standard has-post-thumbnail category-critique category-expired category-theatre-des-osses category-spectacle tag-nadege-parent tag-natacha-gallandat\">\n<h6 class=\"liensouligne wp-block-post-title\"><a href=\"https:\/\/wp.unil.ch\/ateliercritique\/2018\/10\/variations-sur-un-temps\/\" target=\"_self\" >Variations sur un temps<\/a><\/h6>\n\n<div class=\"wp-block-post-excerpt\"><p class=\"wp-block-post-excerpt__excerpt\">Texte de David Ives \/ Traduction de Maryse Warda \/ Mise en sc\u00e8ne de Julien Schmutz \/ Th\u00e9\u00e2tre des Osses \/ du 29 septembre au 21 octobre 2018 \/ Critique par Nad\u00e8ge Parent et Natacha Gallandat. <\/p><\/div>\n\n\n<div style=\"height:1px\" aria-hidden=\"true\" class=\"wp-block-spacer\"><\/div>\n\n<\/li><li class=\"wp-block-post post-12350 post type-post status-publish format-standard has-post-thumbnail category-critique category-expired category-theatre-des-osses category-spectacle tag-josefa-terribilini tag-marek-chojecki\">\n<h6 class=\"liensouligne wp-block-post-title\"><a href=\"https:\/\/wp.unil.ch\/ateliercritique\/2018\/01\/le-loup-des-sables\/\" target=\"_self\" >Le Loup des sables<\/a><\/h6>\n\n<div class=\"wp-block-post-excerpt\"><p class=\"wp-block-post-excerpt__excerpt\">D\u2019apr\u00e8s le roman de \u00c5sa Lind \/ Adaptation et mise en sc\u00e8ne de Genevi\u00e8ve Pasquier et Nicolas Rossier \/ Th\u00e9\u00e2tre des Osses \/ du 12 au 27 janvier 2018 \/ Critiques par Josefa Terriblini et Marek Chojecki. <\/p><\/div>\n\n\n<div style=\"height:1px\" aria-hidden=\"true\" class=\"wp-block-spacer\"><\/div>\n\n<\/li><li class=\"wp-block-post post-11666 post type-post status-publish format-standard has-post-thumbnail category-critique category-expired category-theatre-des-osses category-spectacle tag-artemisia-romano tag-laure-elie-hoegen\">\n<h6 class=\"liensouligne wp-block-post-title\"><a href=\"https:\/\/wp.unil.ch\/ateliercritique\/2017\/05\/printemps-des-compagnies\/\" target=\"_self\" >Printemps des compagnies<\/a><\/h6>\n\n<div class=\"wp-block-post-excerpt\"><p class=\"wp-block-post-excerpt__excerpt\">Th\u00e9\u00e2tre des Osses \/ du 19 au 21 mai et du 25 au 27 mai 2017 \/ Critiques par Laure-Elie Hoegen et Artemisia Romano. <\/p><\/div>\n\n\n<div style=\"height:1px\" aria-hidden=\"true\" class=\"wp-block-spacer\"><\/div>\n\n<\/li><li class=\"wp-block-post post-11449 post type-post status-publish format-standard has-post-thumbnail category-critique category-expired category-theatre-des-osses category-spectacle tag-celine-conus\">\n<h6 class=\"liensouligne wp-block-post-title\"><a href=\"https:\/\/wp.unil.ch\/ateliercritique\/2017\/05\/2h14\/\" target=\"_self\" >2h14<\/a><\/h6>\n\n<div class=\"wp-block-post-excerpt\"><p class=\"wp-block-post-excerpt__excerpt\">De David Paquet \/ Mise en sc\u00e8ne par Fran\u00e7ois Marin \/ Th\u00e9\u00e2tre des Osses, Fribourg \/ du 27 avril au 7 mai 2017 \/ Critique par C\u00e9line Conus. <\/p><\/div>\n\n\n<div style=\"height:1px\" aria-hidden=\"true\" class=\"wp-block-spacer\"><\/div>\n\n<\/li><li class=\"wp-block-post post-10802 post type-post status-publish format-standard has-post-thumbnail category-critique category-expired category-theatre-des-osses category-spectacle tag-alicia-cuche tag-josefa-terribilini\">\n<h6 class=\"liensouligne wp-block-post-title\"><a href=\"https:\/\/wp.unil.ch\/ateliercritique\/2016\/12\/dada-ou-le-decrassage-des-idees-recues\/\" target=\"_self\" >Dada ou le d\u00e9crassage des id\u00e9es re\u00e7ues<\/a><\/h6>\n\n<div class=\"wp-block-post-excerpt\"><p class=\"wp-block-post-excerpt__excerpt\">Mise en sc\u00e8ne et montage de Genevi\u00e8ve Pasquier \/ Th\u00e9\u00e2tre des Osses \/ du 8 au 23 d\u00e9cembre + 31 d\u00e9cembre 2016 \/ Critiques par Josefa Terribilini et Alicia Cuche.\u00a0 <\/p><\/div>\n\n\n<div style=\"height:1px\" aria-hidden=\"true\" class=\"wp-block-spacer\"><\/div>\n\n<\/li><li class=\"wp-block-post post-8061 post type-post status-publish format-standard has-post-thumbnail category-critique category-expired category-theatre-des-osses category-spectacle tag-camille-logoz tag-fanny-utiger\">\n<h6 class=\"liensouligne wp-block-post-title\"><a href=\"https:\/\/wp.unil.ch\/ateliercritique\/2016\/04\/femme-non-reeducable\/\" target=\"_self\" >Femme non-r\u00e9\u00e9ducable<\/a><\/h6>\n\n<div class=\"wp-block-post-excerpt\"><p class=\"wp-block-post-excerpt__excerpt\">De Stefano Massini \/ traduction Pietro Pizzuti \/ mise en sc\u00e8ne Dominique de Rivaz \/ Th\u00e9\u00e2tre des Osses \/ du 14 au 24 avril 2016 \/ Critiques par Camille Logoz et Fanny Utiger. <\/p><\/div>\n\n\n<div style=\"height:1px\" aria-hidden=\"true\" class=\"wp-block-spacer\"><\/div>\n\n<\/li><li class=\"wp-block-post post-7688 post type-post status-publish format-standard has-post-thumbnail category-critique category-expired category-theatre-des-osses category-spectacle tag-chantal-zumwald tag-lauriane-pointet\">\n<h6 class=\"liensouligne wp-block-post-title\"><a href=\"https:\/\/wp.unil.ch\/ateliercritique\/2016\/01\/dans-la-mer-il-y-a-des-crocodiles\/\" target=\"_self\" >Dans la mer il y a des crocodiles<\/a><\/h6>\n\n<div class=\"wp-block-post-excerpt\"><p class=\"wp-block-post-excerpt__excerpt\">D\u2019apr\u00e8s Fabio Geda \/ mise en sc\u00e8ne Isabelle Loyse Gremaud \/ Th\u00e9\u00e2tre des Osses \/ du 15 au 31 janvier 2016 \/ Critiques par Lauriane Pointelet et Chantal Zumwald. <\/p><\/div>\n\n\n<div style=\"height:1px\" aria-hidden=\"true\" class=\"wp-block-spacer\"><\/div>\n\n<\/li><li class=\"wp-block-post post-7408 post type-post status-publish format-standard has-post-thumbnail category-critique category-expired category-theatre-des-osses category-spectacle tag-emilie-roch tag-josefa-terribilini\">\n<h6 class=\"liensouligne wp-block-post-title\"><a href=\"https:\/\/wp.unil.ch\/ateliercritique\/2015\/11\/les-acteurs-de-bonne-foi\/\" target=\"_self\" >Les Acteurs de bonne foi<\/a><\/h6>\n\n<div class=\"wp-block-post-excerpt\"><p class=\"wp-block-post-excerpt__excerpt\">De Marivaux \/ mise en sc\u00e8ne Genevi\u00e8ve Pasquier et Nicolas Rossier \/ Th\u00e9\u00e2tre des Osses \/ du 14 novembre au 8 d\u00e9cembre 2015 \/ Critiques par Emilie Roch et Josefa Terribilini <\/p><\/div>\n\n\n<div style=\"height:1px\" aria-hidden=\"true\" class=\"wp-block-spacer\"><\/div>\n\n<\/li><li class=\"wp-block-post post-6435 post type-post status-publish format-standard has-post-thumbnail category-critique category-expired category-theatre-des-osses category-spectacle tag-deborah-strebel tag-jonathan-hofer tag-nicolas-joray\">\n<h6 class=\"liensouligne wp-block-post-title\"><a href=\"https:\/\/wp.unil.ch\/ateliercritique\/2015\/05\/festival-le-printemps-des-compagnies\/\" target=\"_self\" >Festival Le Printemps des compagnies<\/a><\/h6>\n\n<div class=\"wp-block-post-excerpt\"><p class=\"wp-block-post-excerpt__excerpt\">Le Printemps des compagnies \/ du 22 au 31 mai 2015 \/ Th\u00e9\u00e2tre des Osses (Fribourg) \/ Critiques par Nicolas Joray, Jonathan Hofer et Deborah Strebel. <\/p><\/div>\n\n\n<div style=\"height:1px\" aria-hidden=\"true\" class=\"wp-block-spacer\"><\/div>\n\n<\/li><li class=\"wp-block-post post-5801 post type-post status-publish format-standard has-post-thumbnail category-critique category-expired category-theatre-des-osses category-spectacle tag-maelle-andrey\">\n<h6 class=\"liensouligne wp-block-post-title\"><a href=\"https:\/\/wp.unil.ch\/ateliercritique\/2015\/02\/chambre-damis\/\" target=\"_self\" >Chambre d&rsquo;Amis<\/a><\/h6>\n\n<div class=\"wp-block-post-excerpt\"><p class=\"wp-block-post-excerpt__excerpt\">d&rsquo;Antoine Jaccoud \/ par les Cies Selma 95 (CH) et Futur 3 (D) \/ du 10 f\u00e9vrier au 1er mars 2015 \/ Th\u00e9\u00e2tres des Osses \/ Critique par Ma\u00eblle Andrey. <\/p><\/div>\n\n\n<div style=\"height:1px\" aria-hidden=\"true\" class=\"wp-block-spacer\"><\/div>\n\n<\/li><li class=\"wp-block-post post-5129 post type-post status-publish format-standard has-post-thumbnail category-critique category-expired category-theatre-des-osses category-spectacle tag-maelle-andrey\">\n<h6 class=\"liensouligne wp-block-post-title\"><a href=\"https:\/\/wp.unil.ch\/ateliercritique\/2014\/10\/lillusion-comique\/\" target=\"_self\" >L\u2019Illusion comique<\/a><\/h6>\n\n<div class=\"wp-block-post-excerpt\"><p class=\"wp-block-post-excerpt__excerpt\">de Pierre Corneille \/ mise en sc\u00e8ne Genevi\u00e8ve Pasquier et Nicolas Rossier \/ du 26 septembre au 23 novembre 2014 \/ Th\u00e9\u00e2tre des Osses, Givisiez \/ Critique par Ma\u00eblle Andrey. <\/p><\/div>\n\n\n<div style=\"height:1px\" aria-hidden=\"true\" class=\"wp-block-spacer\"><\/div>\n\n<\/li><li class=\"wp-block-post post-3994 post type-post status-publish format-standard has-post-thumbnail category-critique category-expired category-theatre-des-osses category-spectacle tag-deborah-strebel\">\n<h6 class=\"liensouligne wp-block-post-title\"><a href=\"https:\/\/wp.unil.ch\/ateliercritique\/2014\/03\/rideau\/\" target=\"_self\" >Rideau !<\/a><\/h6>\n\n<div class=\"wp-block-post-excerpt\"><p class=\"wp-block-post-excerpt__excerpt\">mise en sc\u00e8ne Gis\u00e8le Sallin \/ Th\u00e9\u00e2tre des Osses \u00e0 Fribourg \/ du 9 f\u00e9vrier au 23 mars 2014 \/ Deborah Strebel. <\/p><\/div>\n\n\n<div style=\"height:1px\" aria-hidden=\"true\" class=\"wp-block-spacer\"><\/div>\n\n<\/li><li class=\"wp-block-post post-1618 post type-post status-publish format-standard has-post-thumbnail category-critique category-expired category-theatre-des-osses category-spectacle tag-jonas-guyot tag-suzanne-balharry\">\n<h6 class=\"liensouligne wp-block-post-title\"><a href=\"https:\/\/wp.unil.ch\/ateliercritique\/2013\/12\/chantons\/\" target=\"_self\" >Chantons quand m\u00eame !<\/a><\/h6>\n\n<div class=\"wp-block-post-excerpt\"><p class=\"wp-block-post-excerpt__excerpt\">de Frank Arnaudon et Claudine Berthet \/ Th\u00e9\u00e2tre Les Osses \u00e0 Fribourg \/ du 13 au 31 d\u00e9cembre 2013 \/ Critiques par Jonas Guyot et Suzanne Balharry. <\/p><\/div>\n\n\n<div style=\"height:1px\" aria-hidden=\"true\" class=\"wp-block-spacer\"><\/div>\n\n<\/li><li class=\"wp-block-post post-1011 post type-post status-publish format-standard has-post-thumbnail category-critique category-expired category-theatre-des-osses category-spectacle tag-jonas-guyot tag-marie-laurence-asselin\">\n<h6 class=\"liensouligne wp-block-post-title\"><a href=\"https:\/\/wp.unil.ch\/ateliercritique\/2013\/11\/laveris\/\" target=\"_self\" >Laverie Paradis<\/a><\/h6>\n\n<div class=\"wp-block-post-excerpt\"><p class=\"wp-block-post-excerpt__excerpt\">de Claude-Inga Barbey \/ mise en sc\u00e8ne S\u00e9verine Bujard \/ Th\u00e9\u00e2tre des Osses \u00e0 Fribourg \/ du 8 novembre au 1er d\u00e9cembre \/ Critiques par Marie-Laurence Asselin et Jonas Guyot. <\/p><\/div>\n\n\n<div style=\"height:1px\" aria-hidden=\"true\" class=\"wp-block-spacer\"><\/div>\n\n<\/li><\/ul><\/div>\n","protected":false},"excerpt":{"rendered":"<p>Critiques par spectacles jou\u00e9s dans ce th\u00e9\u00e2tre :<\/p>\n","protected":false},"author":1420,"featured_media":0,"parent":2713,"menu_order":0,"comment_status":"closed","ping_status":"closed","template":"","meta":{"_seopress_robots_primary_cat":"","_seopress_titles_title":"","_seopress_titles_desc":"","_seopress_robots_index":"","footnotes":""},"class_list":["post-2784","page","type-page","status-publish"],"_links":{"self":[{"href":"https:\/\/wp.unil.ch\/ateliercritique\/wp-json\/wp\/v2\/pages\/2784","targetHints":{"allow":["GET"]}}],"collection":[{"href":"https:\/\/wp.unil.ch\/ateliercritique\/wp-json\/wp\/v2\/pages"}],"about":[{"href":"https:\/\/wp.unil.ch\/ateliercritique\/wp-json\/wp\/v2\/types\/page"}],"author":[{"embeddable":true,"href":"https:\/\/wp.unil.ch\/ateliercritique\/wp-json\/wp\/v2\/users\/1420"}],"replies":[{"embeddable":true,"href":"https:\/\/wp.unil.ch\/ateliercritique\/wp-json\/wp\/v2\/comments?post=2784"}],"version-history":[{"count":3,"href":"https:\/\/wp.unil.ch\/ateliercritique\/wp-json\/wp\/v2\/pages\/2784\/revisions"}],"predecessor-version":[{"id":23426,"href":"https:\/\/wp.unil.ch\/ateliercritique\/wp-json\/wp\/v2\/pages\/2784\/revisions\/23426"}],"up":[{"embeddable":true,"href":"https:\/\/wp.unil.ch\/ateliercritique\/wp-json\/wp\/v2\/pages\/2713"}],"wp:attachment":[{"href":"https:\/\/wp.unil.ch\/ateliercritique\/wp-json\/wp\/v2\/media?parent=2784"}],"curies":[{"name":"wp","href":"https:\/\/api.w.org\/{rel}","templated":true}]}}