{"id":2782,"date":"2014-02-18T09:09:28","date_gmt":"2014-02-18T08:09:28","guid":{"rendered":"http:\/\/wp.unil.ch\/ateliercritique\/?page_id=2782"},"modified":"2026-02-12T15:38:28","modified_gmt":"2026-02-12T14:38:28","slug":"petit","status":"publish","type":"page","link":"https:\/\/wp.unil.ch\/ateliercritique\/theatres-partenaires\/petit\/","title":{"rendered":"Le Petit Th\u00e9\u00e2tre (Lausanne)"},"content":{"rendered":"<div class=\"wp-block-image\">\n<figure class=\"alignleft size-full\"><a href=\"https:\/\/lepetittheatre.ch\/\"><img loading=\"lazy\" decoding=\"async\" width=\"225\" height=\"225\" src=\"https:\/\/wp.unil.ch\/ateliercritique\/files\/2026\/02\/petit-theatre-logo.png\" alt=\"petit th\u00e9\u00e2tre logo\" class=\"wp-image-23429\" srcset=\"https:\/\/wp.unil.ch\/ateliercritique\/files\/2026\/02\/petit-theatre-logo.png 225w, https:\/\/wp.unil.ch\/ateliercritique\/files\/2026\/02\/petit-theatre-logo-200x200.png 200w, https:\/\/wp.unil.ch\/ateliercritique\/files\/2026\/02\/petit-theatre-logo-170x170.png 170w\" sizes=\"auto, (max-width: 225px) 100vw, 225px\" \/><\/a><\/figure>\n<\/div>\n\n\n<h4 class=\"wp-block-heading\">Critiques par spectacles jou\u00e9s dans ce th\u00e9\u00e2tre :<\/h4>\n\n\n\n<div class=\"wp-block-query is-layout-flow wp-block-query-is-layout-flow\"><ul class=\"wp-block-post-template is-layout-flow wp-block-post-template-is-layout-flow\"><li class=\"wp-block-post post-23364 post type-post status-publish format-standard has-post-thumbnail category-critique category-le-petit-theatre category-onstage category-spectacle tag-laurie-boissenin\">\n<h6 class=\"liensouligne wp-block-post-title\"><a href=\"https:\/\/wp.unil.ch\/ateliercritique\/2025\/12\/broceliande\/\" target=\"_self\" >Broc\u00e9liande<\/a><\/h6>\n\n<div class=\"wp-block-post-excerpt\"><p class=\"wp-block-post-excerpt__excerpt\">Conception et mise en sc\u00e8ne par Julie Annen \/ Le Petit Th\u00e9\u00e2tre (Lausanne) \/ Du 3 au 31 d\u00e9cembre 2025 \/ Critique par Laurie Boissenin. <\/p><\/div>\n\n\n<div style=\"height:1px\" aria-hidden=\"true\" class=\"wp-block-spacer\"><\/div>\n\n<\/li><li class=\"wp-block-post post-23136 post type-post status-publish format-standard has-post-thumbnail category-critique category-expired category-le-petit-theatre category-spectacle tag-killian-lachat tag-petya-ivanova\">\n<h6 class=\"liensouligne wp-block-post-title\"><a href=\"https:\/\/wp.unil.ch\/ateliercritique\/2025\/05\/cosimo\/\" target=\"_self\" >Cosimo<\/a><\/h6>\n\n<div class=\"wp-block-post-excerpt\"><p class=\"wp-block-post-excerpt__excerpt\">D&rsquo;apr\u00e8s Italo Calvino \/ Mise en sc\u00e8ne par Jean-Yves Ruf \/ Le Petit Th\u00e9\u00e2tre (Lausanne) \/ Du 30 avril au 11 mai 2025 \/ Critiques par Petya Ivanova et Killian Lachat . <\/p><\/div>\n\n\n<div style=\"height:1px\" aria-hidden=\"true\" class=\"wp-block-spacer\"><\/div>\n\n<\/li><li class=\"wp-block-post post-21324 post type-post status-publish format-standard has-post-thumbnail category-critique category-expired category-le-petit-theatre category-spectacle tag-anna-chialva tag-lou-sicovier\">\n<h6 class=\"liensouligne wp-block-post-title\"><a href=\"https:\/\/wp.unil.ch\/ateliercritique\/2024\/12\/lala-et-le-cirque-du-vent\/\" target=\"_self\" >Lala et le cirque du vent<\/a><\/h6>\n\n<div class=\"wp-block-post-excerpt\"><p class=\"wp-block-post-excerpt__excerpt\">Mise en sc\u00e8ne par Anne-C\u00e9cile Moser \/ D&rsquo;apr\u00e8s un conte musical d&rsquo;Anne Sylvestre \/ Le Petit Th\u00e9\u00e2tre (Lausanne) \/ Du 4 au 31 d\u00e9cembre 2024 \/ Critiques par Anna Chialva et Lou Sicovier . <\/p><\/div>\n\n\n<div style=\"height:1px\" aria-hidden=\"true\" class=\"wp-block-spacer\"><\/div>\n\n<\/li><li class=\"wp-block-post post-17847 post type-post status-publish format-standard has-post-thumbnail category-critique category-expired category-le-petit-theatre category-spectacle tag-anna-chialva tag-clelie-vuillaume\">\n<h6 class=\"liensouligne wp-block-post-title\"><a href=\"https:\/\/wp.unil.ch\/ateliercritique\/2024\/04\/les-voyages-de-gulliver\/\" target=\"_self\" >Les Voyages de Gulliver<\/a><\/h6>\n\n<div class=\"wp-block-post-excerpt\"><p class=\"wp-block-post-excerpt__excerpt\">D\u2019apr\u00e8s Jonathan Swift \/ Texte de Yvan Richardet \/ mise en sc\u00e8ne par Thierry Crozat \/ Cie Les arTpenteurs \/ Le Petit Th\u00e9\u00e2tre (Lausanne) \/ du 17 avril au 5 mai 2024 \/ Critiques par Cl\u00e9lie Vuillaume et Anna Chialva\u2026 <\/p><\/div>\n\n\n<div style=\"height:1px\" aria-hidden=\"true\" class=\"wp-block-spacer\"><\/div>\n\n<\/li><li class=\"wp-block-post post-16759 post type-post status-publish format-standard has-post-thumbnail category-critique category-expired category-le-petit-theatre category-spectacle tag-sylvain-grangier tag-theo-krebs\">\n<h6 class=\"liensouligne wp-block-post-title\"><a href=\"https:\/\/wp.unil.ch\/ateliercritique\/2023\/04\/la-pomme-empoisonnee\/\" target=\"_self\" >La Pomme empoisonn\u00e9e<\/a><\/h6>\n\n<div class=\"wp-block-post-excerpt\"><p class=\"wp-block-post-excerpt__excerpt\">\u00c9criture et mise en sc\u00e8ne Julie Annen \/ Le Petit Th\u00e9\u00e2tre Lausanne \/ du 26 avril au 14 mai 2023 \/ critique par Sylvain Grangier et Th\u00e9o Krebs . <\/p><\/div>\n\n\n<div style=\"height:1px\" aria-hidden=\"true\" class=\"wp-block-spacer\"><\/div>\n\n<\/li><li class=\"wp-block-post post-14115 post type-post status-publish format-standard has-post-thumbnail category-critique category-expired category-le-petit-theatre category-spectacle tag-jade-lambelet\">\n<h6 class=\"liensouligne wp-block-post-title\"><a href=\"https:\/\/wp.unil.ch\/ateliercritique\/2020\/01\/nils-le-merveilleux-voyage\/\" target=\"_self\" >Nils, le merveilleux voyage<\/a><\/h6>\n\n<div class=\"wp-block-post-excerpt\"><p class=\"wp-block-post-excerpt__excerpt\">D\u2019apr\u00e8s Selma Lagerl\u00f6f \/ Par La Cie Pied de Biche \/ Texte de Nicolas Yazgi \/ Mise en sc\u00e8ne de Julie Burnier et Fr\u00e9d\u00e9ric Ozier \/ Le Petit Th\u00e9\u00e2tre \/ du 4 au 31 d\u00e9cembre 2019 \/ Critique par Jade\u2026 <\/p><\/div>\n\n\n<div style=\"height:1px\" aria-hidden=\"true\" class=\"wp-block-spacer\"><\/div>\n\n<\/li><li class=\"wp-block-post post-12970 post type-post status-publish format-standard has-post-thumbnail category-critique category-expired category-le-petit-theatre category-spectacle tag-jade-lambelet tag-julie-heger\">\n<h6 class=\"liensouligne wp-block-post-title\"><a href=\"https:\/\/wp.unil.ch\/ateliercritique\/2018\/11\/lhiver-quatre-chiens-mordent-mes-pieds-et-mes-mains\/\" target=\"_self\" >L&rsquo;hiver, quatre chiens mordent mes pieds et mes mains<\/a><\/h6>\n\n<div class=\"wp-block-post-excerpt\"><p class=\"wp-block-post-excerpt__excerpt\">Texte de Philippe Dorin \/ Mise en sc\u00e8ne de Matthias Urban \/ Le Petit Th\u00e9\u00e2tre \/ du 31 octobre au 18 novembre 2018 \/ Critiques par Jade Lambelet et Julie Heger. <\/p><\/div>\n\n\n<div style=\"height:1px\" aria-hidden=\"true\" class=\"wp-block-spacer\"><\/div>\n\n<\/li><li class=\"wp-block-post post-12113 post type-post status-publish format-standard has-post-thumbnail category-critique category-expired category-le-petit-theatre category-spectacle tag-marek-chojecki\">\n<h6 class=\"liensouligne wp-block-post-title\"><a href=\"https:\/\/wp.unil.ch\/ateliercritique\/2017\/12\/la-farce-de-maitre-pathelin\/\" target=\"_self\" >La Farce de Ma\u00eetre Pathelin<\/a><\/h6>\n\n<div class=\"wp-block-post-excerpt\"><p class=\"wp-block-post-excerpt__excerpt\">Texte de Jos\u00e9 Pliya \/ D\u2019apr\u00e8s une farce m\u00e9di\u00e9vale anonyme \/ Cr\u00e9ation-coproduction : Le Petit Th\u00e9\u00e2tre de Lausanne, L\u2019Ask\u00e9n\u00e9 (Suisse), Cie For (France), L\u2019Atelier Nomade (B\u00e9nin) \/ Le Petit Th\u00e9\u00e2tre \/ du 6 au 31 d\u00e9cembre 2017 \/ Critique par\u2026 <\/p><\/div>\n\n\n<div style=\"height:1px\" aria-hidden=\"true\" class=\"wp-block-spacer\"><\/div>\n\n<\/li><li class=\"wp-block-post post-11974 post type-post status-publish format-standard has-post-thumbnail category-critique category-expired category-le-petit-theatre category-spectacle tag-julia-cela\">\n<h6 class=\"liensouligne wp-block-post-title\"><a href=\"https:\/\/wp.unil.ch\/ateliercritique\/2017\/10\/hocus-pocus\/\" target=\"_self\" >Hocus Pocus<\/a><\/h6>\n\n<div class=\"wp-block-post-excerpt\"><p class=\"wp-block-post-excerpt__excerpt\">Par la Cie Philippe Saire \/ Le Petit Th\u00e9\u00e2tre \/ du 25 octobre au 5 novembre 2017 \/ Critique par Julia Cela.\u00a0 <\/p><\/div>\n\n\n<div style=\"height:1px\" aria-hidden=\"true\" class=\"wp-block-spacer\"><\/div>\n\n<\/li><li class=\"wp-block-post post-11433 post type-post status-publish format-standard has-post-thumbnail category-critique category-expired category-le-petit-theatre category-spectacle tag-celine-conus tag-laura-weber\">\n<h6 class=\"liensouligne wp-block-post-title\"><a href=\"https:\/\/wp.unil.ch\/ateliercritique\/2017\/04\/mon-chien-dieu\/\" target=\"_self\" >Mon chien-dieu<\/a><\/h6>\n\n<div class=\"wp-block-post-excerpt\"><p class=\"wp-block-post-excerpt__excerpt\">Texte de Douna Loup \/ Mise en sc\u00e8ne de Joan Mompart \/ Co-production: Llum th\u00e9\u00e2tre, Le Petit th\u00e9\u00e2tre, L\u2019Arsenic et le Th\u00e9\u00e2tre Am Stram Gram \/\u00a0 Le Petit th\u00e9\u00e2tre \/ du 25 au 30 avril 2017 \/ Critiques par Laura\u2026 <\/p><\/div>\n\n\n<div style=\"height:1px\" aria-hidden=\"true\" class=\"wp-block-spacer\"><\/div>\n\n<\/li><li class=\"wp-block-post post-11193 post type-post status-publish format-standard has-post-thumbnail category-critique category-expired category-le-petit-theatre category-spectacle tag-jeremy-berthoud tag-josefa-terribilini\">\n<h6 class=\"liensouligne wp-block-post-title\"><a href=\"https:\/\/wp.unil.ch\/ateliercritique\/2017\/03\/goupil\/\" target=\"_self\" >Goupil<\/a><\/h6>\n\n<div class=\"wp-block-post-excerpt\"><p class=\"wp-block-post-excerpt__excerpt\">Par Les Compagnons de Pierre M\u00e9nard \/ Mise en sc\u00e8ne de Nicolas Fagart \/ le Petit Th\u00e9\u00e2tre \/ du 8 au 11 mars 2017 \/ Critiques Josefa Terribilini et J\u00e9r\u00e9my Berthoud. <\/p><\/div>\n\n\n<div style=\"height:1px\" aria-hidden=\"true\" class=\"wp-block-spacer\"><\/div>\n\n<\/li><li class=\"wp-block-post post-10818 post type-post status-publish format-standard has-post-thumbnail category-critique category-expired category-le-petit-theatre category-spectacle tag-alice-moraz tag-celine-conus\">\n<h6 class=\"liensouligne wp-block-post-title\"><a href=\"https:\/\/wp.unil.ch\/ateliercritique\/2016\/12\/miss-poppins\/\" target=\"_self\" >Miss Poppins<\/a><\/h6>\n\n<div class=\"wp-block-post-excerpt\"><p class=\"wp-block-post-excerpt__excerpt\">The Divine Company \/ adaptation et mise en sc\u00e8ne Stefania Pinnelli \/ Le Petit Th\u00e9\u00e2tre \/ du 7 au 31 d\u00e9cembre 2016 \/ Critiques par C\u00e9line Conus et Alice Moraz.\u00a0 <\/p><\/div>\n\n\n<div style=\"height:1px\" aria-hidden=\"true\" class=\"wp-block-spacer\"><\/div>\n\n<\/li><li class=\"wp-block-post post-10485 post type-post status-publish format-standard has-post-thumbnail category-critique category-expired category-le-petit-theatre category-spectacle tag-jeremy-berthoud tag-kendra-simons\">\n<h6 class=\"liensouligne wp-block-post-title\"><a href=\"https:\/\/wp.unil.ch\/ateliercritique\/2016\/11\/19852045\/\" target=\"_self\" >1985\u20262045<\/a><\/h6>\n\n<div class=\"wp-block-post-excerpt\"><p class=\"wp-block-post-excerpt__excerpt\">De Katy Hernan et Barbara Schlitter \/ par la Compagnie Kajibi Express \/ du 2 au 20 novembre 2016 \/ au Petit Th\u00e9\u00e2tre \/ Critiques par J\u00e9r\u00e9my Berthoud et Kendra Simons. <\/p><\/div>\n\n\n<div style=\"height:1px\" aria-hidden=\"true\" class=\"wp-block-spacer\"><\/div>\n\n<\/li><li class=\"wp-block-post post-8120 post type-post status-publish format-standard has-post-thumbnail category-critique category-expired category-le-petit-theatre category-spectacle tag-fanny-utiger tag-waqas-mirza\">\n<h6 class=\"liensouligne wp-block-post-title\"><a href=\"https:\/\/wp.unil.ch\/ateliercritique\/2016\/05\/la-mort-marraine\/\" target=\"_self\" >La Mort-Marraine<\/a><\/h6>\n\n<div class=\"wp-block-post-excerpt\"><p class=\"wp-block-post-excerpt__excerpt\">Librement adapt\u00e9 du conte des fr\u00e8res Grimm par Anne Quesemand \/ Cie Mezza-Luna \/ Le Petit Th\u00e9\u00e2tre \/ du 27 avril au 1er mai 2016 \/ Critiques par Waqas Mirza et Fanny Utiger. <\/p><\/div>\n\n\n<div style=\"height:1px\" aria-hidden=\"true\" class=\"wp-block-spacer\"><\/div>\n\n<\/li><li class=\"wp-block-post post-8091 post type-post status-publish format-standard has-post-thumbnail category-critique category-expired category-le-petit-theatre category-spectacle tag-marie-reymond tag-waqas-mirza\">\n<h6 class=\"liensouligne wp-block-post-title\"><a href=\"https:\/\/wp.unil.ch\/ateliercritique\/2016\/04\/sugungga\/\" target=\"_self\" >Sugungga<\/a><\/h6>\n\n<div class=\"wp-block-post-excerpt\"><p class=\"wp-block-post-excerpt__excerpt\">Conception YoungSoon Cho Jacquet \/ par la Cie Nuna \/ Le Petit Th\u00e9\u00e2tre \/ du 13 au 24 avril 2016 \/ Critiques par Waqas Mirza et Marie Reymond. <\/p><\/div>\n\n\n<div style=\"height:1px\" aria-hidden=\"true\" class=\"wp-block-spacer\"><\/div>\n\n<\/li><li class=\"wp-block-post post-7934 post type-post status-publish format-standard has-post-thumbnail category-critique category-expired category-le-petit-theatre category-spectacle tag-valmir-rexhepi tag-waqas-mirza\">\n<h6 class=\"liensouligne wp-block-post-title\"><a href=\"https:\/\/wp.unil.ch\/ateliercritique\/2016\/03\/les-fondateurs-font-des-enfants\/\" target=\"_self\" >Les Fondateurs font des enfants<\/a><\/h6>\n\n<div class=\"wp-block-post-excerpt\"><p class=\"wp-block-post-excerpt__excerpt\">Conception de Zo\u00e9 Cadotsch et Julien Basler \/ Le Petit Th\u00e9\u00e2tre \/ du 16 au 20 mars 2016 \/ Critiques par Valmi Rexhepi et Waqas Mirza. <\/p><\/div>\n\n\n<div style=\"height:1px\" aria-hidden=\"true\" class=\"wp-block-spacer\"><\/div>\n\n<\/li><li class=\"wp-block-post post-7269 post type-post status-publish format-standard has-post-thumbnail category-critique category-expired category-le-petit-theatre category-spectacle tag-laura-weber tag-lea-giotto\">\n<h6 class=\"liensouligne wp-block-post-title\"><a href=\"https:\/\/wp.unil.ch\/ateliercritique\/2015\/11\/je-mappelle-jack\/\" target=\"_self\" >Je m\u2019appelle Jack<\/a><\/h6>\n\n<div class=\"wp-block-post-excerpt\"><p class=\"wp-block-post-excerpt__excerpt\">De Sandra Korol \/ par la Cie Face Public \/ Mise en sc\u00e8ne Michel Toman \/ Le Petit Th\u00e9\u00e2tre \/ du 28 octobre au 15 novembre 2015 \/ Critiques par Laura Weber et L\u00e9a Giotto. <\/p><\/div>\n\n\n<div style=\"height:1px\" aria-hidden=\"true\" class=\"wp-block-spacer\"><\/div>\n\n<\/li><li class=\"wp-block-post post-6235 post type-post status-publish format-standard has-post-thumbnail category-critique category-expired category-le-petit-theatre category-spectacle tag-maelle-andrey\">\n<h6 class=\"liensouligne wp-block-post-title\"><a href=\"https:\/\/wp.unil.ch\/ateliercritique\/2015\/04\/le-deratiseur-de-hamelin\/\" target=\"_self\" >Le D\u00e9ratiseur de Hamelin<\/a><\/h6>\n\n<div class=\"wp-block-post-excerpt\"><p class=\"wp-block-post-excerpt__excerpt\">De Nicolas Yazgi \/ Mise en sc\u00e8ne Julie Burnier et Fr\u00e9d\u00e9ric Ozier \/ du 22 avril au 10 mai 2015 \/ Petit Th\u00e9\u00e2tre de Lausanne \/ Critique par Ma\u00eblle Andrey . <\/p><\/div>\n\n\n<div style=\"height:1px\" aria-hidden=\"true\" class=\"wp-block-spacer\"><\/div>\n\n<\/li><li class=\"wp-block-post post-6153 post type-post status-publish format-standard has-post-thumbnail category-critique category-expired category-le-petit-theatre category-spectacle tag-maryke-oosterhoff\">\n<h6 class=\"liensouligne wp-block-post-title\"><a href=\"https:\/\/wp.unil.ch\/ateliercritique\/2015\/03\/gulliver\/\" target=\"_self\" >Gulliver<\/a><\/h6>\n\n<div class=\"wp-block-post-excerpt\"><p class=\"wp-block-post-excerpt__excerpt\">D\u2019apr\u00e8s Voyage \u00e0 Lilliput de Jonathan Swift \/ Mise en sc\u00e8ne par Karim bel Kacem et Adrien Kuenzy \/ du 18 au 29 mars 2015 \/ Le Petit Th\u00e9\u00e2tre (Lausanne) \/ Critique par Maryke Oosterhoff . <\/p><\/div>\n\n\n<div style=\"height:1px\" aria-hidden=\"true\" class=\"wp-block-spacer\"><\/div>\n\n<\/li><li class=\"wp-block-post post-5896 post type-post status-publish format-standard has-post-thumbnail category-critique category-expired category-le-petit-theatre category-spectacle tag-maelle-andrey tag-noemie-desarzens\">\n<h6 class=\"liensouligne wp-block-post-title\"><a href=\"https:\/\/wp.unil.ch\/ateliercritique\/2015\/03\/monsieur-blanchette-et-le-loup\/\" target=\"_self\" >Monsieur, Blanchette et le Loup<\/a><\/h6>\n\n<div class=\"wp-block-post-excerpt\"><p class=\"wp-block-post-excerpt__excerpt\">d&rsquo;apr\u00e8s Alphonse Daudet \/ texte et mise en sc\u00e8ne Jos\u00e9 Pliya \/ du 4 au 15 mars 2015 \/ Petit Th\u00e9\u00e2tre de Lausanne \/ Critiques par Ma\u00eblle Andrey et No\u00e9mie Desarzens.\u00a0 <\/p><\/div>\n\n\n<div style=\"height:1px\" aria-hidden=\"true\" class=\"wp-block-spacer\"><\/div>\n\n<\/li><li class=\"wp-block-post post-5565 post type-post status-publish format-standard has-post-thumbnail category-critique category-expired category-le-petit-theatre category-spectacle tag-nicolas-joray tag-noemie-desarzens\">\n<h6 class=\"liensouligne wp-block-post-title\"><a href=\"https:\/\/wp.unil.ch\/ateliercritique\/2014\/12\/scrooge-et-les-fantomes\/\" target=\"_self\" >Scrooge et les fant\u00f4mes<\/a><\/h6>\n\n<div class=\"wp-block-post-excerpt\"><p class=\"wp-block-post-excerpt__excerpt\">d&rsquo;apr\u00e8s Charles Dickens \/ conception David Deppierraz et Laurence Iseli \/ mise en sc\u00e8ne Laurence Iseli \/ du 3 au 31 d\u00e9cembre 2014 \/ Le Petit Th\u00e9\u00e2tre \/ Critiques par Nicolas Joray et No\u00e9mie Desarzens. <\/p><\/div>\n\n\n<div style=\"height:1px\" aria-hidden=\"true\" class=\"wp-block-spacer\"><\/div>\n\n<\/li><li class=\"wp-block-post post-4637 post type-post status-publish format-standard has-post-thumbnail category-critique category-expired category-le-petit-theatre category-spectacle tag-jehanne-denogent\">\n<h6 class=\"liensouligne wp-block-post-title\"><a href=\"https:\/\/wp.unil.ch\/ateliercritique\/2014\/05\/lola\/\" target=\"_self\" >Lola Folding<\/a><\/h6>\n\n<div class=\"wp-block-post-excerpt\"><p class=\"wp-block-post-excerpt__excerpt\">cr\u00e9ation et accueil Cie Brico Jardin et Am Stram Gram \/ texte et basse de Marc Jeanneret \/ composition et guitare Simon Aeschimann \/ Le petit th\u00e9\u00e2tre de Lausanne \/ du 21 au 25 mai 2014 \/ Critique par Jehanne\u2026 <\/p><\/div>\n\n\n<div style=\"height:1px\" aria-hidden=\"true\" class=\"wp-block-spacer\"><\/div>\n\n<\/li><li class=\"wp-block-post post-4471 post type-post status-publish format-standard has-post-thumbnail category-critique category-expired category-le-petit-theatre category-spectacle tag-amandine-rosset\">\n<h6 class=\"liensouligne wp-block-post-title\"><a href=\"https:\/\/wp.unil.ch\/ateliercritique\/2014\/05\/petite-soeur\/\" target=\"_self\" >Petite S\u0153ur<\/a><\/h6>\n\n<div class=\"wp-block-post-excerpt\"><p class=\"wp-block-post-excerpt__excerpt\">d\u2019apr\u00e8s Pierre Gripari \/ Cr\u00e9ation Cie Pasquier-Rossier \/ Le petit th\u00e9\u00e2tre de Lausanne \/ du 30 avril au 18 mai 2014 \/ Critique par Amandine Rosset. <\/p><\/div>\n\n\n<div style=\"height:1px\" aria-hidden=\"true\" class=\"wp-block-spacer\"><\/div>\n\n<\/li><li class=\"wp-block-post post-4198 post type-post status-publish format-standard has-post-thumbnail category-critique category-expired category-le-petit-theatre category-spectacle tag-roxane-cherubini\">\n<h6 class=\"liensouligne wp-block-post-title\"><a href=\"https:\/\/wp.unil.ch\/ateliercritique\/2014\/03\/petit\/\" target=\"_self\" >Le Petit prince \u00e9carlate<\/a><\/h6>\n\n<div class=\"wp-block-post-excerpt\"><p class=\"wp-block-post-excerpt__excerpt\">de Marcel Cremer \/ r\u00e9alisation et mise en sc\u00e8ne Sophie Gardaz, H\u00e9l\u00e8ne Cattin et Philippe Saire \/ Le petit th\u00e9\u00e2tre de Lausanne \/ du 12 au 30 mars 2014 \/ Critique par Roxane Cherubini. <\/p><\/div>\n\n\n<div style=\"height:1px\" aria-hidden=\"true\" class=\"wp-block-spacer\"><\/div>\n\n<\/li><li class=\"wp-block-post post-2576 post type-post status-publish format-standard has-post-thumbnail category-critique category-expired category-le-petit-theatre category-spectacle tag-cecilia-galindo tag-jonas-guyot tag-suzanne-balharry\">\n<h6 class=\"liensouligne wp-block-post-title\"><a href=\"https:\/\/wp.unil.ch\/ateliercritique\/2014\/01\/petite\/\" target=\"_self\" >La Petite Fille aux allumettes<\/a><\/h6>\n\n<div class=\"wp-block-post-excerpt\"><p class=\"wp-block-post-excerpt__excerpt\">d\u2019apr\u00e8s Hans Christian Andersen \/ mise en sc\u00e8ne Julie Annen \/ Petit Th\u00e9\u00e2tre de Lausanne \/ du 29 janvier au 16 f\u00e9vrier \/ Critiques par Cecilia Galindo, Suzanne Balharry, Jonas Guyot. <\/p><\/div>\n\n\n<div style=\"height:1px\" aria-hidden=\"true\" class=\"wp-block-spacer\"><\/div>\n\n<\/li><\/ul><\/div>\n","protected":false},"excerpt":{"rendered":"<p>Critiques par spectacles jou\u00e9s dans ce th\u00e9\u00e2tre :<\/p>\n","protected":false},"author":1420,"featured_media":0,"parent":2713,"menu_order":0,"comment_status":"closed","ping_status":"closed","template":"","meta":{"_seopress_robots_primary_cat":"","_seopress_titles_title":"","_seopress_titles_desc":"","_seopress_robots_index":"","footnotes":""},"class_list":["post-2782","page","type-page","status-publish"],"_links":{"self":[{"href":"https:\/\/wp.unil.ch\/ateliercritique\/wp-json\/wp\/v2\/pages\/2782","targetHints":{"allow":["GET"]}}],"collection":[{"href":"https:\/\/wp.unil.ch\/ateliercritique\/wp-json\/wp\/v2\/pages"}],"about":[{"href":"https:\/\/wp.unil.ch\/ateliercritique\/wp-json\/wp\/v2\/types\/page"}],"author":[{"embeddable":true,"href":"https:\/\/wp.unil.ch\/ateliercritique\/wp-json\/wp\/v2\/users\/1420"}],"replies":[{"embeddable":true,"href":"https:\/\/wp.unil.ch\/ateliercritique\/wp-json\/wp\/v2\/comments?post=2782"}],"version-history":[{"count":3,"href":"https:\/\/wp.unil.ch\/ateliercritique\/wp-json\/wp\/v2\/pages\/2782\/revisions"}],"predecessor-version":[{"id":23430,"href":"https:\/\/wp.unil.ch\/ateliercritique\/wp-json\/wp\/v2\/pages\/2782\/revisions\/23430"}],"up":[{"embeddable":true,"href":"https:\/\/wp.unil.ch\/ateliercritique\/wp-json\/wp\/v2\/pages\/2713"}],"wp:attachment":[{"href":"https:\/\/wp.unil.ch\/ateliercritique\/wp-json\/wp\/v2\/media?parent=2782"}],"curies":[{"name":"wp","href":"https:\/\/api.w.org\/{rel}","templated":true}]}}