{"id":2776,"date":"2014-02-18T09:02:51","date_gmt":"2014-02-18T08:02:51","guid":{"rendered":"http:\/\/wp.unil.ch\/ateliercritique\/?page_id=2776"},"modified":"2026-02-12T15:03:22","modified_gmt":"2026-02-12T14:03:22","slug":"arsenic","status":"publish","type":"page","link":"https:\/\/wp.unil.ch\/ateliercritique\/theatres-partenaires\/arsenic\/","title":{"rendered":"L&rsquo;Arsenic (Lausanne)"},"content":{"rendered":"\n<figure class=\"wp-block-image size-full is-resized\"><a href=\"https:\/\/arsenic.ch\/\" target=\"_blank\" rel=\"noopener\"><img loading=\"lazy\" decoding=\"async\" width=\"800\" height=\"445\" src=\"https:\/\/wp.unil.ch\/ateliercritique\/files\/2026\/02\/arsenic-logo.png\" alt=\"arsenic logo\" class=\"wp-image-23397\" style=\"width:300px\" srcset=\"https:\/\/wp.unil.ch\/ateliercritique\/files\/2026\/02\/arsenic-logo.png 800w, https:\/\/wp.unil.ch\/ateliercritique\/files\/2026\/02\/arsenic-logo-300x167.png 300w, https:\/\/wp.unil.ch\/ateliercritique\/files\/2026\/02\/arsenic-logo-250x139.png 250w, https:\/\/wp.unil.ch\/ateliercritique\/files\/2026\/02\/arsenic-logo-768x427.png 768w\" sizes=\"auto, (max-width: 800px) 100vw, 800px\" \/><\/a><\/figure>\n\n\n\n<h4 class=\"wp-block-heading\">Critiques par spectacles jou\u00e9s dans ce th\u00e9\u00e2tre :<\/h4>\n\n\n\n<div class=\"wp-block-query is-layout-flow wp-block-query-is-layout-flow\"><ul class=\"wp-block-post-template is-layout-flow wp-block-post-template-is-layout-flow\"><li class=\"wp-block-post post-23450 post type-post status-publish format-standard has-post-thumbnail category-critique category-expired category-theatre-de-larsenic category-spectacle tag-ines-dalle\">\n<h6 class=\"liensouligne wp-block-post-title\"><a href=\"https:\/\/wp.unil.ch\/ateliercritique\/2026\/03\/ha\/\" target=\"_self\" >HA<\/a><\/h6>\n\n<div class=\"wp-block-post-excerpt\"><p class=\"wp-block-post-excerpt__excerpt\">Conception et mise en sc\u00e8ne par Jana Jacuka \/ Arsenic (Lausanne) \/ Du 6 au 8 mars 2026 \/ Critique par In\u00e8s Dalle . <\/p><\/div>\n\n\n<div style=\"height:1px\" aria-hidden=\"true\" class=\"wp-block-spacer\"><\/div>\n\n<\/li><li class=\"wp-block-post post-22942 post type-post status-publish format-standard has-post-thumbnail category-critique category-expired category-theatre-de-larsenic category-spectacle tag-auxane-bolanz tag-loris-ferrari\">\n<h6 class=\"liensouligne wp-block-post-title\"><a href=\"https:\/\/wp.unil.ch\/ateliercritique\/2025\/03\/magic-maids\/\" target=\"_self\" >Magic Maids<\/a><\/h6>\n\n<div class=\"wp-block-post-excerpt\"><p class=\"wp-block-post-excerpt__excerpt\">Conception et mise en sc\u00e8ne par Eisa Jocson et Venuri Perera \/ L\u2019 Arsenic \u2013 Centre d\u2019art sc\u00e9nique contemporain (Lausanne) \/ Du 14 au 16 mars 2025 \/ Critiques par Loris Ferrari et Auxane Bolanz . <\/p><\/div>\n\n\n<div style=\"height:1px\" aria-hidden=\"true\" class=\"wp-block-spacer\"><\/div>\n\n<\/li><li class=\"wp-block-post post-20303 post type-post status-publish format-standard has-post-thumbnail category-critique category-expired category-theatre-de-larsenic category-spectacle tag-loris-ferrari\">\n<h6 class=\"liensouligne wp-block-post-title\"><a href=\"https:\/\/wp.unil.ch\/ateliercritique\/2024\/12\/terminale-hysteria\/\" target=\"_self\" >Terminale Hysteria<\/a><\/h6>\n\n<div class=\"wp-block-post-excerpt\"><p class=\"wp-block-post-excerpt__excerpt\">Conception et mise en sc\u00e8ne par Tatiana Baumgartner, L\u00e9a Katharina Meier \/ L&rsquo; Arsenic &#8211; Centre d\u2019art sc\u00e9nique contemporain (Lausanne) \/ Du 27 novembre au 1er d\u00e9cembre 2024 \/ Critique par Loris Ferrari . <\/p><\/div>\n\n\n<div style=\"height:1px\" aria-hidden=\"true\" class=\"wp-block-spacer\"><\/div>\n\n<\/li><li class=\"wp-block-post post-17781 post type-post status-publish format-standard has-post-thumbnail category-critique category-expired category-theatre-de-larsenic category-spectacle tag-clelie-vuillaume tag-mathilde-feraud\">\n<h6 class=\"liensouligne wp-block-post-title\"><a href=\"https:\/\/wp.unil.ch\/ateliercritique\/2024\/03\/rectum-crocodile\/\" target=\"_self\" >Rectum Crocodile<\/a><\/h6>\n\n<div class=\"wp-block-post-excerpt\"><p class=\"wp-block-post-excerpt__excerpt\">Conception et mise en sc\u00e8ne par Marvin M&rsquo;toumo \/ L&rsquo;Arsenic (Lausanne)\/ du 21 au 24 mars 2024 \/ Critiques par Mathilde Feraud et Cl\u00e9lie Vuillaume. <\/p><\/div>\n\n\n<div style=\"height:1px\" aria-hidden=\"true\" class=\"wp-block-spacer\"><\/div>\n\n<\/li><li class=\"wp-block-post post-17350 post type-post status-publish format-standard has-post-thumbnail category-critique category-expired category-theatre-de-larsenic category-spectacle tag-enola-rindlisbacher tag-sophie-perruchoud\">\n<h6 class=\"liensouligne wp-block-post-title\"><a href=\"https:\/\/wp.unil.ch\/ateliercritique\/2023\/12\/inactuels\/\" target=\"_self\" >INACTUELS<\/a><\/h6>\n\n<div class=\"wp-block-post-excerpt\"><p class=\"wp-block-post-excerpt__excerpt\">Chef de projet et mise en sc\u00e8ne\u00a0: Oscar G\u00f3mez Mata \/ Interpr\u00e9tation\u00a0: Oscar G\u00f3mez Mata et Juan Loriente \/ Arsenic (Lausanne) \/ du 7 au 10 d\u00e9cembre 2023 \/ critiques par Sophie Perruchoud et Enola Rindlisbacher. <\/p><\/div>\n\n\n<div style=\"height:1px\" aria-hidden=\"true\" class=\"wp-block-spacer\"><\/div>\n\n<\/li><li class=\"wp-block-post post-17236 post type-post status-publish format-standard has-post-thumbnail category-critique category-expired category-theatre-de-larsenic category-spectacle tag-emma-chapatte\">\n<h6 class=\"liensouligne wp-block-post-title\"><a href=\"https:\/\/wp.unil.ch\/ateliercritique\/2023\/11\/nos-adieux-remake\/\" target=\"_self\" >Nos adieux (remake)<\/a><\/h6>\n\n<div class=\"wp-block-post-excerpt\"><p class=\"wp-block-post-excerpt__excerpt\">Mise en sc\u00e8ne et interpr\u00e9tation par Louise Belmas (FR) et Jo\u00ebl Maillard (CH) \/ Th\u00e9\u00e2tre de l\u2019Arsenic (Lausanne) \/ du 21 au 26 novembre 2023 \/ critique par Emma Chapatte <\/p><\/div>\n\n\n<div style=\"height:1px\" aria-hidden=\"true\" class=\"wp-block-spacer\"><\/div>\n\n<\/li><li class=\"wp-block-post post-17196 post type-post status-publish format-standard has-post-thumbnail category-critique category-expired category-theatre-de-larsenic category-spectacle tag-sophie-perruchoud\">\n<h6 class=\"liensouligne wp-block-post-title\"><a href=\"https:\/\/wp.unil.ch\/ateliercritique\/2023\/11\/comment-retenir-sa-respiration\/\" target=\"_self\" >Comment retenir sa respiration<\/a><\/h6>\n\n<div class=\"wp-block-post-excerpt\"><p class=\"wp-block-post-excerpt__excerpt\">Texte de Zinnie Harris \/ Mise en sc\u00e8ne et chor\u00e9graphie de Philippe Saire \/ Arsenic \/ du 8 au 19 novembre 2023 \/ critique par Sophie Perruchoud . <\/p><\/div>\n\n\n<div style=\"height:1px\" aria-hidden=\"true\" class=\"wp-block-spacer\"><\/div>\n\n<\/li><li class=\"wp-block-post post-16727 post type-post status-publish format-standard has-post-thumbnail category-critique category-expired category-theatre-de-larsenic category-spectacle tag-sylvain-grangier tag-timon-musy\">\n<h6 class=\"liensouligne wp-block-post-title\"><a href=\"https:\/\/wp.unil.ch\/ateliercritique\/2023\/04\/hominal-hominal\/\" target=\"_self\" >Hominal \/ Hominal<\/a><\/h6>\n\n<div class=\"wp-block-post-excerpt\"><p class=\"wp-block-post-excerpt__excerpt\">Conception et mise en sc\u00e8ne de Marie-Caroline et David Hominal \/ Arsenic \/ du 29 mars au 02 avril 2023 \/ critiques par Timon Musy et Sylvain Grangier . <\/p><\/div>\n\n\n<div style=\"height:1px\" aria-hidden=\"true\" class=\"wp-block-spacer\"><\/div>\n\n<\/li><li class=\"wp-block-post post-16520 post type-post status-publish format-standard has-post-thumbnail category-critique category-expired category-theatre-de-larsenic category-spectacle tag-sylvain-grangier\">\n<h6 class=\"liensouligne wp-block-post-title\"><a href=\"https:\/\/wp.unil.ch\/ateliercritique\/2022\/11\/resilience-mon-cul\/\" target=\"_self\" >R\u00e9silience mon cul<\/a><\/h6>\n\n<div class=\"wp-block-post-excerpt\"><p class=\"wp-block-post-excerpt__excerpt\">\u00c9criture, mise en sc\u00e8ne et interpr\u00e9tation Jo\u00ebl Maillard \/ L\u2019 Arsenic \/ Du 15 au 20 novembre 2022 \/ critique par Sylvain Grangier . <\/p><\/div>\n\n\n<div style=\"height:1px\" aria-hidden=\"true\" class=\"wp-block-spacer\"><\/div>\n\n<\/li><li class=\"wp-block-post post-16451 post type-post status-publish format-standard has-post-thumbnail category-critique category-expired category-theatre-de-larsenic category-spectacle tag-isabelle-fasnacht tag-julie-fievez\">\n<h6 class=\"liensouligne wp-block-post-title\"><a href=\"https:\/\/wp.unil.ch\/ateliercritique\/2022\/10\/my-epifunny\/\" target=\"_self\" >My Epifunny<\/a><\/h6>\n\n<div class=\"wp-block-post-excerpt\"><p class=\"wp-block-post-excerpt__excerpt\">De Marco Berrettini \/ L&rsquo; Arsenic Lausanne \/ du 11 au 16 octobre 2022 [du 26 au 29 janvier 2023 \u00e0 la Com\u00e9die de Gen\u00e8ve] \/ critiques par Isabelle Fasnacht et Julie Fievez . <\/p><\/div>\n\n\n<div style=\"height:1px\" aria-hidden=\"true\" class=\"wp-block-spacer\"><\/div>\n\n<\/li><li class=\"wp-block-post post-16246 post type-post status-publish format-standard has-post-thumbnail category-critique category-expired category-theatre-de-larsenic category-spectacle tag-antoine-klotz tag-noemie-jeannet\">\n<h6 class=\"liensouligne wp-block-post-title\"><a href=\"https:\/\/wp.unil.ch\/ateliercritique\/2022\/04\/les-univers\/\" target=\"_self\" >Les Univers<\/a><\/h6>\n\n<div class=\"wp-block-post-excerpt\"><p class=\"wp-block-post-excerpt__excerpt\">Mise en sc\u00e8ne par Jo\u00ebl Maillard \/ Conception et \u00e9criture Tiphanie Bovay-Klameth, Jo\u00eblle Fontannaz, Nicole Genovese, Jo\u00ebl Maillard, Alexis Rime \/ Compagnie SNAUT \/ Tutu Production \/ L&rsquo; Arsenic Lausanne \/ du 5 au 10 avril 2022 \/ Critiques par\u2026 <\/p><\/div>\n\n\n<div style=\"height:1px\" aria-hidden=\"true\" class=\"wp-block-spacer\"><\/div>\n\n<\/li><li class=\"wp-block-post post-15897 post type-post status-publish format-standard has-post-thumbnail category-critique category-expired category-theatre-de-larsenic category-la-grange category-spectacle tag-celine-bignotti tag-nathan-maggetti\">\n<h6 class=\"liensouligne wp-block-post-title\"><a href=\"https:\/\/wp.unil.ch\/ateliercritique\/2021\/12\/le-balcon-ou-la-maison-dillusions\/\" target=\"_self\" >Le Balcon ou la Maison d\u2019illusions<\/a><\/h6>\n\n<div class=\"wp-block-post-excerpt\"><p class=\"wp-block-post-excerpt__excerpt\">D\u2019apr\u00e8s Jean Genet \/ Mise en sc\u00e8ne par Sandra Gaudin \/ Cie un air de rien \/ La Grange de Dorigny hors les murs \/ du 17 au 23 d\u00e9cembre 2021. <\/p><\/div>\n\n\n<div style=\"height:1px\" aria-hidden=\"true\" class=\"wp-block-spacer\"><\/div>\n\n<\/li><li class=\"wp-block-post post-15853 post type-post status-publish format-standard has-post-thumbnail category-critique category-expired category-theatre-de-larsenic category-la-grange category-spectacle tag-sarah-neu\">\n<h6 class=\"liensouligne wp-block-post-title\"><a href=\"https:\/\/wp.unil.ch\/ateliercritique\/2021\/12\/chambre-avec-vieux\/\" target=\"_self\" >Chambre avec vieux<\/a><\/h6>\n\n<div class=\"wp-block-post-excerpt\"><p class=\"wp-block-post-excerpt__excerpt\">Chambre avec vieux \/ Mise en sc\u00e8ne par Fabrice Gorgerat \/ La Grange de Dorigny hors les murs \/ du 14 au 19 d\u00e9cembre \/ Critique par Sarah Neu . <\/p><\/div>\n\n\n<div style=\"height:1px\" aria-hidden=\"true\" class=\"wp-block-spacer\"><\/div>\n\n<\/li><li class=\"wp-block-post post-15761 post type-post status-publish format-standard has-post-thumbnail category-critique category-expired category-theatre-de-larsenic category-spectacle tag-antoine-klotz tag-valentine-bovey\">\n<h6 class=\"liensouligne wp-block-post-title\"><a href=\"https:\/\/wp.unil.ch\/ateliercritique\/2021\/11\/farwest\/\" target=\"_self\" >Farwest<\/a><\/h6>\n\n<div class=\"wp-block-post-excerpt\"><p class=\"wp-block-post-excerpt__excerpt\">Librement inspir\u00e9 de Farwest de Peter Eliott et Kitty Crowther \/ Mise en sc\u00e8ne Aur\u00e9lien Patouillard \/ Arsenic \/ du 23 au 28 novembre 2021 \/ Critiques par Antoine Klotz et Valentine Bovey . <\/p><\/div>\n\n\n<div style=\"height:1px\" aria-hidden=\"true\" class=\"wp-block-spacer\"><\/div>\n\n<\/li><li class=\"wp-block-post post-15209 post type-post status-publish format-standard has-post-thumbnail category-critique category-expired category-theatre-de-larsenic category-spectacle tag-valentine-bovey\">\n<h6 class=\"liensouligne wp-block-post-title\"><a href=\"https:\/\/wp.unil.ch\/ateliercritique\/2021\/06\/makers\/\" target=\"_self\" >Makers<\/a><\/h6>\n\n<div class=\"wp-block-post-excerpt\"><p class=\"wp-block-post-excerpt__excerpt\">Textes d\u2019Augustin Fernandez Mallo, Rodrigo Garc\u00eca et Oscar G\u00f2mez Mata \/ Mise en sc\u00e8ne par Oscar G\u00f2mez Mata \/ Jeu Juan Lorente et Oscar G\u00f2mez Mata \/ L\u2019Arsenic \u2013 Lausanne \/ du 26 au 30 mai 2021 \/ Critique par\u2026 <\/p><\/div>\n\n\n<div style=\"height:1px\" aria-hidden=\"true\" class=\"wp-block-spacer\"><\/div>\n\n<\/li><li class=\"wp-block-post post-14783 post type-post status-publish format-standard has-post-thumbnail category-critique category-expired category-theatre-de-larsenic category-spectacle tag-charlyne-genoud tag-cloe-bensai\">\n<h6 class=\"liensouligne wp-block-post-title\"><a href=\"https:\/\/wp.unil.ch\/ateliercritique\/2020\/11\/cest-le-silence-qui-repond\/\" target=\"_self\" >C\u2019est le silence qui r\u00e9pond<\/a><\/h6>\n\n<div class=\"wp-block-post-excerpt\"><p class=\"wp-block-post-excerpt__excerpt\">Conception et mise en sc\u00e8ne par Yves-No\u00ebl Genod \/ Arsenic \u2013 Centre d\u2019art sc\u00e9nique contemporain \/ du 26 octobre au 1er novembre 2020 \/ Critiques par Charlyne Genoud et Clo\u00e9 Bensa\u00ef. <\/p><\/div>\n\n\n<div style=\"height:1px\" aria-hidden=\"true\" class=\"wp-block-spacer\"><\/div>\n\n<\/li><li class=\"wp-block-post post-14598 post type-post status-publish format-standard has-post-thumbnail category-critique category-expired category-theatre-de-larsenic category-spectacle\">\n<h6 class=\"liensouligne wp-block-post-title\"><a href=\"https:\/\/wp.unil.ch\/ateliercritique\/2020\/05\/sekunden-spater-zog-sich-die-gestalt-in-die-schatten-zuruck\/\" target=\"_self\" >Sekunden sp\u00e4ter (zog sich die Gestalt in die Schatten zur\u00fcck)<\/a><\/h6>\n\n<div class=\"wp-block-post-excerpt\"><p class=\"wp-block-post-excerpt__excerpt\">Par B\u00e9n\u00e9dicte Amsler Denogent (\u00e9tudiante \u00e0 La Manufacture) \/ Une critique sur la captation du spectacle : Sekunden sp\u00e4ter (zog sich die Gestalt in die Schatten zur\u00fcck) \/ Cie Nicole &hellip; <\/p><\/div>\n\n\n<div style=\"height:1px\" aria-hidden=\"true\" class=\"wp-block-spacer\"><\/div>\n\n<\/li><li class=\"wp-block-post post-13993 post type-post status-publish format-standard has-post-thumbnail category-critique category-expired category-theatre-de-larsenic category-spectacle tag-lucas-lauth\">\n<h6 class=\"liensouligne wp-block-post-title\"><a href=\"https:\/\/wp.unil.ch\/ateliercritique\/2019\/12\/angels-in-america\/\" target=\"_self\" >Angels in America<\/a><\/h6>\n\n<div class=\"wp-block-post-excerpt\"><p class=\"wp-block-post-excerpt__excerpt\">Texte de Tony Kushner \/ Mise en sc\u00e8ne de Philippe Saire \/ Arsenic \u2013 Centre d\u2019art sc\u00e9nique contemporain \/ du 26 novembre au 1er d\u00e9cembre 2019 \/ Critique par Lucas Lauth. <\/p><\/div>\n\n\n<div style=\"height:1px\" aria-hidden=\"true\" class=\"wp-block-spacer\"><\/div>\n\n<\/li><li class=\"wp-block-post post-13898 post type-post status-publish format-standard has-post-thumbnail category-critique category-expired category-theatre-de-larsenic category-spectacle tag-emmanuel-jung tag-jade-lambelet\">\n<h6 class=\"liensouligne wp-block-post-title\"><a href=\"https:\/\/wp.unil.ch\/ateliercritique\/2019\/11\/le-souper\/\" target=\"_self\" >Le Souper<\/a><\/h6>\n\n<div class=\"wp-block-post-excerpt\"><p class=\"wp-block-post-excerpt__excerpt\">Conception, \u00e9criture et jeu par Julia Perazzini \/ Arsenic \u2013 Centre d\u2019art sc\u00e9nique contemporain \/ du 5 au 10 novembre 2019 \/ Critiques par Emmanuel Jung et Jade Lambelet. <\/p><\/div>\n\n\n<div style=\"height:1px\" aria-hidden=\"true\" class=\"wp-block-spacer\"><\/div>\n\n<\/li><li class=\"wp-block-post post-13856 post type-post status-publish format-standard has-post-thumbnail category-critique category-expired category-theatre-de-larsenic category-spectacle tag-ivan-garcia tag-monique-kountangni\">\n<h6 class=\"liensouligne wp-block-post-title\"><a href=\"https:\/\/wp.unil.ch\/ateliercritique\/2019\/11\/jirai-demain-couvrir-ton-ombre\/\" target=\"_self\" >J&rsquo;irai demain couvrir ton ombre<\/a><\/h6>\n\n<div class=\"wp-block-post-excerpt\"><p class=\"wp-block-post-excerpt__excerpt\">Texte et mise en sc\u00e8ne de Julien Mages \/ Arsenic \u2013 Centre d\u2019art sc\u00e9nique contemporain \/ du 29 octobre au 3 novembre 2019 \/ Critiques par Monique Kountangni\u00a0et Ivan Garcia. <\/p><\/div>\n\n\n<div style=\"height:1px\" aria-hidden=\"true\" class=\"wp-block-spacer\"><\/div>\n\n<\/li><li class=\"wp-block-post post-13731 post type-post status-publish format-standard has-post-thumbnail category-critique category-expired category-theatre-de-larsenic category-spectacle tag-jade-lambelet tag-margaux-farron\">\n<h6 class=\"liensouligne wp-block-post-title\"><a href=\"https:\/\/wp.unil.ch\/ateliercritique\/2019\/10\/sans-effort\/\" target=\"_self\" >Sans effort<\/a><\/h6>\n\n<div class=\"wp-block-post-excerpt\"><p class=\"wp-block-post-excerpt__excerpt\">Non-\u00e9criture et fabrication de Tiphanie Bovay-Klameth, Jo\u00ebl Maillard et Marie Ripoll \/ Mise en sc\u00e8ne de Jo\u00ebl Maillard \/ Arsenic \u2013 Centre d\u2019art sc\u00e9nique contemporain \/ du 1er au 6 octobre 2019 \/ Critiques de Margaux Farron et Jade Lambelet.\u00a0 <\/p><\/div>\n\n\n<div style=\"height:1px\" aria-hidden=\"true\" class=\"wp-block-spacer\"><\/div>\n\n<\/li><li class=\"wp-block-post post-13451 post type-post status-publish format-standard has-post-thumbnail category-critique category-expired category-theatre-de-larsenic category-spectacle tag-julia-cela tag-noe-maggetti\">\n<h6 class=\"liensouligne wp-block-post-title\"><a href=\"https:\/\/wp.unil.ch\/ateliercritique\/2019\/04\/maintaining-stranger\/\" target=\"_self\" >Maintaining Stranger<\/a><\/h6>\n\n<div class=\"wp-block-post-excerpt\"><p class=\"wp-block-post-excerpt__excerpt\">Texte de Jen Rosenblit \/ Cr\u00e9ation et mise en sc\u00e8ne de Simone Aughterlony \/ Arsenic \u2013 Centre d\u2019art sc\u00e9nique contemporain \/ du 4 au 7 avril 2019 \/ Critiques par No\u00e9 Maggetti et Julia Cela. <\/p><\/div>\n\n\n<div style=\"height:1px\" aria-hidden=\"true\" class=\"wp-block-spacer\"><\/div>\n\n<\/li><li class=\"wp-block-post post-13347 post type-post status-publish format-standard has-post-thumbnail category-critique category-expired category-theatre-de-larsenic category-spectacle tag-amina-gudzevic tag-brice-torriani tag-ivan-garcia tag-jade-lambelet tag-julia-cela tag-noe-maggetti tag-oceane-forster tag-sarah-juilland tag-thibault-hugentobler\">\n<h6 class=\"liensouligne wp-block-post-title\"><a href=\"https:\/\/wp.unil.ch\/ateliercritique\/2019\/04\/imposture-posthume\/\" target=\"_self\" >Imposture posthume<\/a><\/h6>\n\n<div class=\"wp-block-post-excerpt\"><p class=\"wp-block-post-excerpt__excerpt\">Texte, mise en sc\u00e8ne et jeu de Jo\u00ebl Maillard \/ Arsenic \u2013 Centre d\u2019art sc\u00e9nique contemporain \/ du 26 au 31 mars 2019 \/ Critiques par Laurane Quartenoud, Thibault Hugentobler, Amina Gudzevic, Jade Lambelet, Sarah Juilland, Ivan Garcia, Brice Torriani,\u2026 <\/p><\/div>\n\n\n<div style=\"height:1px\" aria-hidden=\"true\" class=\"wp-block-spacer\"><\/div>\n\n<\/li><li class=\"wp-block-post post-12959 post type-post status-publish format-standard has-post-thumbnail category-critique category-expired category-theatre-de-larsenic category-spectacle tag-brice-torriani tag-maxime-hoffmann\">\n<h6 class=\"liensouligne wp-block-post-title\"><a href=\"https:\/\/wp.unil.ch\/ateliercritique\/2018\/11\/automne-hiver\/\" target=\"_self\" >Automne-Hiver<\/a><\/h6>\n\n<div class=\"wp-block-post-excerpt\"><p class=\"wp-block-post-excerpt__excerpt\">D\u2019apr\u00e8s les textes de Charles Baudelaire et de Jean Racine \/ Mise en sc\u00e8ne et de Yves-No\u00ebl Genod \/ L\u2019Arsenic \/ du 1 au 4 novembre 2018 \/ Critiques par Brice Torriani et Maxime Hoffmann. <\/p><\/div>\n\n\n<div style=\"height:1px\" aria-hidden=\"true\" class=\"wp-block-spacer\"><\/div>\n\n<\/li><li class=\"wp-block-post post-12466 post type-post status-publish format-standard has-post-thumbnail category-critique category-expired category-theatre-de-larsenic category-spectacle tag-amalia-devaud tag-ivan-garcia\">\n<h6 class=\"liensouligne wp-block-post-title\"><a href=\"https:\/\/wp.unil.ch\/ateliercritique\/2018\/03\/clash-of-gods\/\" target=\"_self\" >Clash of Gods<\/a><\/h6>\n\n<div class=\"wp-block-post-excerpt\"><p class=\"wp-block-post-excerpt__excerpt\">\u00c9crit et mis en sc\u00e8ne par Christophe Jaquet et Thomas Burkhalter \/ Th\u00e9\u00e2tre de l\u2019Arsenic, dans le cadre du festival Programme commun 2018 \/ du 13 au 28 mars 2018 \/ Critiques par Amalia D\u00e9vaud et Ivan Garcia. <\/p><\/div>\n\n\n<div style=\"height:1px\" aria-hidden=\"true\" class=\"wp-block-spacer\"><\/div>\n\n<\/li><\/ul><\/div>\n","protected":false},"excerpt":{"rendered":"<p>Critiques par spectacles jou\u00e9s dans ce th\u00e9\u00e2tre :<\/p>\n","protected":false},"author":1420,"featured_media":0,"parent":2713,"menu_order":0,"comment_status":"closed","ping_status":"closed","template":"","meta":{"_seopress_robots_primary_cat":"","_seopress_titles_title":"","_seopress_titles_desc":"","_seopress_robots_index":"","footnotes":""},"class_list":["post-2776","page","type-page","status-publish"],"_links":{"self":[{"href":"https:\/\/wp.unil.ch\/ateliercritique\/wp-json\/wp\/v2\/pages\/2776","targetHints":{"allow":["GET"]}}],"collection":[{"href":"https:\/\/wp.unil.ch\/ateliercritique\/wp-json\/wp\/v2\/pages"}],"about":[{"href":"https:\/\/wp.unil.ch\/ateliercritique\/wp-json\/wp\/v2\/types\/page"}],"author":[{"embeddable":true,"href":"https:\/\/wp.unil.ch\/ateliercritique\/wp-json\/wp\/v2\/users\/1420"}],"replies":[{"embeddable":true,"href":"https:\/\/wp.unil.ch\/ateliercritique\/wp-json\/wp\/v2\/comments?post=2776"}],"version-history":[{"count":3,"href":"https:\/\/wp.unil.ch\/ateliercritique\/wp-json\/wp\/v2\/pages\/2776\/revisions"}],"predecessor-version":[{"id":23399,"href":"https:\/\/wp.unil.ch\/ateliercritique\/wp-json\/wp\/v2\/pages\/2776\/revisions\/23399"}],"up":[{"embeddable":true,"href":"https:\/\/wp.unil.ch\/ateliercritique\/wp-json\/wp\/v2\/pages\/2713"}],"wp:attachment":[{"href":"https:\/\/wp.unil.ch\/ateliercritique\/wp-json\/wp\/v2\/media?parent=2776"}],"curies":[{"name":"wp","href":"https:\/\/api.w.org\/{rel}","templated":true}]}}