{"id":2713,"date":"2014-02-18T08:50:12","date_gmt":"2014-02-18T07:50:12","guid":{"rendered":"http:\/\/wp.unil.ch\/ateliercritique\/?page_id=2713"},"modified":"2026-02-12T14:18:44","modified_gmt":"2026-02-12T13:18:44","slug":"theatres-partenaires","status":"publish","type":"page","link":"https:\/\/wp.unil.ch\/ateliercritique\/theatres-partenaires\/","title":{"rendered":"Th\u00e9\u00e2tres partenaires"},"content":{"rendered":"<form role=\"search\" method=\"get\" action=\"https:\/\/wp.unil.ch\/ateliercritique\/\" class=\"wp-block-search__button-outside wp-block-search__text-button wp-block-search\"    ><label class=\"wp-block-search__label screen-reader-text\" for=\"wp-block-search__input-1\" >Rechercher<\/label><div class=\"wp-block-search__inside-wrapper\" ><input class=\"wp-block-search__input\" id=\"wp-block-search__input-1\" placeholder=\"Recherche...\" value=\"\" type=\"search\" name=\"s\" required \/><button aria-label=\"Rechercher\" class=\"wp-block-search__button wp-element-button\" type=\"submit\" >Rechercher<\/button><\/div><\/form>\n\n\n<div style=\"height:20px\" aria-hidden=\"true\" class=\"wp-block-spacer\"><\/div>\n\n\n\n<h2 class=\"wp-block-heading\">Th\u00e9\u00e2tres partenaires<\/h2>\n\n\n<ul id=\"menu-menu-theatres\" class=\"menu\"><li id=\"menu-item-17090\" class=\"menu-item menu-item-type-post_type menu-item-object-page menu-item-17090\"><a href=\"https:\/\/wp.unil.ch\/ateliercritique\/theatres-partenaires\/adn-association-danse-neuchatel\/\">ADN (Association Danse Neuch\u00e2tel)<\/a><\/li>\n<li id=\"menu-item-6135\" class=\"menu-item menu-item-type-post_type menu-item-object-page menu-item-6135\"><a href=\"https:\/\/wp.unil.ch\/ateliercritique\/theatres-partenaires\/theatre-am-stram-gram-geneve\/\">Th\u00e9\u00e2tre Am Stram Gram (Gen\u00e8ve)<\/a><\/li>\n<li id=\"menu-item-2819\" class=\"menu-item menu-item-type-post_type menu-item-object-page menu-item-2819\"><a href=\"https:\/\/wp.unil.ch\/ateliercritique\/theatres-partenaires\/arsenic\/\">L\u2019Arsenic (Lausanne)<\/a><\/li>\n<li id=\"menu-item-2814\" class=\"menu-item menu-item-type-post_type menu-item-object-page menu-item-2814\"><a href=\"https:\/\/wp.unil.ch\/ateliercritique\/theatres-partenaires\/carouge\/\">Th\u00e9\u00e2tre de Carouge (Gen\u00e8ve)<\/a><\/li>\n<li id=\"menu-item-2818\" class=\"menu-item menu-item-type-post_type menu-item-object-page menu-item-2818\"><a href=\"https:\/\/wp.unil.ch\/ateliercritique\/theatres-partenaires\/comedie\/\">La Com\u00e9die (Gen\u00e8ve)<\/a><\/li>\n<li id=\"menu-item-4796\" class=\"menu-item menu-item-type-post_type menu-item-object-page menu-item-4796\"><a href=\"https:\/\/wp.unil.ch\/ateliercritique\/theatres-partenaires\/cpo\/\">CPO Ouchy (Lausanne)<\/a><\/li>\n<li id=\"menu-item-6358\" class=\"menu-item menu-item-type-post_type menu-item-object-page menu-item-6358\"><a href=\"https:\/\/wp.unil.ch\/ateliercritique\/theatres-partenaires\/theatre-du-crochetan-monthey\/\">Th\u00e9\u00e2tre du Crochetan (Monthey)<\/a><\/li>\n<li id=\"menu-item-5228\" class=\"menu-item menu-item-type-post_type menu-item-object-page menu-item-5228\"><a href=\"https:\/\/wp.unil.ch\/ateliercritique\/theatres-partenaires\/equilibre-nuithonie\/\">Equilibre \u2013 Nuithonie ( Villars-sur-Gl\u00e2ne, Fribourg)<\/a><\/li>\n<li id=\"menu-item-2817\" class=\"menu-item menu-item-type-post_type menu-item-object-page menu-item-2817\"><a href=\"https:\/\/wp.unil.ch\/ateliercritique\/theatres-partenaires\/grange\/\">La Grange \/ Centre Arts et Sciences \/ UNIL (Lausanne)<\/a><\/li>\n<li id=\"menu-item-5225\" class=\"menu-item menu-item-type-post_type menu-item-object-page menu-item-5225\"><a href=\"https:\/\/wp.unil.ch\/ateliercritique\/theatres-partenaires\/theatre-du-grutli\/\">Sc\u00e8nes du Gr\u00fctli (Gen\u00e8ve)<\/a><\/li>\n<li id=\"menu-item-2809\" class=\"menu-item menu-item-type-post_type menu-item-object-page menu-item-2809\"><a href=\"https:\/\/wp.unil.ch\/ateliercritique\/theatres-partenaires\/halles\/\">Th\u00e9\u00e2tre Les Halles (Sierre)<\/a><\/li>\n<li id=\"menu-item-2812\" class=\"menu-item menu-item-type-post_type menu-item-object-page menu-item-2812\"><a href=\"https:\/\/wp.unil.ch\/ateliercritique\/theatres-partenaires\/jorat\/\">Th\u00e9\u00e2tre du Jorat (M\u00e9zi\u00e8res)<\/a><\/li>\n<li id=\"menu-item-17573\" class=\"menu-item menu-item-type-post_type menu-item-object-page menu-item-17573\"><a href=\"https:\/\/wp.unil.ch\/ateliercritique\/theatres-partenaires\/theatre-du-jura\/\">Th\u00e9\u00e2tre du Jura (Del\u00e9mont)<\/a><\/li>\n<li id=\"menu-item-7549\" class=\"menu-item menu-item-type-post_type menu-item-object-page menu-item-7549\"><a href=\"https:\/\/wp.unil.ch\/ateliercritique\/theatres-partenaires\/tkm-theatre-kleber-meleau\/\">TKM \u2013 Th\u00e9\u00e2tre Kl\u00e9ber-M\u00e9leau (Lausanne)<\/a><\/li>\n<li id=\"menu-item-2811\" class=\"menu-item menu-item-type-post_type menu-item-object-page menu-item-2811\"><a href=\"https:\/\/wp.unil.ch\/ateliercritique\/theatres-partenaires\/loup\/\">Th\u00e9\u00e2tre du Loup (Gen\u00e8ve)<\/a><\/li>\n<li id=\"menu-item-11629\" class=\"menu-item menu-item-type-post_type menu-item-object-page menu-item-11629\"><a href=\"https:\/\/wp.unil.ch\/ateliercritique\/theatres-partenaires\/theatre-des-marionnettes-de-geneve\/\">Th\u00e9\u00e2tre des Marionnettes (Gen\u00e8ve)<\/a><\/li>\n<li id=\"menu-item-4795\" class=\"menu-item menu-item-type-post_type menu-item-object-page menu-item-4795\"><a href=\"https:\/\/wp.unil.ch\/ateliercritique\/theatres-partenaires\/orangerie\/\">Th\u00e9\u00e2tre de l\u2019Orangerie (Gen\u00e8ve)<\/a><\/li>\n<li id=\"menu-item-2815\" class=\"menu-item menu-item-type-post_type menu-item-object-page menu-item-2815\"><a href=\"https:\/\/wp.unil.ch\/ateliercritique\/theatres-partenaires\/osses\/\">Les Osses (Fribourg)<\/a><\/li>\n<li id=\"menu-item-2810\" class=\"menu-item menu-item-type-post_type menu-item-object-page menu-item-2810\"><a href=\"https:\/\/wp.unil.ch\/ateliercritique\/theatres-partenaires\/passage\/\">Th\u00e9\u00e2tre du Passage (Neuch\u00e2tel)<\/a><\/li>\n<li id=\"menu-item-2816\" class=\"menu-item menu-item-type-post_type menu-item-object-page menu-item-2816\"><a href=\"https:\/\/wp.unil.ch\/ateliercritique\/theatres-partenaires\/petit\/\">Le Petit Th\u00e9\u00e2tre (Lausanne)<\/a><\/li>\n<li id=\"menu-item-4799\" class=\"menu-item menu-item-type-post_type menu-item-object-page menu-item-4799\"><a href=\"https:\/\/wp.unil.ch\/ateliercritique\/theatres-partenaires\/spot-sion\/\">Le Spot (Sion)<\/a><\/li>\n<li id=\"menu-item-8057\" class=\"menu-item menu-item-type-post_type menu-item-object-page menu-item-8057\"><a href=\"https:\/\/wp.unil.ch\/ateliercritique\/theatres-partenaires\/le-poche-geneve\/\">Le Poche (Gen\u00e8ve)<\/a><\/li>\n<li id=\"menu-item-7795\" class=\"menu-item menu-item-type-post_type menu-item-object-page menu-item-7795\"><a href=\"https:\/\/wp.unil.ch\/ateliercritique\/theatres-partenaires\/le-reflet-vevey\/\">Le Reflet (Vevey)<\/a><\/li>\n<li id=\"menu-item-2808\" class=\"menu-item menu-item-type-post_type menu-item-object-page menu-item-2808\"><a href=\"https:\/\/wp.unil.ch\/ateliercritique\/theatres-partenaires\/gervais\/\">Maison Saint-Gervais (Gen\u00e8ve)<\/a><\/li>\n<li id=\"menu-item-4798\" class=\"menu-item menu-item-type-post_type menu-item-object-page menu-item-4798\"><a href=\"https:\/\/wp.unil.ch\/ateliercritique\/theatres-partenaires\/tpr\/\">TPR (La Chaux-de-Fonds)<\/a><\/li>\n<li id=\"menu-item-7069\" class=\"menu-item menu-item-type-post_type menu-item-object-page menu-item-7069\"><a href=\"https:\/\/wp.unil.ch\/ateliercritique\/theatres-partenaires\/theatre-de-lusine-geneve\/\">Th\u00e9\u00e2tre de l\u2019Usine (Gen\u00e8ve)<\/a><\/li>\n<li id=\"menu-item-2813\" class=\"menu-item menu-item-type-post_type menu-item-object-page menu-item-2813\"><a href=\"https:\/\/wp.unil.ch\/ateliercritique\/theatres-partenaires\/vidy\/\">Th\u00e9\u00e2tre de Vidy (Lausanne)<\/a><\/li>\n<li id=\"menu-item-4797\" class=\"menu-item menu-item-type-post_type menu-item-object-page menu-item-4797\"><a href=\"https:\/\/wp.unil.ch\/ateliercritique\/theatres-partenaires\/2-21\/\">Th\u00e9\u00e2tre 2.21 (Lausanne)<\/a><\/li>\n<li id=\"menu-item-17187\" class=\"menu-item menu-item-type-post_type menu-item-object-page menu-item-17187\"><a href=\"https:\/\/wp.unil.ch\/ateliercritique\/theatres-partenaires\/usine-a-gaz-nyon\/\">Usine \u00e0 Gaz (Nyon)<\/a><\/li>\n<li id=\"menu-item-17668\" class=\"menu-item menu-item-type-post_type menu-item-object-page menu-item-17668\"><a href=\"https:\/\/wp.unil.ch\/ateliercritique\/theatres-partenaires\/le-pommier-neuchatel\/\">Le Pommier (Neuch\u00e2tel)<\/a><\/li>\n<li id=\"menu-item-17811\" class=\"menu-item menu-item-type-post_type menu-item-object-page menu-item-17811\"><a href=\"https:\/\/wp.unil.ch\/ateliercritique\/theatres-partenaires\/oriental-vevey\/\">Oriental (Vevey)<\/a><\/li>\n<li id=\"menu-item-23390\" class=\"menu-item menu-item-type-post_type menu-item-object-page menu-item-23390\"><a href=\"https:\/\/wp.unil.ch\/ateliercritique\/theatres-partenaires\/opera-de-lausanne\/\">Op\u00e9ra de Lausanne<\/a><\/li>\n<\/ul>\n\n\n\n<div style=\"height:30px\" aria-hidden=\"true\" class=\"wp-block-spacer\"><\/div>\n\n\n\n<figure class=\"wp-block-video\"><video height=\"832\" style=\"aspect-ratio: 1312 \/ 832;\" width=\"1312\" controls src=\"https:\/\/wp.unil.ch\/ateliercritique\/files\/2024\/06\/CarteTheatresPartenaires-Video2.mp4\"><\/video><\/figure>\n","protected":false},"excerpt":{"rendered":"<p>Th\u00e9\u00e2tres partenaires<\/p>\n","protected":false},"author":784,"featured_media":0,"parent":0,"menu_order":4,"comment_status":"closed","ping_status":"closed","template":"","meta":{"_seopress_robots_primary_cat":"","_seopress_titles_title":"","_seopress_titles_desc":"","_seopress_robots_index":"","footnotes":""},"class_list":["post-2713","page","type-page","status-publish"],"_links":{"self":[{"href":"https:\/\/wp.unil.ch\/ateliercritique\/wp-json\/wp\/v2\/pages\/2713","targetHints":{"allow":["GET"]}}],"collection":[{"href":"https:\/\/wp.unil.ch\/ateliercritique\/wp-json\/wp\/v2\/pages"}],"about":[{"href":"https:\/\/wp.unil.ch\/ateliercritique\/wp-json\/wp\/v2\/types\/page"}],"author":[{"embeddable":true,"href":"https:\/\/wp.unil.ch\/ateliercritique\/wp-json\/wp\/v2\/users\/784"}],"replies":[{"embeddable":true,"href":"https:\/\/wp.unil.ch\/ateliercritique\/wp-json\/wp\/v2\/comments?post=2713"}],"version-history":[{"count":5,"href":"https:\/\/wp.unil.ch\/ateliercritique\/wp-json\/wp\/v2\/pages\/2713\/revisions"}],"predecessor-version":[{"id":23381,"href":"https:\/\/wp.unil.ch\/ateliercritique\/wp-json\/wp\/v2\/pages\/2713\/revisions\/23381"}],"wp:attachment":[{"href":"https:\/\/wp.unil.ch\/ateliercritique\/wp-json\/wp\/v2\/media?parent=2713"}],"curies":[{"name":"wp","href":"https:\/\/api.w.org\/{rel}","templated":true}]}}