{"id":2709,"date":"2014-02-18T08:46:19","date_gmt":"2014-02-18T07:46:19","guid":{"rendered":"http:\/\/wp.unil.ch\/ateliercritique\/?page_id=2709"},"modified":"2025-02-06T17:09:21","modified_gmt":"2025-02-06T16:09:21","slug":"cecilia-galindo","status":"publish","type":"page","link":"https:\/\/wp.unil.ch\/ateliercritique\/lequipe\/cecilia-galindo\/","title":{"rendered":"Cecilia Galindo"},"content":{"rendered":"<p style=\"text-align: justify\"><a href=\"https:\/\/wp.unil.ch\/ateliercritique\/files\/2014\/03\/galindo.jpg\"><img alt=\"\" loading=\"lazy\" decoding=\"async\" class=\"alignleft  wp-image-3756 author-image\" src=\"https:\/\/wp.unil.ch\/ateliercritique\/files\/2014\/03\/galindo-211x200.jpg\" alt=\"\" width=\"169\" height=\"160\" \/><\/a>Etudiante en fin de Master en Lettres \u00e0 l\u2019Universit\u00e9 de Lausanne et impliqu\u00e9e dans la nouvelle sp\u00e9cialisation en Dramaturgie et histoire du th\u00e9\u00e2tre, je satisfais ma curiosit\u00e9 et nourris ma passion pour les arts du spectacle en participant \u00e0 l\u2019Atelier critique. En m\u2019essayant \u00e0 la critique th\u00e9\u00e2trale, j\u2019ai le loisir d\u2019aborder le th\u00e9\u00e2tre sous un regard nouveau, autre que celui d\u2019une com\u00e9dienne amatrice ou d\u2019une \u00e9tudiante en litt\u00e9rature. Ce que je pr\u00e9f\u00e8re, ce sont les quelques secondes flottantes au tout d\u00e9but du spectacle lorsque la salle s\u2019obscurcit et que les spectateurs retiennent leur souffle. Un moment court mais riche, qui d\u00e9roule dans l\u2019imaginaire les nombreuses possibilit\u00e9s que la sc\u00e8ne peut offrir.<\/p>\n<p>\u00a0<\/p>\n<h4>Les critiques de Cecilia Galindo:<\/h4>\n\n\n<div class=\"wp-block-query is-layout-flow wp-block-query-is-layout-flow\"><ul class=\"wp-block-post-template is-layout-flow wp-block-post-template-is-layout-flow\"><li class=\"wp-block-post post-6549 post type-post status-publish format-standard has-post-thumbnail category-critique category-expired category-spectacle category-theatre-du-jorat tag-cecilia-galindo tag-deborah-strebel\">\n<h6 class=\"liensouligne wp-block-post-title\"><a href=\"https:\/\/wp.unil.ch\/ateliercritique\/2015\/06\/nid-de-coucou\/\" target=\"_self\" >Nid de coucou<\/a><\/h6>\n\n<div class=\"wp-block-post-excerpt\"><p class=\"wp-block-post-excerpt__excerpt\">D\u2019apr\u00e8s Ken Kesey \/ Par le Footsbarn Theatre \/ du 11 au 12 juin 2015 \/ Th\u00e9\u00e2tre du Jorat (M\u00e9zi\u00e8res) \/ Critiques par Deborah Strebel et Cecilia Galindo . <\/p><\/div>\n\n\n<div style=\"height:1px\" aria-hidden=\"true\" class=\"wp-block-spacer\"><\/div>\n\n<\/li><li class=\"wp-block-post post-6223 post type-post status-publish format-standard has-post-thumbnail category-critique category-expired category-spectacle category-theatre-de-carouge tag-camille-logoz tag-cecilia-galindo\">\n<h6 class=\"liensouligne wp-block-post-title\"><a href=\"https:\/\/wp.unil.ch\/ateliercritique\/2015\/04\/la-visite-de-la-vieille-dame\/\" target=\"_self\" >La Visite de la vieille dame<\/a><\/h6>\n\n<div class=\"wp-block-post-excerpt\"><p class=\"wp-block-post-excerpt__excerpt\">De Friedrich D\u00fcrrenmatt \/ Mise en sc\u00e8ne par Omar Porras \/ du 17 avril au 9 mai 2015 \/ Th\u00e9\u00e2tre de Carouge (Gen\u00e8ve) \/ En tourn\u00e9e jusqu\u2019au 24 mai 2015 \/ Critiques par Camille Logoz et Cecilia Galindo . <\/p><\/div>\n\n\n<div style=\"height:1px\" aria-hidden=\"true\" class=\"wp-block-spacer\"><\/div>\n\n<\/li><li class=\"wp-block-post post-6147 post type-post status-publish format-standard has-post-thumbnail category-critique category-expired category-spectacle category-theatre-arc-en-scenes-chaux-de-fonds tag-cecilia-galindo tag-nicolas-joray\">\n<h6 class=\"liensouligne wp-block-post-title\"><a href=\"https:\/\/wp.unil.ch\/ateliercritique\/2015\/03\/julia\/\" target=\"_self\" >Julia<\/a><\/h6>\n\n<div class=\"wp-block-post-excerpt\"><p class=\"wp-block-post-excerpt__excerpt\">D\u2019apr\u00e8s August Strindberg \/ Mise en sc\u00e8ne par Christiane Jatahy \/ du 25 au 26 mars 2015\/ Th\u00e9\u00e2tre Populaire Romand (la Chaux-de-Fonds) \/ Critiques par Cecilia Galindo et Nicolas Joray . <\/p><\/div>\n\n\n<div style=\"height:1px\" aria-hidden=\"true\" class=\"wp-block-spacer\"><\/div>\n\n<\/li><li class=\"wp-block-post post-5959 post type-post status-publish format-standard has-post-thumbnail category-critique category-expired category-la-grange category-spectacle tag-camille-logoz tag-cecilia-galindo tag-deborah-strebel tag-maelle-andrey\">\n<h6 class=\"liensouligne wp-block-post-title\"><a href=\"https:\/\/wp.unil.ch\/ateliercritique\/2015\/03\/vernissage\/\" target=\"_self\" >Vernissage<\/a><\/h6>\n\n<div class=\"wp-block-post-excerpt\"><p class=\"wp-block-post-excerpt__excerpt\">de V\u00e1clav Havel \/ mise en sc\u00e8ne Matthias Urban \/ du 26 f\u00e9vrier au 7 mars 2015 \/ Grange de Dorigny \/ Critiques par Cecilia Galindo, Ma\u00eblle Andrey, Deborah Strebel et Camille Logoz.\u00a0 <\/p><\/div>\n\n\n<div style=\"height:1px\" aria-hidden=\"true\" class=\"wp-block-spacer\"><\/div>\n\n<\/li><li class=\"wp-block-post post-5926 post type-post status-publish format-standard has-post-thumbnail category-critique category-expired category-theatre-de-larsenic category-spectacle tag-cecilia-galindo tag-elisa-picci tag-lucas-moreel\">\n<h6 class=\"liensouligne wp-block-post-title\"><a href=\"https:\/\/wp.unil.ch\/ateliercritique\/2015\/03\/janine-rhapsodie\/\" target=\"_self\" >Janine Rhapsodie<\/a><\/h6>\n\n<div class=\"wp-block-post-excerpt\"><p class=\"wp-block-post-excerpt__excerpt\">d\u2019apr\u00e8s Moli\u00e8re \/ texte et mise en sc\u00e8ne Julien Mages \/ du 5 au 15 mars 2015 \/ Th\u00e9\u00e2tre L&rsquo;Arsenic \/ Critiques par Elisa Picci, Cecilia Galindo et Lucas Mor\u00ebel. <\/p><\/div>\n\n\n<div style=\"height:1px\" aria-hidden=\"true\" class=\"wp-block-spacer\"><\/div>\n\n<\/li><li class=\"wp-block-post post-5807 post type-post status-publish format-standard has-post-thumbnail category-critique category-expired category-spectacle category-theatre-2-21-lausanne tag-cecilia-galindo tag-nicolas-joray\">\n<h6 class=\"liensouligne wp-block-post-title\"><a href=\"https:\/\/wp.unil.ch\/ateliercritique\/2015\/02\/blockbuster\/\" target=\"_self\" >Blockbuster<\/a><\/h6>\n\n<div class=\"wp-block-post-excerpt\"><p class=\"wp-block-post-excerpt__excerpt\">par k7 Productions \/ mise en sc\u00e8ne Tomas Gonzalez \/ du 10 au 15 f\u00e9vrier 2015 \/ Th\u00e9\u00e2tre 2.21 \/ Critiques par Cecilia Galindo et Nicolas Joray. <\/p><\/div>\n\n\n<div style=\"height:1px\" aria-hidden=\"true\" class=\"wp-block-spacer\"><\/div>\n\n<\/li><li class=\"wp-block-post post-5733 post type-post status-publish format-standard has-post-thumbnail category-critique category-expired category-spectacle category-theatre-de-carouge tag-cecilia-galindo\">\n<h6 class=\"liensouligne wp-block-post-title\"><a href=\"https:\/\/wp.unil.ch\/ateliercritique\/2015\/01\/lavare\/\" target=\"_self\" >L&rsquo;Avare<\/a><\/h6>\n\n<div class=\"wp-block-post-excerpt\"><p class=\"wp-block-post-excerpt__excerpt\">de Moli\u00e8re \/ mise en sc\u00e8ne Gianni Schneider \/ du 9 janvier au 1er f\u00e9vrier 2015 \/ Th\u00e9\u00e2tre de Carouge \/ Critique par Cecilia Galindo.\u00a0 <\/p><\/div>\n\n\n<div style=\"height:1px\" aria-hidden=\"true\" class=\"wp-block-spacer\"><\/div>\n\n<\/li><li class=\"wp-block-post post-5494 post type-post status-publish format-standard has-post-thumbnail category-critique category-expired category-spectacle category-theatre-arc-en-scenes-chaux-de-fonds tag-cecilia-galindo tag-jonas-guyot\">\n<h6 class=\"liensouligne wp-block-post-title\"><a href=\"https:\/\/wp.unil.ch\/ateliercritique\/2014\/11\/une-femme-sans-histoire\/\" target=\"_self\" >Une femme sans histoire<\/a><\/h6>\n\n<div class=\"wp-block-post-excerpt\"><p class=\"wp-block-post-excerpt__excerpt\">D\u2019apr\u00e8s le docu-fiction de Jean-Xavier de Lestrade La Fille du Silence \/ mise en sc\u00e8ne Dorian Rossel \/ du 26 au 29 novembre 2014 \/ TPR \/ Critiques par Jonas Guyot et Cecilia Galindo. <\/p><\/div>\n\n\n<div style=\"height:1px\" aria-hidden=\"true\" class=\"wp-block-spacer\"><\/div>\n\n<\/li><li class=\"wp-block-post post-5278 post type-post status-publish format-standard has-post-thumbnail category-critique category-expired category-spectacle category-theatre-du-passage tag-cecilia-galindo tag-suzanne-balharry\">\n<h6 class=\"liensouligne wp-block-post-title\"><a href=\"https:\/\/wp.unil.ch\/ateliercritique\/2014\/10\/doute\/\" target=\"_self\" >Doute<\/a><\/h6>\n\n<div class=\"wp-block-post-excerpt\"><p class=\"wp-block-post-excerpt__excerpt\">de John Patrick Shanley \/ mise en sc\u00e8ne Robert Bouvier \/ 26 octobre 2014 \/ Th\u00e9\u00e2tre du Passage \/ Critiques par Cecilia Galindo et Suzanne Balharry. <\/p><\/div>\n\n\n<div style=\"height:1px\" aria-hidden=\"true\" class=\"wp-block-spacer\"><\/div>\n\n<\/li><li class=\"wp-block-post post-5046 post type-post status-publish format-standard has-post-thumbnail category-critique category-expired category-theatre-comedie category-spectacle tag-cecilia-galindo tag-deborah-strebel\">\n<h6 class=\"liensouligne wp-block-post-title\"><a href=\"https:\/\/wp.unil.ch\/ateliercritique\/2014\/10\/on-ne-paie-pas\/\" target=\"_self\" >On ne paie pas, on ne paie pas !<\/a><\/h6>\n\n<div class=\"wp-block-post-excerpt\"><p class=\"wp-block-post-excerpt__excerpt\">De Dario Fo \/ Mise en sc\u00e8ne Joan Mompart \/ du 7 au 11 octobre 2014 \/ La Com\u00e9die de Gen\u00e8ve \/ Critiques par Deborah Strebel et Cecilia Galindo. <\/p><\/div>\n\n\n<div style=\"height:1px\" aria-hidden=\"true\" class=\"wp-block-spacer\"><\/div>\n\n<\/li><li class=\"wp-block-post post-4714 post type-post status-publish format-standard has-post-thumbnail category-critique category-expired category-spectacle category-theatre-du-jorat tag-cecilia-galindo tag-joanna-potz tag-jonas-guyot\">\n<h6 class=\"liensouligne wp-block-post-title\"><a href=\"https:\/\/wp.unil.ch\/ateliercritique\/2014\/06\/macbeth\/\" target=\"_self\" >Macbeth (the notes)<\/a><\/h6>\n\n<div class=\"wp-block-post-excerpt\"><p class=\"wp-block-post-excerpt__excerpt\">d\u2019apr\u00e8s Shakespeare \/ adaptation et mise en sc\u00e8ne Dan Jemmett \/ Th\u00e9\u00e2tre du Jorat \u00e0 M\u00e9zi\u00e8res \/ vendredi 27 juin 2014 \/ Critiques par Joanna P\u00f6tz, Jonas Guyot et Cecilia Galindo. <\/p><\/div>\n\n\n<div style=\"height:1px\" aria-hidden=\"true\" class=\"wp-block-spacer\"><\/div>\n\n<\/li><li class=\"wp-block-post post-4687 post type-post status-publish format-standard has-post-thumbnail category-critique category-expired category-spectacle category-theatre-2-21-lausanne tag-cecilia-galindo tag-laura-pallu tag-lisa-tagliabue\">\n<h6 class=\"liensouligne wp-block-post-title\"><a href=\"https:\/\/wp.unil.ch\/ateliercritique\/2014\/06\/nobody\/\" target=\"_self\" >Nobody dies in dreamland<\/a><\/h6>\n\n<div class=\"wp-block-post-excerpt\"><p class=\"wp-block-post-excerpt__excerpt\">par la Cie Love Love Hou ! en collaboration avec la Cie Latitude45 \/ mise en sc\u00e8ne Attilio Sandro Palese \/ Th\u00e9\u00e2tre 2.21 \u00e0 Lausanne \/ du 3 au 8 juin 2014 \/ Critiuqes par Cecilia Galindo, Lisa Tagliabue et\u2026 <\/p><\/div>\n\n\n<div style=\"height:1px\" aria-hidden=\"true\" class=\"wp-block-spacer\"><\/div>\n\n<\/li><li class=\"wp-block-post post-4307 post type-post status-publish format-standard has-post-thumbnail category-critique category-expired category-spectacle category-theatre-du-loup tag-cecilia-galindo tag-suzanne-balharry\">\n<h6 class=\"liensouligne wp-block-post-title\"><a href=\"https:\/\/wp.unil.ch\/ateliercritique\/2014\/04\/puce\/\" target=\"_self\" >La Puce \u00e0 l\u2019oreille<\/a><\/h6>\n\n<div class=\"wp-block-post-excerpt\"><p class=\"wp-block-post-excerpt__excerpt\">de Georges Feydeau \/ mise en sc\u00e8ne Julien George &#8211; L&rsquo;autre compagnie \/ du 18 au 28 mars au Th\u00e9\u00e2tre Jean Arp \u00e0 Clamart \/ du 1 au 20 avril au Th\u00e9\u00e2tre du Loup \u00e0 Gen\u00e8ve \/ jeudi 24 avril\u2026 <\/p><\/div>\n\n\n<div style=\"height:1px\" aria-hidden=\"true\" class=\"wp-block-spacer\"><\/div>\n\n<\/li><li class=\"wp-block-post post-4228 post type-post status-publish format-standard has-post-thumbnail category-critique category-expired category-spectacle category-theatre-de-vidy tag-aitor-gosende tag-alice-bottarelli tag-cecilia-galindo\">\n<h6 class=\"liensouligne wp-block-post-title\"><a href=\"https:\/\/wp.unil.ch\/ateliercritique\/2014\/03\/seule\/\" target=\"_self\" >Seule la mer<\/a><\/h6>\n\n<div class=\"wp-block-post-excerpt\"><p class=\"wp-block-post-excerpt__excerpt\">d\u2019Amos Oz \/ mise en sc\u00e8ne Denis Maillefer \/ Th\u00e9\u00e2tre de Vidy \u00e0 Lausanne \/ du 18 mars au 23 mars 2014 \/ Critiques par Cecilia Galindo, Alice Bottarelli et Aitor Gosende Cruces. <\/p><\/div>\n\n\n<div style=\"height:1px\" aria-hidden=\"true\" class=\"wp-block-spacer\"><\/div>\n\n<\/li><li class=\"wp-block-post post-4022 post type-post status-publish format-standard has-post-thumbnail category-critique category-expired category-theatre-de-larsenic category-maison-saint-gervais category-spectacle tag-aitor-gosende tag-alice-bottarelli tag-cecilia-galindo\">\n<h6 class=\"liensouligne wp-block-post-title\"><a href=\"https:\/\/wp.unil.ch\/ateliercritique\/2014\/03\/mercedes\/\" target=\"_self\" >Mercedes-Benz W123<\/a><\/h6>\n\n<div class=\"wp-block-post-excerpt\"><p class=\"wp-block-post-excerpt__excerpt\">texte et mise en sc\u00e8ne Marie Fourquet \u2013 Cie ad-apte (CH) \/ du 11 au 16 mars 2014 au Th\u00e9\u00e2tre Arsenic \u00e0 Lausanne \/ le 26 avril au Centre Culturel R\u00e9gional de Del\u00e9mont \/ du 30 avril au 17 mai\u2026 <\/p><\/div>\n\n\n<div style=\"height:1px\" aria-hidden=\"true\" class=\"wp-block-spacer\"><\/div>\n\n<\/li><li class=\"wp-block-post post-2576 post type-post status-publish format-standard has-post-thumbnail category-critique category-expired category-le-petit-theatre category-spectacle tag-cecilia-galindo tag-jonas-guyot tag-suzanne-balharry\">\n<h6 class=\"liensouligne wp-block-post-title\"><a href=\"https:\/\/wp.unil.ch\/ateliercritique\/2014\/01\/petite\/\" target=\"_self\" >La Petite Fille aux allumettes<\/a><\/h6>\n\n<div class=\"wp-block-post-excerpt\"><p class=\"wp-block-post-excerpt__excerpt\">d\u2019apr\u00e8s Hans Christian Andersen \/ mise en sc\u00e8ne Julie Annen \/ Petit Th\u00e9\u00e2tre de Lausanne \/ du 29 janvier au 16 f\u00e9vrier \/ Critiques par Cecilia Galindo, Suzanne Balharry, Jonas Guyot. <\/p><\/div>\n\n\n<div style=\"height:1px\" aria-hidden=\"true\" class=\"wp-block-spacer\"><\/div>\n\n<\/li><li class=\"wp-block-post post-2492 post type-post status-publish format-standard has-post-thumbnail category-critique category-expired category-theatre-comedie category-spectacle tag-cecilia-galindo tag-jehanne-denogent tag-sophie-badoux\">\n<h6 class=\"liensouligne wp-block-post-title\"><a href=\"https:\/\/wp.unil.ch\/ateliercritique\/2014\/01\/heros\/\" target=\"_self\" >Des H\u00e9ros : Ajax \/ \u0152dipe Roi<\/a><\/h6>\n\n<div class=\"wp-block-post-excerpt\"><p class=\"wp-block-post-excerpt__excerpt\">textes de Wajdi Mouawad et de Sophocle \/ mise en sc\u00e8ne Wajdi Mouawad \/ La Com\u00e9die (Gen\u00e8ve) \/ du 21 au 26 janvier 2014 \/ Critiques par Cecilia Galindo, Sophie Badoux et Jehanne Denogent. <\/p><\/div>\n\n\n<div style=\"height:1px\" aria-hidden=\"true\" class=\"wp-block-spacer\"><\/div>\n\n<\/li><li class=\"wp-block-post post-2369 post type-post status-publish format-standard has-post-thumbnail category-critique category-expired category-spectacle category-theatre-de-vidy tag-cecilia-galindo tag-jonas-guyot tag-jonas-parson\">\n<h6 class=\"liensouligne wp-block-post-title\"><a href=\"https:\/\/wp.unil.ch\/ateliercritique\/2014\/01\/immortels\/\" target=\"_self\" >Immortels<\/a><\/h6>\n\n<div class=\"wp-block-post-excerpt\"><p class=\"wp-block-post-excerpt__excerpt\">de Nasser Djema\u00ef \/ mise en sc\u00e8ne Nasser Djema\u00ef \/ Th\u00e9\u00e2tre de Vidy \u00e0 Lausanne \/\u00a0du 21 janvier au 2 f\u00e9vrier 2014 \/ Critiques pas Jonas Guyot, Cecilia Galindo et Jonas Parson. <\/p><\/div>\n\n\n<div style=\"height:1px\" aria-hidden=\"true\" class=\"wp-block-spacer\"><\/div>\n\n<\/li><li class=\"wp-block-post post-2111 post type-post status-publish format-standard has-post-thumbnail category-critique category-expired category-spectacle category-theatre-de-carouge tag-alice-bottarelli tag-amandine-rosset tag-cecilia-galindo tag-suzanne-balharry\">\n<h6 class=\"liensouligne wp-block-post-title\"><a href=\"https:\/\/wp.unil.ch\/ateliercritique\/2014\/01\/malade\/\" target=\"_self\" >Le Malade imaginaire<\/a><\/h6>\n\n<div class=\"wp-block-post-excerpt\"><p class=\"wp-block-post-excerpt__excerpt\">de Moli\u00e8re \/ mise en sc\u00e8ne Jean Liermier \/ Th\u00e9\u00e2tre de Carouge \u00e0 Gen\u00e8ve \/ du 14 janvier au 9 f\u00e9vrier 2014 \/ Critique par Cecilia Galindo, Suzanne Balharry, Alice Bottarelli, Amandi Rosset. <\/p><\/div>\n\n\n<div style=\"height:1px\" aria-hidden=\"true\" class=\"wp-block-spacer\"><\/div>\n\n<\/li><li class=\"wp-block-post post-1279 post type-post status-publish format-standard has-post-thumbnail category-critique category-expired category-spectacle category-theatre-de-carouge tag-cecilia-galindo\">\n<h6 class=\"liensouligne wp-block-post-title\"><a href=\"https:\/\/wp.unil.ch\/ateliercritique\/2013\/11\/double\/\" target=\"_self\" >La Double Mort de l&rsquo;Horloger<\/a><\/h6>\n\n<div class=\"wp-block-post-excerpt\"><p class=\"wp-block-post-excerpt__excerpt\">d&rsquo;apr\u00e8s \u00d6d\u00f6n von Horv\u00e1th \/ mise en sc\u00e8ne Andr\u00e9 Engel \/ Th\u00e9\u00e2tre de Carrouge \u00e0 Gen\u00e8ve \/ du 26 novembre au 7 d\u00e9cembre 2013 \/ Critique par Cecilia Galindo. <\/p><\/div>\n\n\n<div style=\"height:1px\" aria-hidden=\"true\" class=\"wp-block-spacer\"><\/div>\n\n<\/li><li class=\"wp-block-post post-1297 post type-post status-publish format-standard has-post-thumbnail category-critique category-expired category-spectacle category-theatre-les-halles tag-cecilia-galindo tag-sabrina-roh\">\n<h6 class=\"liensouligne wp-block-post-title\"><a href=\"https:\/\/wp.unil.ch\/ateliercritique\/2013\/11\/deux-hamlet-2\/\" target=\"_self\" >All apologies &#8211; Hamlet<\/a><\/h6>\n\n<div class=\"wp-block-post-excerpt\"><p class=\"wp-block-post-excerpt__excerpt\">de William Shakespeare et Adrien Rupp \/ mise en sc\u00e8ne Alexandre Doublet \/ Th\u00e9\u00e2tre Les Halles de Sierre \/ du 21 novembre au 30 novembre 2013 \/ Critiques par Sabrina Roh et Cecilia Galindo. <\/p><\/div>\n\n\n<div style=\"height:1px\" aria-hidden=\"true\" class=\"wp-block-spacer\"><\/div>\n\n<\/li><li class=\"wp-block-post post-984 post type-post status-publish format-standard has-post-thumbnail category-critique category-expired category-spectacle category-theatre-de-vidy tag-cecilia-galindo tag-jonas-parson tag-sabrina-roh\">\n<h6 class=\"liensouligne wp-block-post-title\"><a href=\"https:\/\/wp.unil.ch\/ateliercritique\/2013\/11\/triomphe\/\" target=\"_self\" >Le Triomphe de l&rsquo;amour<\/a><\/h6>\n\n<div class=\"wp-block-post-excerpt\"><p class=\"wp-block-post-excerpt__excerpt\">de Marivaux \/ mise en sc\u00e8ne Galin Stoev \/ Th\u00e9\u00e2tre de Vidy \u00e0 Lausanne \/ du 5 au 17 novembre 2013 \/ Critiques par Cecilia Galindo, Sabrina Roh et Jonas Parson. <\/p><\/div>\n\n\n<div style=\"height:1px\" aria-hidden=\"true\" class=\"wp-block-spacer\"><\/div>\n\n<\/li><li class=\"wp-block-post post-703 post type-post status-publish format-standard has-post-thumbnail category-critique category-expired category-spectacle category-theatre-de-vidy tag-aline-kohler tag-cecilia-galindo tag-jonas-guyot\">\n<h6 class=\"liensouligne wp-block-post-title\"><a href=\"https:\/\/wp.unil.ch\/ateliercritique\/2013\/11\/derive\/\" target=\"_self\" >La D\u00e9rive des continents<\/a><\/h6>\n\n<div class=\"wp-block-post-excerpt\"><p class=\"wp-block-post-excerpt__excerpt\">de Philippe Saire et Antoinette Rychner \/ d\u2019apr\u00e8s l\u2019Odyss\u00e9e d&rsquo;Hom\u00e8re \/ Th\u00e9\u00e2tre de Vidy \u00e0 Lausanne \/ du 29 octobre au 17 novembre 2013 \/ Critiques par Cecilia Galindo, Aline Kohler et Jonas Guyot. <\/p><\/div>\n\n\n<div style=\"height:1px\" aria-hidden=\"true\" class=\"wp-block-spacer\"><\/div>\n\n<\/li><li class=\"wp-block-post post-753 post type-post status-publish format-standard has-post-thumbnail category-critique category-expired category-spectacle category-theatre-de-vidy tag-cecilia-galindo tag-jehanne-denogent tag-jonas-guyot tag-suzanne-balharry\">\n<h6 class=\"liensouligne wp-block-post-title\"><a href=\"https:\/\/wp.unil.ch\/ateliercritique\/2013\/11\/quatre-femmes\/\" target=\"_self\" >Les Femmes savantes<\/a><\/h6>\n\n<div class=\"wp-block-post-excerpt\"><p class=\"wp-block-post-excerpt__excerpt\">de Moli\u00e8re \/ mise en sc\u00e8ne Denis Marleau \/ Th\u00e9\u00e2tre de Vidy \u00e0 Lausanne \/ du 29 octobre au 2 novembre 2013 \/ Critiques par Cecilia Galindo, Jonas Guyot, Jehanne Denogent et Suzanne Balharry. <\/p><\/div>\n\n\n<div style=\"height:1px\" aria-hidden=\"true\" class=\"wp-block-spacer\"><\/div>\n\n<\/li><li class=\"wp-block-post post-660 post type-post status-publish format-standard has-post-thumbnail category-critique category-expired category-la-grange category-spectacle tag-aline-kohler tag-cecilia-galindo tag-jonas-parson tag-sabrina-roh\">\n<h6 class=\"liensouligne wp-block-post-title\"><a href=\"https:\/\/wp.unil.ch\/ateliercritique\/2013\/10\/quatre-ronde\/\" target=\"_self\" >La Ronde<\/a><\/h6>\n\n<div class=\"wp-block-post-excerpt\"><p class=\"wp-block-post-excerpt__excerpt\">d&rsquo;Arthur Schnitzler \/ mise en sc\u00e8ne Valentin Rossier \/ Th\u00e9\u00e2tre La Grange de Dorigny \/ du 25 octobre au 2 novembre 2013 \/ Critiques par Cecilia Galindo, Sabrina Roh, Jonas Parson et Aline Kohler. <\/p><\/div>\n\n\n<div style=\"height:1px\" aria-hidden=\"true\" class=\"wp-block-spacer\"><\/div>\n\n<\/li><\/ul><\/div>\n","protected":false},"excerpt":{"rendered":"<p>Etudiante en fin de Master en Lettres \u00e0 l\u2019Universit\u00e9 de Lausanne et impliqu\u00e9e dans la nouvelle sp\u00e9cialisation en Dramaturgie et histoire du th\u00e9\u00e2tre, je satisfais ma curiosit\u00e9 et nourris ma &hellip; <\/p>\n","protected":false},"author":1420,"featured_media":0,"parent":2716,"menu_order":0,"comment_status":"closed","ping_status":"open","template":"","meta":{"_seopress_robots_primary_cat":"","_seopress_titles_title":"","_seopress_titles_desc":"","_seopress_robots_index":"","footnotes":""},"class_list":["post-2709","page","type-page","status-publish"],"_links":{"self":[{"href":"https:\/\/wp.unil.ch\/ateliercritique\/wp-json\/wp\/v2\/pages\/2709","targetHints":{"allow":["GET"]}}],"collection":[{"href":"https:\/\/wp.unil.ch\/ateliercritique\/wp-json\/wp\/v2\/pages"}],"about":[{"href":"https:\/\/wp.unil.ch\/ateliercritique\/wp-json\/wp\/v2\/types\/page"}],"author":[{"embeddable":true,"href":"https:\/\/wp.unil.ch\/ateliercritique\/wp-json\/wp\/v2\/users\/1420"}],"replies":[{"embeddable":true,"href":"https:\/\/wp.unil.ch\/ateliercritique\/wp-json\/wp\/v2\/comments?post=2709"}],"version-history":[{"count":1,"href":"https:\/\/wp.unil.ch\/ateliercritique\/wp-json\/wp\/v2\/pages\/2709\/revisions"}],"predecessor-version":[{"id":22281,"href":"https:\/\/wp.unil.ch\/ateliercritique\/wp-json\/wp\/v2\/pages\/2709\/revisions\/22281"}],"up":[{"embeddable":true,"href":"https:\/\/wp.unil.ch\/ateliercritique\/wp-json\/wp\/v2\/pages\/2716"}],"wp:attachment":[{"href":"https:\/\/wp.unil.ch\/ateliercritique\/wp-json\/wp\/v2\/media?parent=2709"}],"curies":[{"name":"wp","href":"https:\/\/api.w.org\/{rel}","templated":true}]}}