{"id":23245,"date":"2025-10-12T19:28:14","date_gmt":"2025-10-12T17:28:14","guid":{"rendered":"https:\/\/wp.unil.ch\/ateliercritique\/?page_id=23245"},"modified":"2025-10-15T17:54:56","modified_gmt":"2025-10-15T15:54:56","slug":"ilian-guesmia","status":"publish","type":"page","link":"https:\/\/wp.unil.ch\/ateliercritique\/lequipe\/ilian-guesmia\/","title":{"rendered":"Ilian Guesmia"},"content":{"rendered":"<div class=\"wp-block-image\">\n<figure class=\"alignright size-large is-resized\"><img loading=\"lazy\" decoding=\"async\" width=\"759\" height=\"1024\" src=\"https:\/\/wp.unil.ch\/ateliercritique\/files\/2025\/10\/ilian-guesmia-759x1024.jpg\" alt=\"ilian guesmia\" class=\"wp-image-23273\" style=\"object-fit:cover;width:300px;height:300px\" srcset=\"https:\/\/wp.unil.ch\/ateliercritique\/files\/2025\/10\/ilian-guesmia-759x1024.jpg 759w, https:\/\/wp.unil.ch\/ateliercritique\/files\/2025\/10\/ilian-guesmia-148x200.jpg 148w, https:\/\/wp.unil.ch\/ateliercritique\/files\/2025\/10\/ilian-guesmia-126x170.jpg 126w, https:\/\/wp.unil.ch\/ateliercritique\/files\/2025\/10\/ilian-guesmia-768x1036.jpg 768w, https:\/\/wp.unil.ch\/ateliercritique\/files\/2025\/10\/ilian-guesmia.jpg 890w\" sizes=\"auto, (max-width: 759px) 100vw, 759px\" \/><\/figure>\n<\/div>\n\n\n<p>\u00c9tudiant de Master en\u00a0<a href=\"https:\/\/www.unil.ch\/fra\/fr\/home\/menuinst\/formations\/filiere-moderne\/enseignements\/litterature-moderne.html\">fran\u00e7ais moderne<\/a>,\u00a0<a href=\"https:\/\/www.unil.ch\/iasa\/fr\/home\/menuguid\/histoire-ancienne.html\">Histoire ancienne<\/a>\u00a0et\u00a0<a href=\"https:\/\/www.unil.ch\/cet\/fr\/home\/menuinst\/formations\/master.html\">\u00e9tudes th\u00e9\u00e2trales<\/a>\u00a0en\u00a0<a href=\"https:\/\/www.unil.ch\/lettres\/fr\/home.html\">Facult\u00e9 des Lettres<\/a>\u00a0\u00e0\u00a0<a href=\"https:\/\/www.unil.ch\/unil\/fr\/home.html\">l&rsquo;Universit\u00e9 de Lausanne<\/a>, je suis passionn\u00e9 de litt\u00e9rature, de th\u00e9\u00e2tre et de cin\u00e9ma. Je suis stimul\u00e9 par les interactions entre ces trois m\u00e9dias, par leur inscription dans l\u2019Histoire et par la composante engag\u00e9e (f\u00e9ministe, queer, \u00e9cologiste, etc.) que ces arts peuvent rev\u00eatir. Si mes \u00e9tudes ont jusque-l\u00e0 majoritairement port\u00e9 sur le th\u00e9\u00e2tre classique des XVII-XVIIIe si\u00e8cles et sur leurs mises en sc\u00e8ne r\u00e9centes, je suis \u00e9galement int\u00e9ress\u00e9 par une production th\u00e9\u00e2trale internationale et contemporaine. Ce sont par ailleurs trois arts que j\u2019aime consommer et analyser, mais aussi produire et critiquer : \u00e0 la fois lecteur, spectateur et\u00a0<a href=\"https:\/\/letterboxd.com\/the_cinephilian\/\">cin\u00e9phile<\/a>, j\u2019endosse aussi volontiers les r\u00f4les de\u00a0<a href=\"https:\/\/lauditoire.ch\/2025\/01\/21\/souleymane-trouve-asile-au-cinema\/\">critique<\/a>, d\u2019<a href=\"https:\/\/lauditoire.ch\/2022\/12\/01\/les-nuages-blancs\/\">auteur<\/a>\u00a0et de com\u00e9dien. Ayant foul\u00e9 ma premi\u00e8re sc\u00e8ne en 2012, j\u2019ai commenc\u00e9 \u00e0 cr\u00e9er mes propres sketchs \u00e0 l\u2019\u00e2ge de 10 ans et n\u2019ai jamais cess\u00e9 d\u2019\u00e9crire et de jouer depuis, dans des spectacles scolaires d\u2019abord, puis \u00e0 l\u2019<a href=\"https:\/\/www.ecole-enjeu.ch\/\">\u00c9cole de th\u00e9\u00e2tre En Jeu<\/a>\u00a0(ancienne \u00c9cole Dieggelmann) \u00e0 Lausanne. J\u2019ai en outre rejoint en 2023\u00a0<a href=\"https:\/\/www.dossierk.ch\/\">Le Dossier K<\/a>, une troupe du\u00a0<a href=\"https:\/\/www.epfl.ch\/campus\/associations\/pet\/\">P\u00f4le d&rsquo;Expression Th\u00e9\u00e2trale<\/a>\u00a0de l\u2019UNIL-EPFL.<\/p>\n\n\n\n<h4 class=\"wp-block-heading\">Les critiques d&rsquo;Ilian Guesmia : <\/h4>\n\n\n\n<div class=\"wp-block-query is-layout-flow wp-block-query-is-layout-flow\"><ul class=\"wp-block-post-template is-layout-flow wp-block-post-template-is-layout-flow\"><li class=\"wp-block-post post-23502 post type-post status-publish format-standard has-post-thumbnail category-critique category-onstage category-opera-de-lausanne category-spectacle tag-ilian-guesmia\">\n<h6 class=\"liensouligne wp-block-post-title\"><a href=\"https:\/\/wp.unil.ch\/ateliercritique\/2026\/05\/le-nain\/\" target=\"_self\" >Le Nain<\/a><\/h6>\n\n<div class=\"wp-block-post-excerpt\"><p class=\"wp-block-post-excerpt__excerpt\">De Alexander von Zemlinsky, livret de Georg C. Klaren, d&rsquo;apr\u00e8s Oscar Wilde \/ Mise en sc\u00e8ne par Jean Liermier et direction musicale par Sora Elisabeth Lee \/ Op\u00e9ra de Lausanne \/ Du 26 avril au 3 mai 2026 \/ Critique\u2026 <\/p><\/div>\n\n\n<div style=\"height:1px\" aria-hidden=\"true\" class=\"wp-block-spacer\"><\/div>\n\n<\/li><li class=\"wp-block-post post-23471 post type-post status-publish format-standard has-post-thumbnail category-creation-libre category-expired category-la-grange category-spectacle tag-felix-blandin tag-ilian-guesmia\">\n<h6 class=\"liensouligne wp-block-post-title\"><a href=\"https:\/\/wp.unil.ch\/ateliercritique\/2026\/04\/le-cors-de-claudine\/\" target=\"_self\" >Le corps de Claudine<\/a><\/h6>\n\n<div class=\"wp-block-post-excerpt\"><p class=\"wp-block-post-excerpt__excerpt\">Conception et mise en sc\u00e8ne par Fabrice Gorgerat \/ La Grange \/ Centre Arts et Sciences \/ UNIL (Lausanne) \/ Du 3 au 8 mars 2026 \/ Textes cr\u00e9atifs par Ilian Guesmia et F\u00e9lix Blandin . <\/p><\/div>\n\n\n<div style=\"height:1px\" aria-hidden=\"true\" class=\"wp-block-spacer\"><\/div>\n\n<\/li><li class=\"wp-block-post post-23344 post type-post status-publish format-standard has-post-thumbnail category-critique category-theatre-des-osses category-onstage category-spectacle tag-ilian-guesmia\">\n<h6 class=\"liensouligne wp-block-post-title\"><a href=\"https:\/\/wp.unil.ch\/ateliercritique\/2025\/11\/le-misanthrope-2\/\" target=\"_self\" >Le Misanthrope<\/a><\/h6>\n\n<div class=\"wp-block-post-excerpt\"><p class=\"wp-block-post-excerpt__excerpt\">D&rsquo;apr\u00e8s Moli\u00e8re \/ Mise en sc\u00e8ne par Anne Schwaller \/ Th\u00e9\u00e2tre des Osses (Fribourg) \/ Du 30 octobre au 21 d\u00e9cembre 2025 \/ Critique par Ilian Guesmia . <\/p><\/div>\n\n\n<div style=\"height:1px\" aria-hidden=\"true\" class=\"wp-block-spacer\"><\/div>\n\n<\/li><li class=\"wp-block-post post-23304 post type-post status-publish format-standard has-post-thumbnail category-critique category-expired category-spectacle category-theatre-de-vidy tag-ilian-guesmia tag-maxime-grandjean\">\n<h6 class=\"liensouligne wp-block-post-title\"><a href=\"https:\/\/wp.unil.ch\/ateliercritique\/2025\/11\/in-bocca-al-lupo\/\" target=\"_self\" >In bocca al lupo<\/a><\/h6>\n\n<div class=\"wp-block-post-excerpt\"><p class=\"wp-block-post-excerpt__excerpt\">Conception et mise en sc\u00e8ne par Judith Zagury\/ Shanjulab\/ Th\u00e9\u00e2tre de Vidy (Lausanne) \/ Du 30 octobre au 14 novembre 2025 \/ Critiques par Maxime Grandjean et Ilian Guesmia . <\/p><\/div>\n\n\n<div style=\"height:1px\" aria-hidden=\"true\" class=\"wp-block-spacer\"><\/div>\n\n<\/li><li class=\"wp-block-post post-23259 post type-post status-publish format-standard has-post-thumbnail category-critique category-expired category-opera-de-lausanne category-spectacle tag-ilian-guesmia\">\n<h6 class=\"liensouligne wp-block-post-title\"><a href=\"https:\/\/wp.unil.ch\/ateliercritique\/2025\/10\/don-quichotte\/\" target=\"_self\" >Don Quichotte<\/a><\/h6>\n\n<div class=\"wp-block-post-excerpt\"><p class=\"wp-block-post-excerpt__excerpt\">De Jules Massenet, livret de Henri Cain, d&rsquo;apr\u00e8s Miguel de Cervantes \/ Mise en sc\u00e8ne par Bruno Ravella et direction musicale par Laurent Campellone \/ Op\u00e9ra de Lausanne \/ Du 5 au 12 octobre 2025 \/ Critique par Ilian Guesmia\u2026 <\/p><\/div>\n\n\n<div style=\"height:1px\" aria-hidden=\"true\" class=\"wp-block-spacer\"><\/div>\n\n<\/li><li class=\"wp-block-post post-23255 post type-post status-publish format-standard has-post-thumbnail category-critique category-expired category-spectacle category-theatre-de-vidy tag-ilian-guesmia tag-mathys-lonfat tag-maud-seem tag-maxime-grandjean tag-muireann-walsh\">\n<h6 class=\"liensouligne wp-block-post-title\"><a href=\"https:\/\/wp.unil.ch\/ateliercritique\/2025\/10\/bovary-madame\/\" target=\"_self\" >Bovary Madame<\/a><\/h6>\n\n<div class=\"wp-block-post-excerpt\"><p class=\"wp-block-post-excerpt__excerpt\">D&rsquo;apr\u00e8s Gustave Flaubert \/ Mise en sc\u00e8ne par Christophe Honor\u00e9 \/ Th\u00e9\u00e2tre de Vidy (Lausanne) \/ Du 17 septembre au 8 octobre 2025 \/ Critiques par Ilian Guesmia, Muireann Walsh, Mathys Lonfat et Maud Seem . <\/p><\/div>\n\n\n<div style=\"height:1px\" aria-hidden=\"true\" class=\"wp-block-spacer\"><\/div>\n\n<\/li><\/ul><\/div>\n","protected":false},"excerpt":{"rendered":"<p>\u00c9tudiant de Master en\u00a0fran\u00e7ais moderne,\u00a0Histoire ancienne\u00a0et\u00a0\u00e9tudes th\u00e9\u00e2trales\u00a0en\u00a0Facult\u00e9 des Lettres\u00a0\u00e0\u00a0l&rsquo;Universit\u00e9 de Lausanne, je suis passionn\u00e9 de litt\u00e9rature, de th\u00e9\u00e2tre et de cin\u00e9ma. Je suis stimul\u00e9 par les interactions entre ces trois &hellip; <\/p>\n","protected":false},"author":1002847,"featured_media":0,"parent":2716,"menu_order":0,"comment_status":"closed","ping_status":"closed","template":"","meta":{"_seopress_robots_primary_cat":"","_seopress_titles_title":"","_seopress_titles_desc":"","_seopress_robots_index":"","_seopress_analysis_target_kw":"","footnotes":""},"class_list":["post-23245","page","type-page","status-publish"],"_links":{"self":[{"href":"https:\/\/wp.unil.ch\/ateliercritique\/wp-json\/wp\/v2\/pages\/23245","targetHints":{"allow":["GET"]}}],"collection":[{"href":"https:\/\/wp.unil.ch\/ateliercritique\/wp-json\/wp\/v2\/pages"}],"about":[{"href":"https:\/\/wp.unil.ch\/ateliercritique\/wp-json\/wp\/v2\/types\/page"}],"author":[{"embeddable":true,"href":"https:\/\/wp.unil.ch\/ateliercritique\/wp-json\/wp\/v2\/users\/1002847"}],"replies":[{"embeddable":true,"href":"https:\/\/wp.unil.ch\/ateliercritique\/wp-json\/wp\/v2\/comments?post=23245"}],"version-history":[{"count":4,"href":"https:\/\/wp.unil.ch\/ateliercritique\/wp-json\/wp\/v2\/pages\/23245\/revisions"}],"predecessor-version":[{"id":23276,"href":"https:\/\/wp.unil.ch\/ateliercritique\/wp-json\/wp\/v2\/pages\/23245\/revisions\/23276"}],"up":[{"embeddable":true,"href":"https:\/\/wp.unil.ch\/ateliercritique\/wp-json\/wp\/v2\/pages\/2716"}],"wp:attachment":[{"href":"https:\/\/wp.unil.ch\/ateliercritique\/wp-json\/wp\/v2\/media?parent=23245"}],"curies":[{"name":"wp","href":"https:\/\/api.w.org\/{rel}","templated":true}]}}