{"id":22962,"date":"2025-03-18T18:36:49","date_gmt":"2025-03-18T17:36:49","guid":{"rendered":"https:\/\/wp.unil.ch\/ateliercritique\/?page_id=22962"},"modified":"2025-03-27T22:27:07","modified_gmt":"2025-03-27T21:27:07","slug":"celia-reymond","status":"publish","type":"page","link":"https:\/\/wp.unil.ch\/ateliercritique\/lequipe\/celia-reymond\/","title":{"rendered":"C\u00e9lia Reymond"},"content":{"rendered":"\n<h4 class=\"wp-block-heading\">Les critiques de C\u00e9lia Reymond : <\/h4>\n\n\n\n<div class=\"wp-block-query is-layout-flow wp-block-query-is-layout-flow\"><ul class=\"wp-block-post-template is-layout-flow wp-block-post-template-is-layout-flow\"><li class=\"wp-block-post post-23099 post type-post status-publish format-standard has-post-thumbnail category-critique category-expired category-spectacle category-theatre-de-vidy tag-alexia-gay tag-celia-reymond tag-killian-lachat tag-laurie-boissenin tag-loris-ferrari tag-maxime-grandjean tag-muireann-walsh tag-orane-gigon\">\n<h6 class=\"liensouligne wp-block-post-title\"><a href=\"https:\/\/wp.unil.ch\/ateliercritique\/2025\/04\/lenz\/\" target=\"_self\" >Lenz<\/a><\/h6>\n\n<div class=\"wp-block-post-excerpt\"><p class=\"wp-block-post-excerpt__excerpt\">D&rsquo;apr\u00e8s Georg B\u00fcchner \/ Mise en sc\u00e8ne par \u00c9l\u00e9onore Bonah et Maria Clara Castioni \/ Th\u00e9\u00e2tre de Vidy (Lausanne) \/ Du 1 au 10 avril 2025 \/ Critiques par Alexia Gay, Muireann Walsh, Loris Ferrari, Laurie Boissenin, Killian Lachat, Maxime\u2026 <\/p><\/div>\n\n\n<div style=\"height:1px\" aria-hidden=\"true\" class=\"wp-block-spacer\"><\/div>\n\n<\/li><li class=\"wp-block-post post-23083 post type-post status-publish format-standard has-post-thumbnail category-critique category-expired category-theatre-des-osses category-spectacle tag-alexia-gay tag-celia-reymond\">\n<h6 class=\"liensouligne wp-block-post-title\"><a href=\"https:\/\/wp.unil.ch\/ateliercritique\/2025\/04\/la-visite-de-la-vieille-dame-3\/\" target=\"_self\" >La Visite de la vieille dame<\/a><\/h6>\n\n<div class=\"wp-block-post-excerpt\"><p class=\"wp-block-post-excerpt__excerpt\">D&rsquo;apr\u00e8s Friedrich D\u00fcrrenmatt \/ Mise en sc\u00e8ne par Nathalie Sandoz \/ Th\u00e9\u00e2tre des Osses (Fribourg) \/ Du 27 mars au 13 avril 2025 \/ Critiques par Alexia Gay et C\u00e9lia Reymond . <\/p><\/div>\n\n\n<div style=\"height:1px\" aria-hidden=\"true\" class=\"wp-block-spacer\"><\/div>\n\n<\/li><li class=\"wp-block-post post-23047 post type-post status-publish format-standard has-post-thumbnail category-critique category-expired category-spectacle category-theatre-de-vidy tag-celia-reymond tag-orane-gigon\">\n<h6 class=\"liensouligne wp-block-post-title\"><a href=\"https:\/\/wp.unil.ch\/ateliercritique\/2025\/03\/frks\/\" target=\"_self\" >FRKS<\/a><\/h6>\n\n<div class=\"wp-block-post-excerpt\"><p class=\"wp-block-post-excerpt__excerpt\">Conception et mise en sc\u00e8ne par Igor Cardellini et Tomas Gonzalez \/ Th\u00e9\u00e2tre de Vidy (Lausanne) \/ Du 26 mars au 4 avril 2025 \/ Critique par Orane Gigon . <\/p><\/div>\n\n\n<div style=\"height:1px\" aria-hidden=\"true\" class=\"wp-block-spacer\"><\/div>\n\n<\/li><li class=\"wp-block-post post-22988 post type-post status-publish format-standard has-post-thumbnail category-creation-libre category-expired category-la-grange category-spectacle tag-celia-reymond tag-hadrien-halter tag-killian-lachat tag-laurie-boissenin tag-loris-ferrari tag-lucie-ortet tag-maxime-grandjean tag-muireann-walsh tag-orane-gigon\">\n<h6 class=\"liensouligne wp-block-post-title\"><a href=\"https:\/\/wp.unil.ch\/ateliercritique\/2025\/03\/la-visite-du-futur-imparfait\/\" target=\"_self\" >La visite du futur imparfait<\/a><\/h6>\n\n<div class=\"wp-block-post-excerpt\"><p class=\"wp-block-post-excerpt__excerpt\">Conception et jeu par Yvan Richardet \/ La Grange \u2013 Centre \/ Arts et Science \/ UNIL \/ Du 11 mars au 15 mai 2025 \/ Textes cr\u00e9atifs par Orane Gigon, Maxime Grandjean, Killian Lachat, Lucie Ortet, Hadrien Halter, Loris\u2026 <\/p><\/div>\n\n\n<div style=\"height:1px\" aria-hidden=\"true\" class=\"wp-block-spacer\"><\/div>\n\n<\/li><li class=\"wp-block-post post-22955 post type-post status-publish format-standard has-post-thumbnail category-critique category-expired category-spectacle category-theatre-de-vidy tag-celia-reymond tag-orane-gigon\">\n<h6 class=\"liensouligne wp-block-post-title\"><a href=\"https:\/\/wp.unil.ch\/ateliercritique\/2025\/03\/lab-rats\/\" target=\"_self\" >Lab Rats<\/a><\/h6>\n\n<div class=\"wp-block-post-excerpt\"><p class=\"wp-block-post-excerpt__excerpt\">Cr\u00e9ation par Marc Oosterhoff et Owen Winship \/ Th\u00e9\u00e2tre de Vidy (Lausanne) \/ Du 5 au 9 mars 2025 \/ Critiques par Orane Gigon et C\u00e9lia Reymond . <\/p><\/div>\n\n\n<div style=\"height:1px\" aria-hidden=\"true\" class=\"wp-block-spacer\"><\/div>\n\n<\/li><\/ul><\/div>\n","protected":false},"excerpt":{"rendered":"<p>Les critiques de C\u00e9lia Reymond :<\/p>\n","protected":false},"author":1002847,"featured_media":0,"parent":2716,"menu_order":0,"comment_status":"closed","ping_status":"closed","template":"","meta":{"_seopress_robots_primary_cat":"","_seopress_titles_title":"","_seopress_titles_desc":"","_seopress_robots_index":"","footnotes":""},"class_list":["post-22962","page","type-page","status-publish"],"_links":{"self":[{"href":"https:\/\/wp.unil.ch\/ateliercritique\/wp-json\/wp\/v2\/pages\/22962","targetHints":{"allow":["GET"]}}],"collection":[{"href":"https:\/\/wp.unil.ch\/ateliercritique\/wp-json\/wp\/v2\/pages"}],"about":[{"href":"https:\/\/wp.unil.ch\/ateliercritique\/wp-json\/wp\/v2\/types\/page"}],"author":[{"embeddable":true,"href":"https:\/\/wp.unil.ch\/ateliercritique\/wp-json\/wp\/v2\/users\/1002847"}],"replies":[{"embeddable":true,"href":"https:\/\/wp.unil.ch\/ateliercritique\/wp-json\/wp\/v2\/comments?post=22962"}],"version-history":[{"count":1,"href":"https:\/\/wp.unil.ch\/ateliercritique\/wp-json\/wp\/v2\/pages\/22962\/revisions"}],"predecessor-version":[{"id":22964,"href":"https:\/\/wp.unil.ch\/ateliercritique\/wp-json\/wp\/v2\/pages\/22962\/revisions\/22964"}],"up":[{"embeddable":true,"href":"https:\/\/wp.unil.ch\/ateliercritique\/wp-json\/wp\/v2\/pages\/2716"}],"wp:attachment":[{"href":"https:\/\/wp.unil.ch\/ateliercritique\/wp-json\/wp\/v2\/media?parent=22962"}],"curies":[{"name":"wp","href":"https:\/\/api.w.org\/{rel}","templated":true}]}}