{"id":22906,"date":"2025-03-05T18:57:18","date_gmt":"2025-03-05T17:57:18","guid":{"rendered":"https:\/\/wp.unil.ch\/ateliercritique\/?page_id=22906"},"modified":"2025-03-10T13:55:45","modified_gmt":"2025-03-10T12:55:45","slug":"alexia-gay","status":"publish","type":"page","link":"https:\/\/wp.unil.ch\/ateliercritique\/lequipe\/alexia-gay\/","title":{"rendered":"Alexia Gay"},"content":{"rendered":"\n<h4 class=\"wp-block-heading\">Les critiques d&rsquo;Alexia Gay : <\/h4>\n\n\n\n<div class=\"wp-block-query is-layout-flow wp-block-query-is-layout-flow\"><ul class=\"wp-block-post-template is-layout-flow wp-block-post-template-is-layout-flow\"><li class=\"wp-block-post post-23177 post type-post status-publish format-standard has-post-thumbnail category-critique category-expired category-spectacle category-theatre-les-halles tag-alexia-gay tag-laurie-boissenin\">\n<h6 class=\"liensouligne wp-block-post-title\"><a href=\"https:\/\/wp.unil.ch\/ateliercritique\/2025\/05\/le-lasagne-della-nonna\/\" target=\"_self\" >Le Lasagne della Nonna<\/a><\/h6>\n\n<div class=\"wp-block-post-excerpt\"><p class=\"wp-block-post-excerpt__excerpt\">Conception et mise en sc\u00e8ne par Massimo Furlan et Claire de Ribaupierre \/ Th\u00e9\u00e2tre Les Halles (Sierre) \/ Du 23 au 24 mai 2025 \/ Critiques par Laurie Boissenin et Alexia Gay . <\/p><\/div>\n\n\n<div style=\"height:1px\" aria-hidden=\"true\" class=\"wp-block-spacer\"><\/div>\n\n<\/li><li class=\"wp-block-post post-23099 post type-post status-publish format-standard has-post-thumbnail category-critique category-expired category-spectacle category-theatre-de-vidy tag-alexia-gay tag-celia-reymond tag-killian-lachat tag-laurie-boissenin tag-loris-ferrari tag-maxime-grandjean tag-muireann-walsh tag-orane-gigon\">\n<h6 class=\"liensouligne wp-block-post-title\"><a href=\"https:\/\/wp.unil.ch\/ateliercritique\/2025\/04\/lenz\/\" target=\"_self\" >Lenz<\/a><\/h6>\n\n<div class=\"wp-block-post-excerpt\"><p class=\"wp-block-post-excerpt__excerpt\">D&rsquo;apr\u00e8s Georg B\u00fcchner \/ Mise en sc\u00e8ne par \u00c9l\u00e9onore Bonah et Maria Clara Castioni \/ Th\u00e9\u00e2tre de Vidy (Lausanne) \/ Du 1 au 10 avril 2025 \/ Critiques par Alexia Gay, Muireann Walsh, Loris Ferrari, Laurie Boissenin, Killian Lachat, Maxime\u2026 <\/p><\/div>\n\n\n<div style=\"height:1px\" aria-hidden=\"true\" class=\"wp-block-spacer\"><\/div>\n\n<\/li><li class=\"wp-block-post post-23083 post type-post status-publish format-standard has-post-thumbnail category-critique category-expired category-theatre-des-osses category-spectacle tag-alexia-gay tag-celia-reymond\">\n<h6 class=\"liensouligne wp-block-post-title\"><a href=\"https:\/\/wp.unil.ch\/ateliercritique\/2025\/04\/la-visite-de-la-vieille-dame-3\/\" target=\"_self\" >La Visite de la vieille dame<\/a><\/h6>\n\n<div class=\"wp-block-post-excerpt\"><p class=\"wp-block-post-excerpt__excerpt\">D&rsquo;apr\u00e8s Friedrich D\u00fcrrenmatt \/ Mise en sc\u00e8ne par Nathalie Sandoz \/ Th\u00e9\u00e2tre des Osses (Fribourg) \/ Du 27 mars au 13 avril 2025 \/ Critiques par Alexia Gay et C\u00e9lia Reymond . <\/p><\/div>\n\n\n<div style=\"height:1px\" aria-hidden=\"true\" class=\"wp-block-spacer\"><\/div>\n\n<\/li><li class=\"wp-block-post post-23039 post type-post status-publish format-standard has-post-thumbnail category-critique category-expired category-spectacle category-theatre-des-marionnettes tag-alexia-gay tag-maxime-grandjean\">\n<h6 class=\"liensouligne wp-block-post-title\"><a href=\"https:\/\/wp.unil.ch\/ateliercritique\/2025\/03\/pouvoir\/\" target=\"_self\" >Pouvoir<\/a><\/h6>\n\n<div class=\"wp-block-post-excerpt\"><p class=\"wp-block-post-excerpt__excerpt\">Conception et mise en sc\u00e8ne par Une Tribu Collectif \/ Th\u00e9\u00e2tre des Marionnettes (Gen\u00e8ve) \/ Du 21 au 30 mars 2025 \/ Critiques par Alexia Gay et Maxime Grandjean . <\/p><\/div>\n\n\n<div style=\"height:1px\" aria-hidden=\"true\" class=\"wp-block-spacer\"><\/div>\n\n<\/li><li class=\"wp-block-post post-22909 post type-post status-publish format-standard has-post-thumbnail category-critique category-expired category-spectacle category-theatre-du-jura tag-alexia-gay\">\n<h6 class=\"liensouligne wp-block-post-title\"><a href=\"https:\/\/wp.unil.ch\/ateliercritique\/2025\/03\/titize-un-reve-venitien\/\" target=\"_self\" >Titiz\u00e9 un r\u00eave v\u00e9nitien<\/a><\/h6>\n\n<div class=\"wp-block-post-excerpt\"><p class=\"wp-block-post-excerpt__excerpt\">Conception et mise en sc\u00e8ne par la Compagnia Finzi Pasca \/ Th\u00e9\u00e2tre du Jura (Del\u00e9mont) \/ Du 27 au 28 f\u00e9vrier 2025 \/ Critique par Alexia Gay . <\/p><\/div>\n\n\n<div style=\"height:1px\" aria-hidden=\"true\" class=\"wp-block-spacer\"><\/div>\n\n<\/li><\/ul><\/div>\n","protected":false},"excerpt":{"rendered":"<p>Les critiques d&rsquo;Alexia Gay :<\/p>\n","protected":false},"author":1002847,"featured_media":0,"parent":2716,"menu_order":0,"comment_status":"closed","ping_status":"closed","template":"","meta":{"_seopress_robots_primary_cat":"","_seopress_titles_title":"","_seopress_titles_desc":"","_seopress_robots_index":"","footnotes":""},"class_list":["post-22906","page","type-page","status-publish"],"_links":{"self":[{"href":"https:\/\/wp.unil.ch\/ateliercritique\/wp-json\/wp\/v2\/pages\/22906","targetHints":{"allow":["GET"]}}],"collection":[{"href":"https:\/\/wp.unil.ch\/ateliercritique\/wp-json\/wp\/v2\/pages"}],"about":[{"href":"https:\/\/wp.unil.ch\/ateliercritique\/wp-json\/wp\/v2\/types\/page"}],"author":[{"embeddable":true,"href":"https:\/\/wp.unil.ch\/ateliercritique\/wp-json\/wp\/v2\/users\/1002847"}],"replies":[{"embeddable":true,"href":"https:\/\/wp.unil.ch\/ateliercritique\/wp-json\/wp\/v2\/comments?post=22906"}],"version-history":[{"count":2,"href":"https:\/\/wp.unil.ch\/ateliercritique\/wp-json\/wp\/v2\/pages\/22906\/revisions"}],"predecessor-version":[{"id":22912,"href":"https:\/\/wp.unil.ch\/ateliercritique\/wp-json\/wp\/v2\/pages\/22906\/revisions\/22912"}],"up":[{"embeddable":true,"href":"https:\/\/wp.unil.ch\/ateliercritique\/wp-json\/wp\/v2\/pages\/2716"}],"wp:attachment":[{"href":"https:\/\/wp.unil.ch\/ateliercritique\/wp-json\/wp\/v2\/media?parent=22906"}],"curies":[{"name":"wp","href":"https:\/\/api.w.org\/{rel}","templated":true}]}}