{"id":22881,"date":"2025-03-03T20:17:44","date_gmt":"2025-03-03T19:17:44","guid":{"rendered":"https:\/\/wp.unil.ch\/ateliercritique\/?page_id=22881"},"modified":"2025-04-02T13:06:12","modified_gmt":"2025-04-02T11:06:12","slug":"laurie-boissenin","status":"publish","type":"page","link":"https:\/\/wp.unil.ch\/ateliercritique\/lequipe\/laurie-boissenin\/","title":{"rendered":"Laurie Boissenin"},"content":{"rendered":"<div class=\"wp-block-image\">\n<figure class=\"alignright size-large is-resized\"><img alt=\"\" loading=\"lazy\" decoding=\"async\" width=\"819\" height=\"1024\" src=\"https:\/\/wp.unil.ch\/ateliercritique\/files\/2025\/03\/Laurie-Boissenin-819x1024.jpg\" alt=\"\" class=\"wp-image-22883\" style=\"width:300px\" srcset=\"https:\/\/wp.unil.ch\/ateliercritique\/files\/2025\/03\/Laurie-Boissenin-819x1024.jpg 819w, https:\/\/wp.unil.ch\/ateliercritique\/files\/2025\/03\/Laurie-Boissenin-160x200.jpg 160w, https:\/\/wp.unil.ch\/ateliercritique\/files\/2025\/03\/Laurie-Boissenin-136x170.jpg 136w, https:\/\/wp.unil.ch\/ateliercritique\/files\/2025\/03\/Laurie-Boissenin-768x960.jpg 768w, https:\/\/wp.unil.ch\/ateliercritique\/files\/2025\/03\/Laurie-Boissenin.jpg 960w\" sizes=\"auto, (max-width: 819px) 100vw, 819px\" \/><\/figure>\n<\/div>\n\n\n<p>\u00c9tudiante en Master d&rsquo;histoire avec une mineure en dramaturgie et histoire du th\u00e9\u00e2tre, je m&rsquo;int\u00e9resse \u00e0 la mani\u00e8re dont les arts de la sc\u00e8ne et les \u00e9v\u00e9nements historiques se fa\u00e7onnent mutuellement. Ayant obtenu un Bachelor en langue et litt\u00e9rature anglaises, j&rsquo;affectionne tout particuli\u00e8rement le th\u00e9\u00e2tre anglo-saxon. L\u2019impact de la fermeture des th\u00e9\u00e2tres au XVIIe si\u00e8cle sur la r\u00e9adaptation des pi\u00e8ces anglaises est un parfait exemple du croisement de mes int\u00e9r\u00eats. Passionn\u00e9e par cet art multim\u00e9dia depuis l&rsquo;enfance, j&rsquo;appr\u00e9cie autant lire le th\u00e9\u00e2tre que le jouer ou le regarder. Dans une perspective dramaturgique, je suis intrigu\u00e9e par l&rsquo;impact des choix op\u00e9r\u00e9s lors de la mise en sc\u00e8ne sur la compr\u00e9hension globale d&rsquo;une pi\u00e8ce. Je m&rsquo;interroge \u00e9galement sur l&rsquo;importance du choix des acteurs dans l\u2019interpr\u00e9tation de textes plus anciens, que ce soit dans une perspective de genre ou postcoloniale.<\/p>\n\n\n\n<p><\/p>\n\n\n\n<h4 class=\"wp-block-heading\">Les critiques de Laurie Boissenin :<\/h4>\n\n\n\n<div class=\"wp-block-query is-layout-flow wp-block-query-is-layout-flow\"><ul class=\"wp-block-post-template is-layout-flow wp-block-post-template-is-layout-flow\"><li class=\"wp-block-post post-23364 post type-post status-publish format-standard has-post-thumbnail category-critique category-le-petit-theatre category-onstage category-spectacle tag-laurie-boissenin\">\n<h6 class=\"liensouligne wp-block-post-title\"><a href=\"https:\/\/wp.unil.ch\/ateliercritique\/2025\/12\/broceliande\/\" target=\"_self\" >Broc\u00e9liande<\/a><\/h6>\n\n<div class=\"wp-block-post-excerpt\"><p class=\"wp-block-post-excerpt__excerpt\">Conception et mise en sc\u00e8ne par Julie Annen \/ Le Petit Th\u00e9\u00e2tre (Lausanne) \/ Du 3 au 31 d\u00e9cembre 2025 \/ Critique par Laurie Boissenin. <\/p><\/div>\n\n\n<div style=\"height:1px\" aria-hidden=\"true\" class=\"wp-block-spacer\"><\/div>\n\n<\/li><li class=\"wp-block-post post-23354 post type-post status-publish format-standard has-post-thumbnail category-critique category-expired category-le-pommier category-spectacle tag-laurie-boissenin tag-maud-seem\">\n<h6 class=\"liensouligne wp-block-post-title\"><a href=\"https:\/\/wp.unil.ch\/ateliercritique\/2025\/12\/poil-de-carotte-poil-de-carotte\/\" target=\"_self\" >Poil de Carotte, Poil de Carotte<\/a><\/h6>\n\n<div class=\"wp-block-post-excerpt\"><p class=\"wp-block-post-excerpt__excerpt\">D&rsquo;apr\u00e8s Jules Renard \/ Mise en sc\u00e8ne par Flavien Bellec et Etienne Blanc \/ Th\u00e9\u00e2tre Le Pommier (Neuch\u00e2tel) \/ Du 26 au 27 novembre 2025 \/ Critiques par Laurie Boissenin et Maud Seem. <\/p><\/div>\n\n\n<div style=\"height:1px\" aria-hidden=\"true\" class=\"wp-block-spacer\"><\/div>\n\n<\/li><li class=\"wp-block-post post-23293 post type-post status-publish format-standard has-post-thumbnail category-critique category-expired category-theatre-comedie category-spectacle tag-laurie-boissenin tag-muireann-walsh\">\n<h6 class=\"liensouligne wp-block-post-title\"><a href=\"https:\/\/wp.unil.ch\/ateliercritique\/2025\/11\/faustus-in-africa\/\" target=\"_self\" >Faustus in Africa\u00a0!<\/a><\/h6>\n\n<div class=\"wp-block-post-excerpt\"><p class=\"wp-block-post-excerpt__excerpt\">D&rsquo;apr\u00e8s Johann Wolfgang von Goethe \/ Mise en sc\u00e8ne par William Kentridge et Handspring Puppet Company\u2019s \/ Com\u00e9die de Gen\u00e8ve \/ Du 29 octobre au 1er novembre 2025 \/ Critiques par Laurie Boissenin et Muireann Walsh . <\/p><\/div>\n\n\n<div style=\"height:1px\" aria-hidden=\"true\" class=\"wp-block-spacer\"><\/div>\n\n<\/li><li class=\"wp-block-post post-23177 post type-post status-publish format-standard has-post-thumbnail category-critique category-expired category-spectacle category-theatre-les-halles tag-alexia-gay tag-laurie-boissenin\">\n<h6 class=\"liensouligne wp-block-post-title\"><a href=\"https:\/\/wp.unil.ch\/ateliercritique\/2025\/05\/le-lasagne-della-nonna\/\" target=\"_self\" >Le Lasagne della Nonna<\/a><\/h6>\n\n<div class=\"wp-block-post-excerpt\"><p class=\"wp-block-post-excerpt__excerpt\">Conception et mise en sc\u00e8ne par Massimo Furlan et Claire de Ribaupierre \/ Th\u00e9\u00e2tre Les Halles (Sierre) \/ Du 23 au 24 mai 2025 \/ Critiques par Laurie Boissenin et Alexia Gay . <\/p><\/div>\n\n\n<div style=\"height:1px\" aria-hidden=\"true\" class=\"wp-block-spacer\"><\/div>\n\n<\/li><li class=\"wp-block-post post-23099 post type-post status-publish format-standard has-post-thumbnail category-critique category-expired category-spectacle category-theatre-de-vidy tag-alexia-gay tag-celia-reymond tag-killian-lachat tag-laurie-boissenin tag-loris-ferrari tag-maxime-grandjean tag-muireann-walsh tag-orane-gigon\">\n<h6 class=\"liensouligne wp-block-post-title\"><a href=\"https:\/\/wp.unil.ch\/ateliercritique\/2025\/04\/lenz\/\" target=\"_self\" >Lenz<\/a><\/h6>\n\n<div class=\"wp-block-post-excerpt\"><p class=\"wp-block-post-excerpt__excerpt\">D&rsquo;apr\u00e8s Georg B\u00fcchner \/ Mise en sc\u00e8ne par \u00c9l\u00e9onore Bonah et Maria Clara Castioni \/ Th\u00e9\u00e2tre de Vidy (Lausanne) \/ Du 1 au 10 avril 2025 \/ Critiques par Alexia Gay, Muireann Walsh, Loris Ferrari, Laurie Boissenin, Killian Lachat, Maxime\u2026 <\/p><\/div>\n\n\n<div style=\"height:1px\" aria-hidden=\"true\" class=\"wp-block-spacer\"><\/div>\n\n<\/li><li class=\"wp-block-post post-22988 post type-post status-publish format-standard has-post-thumbnail category-creation-libre category-expired category-la-grange category-spectacle tag-celia-reymond tag-hadrien-halter tag-killian-lachat tag-laurie-boissenin tag-loris-ferrari tag-lucie-ortet tag-maxime-grandjean tag-muireann-walsh tag-orane-gigon\">\n<h6 class=\"liensouligne wp-block-post-title\"><a href=\"https:\/\/wp.unil.ch\/ateliercritique\/2025\/03\/la-visite-du-futur-imparfait\/\" target=\"_self\" >La visite du futur imparfait<\/a><\/h6>\n\n<div class=\"wp-block-post-excerpt\"><p class=\"wp-block-post-excerpt__excerpt\">Conception et jeu par Yvan Richardet \/ La Grange \u2013 Centre \/ Arts et Science \/ UNIL \/ Du 11 mars au 15 mai 2025 \/ Textes cr\u00e9atifs par Orane Gigon, Maxime Grandjean, Killian Lachat, Lucie Ortet, Hadrien Halter, Loris\u2026 <\/p><\/div>\n\n\n<div style=\"height:1px\" aria-hidden=\"true\" class=\"wp-block-spacer\"><\/div>\n\n<\/li><\/ul><\/div>\n","protected":false},"excerpt":{"rendered":"<p>\u00c9tudiante en Master d&rsquo;histoire avec une mineure en dramaturgie et histoire du th\u00e9\u00e2tre, je m&rsquo;int\u00e9resse \u00e0 la mani\u00e8re dont les arts de la sc\u00e8ne et les \u00e9v\u00e9nements historiques se fa\u00e7onnent &hellip; <\/p>\n","protected":false},"author":1002847,"featured_media":0,"parent":2716,"menu_order":0,"comment_status":"closed","ping_status":"closed","template":"","meta":{"_seopress_robots_primary_cat":"","_seopress_titles_title":"","_seopress_titles_desc":"","_seopress_robots_index":"","footnotes":""},"class_list":["post-22881","page","type-page","status-publish"],"_links":{"self":[{"href":"https:\/\/wp.unil.ch\/ateliercritique\/wp-json\/wp\/v2\/pages\/22881","targetHints":{"allow":["GET"]}}],"collection":[{"href":"https:\/\/wp.unil.ch\/ateliercritique\/wp-json\/wp\/v2\/pages"}],"about":[{"href":"https:\/\/wp.unil.ch\/ateliercritique\/wp-json\/wp\/v2\/types\/page"}],"author":[{"embeddable":true,"href":"https:\/\/wp.unil.ch\/ateliercritique\/wp-json\/wp\/v2\/users\/1002847"}],"replies":[{"embeddable":true,"href":"https:\/\/wp.unil.ch\/ateliercritique\/wp-json\/wp\/v2\/comments?post=22881"}],"version-history":[{"count":4,"href":"https:\/\/wp.unil.ch\/ateliercritique\/wp-json\/wp\/v2\/pages\/22881\/revisions"}],"predecessor-version":[{"id":23093,"href":"https:\/\/wp.unil.ch\/ateliercritique\/wp-json\/wp\/v2\/pages\/22881\/revisions\/23093"}],"up":[{"embeddable":true,"href":"https:\/\/wp.unil.ch\/ateliercritique\/wp-json\/wp\/v2\/pages\/2716"}],"wp:attachment":[{"href":"https:\/\/wp.unil.ch\/ateliercritique\/wp-json\/wp\/v2\/media?parent=22881"}],"curies":[{"name":"wp","href":"https:\/\/api.w.org\/{rel}","templated":true}]}}