{"id":22246,"date":"2025-02-06T16:45:58","date_gmt":"2025-02-06T15:45:58","guid":{"rendered":"https:\/\/wp.unil.ch\/ateliercritique\/?page_id=22246"},"modified":"2025-02-06T16:46:28","modified_gmt":"2025-02-06T15:46:28","slug":"piera-biondina-2","status":"publish","type":"page","link":"https:\/\/wp.unil.ch\/ateliercritique\/lequipe\/piera-biondina-2\/","title":{"rendered":"Piera Biondina"},"content":{"rendered":"\n<h4 class=\"wp-block-heading\">Les critiques de Piera Biondina :<\/h4>\n\n\n\n<div class=\"wp-block-query is-layout-flow wp-block-query-is-layout-flow\"><ul class=\"wp-block-post-template is-layout-flow wp-block-post-template-is-layout-flow\"><li class=\"wp-block-post post-19218 post type-post status-publish format-standard has-post-thumbnail category-critique category-expired category-spectacle category-theatre-du-jorat tag-piera-biondina\">\n<h6 class=\"liensouligne wp-block-post-title\"><a href=\"https:\/\/wp.unil.ch\/ateliercritique\/2024\/06\/playlist\/\" target=\"_self\" >Playlist<\/a><\/h6>\n\n<div class=\"wp-block-post-excerpt\"><p class=\"wp-block-post-excerpt__excerpt\">Conception par L\u00e9a Pohlhammer\/ Th\u00e9\u00e2tre du Jorat (M\u00e9zi\u00e8res)\/ 21 juin 2024 (F\u00eate de la Musique)\/ critique par Piera Biondina . <\/p><\/div>\n\n\n<div style=\"height:1px\" aria-hidden=\"true\" class=\"wp-block-spacer\"><\/div>\n\n<\/li><li class=\"wp-block-post post-19160 post type-post status-publish format-standard has-post-thumbnail category-critique category-expired category-la-grange category-spectacle tag-piera-biondina\">\n<h6 class=\"liensouligne wp-block-post-title\"><a href=\"https:\/\/wp.unil.ch\/ateliercritique\/2024\/06\/derborence-2\/\" target=\"_self\" >Derborence<\/a><\/h6>\n\n<div class=\"wp-block-post-excerpt\"><p class=\"wp-block-post-excerpt__excerpt\">Conception par Amaranta Fontcuberta et Simon Senn \/ mise en sc\u00e8ne par Simon Senn \/La Grange \u2013 Centre \/ Arts et Science \/ UNIL \/ du 1 au 6 juin 2024 \/ Critique par Piera Biondina . <\/p><\/div>\n\n\n<div style=\"height:1px\" aria-hidden=\"true\" class=\"wp-block-spacer\"><\/div>\n\n<\/li><li class=\"wp-block-post post-18899 post type-post status-publish format-standard has-post-thumbnail category-critique category-expired category-spectacle category-theatre-de-vidy tag-clelie-vuillaume tag-piera-biondina\">\n<h6 class=\"liensouligne wp-block-post-title\"><a href=\"https:\/\/wp.unil.ch\/ateliercritique\/2024\/06\/plutot-vomir-que-faillir\/\" target=\"_self\" >Plut\u00f4t vomir que faillir<\/a><\/h6>\n\n<div class=\"wp-block-post-excerpt\"><p class=\"wp-block-post-excerpt__excerpt\">Mise en sc\u00e8ne par R\u00e9becca Chaillon \/ Th\u00e9\u00e2tre de Vidy (Lausanne) \/ Du 29 mai au 2 juin 2024 \/ Critiques par Cl\u00e9lie Vuillaume et Piera Biondina. <\/p><\/div>\n\n\n<div style=\"height:1px\" aria-hidden=\"true\" class=\"wp-block-spacer\"><\/div>\n\n<\/li><li class=\"wp-block-post post-18834 post type-post status-publish format-standard has-post-thumbnail category-critique category-expired category-spectacle category-spot-sion tag-piera-biondina\">\n<h6 class=\"liensouligne wp-block-post-title\"><a href=\"https:\/\/wp.unil.ch\/ateliercritique\/2024\/06\/test\/\" target=\"_self\" >We run the world, girls !<\/a><\/h6>\n\n<div class=\"wp-block-post-excerpt\"><p class=\"wp-block-post-excerpt__excerpt\">Mise en sc\u00e8ne par Pauline Epinay \/ Compagnie Push-Up \/ Le Spot (Sion) \/ du 14 au 24 mai 2024 \/ Critique par Piera Biondina . <\/p><\/div>\n\n\n<div style=\"height:1px\" aria-hidden=\"true\" class=\"wp-block-spacer\"><\/div>\n\n<\/li><li class=\"wp-block-post post-17931 post type-post status-publish format-standard has-post-thumbnail category-critique category-expired category-spectacle tag-piera-biondina\">\n<h6 class=\"liensouligne wp-block-post-title\"><a href=\"https:\/\/wp.unil.ch\/ateliercritique\/2024\/04\/17931\/\" target=\"_self\" >cassandre peut-\u00eatre<\/a><\/h6>\n\n<div class=\"wp-block-post-excerpt\"><p class=\"wp-block-post-excerpt__excerpt\">Pi\u00e8ce de Giulia Rumasuglia \/ Compte-rendu par Piera Biondina. <\/p><\/div>\n\n\n<div style=\"height:1px\" aria-hidden=\"true\" class=\"wp-block-spacer\"><\/div>\n\n<\/li><li class=\"wp-block-post post-17934 post type-post status-publish format-standard has-post-thumbnail category-entretien tag-piera-biondina\">\n<h6 class=\"liensouligne wp-block-post-title\"><a href=\"https:\/\/wp.unil.ch\/ateliercritique\/2024\/04\/entretien-avec-giulia-rumasuglia-sur-cassandre-peut-etre-neuchatel-cafe-le-glob-vendredi-29-mars-2024\/\" target=\"_self\" >Entretien\u00a0avec Giulia Rumasuglia sur\u00a0cassandre, peut-\u00eatre\u00a0(2022)<\/a><\/h6>\n\n<div class=\"wp-block-post-excerpt\"><p class=\"wp-block-post-excerpt__excerpt\">Par Piera Biondina. <\/p><\/div>\n\n\n<div style=\"height:1px\" aria-hidden=\"true\" class=\"wp-block-spacer\"><\/div>\n\n<\/li><li class=\"wp-block-post post-17392 post type-post status-publish format-standard has-post-thumbnail category-critique category-expired category-spectacle category-theatre-les-halles tag-piera-biondina\">\n<h6 class=\"liensouligne wp-block-post-title\"><a href=\"https:\/\/wp.unil.ch\/ateliercritique\/2023\/12\/les-falaises-journal-du-bord\/\" target=\"_self\" >Les falaises, journal du bord<\/a><\/h6>\n\n<div class=\"wp-block-post-excerpt\"><p class=\"wp-block-post-excerpt__excerpt\">\u00c9criture et r\u00e9alisation par Olivia Seigne et Alexandre Vogel \/ Th\u00e9\u00e2tre Les Halles (Sierre) \/ du 30 novembre au 3 d\u00e9cembre 2023 \/ critique par Piera Biondina . <\/p><\/div>\n\n\n<div style=\"height:1px\" aria-hidden=\"true\" class=\"wp-block-spacer\"><\/div>\n\n<\/li><li class=\"wp-block-post post-17309 post type-post status-publish format-standard has-post-thumbnail category-critique category-expired category-la-grange category-spectacle tag-piera-biondina tag-theo-krebs\">\n<h6 class=\"liensouligne wp-block-post-title\"><a href=\"https:\/\/wp.unil.ch\/ateliercritique\/2023\/12\/festival\/\" target=\"_self\" >Festival<\/a><\/h6>\n\n<div class=\"wp-block-post-excerpt\"><p class=\"wp-block-post-excerpt__excerpt\">Conception et jeu par Claire Dessimoz, Clara Delorme, Louis Bonard \/La Grange \u2013 Centre \/ Arts et Science \/ UNIL \/ du 5 au 10 d\u00e9cembre 2023 \/ critiques par Th\u00e9o Krebs et Piera Biondina . <\/p><\/div>\n\n\n<div style=\"height:1px\" aria-hidden=\"true\" class=\"wp-block-spacer\"><\/div>\n\n<\/li><li class=\"wp-block-post post-17245 post type-post status-publish format-standard has-post-thumbnail category-critique category-expired category-maison-saint-gervais category-spectacle tag-piera-biondina\">\n<h6 class=\"liensouligne wp-block-post-title\"><a href=\"https:\/\/wp.unil.ch\/ateliercritique\/2023\/11\/la-force-de-la-farce\/\" target=\"_self\" >La Force de la Farce<\/a><\/h6>\n\n<div class=\"wp-block-post-excerpt\"><p class=\"wp-block-post-excerpt__excerpt\">Conception et jeu par Fran\u00e7ois Herpeux \/ Groupe F_T^M_S \/ Th\u00e9\u00e2tre Saint-Gervais (Gen\u00e8ve) \/ du 16 au 18 novembre 2023 \/ critique par Piera Biondina . <\/p><\/div>\n\n\n<div style=\"height:1px\" aria-hidden=\"true\" class=\"wp-block-spacer\"><\/div>\n\n<\/li><\/ul><\/div>\n","protected":false},"excerpt":{"rendered":"<p>Les critiques de Piera Biondina :<\/p>\n","protected":false},"author":1002847,"featured_media":0,"parent":2716,"menu_order":0,"comment_status":"closed","ping_status":"closed","template":"","meta":{"_seopress_robots_primary_cat":"","_seopress_titles_title":"","_seopress_titles_desc":"","_seopress_robots_index":"","footnotes":""},"class_list":["post-22246","page","type-page","status-publish"],"_links":{"self":[{"href":"https:\/\/wp.unil.ch\/ateliercritique\/wp-json\/wp\/v2\/pages\/22246","targetHints":{"allow":["GET"]}}],"collection":[{"href":"https:\/\/wp.unil.ch\/ateliercritique\/wp-json\/wp\/v2\/pages"}],"about":[{"href":"https:\/\/wp.unil.ch\/ateliercritique\/wp-json\/wp\/v2\/types\/page"}],"author":[{"embeddable":true,"href":"https:\/\/wp.unil.ch\/ateliercritique\/wp-json\/wp\/v2\/users\/1002847"}],"replies":[{"embeddable":true,"href":"https:\/\/wp.unil.ch\/ateliercritique\/wp-json\/wp\/v2\/comments?post=22246"}],"version-history":[{"count":1,"href":"https:\/\/wp.unil.ch\/ateliercritique\/wp-json\/wp\/v2\/pages\/22246\/revisions"}],"predecessor-version":[{"id":22248,"href":"https:\/\/wp.unil.ch\/ateliercritique\/wp-json\/wp\/v2\/pages\/22246\/revisions\/22248"}],"up":[{"embeddable":true,"href":"https:\/\/wp.unil.ch\/ateliercritique\/wp-json\/wp\/v2\/pages\/2716"}],"wp:attachment":[{"href":"https:\/\/wp.unil.ch\/ateliercritique\/wp-json\/wp\/v2\/media?parent=22246"}],"curies":[{"name":"wp","href":"https:\/\/api.w.org\/{rel}","templated":true}]}}