{"id":19958,"date":"2024-11-04T16:00:36","date_gmt":"2024-11-04T15:00:36","guid":{"rendered":"https:\/\/wp.unil.ch\/ateliercritique\/?page_id=19958"},"modified":"2025-03-31T15:23:25","modified_gmt":"2025-03-31T13:23:25","slug":"auxane-bolanz","status":"publish","type":"page","link":"https:\/\/wp.unil.ch\/ateliercritique\/lequipe\/auxane-bolanz\/","title":{"rendered":"Auxane Bolanz"},"content":{"rendered":"<div class=\"wp-block-image\">\n<figure class=\"alignright size-full is-resized\"><img loading=\"lazy\" decoding=\"async\" width=\"742\" height=\"782\" src=\"https:\/\/wp.unil.ch\/ateliercritique\/files\/2025\/03\/auxane-bolanz.jpg\" alt=\"auxane bolanz\" class=\"wp-image-23076\" style=\"object-fit:cover;width:300px;height:300px\" srcset=\"https:\/\/wp.unil.ch\/ateliercritique\/files\/2025\/03\/auxane-bolanz.jpg 742w, https:\/\/wp.unil.ch\/ateliercritique\/files\/2025\/03\/auxane-bolanz-190x200.jpg 190w, https:\/\/wp.unil.ch\/ateliercritique\/files\/2025\/03\/auxane-bolanz-161x170.jpg 161w\" sizes=\"auto, (max-width: 742px) 100vw, 742px\" \/><\/figure>\n<\/div>\n\n\n<p>Les \u00e9tudes th\u00e9\u00e2trales sont pour moi une mani\u00e8re d&rsquo;entrer dans le monde du journalisme culturel. Actuellement en fin de master en histoire contemporaine, j&rsquo;ai aussi \u00e9tudi\u00e9 l&rsquo;anglais et l&rsquo;histoire de l&rsquo;art. J&rsquo;affectionne particuli\u00e8rement les aspects sociaux de l&rsquo;art : les rencontres possibles et les discussions autour de la compr\u00e9hension et l&rsquo;interpr\u00e9tation d&rsquo;une \u0153uvre. Que ce soit au th\u00e9\u00e2tre comme au mus\u00e9e, je suis toujours \u00e0 la recherche d&rsquo;un certain esth\u00e9tisme visuel. Le monde du th\u00e9\u00e2tre ne m&rsquo;est pas inconnu, ayant d\u00e9j\u00e0 jou\u00e9 au festival F\u00e9cule dans\u00a0<em>In Sanity<\/em>, ainsi que dans une troupe d&rsquo;improvisation. J&rsquo;appr\u00e9cie sp\u00e9cialement les spectacles aux sujets po\u00e9tiques et revendicateurs, mais j&rsquo;ai tout de m\u00eame besoin d&rsquo;une certaine dramaturgie pour ne pas me sentir perdue dans la recherche d&rsquo;un propos.<\/p>\n\n\n\n<h4 class=\"wp-block-heading\">Les critiques d&rsquo;Auxane Bolanz : <\/h4>\n\n\n\n<div class=\"wp-block-query is-layout-flow wp-block-query-is-layout-flow\"><ul class=\"wp-block-post-template is-layout-flow wp-block-post-template-is-layout-flow\"><li class=\"wp-block-post post-23171 post type-post status-publish format-standard has-post-thumbnail category-critique category-onstage category-spectacle category-theatre-de-carouge tag-auxane-bolanz tag-maxime-grandjean\">\n<h6 class=\"liensouligne wp-block-post-title\"><a href=\"https:\/\/wp.unil.ch\/ateliercritique\/2025\/05\/art\/\" target=\"_self\" >Art<\/a><\/h6>\n\n<div class=\"wp-block-post-excerpt\"><p class=\"wp-block-post-excerpt__excerpt\">D&rsquo;apr\u00e8s Yasmina Reza \/ Mise en sc\u00e8ne par Fran\u00e7ois Morel \/ Th\u00e9\u00e2tre de Carouge (Gen\u00e8ve) \/ Du 21 mai au 8 juin 2025 \/ Critiques par Maxime Grandjean et Auxane Bolanz . <\/p><\/div>\n\n\n<div style=\"height:1px\" aria-hidden=\"true\" class=\"wp-block-spacer\"><\/div>\n\n<\/li><li class=\"wp-block-post post-22942 post type-post status-publish format-standard has-post-thumbnail category-critique category-expired category-theatre-de-larsenic category-spectacle tag-auxane-bolanz tag-loris-ferrari\">\n<h6 class=\"liensouligne wp-block-post-title\"><a href=\"https:\/\/wp.unil.ch\/ateliercritique\/2025\/03\/magic-maids\/\" target=\"_self\" >Magic Maids<\/a><\/h6>\n\n<div class=\"wp-block-post-excerpt\"><p class=\"wp-block-post-excerpt__excerpt\">Conception et mise en sc\u00e8ne par Eisa Jocson et Venuri Perera \/ L\u2019 Arsenic \u2013 Centre d\u2019art sc\u00e9nique contemporain (Lausanne) \/ Du 14 au 16 mars 2025 \/ Critiques par Loris Ferrari et Auxane Bolanz . <\/p><\/div>\n\n\n<div style=\"height:1px\" aria-hidden=\"true\" class=\"wp-block-spacer\"><\/div>\n\n<\/li><li class=\"wp-block-post post-19985 post type-post status-publish format-standard has-post-thumbnail category-critique category-expired category-spectacle category-theatre-de-vidy tag-auxane-bolanz tag-loris-ferrari tag-lucie-ortet\">\n<h6 class=\"liensouligne wp-block-post-title\"><a href=\"https:\/\/wp.unil.ch\/ateliercritique\/2024\/11\/hercule\/\" target=\"_self\" >Hercule<\/a><\/h6>\n\n<div class=\"wp-block-post-excerpt\"><p class=\"wp-block-post-excerpt__excerpt\">Mise en sc\u00e8ne par Giulia Rumasuglia \/ D&rsquo;apr\u00e8s Friedrich D\u00fcrrenmatt \/ Th\u00e9\u00e2tre de Vidy (Lausanne) \/ Du 6 au 23 novembre 2024 \/ Critiques par Auxane Bolanz, Loris Ferrari et Lucie Ortet . <\/p><\/div>\n\n\n<div style=\"height:1px\" aria-hidden=\"true\" class=\"wp-block-spacer\"><\/div>\n\n<\/li><li class=\"wp-block-post post-19971 post type-post status-publish format-standard has-post-thumbnail category-critique category-expired category-spectacle category-theatre-am-stram-gram-geneve tag-anna-chialva tag-auxane-bolanz\">\n<h6 class=\"liensouligne wp-block-post-title\"><a href=\"https:\/\/wp.unil.ch\/ateliercritique\/2024\/11\/l-arriere-pays\/\" target=\"_self\" >L&rsquo; Arri\u00e8re-pays<\/a><\/h6>\n\n<div class=\"wp-block-post-excerpt\"><p class=\"wp-block-post-excerpt__excerpt\">Conception et mise en sc\u00e8ne par Nicolas Chapoulier \/ Th\u00e9\u00e2tre Am Stram Gram (Gen\u00e8ve) \/ Du 8 au 17 novembre 2024 \/ Critiques par Anna Chialva et Auxane Bolanz . <\/p><\/div>\n\n\n<div style=\"height:1px\" aria-hidden=\"true\" class=\"wp-block-spacer\"><\/div>\n\n<\/li><li class=\"wp-block-post post-19869 post type-post status-publish format-standard has-post-thumbnail category-critique category-expired category-spectacle category-tkm-theatre-kleber-meleau tag-anna-chialva tag-auxane-bolanz tag-hadrien-halter tag-loris-ferrari tag-lou-sicovier tag-lucie-ortet tag-odile-jaques\">\n<h6 class=\"liensouligne wp-block-post-title\"><a href=\"https:\/\/wp.unil.ch\/ateliercritique\/2024\/10\/la-tempete-ou-la-voix-du-vent\/\" target=\"_self\" >La Temp\u00eate ou La Voix du Vent<\/a><\/h6>\n\n<div class=\"wp-block-post-excerpt\"><p class=\"wp-block-post-excerpt__excerpt\">Texte de William Shakespeare \/ Mise en sc\u00e8ne d\u2019Omar Porras \/ TKM \u2013 Th\u00e9\u00e2tre Kl\u00e9ber-M\u00e9leau (Renens-Malley) \/ Du 24 septembre au 13 octobre 2024 \/ Critiques par Lou Sicovier, Loris Ferrari, Odile Jaques, Anna Chialva, Lucie Ortet, Hadrien Halter et\u2026 <\/p><\/div>\n\n\n<div style=\"height:1px\" aria-hidden=\"true\" class=\"wp-block-spacer\"><\/div>\n\n<\/li><\/ul><\/div>\n","protected":false},"excerpt":{"rendered":"<p>Les \u00e9tudes th\u00e9\u00e2trales sont pour moi une mani\u00e8re d&rsquo;entrer dans le monde du journalisme culturel. Actuellement en fin de master en histoire contemporaine, j&rsquo;ai aussi \u00e9tudi\u00e9 l&rsquo;anglais et l&rsquo;histoire de &hellip; <\/p>\n","protected":false},"author":1002847,"featured_media":0,"parent":2716,"menu_order":0,"comment_status":"closed","ping_status":"closed","template":"","meta":{"_seopress_robots_primary_cat":"","_seopress_titles_title":"","_seopress_titles_desc":"","_seopress_robots_index":"","footnotes":""},"class_list":["post-19958","page","type-page","status-publish"],"_links":{"self":[{"href":"https:\/\/wp.unil.ch\/ateliercritique\/wp-json\/wp\/v2\/pages\/19958","targetHints":{"allow":["GET"]}}],"collection":[{"href":"https:\/\/wp.unil.ch\/ateliercritique\/wp-json\/wp\/v2\/pages"}],"about":[{"href":"https:\/\/wp.unil.ch\/ateliercritique\/wp-json\/wp\/v2\/types\/page"}],"author":[{"embeddable":true,"href":"https:\/\/wp.unil.ch\/ateliercritique\/wp-json\/wp\/v2\/users\/1002847"}],"replies":[{"embeddable":true,"href":"https:\/\/wp.unil.ch\/ateliercritique\/wp-json\/wp\/v2\/comments?post=19958"}],"version-history":[{"count":5,"href":"https:\/\/wp.unil.ch\/ateliercritique\/wp-json\/wp\/v2\/pages\/19958\/revisions"}],"predecessor-version":[{"id":23077,"href":"https:\/\/wp.unil.ch\/ateliercritique\/wp-json\/wp\/v2\/pages\/19958\/revisions\/23077"}],"up":[{"embeddable":true,"href":"https:\/\/wp.unil.ch\/ateliercritique\/wp-json\/wp\/v2\/pages\/2716"}],"wp:attachment":[{"href":"https:\/\/wp.unil.ch\/ateliercritique\/wp-json\/wp\/v2\/media?parent=19958"}],"curies":[{"name":"wp","href":"https:\/\/api.w.org\/{rel}","templated":true}]}}