{"id":19873,"date":"2024-10-18T19:49:33","date_gmt":"2024-10-18T17:49:33","guid":{"rendered":"https:\/\/wp.unil.ch\/ateliercritique\/?page_id=19873"},"modified":"2025-07-16T11:53:36","modified_gmt":"2025-07-16T09:53:36","slug":"lou-sicovier-2","status":"publish","type":"page","link":"https:\/\/wp.unil.ch\/ateliercritique\/lequipe\/lou-sicovier-2\/","title":{"rendered":"Lou Sicovier"},"content":{"rendered":"\n<h4 class=\"wp-block-heading\">Les critiques de Lou Sicovier :<\/h4>\n\n\n\n<div class=\"wp-block-query is-layout-flow wp-block-query-is-layout-flow\"><ul class=\"wp-block-post-template is-layout-flow wp-block-post-template-is-layout-flow\"><li class=\"wp-block-post post-23228 post type-post status-publish format-standard has-post-thumbnail category-entretien tag-lou-sicovier\">\n<h6 class=\"liensouligne wp-block-post-title\"><a href=\"https:\/\/wp.unil.ch\/ateliercritique\/2025\/07\/entretien-avec-brigitte-rosset-sur-merci-pour-le-couteau-a-poisson-les-conversations-et-les-delices-au-jambon\/\" target=\"_self\" >Entretien avec Brigitte Rosset sur Merci pour le couteau \u00e0 poisson, les conversations et les d\u00e9lices au jambon<\/a><\/h6>\n\n<div class=\"wp-block-post-excerpt\"><p class=\"wp-block-post-excerpt__excerpt\">Par Lou Sicovier. <\/p><\/div>\n\n\n<div style=\"height:1px\" aria-hidden=\"true\" class=\"wp-block-spacer\"><\/div>\n\n<\/li><li class=\"wp-block-post post-21324 post type-post status-publish format-standard has-post-thumbnail category-critique category-expired category-le-petit-theatre category-spectacle tag-anna-chialva tag-lou-sicovier\">\n<h6 class=\"liensouligne wp-block-post-title\"><a href=\"https:\/\/wp.unil.ch\/ateliercritique\/2024\/12\/lala-et-le-cirque-du-vent\/\" target=\"_self\" >Lala et le cirque du vent<\/a><\/h6>\n\n<div class=\"wp-block-post-excerpt\"><p class=\"wp-block-post-excerpt__excerpt\">Mise en sc\u00e8ne par Anne-C\u00e9cile Moser \/ D&rsquo;apr\u00e8s un conte musical d&rsquo;Anne Sylvestre \/ Le Petit Th\u00e9\u00e2tre (Lausanne) \/ Du 4 au 31 d\u00e9cembre 2024 \/ Critiques par Anna Chialva et Lou Sicovier . <\/p><\/div>\n\n\n<div style=\"height:1px\" aria-hidden=\"true\" class=\"wp-block-spacer\"><\/div>\n\n<\/li><li class=\"wp-block-post post-20061 post type-post status-publish format-standard has-post-thumbnail category-critique category-expired category-spectacle category-theatre-de-vidy tag-hadrien-halter tag-lou-sicovier\">\n<h6 class=\"liensouligne wp-block-post-title\"><a href=\"https:\/\/wp.unil.ch\/ateliercritique\/2024\/11\/lamante-anglaise\/\" target=\"_self\" >L&rsquo;Amante anglaise<\/a><\/h6>\n\n<div class=\"wp-block-post-excerpt\"><p class=\"wp-block-post-excerpt__excerpt\">Mise en sc\u00e8ne par Emilie Charriot \/ D&rsquo;apr\u00e8s Marguerite Duras \/ Th\u00e9\u00e2tre de Vidy (Lausanne) \/ Du 27 novembre au 8 d\u00e9cembre 2024 \/ Critiques par Hadrien Halter et Lou Sicovier . <\/p><\/div>\n\n\n<div style=\"height:1px\" aria-hidden=\"true\" class=\"wp-block-spacer\"><\/div>\n\n<\/li><li class=\"wp-block-post post-19999 post type-post status-publish format-standard has-post-thumbnail category-critique category-expired category-la-grange category-spectacle tag-lou-sicovier\">\n<h6 class=\"liensouligne wp-block-post-title\"><a href=\"https:\/\/wp.unil.ch\/ateliercritique\/2024\/11\/toute-intention-de-nuire\/\" target=\"_self\" >Toute intention de nuire<\/a><\/h6>\n\n<div class=\"wp-block-post-excerpt\"><p class=\"wp-block-post-excerpt__excerpt\">Conception et mise en sc\u00e8ne par Adrien Barazzone \/ \u00a0La Grange &#8211; Centre \/ Arts et Science \/ UNIL \/ 20, 21 et 23 novembre 2024 \/ Critique par Lou Sicovier . <\/p><\/div>\n\n\n<div style=\"height:1px\" aria-hidden=\"true\" class=\"wp-block-spacer\"><\/div>\n\n<\/li><li class=\"wp-block-post post-19893 post type-post status-publish format-standard has-post-thumbnail category-critique category-expired category-spectacle category-theatre-2-21-lausanne tag-lou-sicovier tag-odile-jaques\">\n<h6 class=\"liensouligne wp-block-post-title\"><a href=\"https:\/\/wp.unil.ch\/ateliercritique\/2024\/10\/casting-presente-r-hamlet\/\" target=\"_self\" >Casting pr\u00e9sente : R-Hamlet<\/a><\/h6>\n\n<div class=\"wp-block-post-excerpt\"><p class=\"wp-block-post-excerpt__excerpt\">Conception et mise en sc\u00e8ne par Lausanne-Impro \/ Th\u00e9\u00e2tre 2.21 (Lausanne) \/ Du 18 au 19 octobre 2024 \/ Critiques par Lou Sicovier et Odile Jaques. <\/p><\/div>\n\n\n<div style=\"height:1px\" aria-hidden=\"true\" class=\"wp-block-spacer\"><\/div>\n\n<\/li><li class=\"wp-block-post post-19869 post type-post status-publish format-standard has-post-thumbnail category-critique category-expired category-spectacle category-tkm-theatre-kleber-meleau tag-anna-chialva tag-auxane-bolanz tag-hadrien-halter tag-loris-ferrari tag-lou-sicovier tag-lucie-ortet tag-odile-jaques\">\n<h6 class=\"liensouligne wp-block-post-title\"><a href=\"https:\/\/wp.unil.ch\/ateliercritique\/2024\/10\/la-tempete-ou-la-voix-du-vent\/\" target=\"_self\" >La Temp\u00eate ou La Voix du Vent<\/a><\/h6>\n\n<div class=\"wp-block-post-excerpt\"><p class=\"wp-block-post-excerpt__excerpt\">Texte de William Shakespeare \/ Mise en sc\u00e8ne d\u2019Omar Porras \/ TKM \u2013 Th\u00e9\u00e2tre Kl\u00e9ber-M\u00e9leau (Renens-Malley) \/ Du 24 septembre au 13 octobre 2024 \/ Critiques par Lou Sicovier, Loris Ferrari, Odile Jaques, Anna Chialva, Lucie Ortet, Hadrien Halter et\u2026 <\/p><\/div>\n\n\n<div style=\"height:1px\" aria-hidden=\"true\" class=\"wp-block-spacer\"><\/div>\n\n<\/li><\/ul><\/div>\n","protected":false},"excerpt":{"rendered":"<p>Les critiques de Lou Sicovier :<\/p>\n","protected":false},"author":1002847,"featured_media":0,"parent":2716,"menu_order":0,"comment_status":"closed","ping_status":"closed","template":"","meta":{"_seopress_robots_primary_cat":"","_seopress_titles_title":"","_seopress_titles_desc":"","_seopress_robots_index":"","footnotes":""},"class_list":["post-19873","page","type-page","status-publish"],"_links":{"self":[{"href":"https:\/\/wp.unil.ch\/ateliercritique\/wp-json\/wp\/v2\/pages\/19873","targetHints":{"allow":["GET"]}}],"collection":[{"href":"https:\/\/wp.unil.ch\/ateliercritique\/wp-json\/wp\/v2\/pages"}],"about":[{"href":"https:\/\/wp.unil.ch\/ateliercritique\/wp-json\/wp\/v2\/types\/page"}],"author":[{"embeddable":true,"href":"https:\/\/wp.unil.ch\/ateliercritique\/wp-json\/wp\/v2\/users\/1002847"}],"replies":[{"embeddable":true,"href":"https:\/\/wp.unil.ch\/ateliercritique\/wp-json\/wp\/v2\/comments?post=19873"}],"version-history":[{"count":5,"href":"https:\/\/wp.unil.ch\/ateliercritique\/wp-json\/wp\/v2\/pages\/19873\/revisions"}],"predecessor-version":[{"id":21299,"href":"https:\/\/wp.unil.ch\/ateliercritique\/wp-json\/wp\/v2\/pages\/19873\/revisions\/21299"}],"up":[{"embeddable":true,"href":"https:\/\/wp.unil.ch\/ateliercritique\/wp-json\/wp\/v2\/pages\/2716"}],"wp:attachment":[{"href":"https:\/\/wp.unil.ch\/ateliercritique\/wp-json\/wp\/v2\/media?parent=19873"}],"curies":[{"name":"wp","href":"https:\/\/api.w.org\/{rel}","templated":true}]}}