{"id":19857,"date":"2024-10-18T10:31:44","date_gmt":"2024-10-18T08:31:44","guid":{"rendered":"https:\/\/wp.unil.ch\/ateliercritique\/?page_id=19857"},"modified":"2025-03-30T21:35:30","modified_gmt":"2025-03-30T19:35:30","slug":"loris-ferrari","status":"publish","type":"page","link":"https:\/\/wp.unil.ch\/ateliercritique\/lequipe\/loris-ferrari\/","title":{"rendered":"Loris Ferrari"},"content":{"rendered":"<div class=\"wp-block-image\">\n<figure class=\"alignright size-full is-resized\"><img loading=\"lazy\" decoding=\"async\" width=\"576\" height=\"587\" src=\"https:\/\/wp.unil.ch\/ateliercritique\/files\/2025\/03\/loris-ferrari.jpg\" alt=\"loris ferrari\" class=\"wp-image-23052\" style=\"width:300px\" srcset=\"https:\/\/wp.unil.ch\/ateliercritique\/files\/2025\/03\/loris-ferrari.jpg 576w, https:\/\/wp.unil.ch\/ateliercritique\/files\/2025\/03\/loris-ferrari-196x200.jpg 196w, https:\/\/wp.unil.ch\/ateliercritique\/files\/2025\/03\/loris-ferrari-167x170.jpg 167w\" sizes=\"auto, (max-width: 576px) 100vw, 576px\" \/><\/figure>\n<\/div>\n\n\n<p>Actuellement en master de philosophie, histoire et \u00e9tudes th\u00e9\u00e2trales, je me passionne pour le th\u00e9\u00e2tre, la philosophie et l&rsquo;histoire m\u00e9di\u00e9vale. Mon int\u00e9r\u00eat se porte particuli\u00e8rement sur la philosophie antique, notamment Platon, et sur la mani\u00e8re dont la pens\u00e9e philosophique peut \u00eatre mise en jeu dans le th\u00e9\u00e2tre.<br>La critique th\u00e9\u00e2trale me permet d&rsquo;explorer ces interactions en profondeur : elle est un moyen d&rsquo;analyser comment les \u0153uvres sc\u00e9niques interrogent le monde, les id\u00e9es et la condition humaine. \u00c0 travers l&rsquo;\u00e9criture critique, je cherche \u00e0 saisir et \u00e0 questionner la mise en sc\u00e8ne de concepts philosophiques, tout en rendant compte de la richesse du langage th\u00e9\u00e2tral.<\/p>\n\n\n\n<h4 class=\"wp-block-heading\">Les critiques de Loris Ferrari : <\/h4>\n\n\n\n<div class=\"wp-block-query is-layout-flow wp-block-query-is-layout-flow\"><ul class=\"wp-block-post-template is-layout-flow wp-block-post-template-is-layout-flow\"><li class=\"wp-block-post post-23099 post type-post status-publish format-standard has-post-thumbnail category-critique category-expired category-spectacle category-theatre-de-vidy tag-alexia-gay tag-celia-reymond tag-killian-lachat tag-laurie-boissenin tag-loris-ferrari tag-maxime-grandjean tag-muireann-walsh tag-orane-gigon\">\n<h6 class=\"liensouligne wp-block-post-title\"><a href=\"https:\/\/wp.unil.ch\/ateliercritique\/2025\/04\/lenz\/\" target=\"_self\" >Lenz<\/a><\/h6>\n\n<div class=\"wp-block-post-excerpt\"><p class=\"wp-block-post-excerpt__excerpt\">D&rsquo;apr\u00e8s Georg B\u00fcchner \/ Mise en sc\u00e8ne par \u00c9l\u00e9onore Bonah et Maria Clara Castioni \/ Th\u00e9\u00e2tre de Vidy (Lausanne) \/ Du 1 au 10 avril 2025 \/ Critiques par Alexia Gay, Muireann Walsh, Loris Ferrari, Laurie Boissenin, Killian Lachat, Maxime\u2026 <\/p><\/div>\n\n\n<div style=\"height:1px\" aria-hidden=\"true\" class=\"wp-block-spacer\"><\/div>\n\n<\/li><li class=\"wp-block-post post-22988 post type-post status-publish format-standard has-post-thumbnail category-creation-libre category-expired category-la-grange category-spectacle tag-celia-reymond tag-hadrien-halter tag-killian-lachat tag-laurie-boissenin tag-loris-ferrari tag-lucie-ortet tag-maxime-grandjean tag-muireann-walsh tag-orane-gigon\">\n<h6 class=\"liensouligne wp-block-post-title\"><a href=\"https:\/\/wp.unil.ch\/ateliercritique\/2025\/03\/la-visite-du-futur-imparfait\/\" target=\"_self\" >La visite du futur imparfait<\/a><\/h6>\n\n<div class=\"wp-block-post-excerpt\"><p class=\"wp-block-post-excerpt__excerpt\">Conception et jeu par Yvan Richardet \/ La Grange \u2013 Centre \/ Arts et Science \/ UNIL \/ Du 11 mars au 15 mai 2025 \/ Textes cr\u00e9atifs par Orane Gigon, Maxime Grandjean, Killian Lachat, Lucie Ortet, Hadrien Halter, Loris\u2026 <\/p><\/div>\n\n\n<div style=\"height:1px\" aria-hidden=\"true\" class=\"wp-block-spacer\"><\/div>\n\n<\/li><li class=\"wp-block-post post-22942 post type-post status-publish format-standard has-post-thumbnail category-critique category-expired category-theatre-de-larsenic category-spectacle tag-auxane-bolanz tag-loris-ferrari\">\n<h6 class=\"liensouligne wp-block-post-title\"><a href=\"https:\/\/wp.unil.ch\/ateliercritique\/2025\/03\/magic-maids\/\" target=\"_self\" >Magic Maids<\/a><\/h6>\n\n<div class=\"wp-block-post-excerpt\"><p class=\"wp-block-post-excerpt__excerpt\">Conception et mise en sc\u00e8ne par Eisa Jocson et Venuri Perera \/ L\u2019 Arsenic \u2013 Centre d\u2019art sc\u00e9nique contemporain (Lausanne) \/ Du 14 au 16 mars 2025 \/ Critiques par Loris Ferrari et Auxane Bolanz . <\/p><\/div>\n\n\n<div style=\"height:1px\" aria-hidden=\"true\" class=\"wp-block-spacer\"><\/div>\n\n<\/li><li class=\"wp-block-post post-22894 post type-post status-publish format-standard has-post-thumbnail category-critique category-expired category-la-grange category-spectacle tag-loris-ferrari tag-petya-ivanova\">\n<h6 class=\"liensouligne wp-block-post-title\"><a href=\"https:\/\/wp.unil.ch\/ateliercritique\/2025\/03\/a-cinq-ans-jai-oublie-le-francais\/\" target=\"_self\" >A cinq ans, j&rsquo;ai oubli\u00e9 le Fran\u00e7ais<\/a><\/h6>\n\n<div class=\"wp-block-post-excerpt\"><p class=\"wp-block-post-excerpt__excerpt\">Conception et mise en sc\u00e8ne par Anouk Werro et M\u00e9lissa Rouvinet \/ \u00a0La Grange &#8211; Centre \/ Arts et Science \/ UNIL \/ Du 25 f\u00e9vrier au 2 mars 2025 \/ Critiques par Petya Ivanova et Loris Ferrari . <\/p><\/div>\n\n\n<div style=\"height:1px\" aria-hidden=\"true\" class=\"wp-block-spacer\"><\/div>\n\n<\/li><li class=\"wp-block-post post-20303 post type-post status-publish format-standard has-post-thumbnail category-critique category-expired category-theatre-de-larsenic category-spectacle tag-loris-ferrari\">\n<h6 class=\"liensouligne wp-block-post-title\"><a href=\"https:\/\/wp.unil.ch\/ateliercritique\/2024\/12\/terminale-hysteria\/\" target=\"_self\" >Terminale Hysteria<\/a><\/h6>\n\n<div class=\"wp-block-post-excerpt\"><p class=\"wp-block-post-excerpt__excerpt\">Conception et mise en sc\u00e8ne par Tatiana Baumgartner, L\u00e9a Katharina Meier \/ L&rsquo; Arsenic &#8211; Centre d\u2019art sc\u00e9nique contemporain (Lausanne) \/ Du 27 novembre au 1er d\u00e9cembre 2024 \/ Critique par Loris Ferrari . <\/p><\/div>\n\n\n<div style=\"height:1px\" aria-hidden=\"true\" class=\"wp-block-spacer\"><\/div>\n\n<\/li><li class=\"wp-block-post post-19985 post type-post status-publish format-standard has-post-thumbnail category-critique category-expired category-spectacle category-theatre-de-vidy tag-auxane-bolanz tag-loris-ferrari tag-lucie-ortet\">\n<h6 class=\"liensouligne wp-block-post-title\"><a href=\"https:\/\/wp.unil.ch\/ateliercritique\/2024\/11\/hercule\/\" target=\"_self\" >Hercule<\/a><\/h6>\n\n<div class=\"wp-block-post-excerpt\"><p class=\"wp-block-post-excerpt__excerpt\">Mise en sc\u00e8ne par Giulia Rumasuglia \/ D&rsquo;apr\u00e8s Friedrich D\u00fcrrenmatt \/ Th\u00e9\u00e2tre de Vidy (Lausanne) \/ Du 6 au 23 novembre 2024 \/ Critiques par Auxane Bolanz, Loris Ferrari et Lucie Ortet . <\/p><\/div>\n\n\n<div style=\"height:1px\" aria-hidden=\"true\" class=\"wp-block-spacer\"><\/div>\n\n<\/li><li class=\"wp-block-post post-19869 post type-post status-publish format-standard has-post-thumbnail category-critique category-expired category-spectacle category-tkm-theatre-kleber-meleau tag-anna-chialva tag-auxane-bolanz tag-hadrien-halter tag-loris-ferrari tag-lou-sicovier tag-lucie-ortet tag-odile-jaques\">\n<h6 class=\"liensouligne wp-block-post-title\"><a href=\"https:\/\/wp.unil.ch\/ateliercritique\/2024\/10\/la-tempete-ou-la-voix-du-vent\/\" target=\"_self\" >La Temp\u00eate ou La Voix du Vent<\/a><\/h6>\n\n<div class=\"wp-block-post-excerpt\"><p class=\"wp-block-post-excerpt__excerpt\">Texte de William Shakespeare \/ Mise en sc\u00e8ne d\u2019Omar Porras \/ TKM \u2013 Th\u00e9\u00e2tre Kl\u00e9ber-M\u00e9leau (Renens-Malley) \/ Du 24 septembre au 13 octobre 2024 \/ Critiques par Lou Sicovier, Loris Ferrari, Odile Jaques, Anna Chialva, Lucie Ortet, Hadrien Halter et\u2026 <\/p><\/div>\n\n\n<div style=\"height:1px\" aria-hidden=\"true\" class=\"wp-block-spacer\"><\/div>\n\n<\/li><li class=\"wp-block-post post-19855 post type-post status-publish format-standard has-post-thumbnail category-critique category-expired category-spectacle category-theatre-de-carouge tag-hadrien-halter tag-loris-ferrari\">\n<h6 class=\"liensouligne wp-block-post-title\"><a href=\"https:\/\/wp.unil.ch\/ateliercritique\/2024\/10\/les-fausses-confidences\/\" target=\"_self\" >Les Fausses Confidences<\/a><\/h6>\n\n<div class=\"wp-block-post-excerpt\"><p class=\"wp-block-post-excerpt__excerpt\">Texte de Marivaux \/ Mise en sc\u00e8ne d\u2019Alain Fran\u00e7on \/ Th\u00e9\u00e2tre de Carouge (Gen\u00e8ve) \/ Du 24 septembre au 19 octobre 2024 \/ Critiques par Loris Ferrari et Hadrien Halter. <\/p><\/div>\n\n\n<div style=\"height:1px\" aria-hidden=\"true\" class=\"wp-block-spacer\"><\/div>\n\n<\/li><\/ul><\/div>\n","protected":false},"excerpt":{"rendered":"<p>Actuellement en master de philosophie, histoire et \u00e9tudes th\u00e9\u00e2trales, je me passionne pour le th\u00e9\u00e2tre, la philosophie et l&rsquo;histoire m\u00e9di\u00e9vale. Mon int\u00e9r\u00eat se porte particuli\u00e8rement sur la philosophie antique, notamment &hellip; <\/p>\n","protected":false},"author":1002847,"featured_media":0,"parent":2716,"menu_order":0,"comment_status":"closed","ping_status":"closed","template":"","meta":{"_seopress_robots_primary_cat":"","_seopress_titles_title":"","_seopress_titles_desc":"","_seopress_robots_index":"","footnotes":""},"class_list":["post-19857","page","type-page","status-publish"],"_links":{"self":[{"href":"https:\/\/wp.unil.ch\/ateliercritique\/wp-json\/wp\/v2\/pages\/19857","targetHints":{"allow":["GET"]}}],"collection":[{"href":"https:\/\/wp.unil.ch\/ateliercritique\/wp-json\/wp\/v2\/pages"}],"about":[{"href":"https:\/\/wp.unil.ch\/ateliercritique\/wp-json\/wp\/v2\/types\/page"}],"author":[{"embeddable":true,"href":"https:\/\/wp.unil.ch\/ateliercritique\/wp-json\/wp\/v2\/users\/1002847"}],"replies":[{"embeddable":true,"href":"https:\/\/wp.unil.ch\/ateliercritique\/wp-json\/wp\/v2\/comments?post=19857"}],"version-history":[{"count":4,"href":"https:\/\/wp.unil.ch\/ateliercritique\/wp-json\/wp\/v2\/pages\/19857\/revisions"}],"predecessor-version":[{"id":23055,"href":"https:\/\/wp.unil.ch\/ateliercritique\/wp-json\/wp\/v2\/pages\/19857\/revisions\/23055"}],"up":[{"embeddable":true,"href":"https:\/\/wp.unil.ch\/ateliercritique\/wp-json\/wp\/v2\/pages\/2716"}],"wp:attachment":[{"href":"https:\/\/wp.unil.ch\/ateliercritique\/wp-json\/wp\/v2\/media?parent=19857"}],"curies":[{"name":"wp","href":"https:\/\/api.w.org\/{rel}","templated":true}]}}