{"id":19828,"date":"2024-10-09T18:53:31","date_gmt":"2024-10-09T16:53:31","guid":{"rendered":"https:\/\/wp.unil.ch\/ateliercritique\/?page_id=19828"},"modified":"2024-12-12T14:43:50","modified_gmt":"2024-12-12T13:43:50","slug":"19828-2","status":"publish","type":"page","link":"https:\/\/wp.unil.ch\/ateliercritique\/lequipe\/19828-2\/","title":{"rendered":"Odile Jaques"},"content":{"rendered":"\n<h4 class=\"wp-block-heading\">Les critiques d&rsquo;Odile Jaques : <\/h4>\n\n\n\n<div class=\"wp-block-query is-layout-flow wp-block-query-is-layout-flow\"><ul class=\"wp-block-post-template is-layout-flow wp-block-post-template-is-layout-flow\"><li class=\"wp-block-post post-20071 post type-post status-publish format-standard has-post-thumbnail category-critique category-expired category-spectacle category-theatre-du-passage tag-lucie-ortet tag-odile-jaques\">\n<h6 class=\"liensouligne wp-block-post-title\"><a href=\"https:\/\/wp.unil.ch\/ateliercritique\/2024\/11\/six\/\" target=\"_self\" >Six\u00b0<\/a><\/h6>\n\n<div class=\"wp-block-post-excerpt\"><p class=\"wp-block-post-excerpt__excerpt\">Conception et mise en sc\u00e8ne par la Cie FLIP Fabrique \/ Th\u00e9\u00e2tre du Passage (Neuch\u00e2tel) \/ Du 23 au 24 novembre 2024 \/ Critiques par Odile Jaques et Lucie Ortet . <\/p><\/div>\n\n\n<div style=\"height:1px\" aria-hidden=\"true\" class=\"wp-block-spacer\"><\/div>\n\n<\/li><li class=\"wp-block-post post-19989 post type-post status-publish format-standard has-post-thumbnail category-adn-association-danse-neuchatel category-critique category-expired category-le-pommier category-spectacle tag-odile-jaques\">\n<h6 class=\"liensouligne wp-block-post-title\"><a href=\"https:\/\/wp.unil.ch\/ateliercritique\/2024\/11\/wannabe\/\" target=\"_self\" >Wannabe<\/a><\/h6>\n\n<div class=\"wp-block-post-excerpt\"><p class=\"wp-block-post-excerpt__excerpt\">Performance par Kiyan Khoshoie \/ Th\u00e9\u00e2tre Le Pommier (Neuch\u00e2tel) et l&rsquo;ADN &#8211; Association Danse Neuch\u00e2tel \/ Du 14 au 15 novembre 2024 \/ Critique par Odile Jaques . <\/p><\/div>\n\n\n<div style=\"height:1px\" aria-hidden=\"true\" class=\"wp-block-spacer\"><\/div>\n\n<\/li><li class=\"wp-block-post post-19893 post type-post status-publish format-standard has-post-thumbnail category-critique category-expired category-spectacle category-theatre-2-21-lausanne tag-lou-sicovier tag-odile-jaques\">\n<h6 class=\"liensouligne wp-block-post-title\"><a href=\"https:\/\/wp.unil.ch\/ateliercritique\/2024\/10\/casting-presente-r-hamlet\/\" target=\"_self\" >Casting pr\u00e9sente : R-Hamlet<\/a><\/h6>\n\n<div class=\"wp-block-post-excerpt\"><p class=\"wp-block-post-excerpt__excerpt\">Conception et mise en sc\u00e8ne par Lausanne-Impro \/ Th\u00e9\u00e2tre 2.21 (Lausanne) \/ Du 18 au 19 octobre 2024 \/ Critiques par Lou Sicovier et Odile Jaques. <\/p><\/div>\n\n\n<div style=\"height:1px\" aria-hidden=\"true\" class=\"wp-block-spacer\"><\/div>\n\n<\/li><li class=\"wp-block-post post-19869 post type-post status-publish format-standard has-post-thumbnail category-critique category-expired category-spectacle category-tkm-theatre-kleber-meleau tag-anna-chialva tag-auxane-bolanz tag-hadrien-halter tag-loris-ferrari tag-lou-sicovier tag-lucie-ortet tag-odile-jaques\">\n<h6 class=\"liensouligne wp-block-post-title\"><a href=\"https:\/\/wp.unil.ch\/ateliercritique\/2024\/10\/la-tempete-ou-la-voix-du-vent\/\" target=\"_self\" >La Temp\u00eate ou La Voix du Vent<\/a><\/h6>\n\n<div class=\"wp-block-post-excerpt\"><p class=\"wp-block-post-excerpt__excerpt\">Texte de William Shakespeare \/ Mise en sc\u00e8ne d\u2019Omar Porras \/ TKM \u2013 Th\u00e9\u00e2tre Kl\u00e9ber-M\u00e9leau (Renens-Malley) \/ Du 24 septembre au 13 octobre 2024 \/ Critiques par Lou Sicovier, Loris Ferrari, Odile Jaques, Anna Chialva, Lucie Ortet, Hadrien Halter et\u2026 <\/p><\/div>\n\n\n<div style=\"height:1px\" aria-hidden=\"true\" class=\"wp-block-spacer\"><\/div>\n\n<\/li><li class=\"wp-block-post post-19822 post type-post status-publish format-standard has-post-thumbnail category-critique category-expired category-spectacle category-tpr-la-chaux-de-fonds tag-odile-jaques\">\n<h6 class=\"liensouligne wp-block-post-title\"><a href=\"https:\/\/wp.unil.ch\/ateliercritique\/2024\/10\/dans-la-solitude-des-champs-de-coton\/\" target=\"_self\" >Dans la solitude des champs de coton<\/a><\/h6>\n\n<div class=\"wp-block-post-excerpt\"><p class=\"wp-block-post-excerpt__excerpt\">Texte de Bernard-Marie Kolt\u00e8s. Mise en sc\u00e8ne de Maya B\u00f6sch \/ TPR \u2013 Th\u00e9\u00e2tre populaire romand (La-Chaux-de-Fond) \/ Du 27 au 28 septembre 2024 \/ Critique par Odile Jaques. <\/p><\/div>\n\n\n<div style=\"height:1px\" aria-hidden=\"true\" class=\"wp-block-spacer\"><\/div>\n\n<\/li><\/ul><\/div>\n\n\n\n<p><\/p>\n","protected":false},"excerpt":{"rendered":"<p>Les critiques d&rsquo;Odile Jaques :<\/p>\n","protected":false},"author":1002847,"featured_media":0,"parent":2716,"menu_order":0,"comment_status":"closed","ping_status":"closed","template":"","meta":{"_seopress_robots_primary_cat":"","_seopress_titles_title":"","_seopress_titles_desc":"","_seopress_robots_index":"","footnotes":""},"class_list":["post-19828","page","type-page","status-publish"],"_links":{"self":[{"href":"https:\/\/wp.unil.ch\/ateliercritique\/wp-json\/wp\/v2\/pages\/19828","targetHints":{"allow":["GET"]}}],"collection":[{"href":"https:\/\/wp.unil.ch\/ateliercritique\/wp-json\/wp\/v2\/pages"}],"about":[{"href":"https:\/\/wp.unil.ch\/ateliercritique\/wp-json\/wp\/v2\/types\/page"}],"author":[{"embeddable":true,"href":"https:\/\/wp.unil.ch\/ateliercritique\/wp-json\/wp\/v2\/users\/1002847"}],"replies":[{"embeddable":true,"href":"https:\/\/wp.unil.ch\/ateliercritique\/wp-json\/wp\/v2\/comments?post=19828"}],"version-history":[{"count":5,"href":"https:\/\/wp.unil.ch\/ateliercritique\/wp-json\/wp\/v2\/pages\/19828\/revisions"}],"predecessor-version":[{"id":21303,"href":"https:\/\/wp.unil.ch\/ateliercritique\/wp-json\/wp\/v2\/pages\/19828\/revisions\/21303"}],"up":[{"embeddable":true,"href":"https:\/\/wp.unil.ch\/ateliercritique\/wp-json\/wp\/v2\/pages\/2716"}],"wp:attachment":[{"href":"https:\/\/wp.unil.ch\/ateliercritique\/wp-json\/wp\/v2\/media?parent=19828"}],"curies":[{"name":"wp","href":"https:\/\/api.w.org\/{rel}","templated":true}]}}