{"id":17553,"date":"2024-02-27T11:04:43","date_gmt":"2024-02-27T10:04:43","guid":{"rendered":"https:\/\/wp.unil.ch\/ateliercritique\/?page_id=17553"},"modified":"2025-02-09T18:42:48","modified_gmt":"2025-02-09T17:42:48","slug":"clelie-vuillaume","status":"publish","type":"page","link":"https:\/\/wp.unil.ch\/ateliercritique\/lequipe\/clelie-vuillaume\/","title":{"rendered":"Cl\u00e9lie Vuillaume"},"content":{"rendered":"\n<h4 class=\"wp-block-heading\">Les critiques de Cl\u00e9lie Vuillaume :<\/h4>\n\n\n\n<div class=\"wp-block-query is-layout-flow wp-block-query-is-layout-flow\"><ul class=\"wp-block-post-template is-layout-flow wp-block-post-template-is-layout-flow\"><li class=\"wp-block-post post-18899 post type-post status-publish format-standard has-post-thumbnail category-critique category-expired category-spectacle category-theatre-de-vidy tag-clelie-vuillaume tag-piera-biondina\">\n<h6 class=\"liensouligne wp-block-post-title\"><a href=\"https:\/\/wp.unil.ch\/ateliercritique\/2024\/06\/plutot-vomir-que-faillir\/\" target=\"_self\" >Plut\u00f4t vomir que faillir<\/a><\/h6>\n\n<div class=\"wp-block-post-excerpt\"><p class=\"wp-block-post-excerpt__excerpt\">Mise en sc\u00e8ne par R\u00e9becca Chaillon \/ Th\u00e9\u00e2tre de Vidy (Lausanne) \/ Du 29 mai au 2 juin 2024 \/ Critiques par Cl\u00e9lie Vuillaume et Piera Biondina. <\/p><\/div>\n\n\n<div style=\"height:1px\" aria-hidden=\"true\" class=\"wp-block-spacer\"><\/div>\n\n<\/li><li class=\"wp-block-post post-18855 post type-post status-publish format-standard has-post-thumbnail category-critique category-expired category-la-grange category-spectacle tag-clelie-vuillaume tag-joaquin-marine-pinero\">\n<h6 class=\"liensouligne wp-block-post-title\"><a href=\"https:\/\/wp.unil.ch\/ateliercritique\/2024\/06\/medee-superstar\/\" target=\"_self\" >M\u00e9d\u00e9e Superstar<\/a><\/h6>\n\n<div class=\"wp-block-post-excerpt\"><p class=\"wp-block-post-excerpt__excerpt\">Texte et mise en sc\u00e8ne par la Cie Les Bernardes \/ La Grange \u2013 Centre \/ Arts et Science \/ UNIL \/ du 25 au 26 mai 2024 \/ Critiques par Cl\u00e9lie Vuillaume et Joaquin Marin\u00e9 Pi\u00f1ero . <\/p><\/div>\n\n\n<div style=\"height:1px\" aria-hidden=\"true\" class=\"wp-block-spacer\"><\/div>\n\n<\/li><li class=\"wp-block-post post-17868 post type-post status-publish format-standard has-post-thumbnail category-critique category-expired category-spectacle category-theatre-de-vidy tag-clelie-vuillaume tag-mathilde-feraud\">\n<h6 class=\"liensouligne wp-block-post-title\"><a href=\"https:\/\/wp.unil.ch\/ateliercritique\/2024\/04\/avant-la-terreur\/\" target=\"_self\" >Avant la terreur<\/a><\/h6>\n\n<div class=\"wp-block-post-excerpt\"><p class=\"wp-block-post-excerpt__excerpt\">D\u2019apr\u00e8s Shakespeare et autres textes \/ Mise en sc\u00e8ne de Vincent Macaigne \/ \u00a0Th\u00e9\u00e2tre de Vidy (Lausanne) \/ Critiques par Cl\u00e9lie Vuillaume et Mathilde Feraud. <\/p><\/div>\n\n\n<div style=\"height:1px\" aria-hidden=\"true\" class=\"wp-block-spacer\"><\/div>\n\n<\/li><li class=\"wp-block-post post-17847 post type-post status-publish format-standard has-post-thumbnail category-critique category-expired category-le-petit-theatre category-spectacle tag-anna-chialva tag-clelie-vuillaume\">\n<h6 class=\"liensouligne wp-block-post-title\"><a href=\"https:\/\/wp.unil.ch\/ateliercritique\/2024\/04\/les-voyages-de-gulliver\/\" target=\"_self\" >Les Voyages de Gulliver<\/a><\/h6>\n\n<div class=\"wp-block-post-excerpt\"><p class=\"wp-block-post-excerpt__excerpt\">D\u2019apr\u00e8s Jonathan Swift \/ Texte de Yvan Richardet \/ mise en sc\u00e8ne par Thierry Crozat \/ Cie Les arTpenteurs \/ Le Petit Th\u00e9\u00e2tre (Lausanne) \/ du 17 avril au 5 mai 2024 \/ Critiques par Cl\u00e9lie Vuillaume et Anna Chialva\u2026 <\/p><\/div>\n\n\n<div style=\"height:1px\" aria-hidden=\"true\" class=\"wp-block-spacer\"><\/div>\n\n<\/li><li class=\"wp-block-post post-17781 post type-post status-publish format-standard has-post-thumbnail category-critique category-expired category-theatre-de-larsenic category-spectacle tag-clelie-vuillaume tag-mathilde-feraud\">\n<h6 class=\"liensouligne wp-block-post-title\"><a href=\"https:\/\/wp.unil.ch\/ateliercritique\/2024\/03\/rectum-crocodile\/\" target=\"_self\" >Rectum Crocodile<\/a><\/h6>\n\n<div class=\"wp-block-post-excerpt\"><p class=\"wp-block-post-excerpt__excerpt\">Conception et mise en sc\u00e8ne par Marvin M&rsquo;toumo \/ L&rsquo;Arsenic (Lausanne)\/ du 21 au 24 mars 2024 \/ Critiques par Mathilde Feraud et Cl\u00e9lie Vuillaume. <\/p><\/div>\n\n\n<div style=\"height:1px\" aria-hidden=\"true\" class=\"wp-block-spacer\"><\/div>\n\n<\/li><li class=\"wp-block-post post-17692 post type-post status-publish format-standard has-post-thumbnail category-critique category-expired category-la-grange category-spectacle tag-clelie-vuillaume\">\n<h6 class=\"liensouligne wp-block-post-title\"><a href=\"https:\/\/wp.unil.ch\/ateliercritique\/2024\/03\/de-la-sexualite-des-orchidees\/\" target=\"_self\" >De la sexualit\u00e9 des orchid\u00e9es<\/a><\/h6>\n\n<div class=\"wp-block-post-excerpt\"><p class=\"wp-block-post-excerpt__excerpt\">Conception, \u00e9criture et mise en sc\u00e8ne par Sofia Teillet \/\u00a0La Grange \u2013 Centre \/ Arts et Science \/ UNIL\u00a0\/\u00a0du 12 au 15 mars 2024 \/ Critique par Cl\u00e9lie Vuillaume. <\/p><\/div>\n\n\n<div style=\"height:1px\" aria-hidden=\"true\" class=\"wp-block-spacer\"><\/div>\n\n<\/li><li class=\"wp-block-post post-17681 post type-post status-publish format-standard has-post-thumbnail category-critique category-expired category-la-grange category-spectacle tag-anna-chialva tag-clelie-vuillaume tag-emma-chapatte tag-joaquin-marine-pinero tag-marguerite-thery\">\n<h6 class=\"liensouligne wp-block-post-title\"><a href=\"https:\/\/wp.unil.ch\/ateliercritique\/2024\/03\/peut-etre-quun-jour-quelque-chose-dinattendu-jaillira-de-ces-estomacs\/\" target=\"_self\" >Peut-\u00eatre qu\u2019un jour quelque chose d\u2019inattendu jaillira de ces estomacs<\/a><\/h6>\n\n<div class=\"wp-block-post-excerpt\"><p class=\"wp-block-post-excerpt__excerpt\">Conception, \u00e9criture et mise en sc\u00e8ne\u00a0Jonas Lambelet \/La Grange \u2013 Centre \/ Arts et Science \/ UNIL\u00a0\/\u00a0du 27 f\u00e9vrier au 03 mars 2024 \/ Cr\u00e9ations libres inspir\u00e9es par le spectacle par Marguerite Thery, Joaquin Marin\u00e9 Pi\u00f1ero, Cl\u00e9lie Vuillaume, Emma Chapatte\u2026 <\/p><\/div>\n\n\n<div style=\"height:1px\" aria-hidden=\"true\" class=\"wp-block-spacer\"><\/div>\n\n<\/li><\/ul><\/div>\n","protected":false},"excerpt":{"rendered":"<p>Les critiques de Cl\u00e9lie Vuillaume :<\/p>\n","protected":false},"author":1002694,"featured_media":0,"parent":2716,"menu_order":0,"comment_status":"closed","ping_status":"closed","template":"","meta":{"_seopress_robots_primary_cat":"","_seopress_titles_title":"","_seopress_titles_desc":"","_seopress_robots_index":"","footnotes":""},"class_list":["post-17553","page","type-page","status-publish"],"_links":{"self":[{"href":"https:\/\/wp.unil.ch\/ateliercritique\/wp-json\/wp\/v2\/pages\/17553","targetHints":{"allow":["GET"]}}],"collection":[{"href":"https:\/\/wp.unil.ch\/ateliercritique\/wp-json\/wp\/v2\/pages"}],"about":[{"href":"https:\/\/wp.unil.ch\/ateliercritique\/wp-json\/wp\/v2\/types\/page"}],"author":[{"embeddable":true,"href":"https:\/\/wp.unil.ch\/ateliercritique\/wp-json\/wp\/v2\/users\/1002694"}],"replies":[{"embeddable":true,"href":"https:\/\/wp.unil.ch\/ateliercritique\/wp-json\/wp\/v2\/comments?post=17553"}],"version-history":[{"count":3,"href":"https:\/\/wp.unil.ch\/ateliercritique\/wp-json\/wp\/v2\/pages\/17553\/revisions"}],"predecessor-version":[{"id":22365,"href":"https:\/\/wp.unil.ch\/ateliercritique\/wp-json\/wp\/v2\/pages\/17553\/revisions\/22365"}],"up":[{"embeddable":true,"href":"https:\/\/wp.unil.ch\/ateliercritique\/wp-json\/wp\/v2\/pages\/2716"}],"wp:attachment":[{"href":"https:\/\/wp.unil.ch\/ateliercritique\/wp-json\/wp\/v2\/media?parent=17553"}],"curies":[{"name":"wp","href":"https:\/\/api.w.org\/{rel}","templated":true}]}}