{"id":17550,"date":"2024-02-27T11:02:40","date_gmt":"2024-02-27T10:02:40","guid":{"rendered":"https:\/\/wp.unil.ch\/ateliercritique\/?page_id=17550"},"modified":"2025-02-07T09:40:13","modified_gmt":"2025-02-07T08:40:13","slug":"marguerite-thery","status":"publish","type":"page","link":"https:\/\/wp.unil.ch\/ateliercritique\/lequipe\/marguerite-thery\/","title":{"rendered":"Marguerite Thery"},"content":{"rendered":"\n<h4 class=\"wp-block-heading\">Les critiques de Marguerite Thery :<\/h4>\n\n\n\n<div class=\"wp-block-query is-layout-flow wp-block-query-is-layout-flow\"><ul class=\"wp-block-post-template is-layout-flow wp-block-post-template-is-layout-flow\"><li class=\"wp-block-post post-19282 post type-post status-publish format-standard has-post-thumbnail category-critique category-expired category-spectacle tag-marguerite-thery\">\n<h6 class=\"liensouligne wp-block-post-title\"><a href=\"https:\/\/wp.unil.ch\/ateliercritique\/2024\/06\/mime\/\" target=\"_self\" >Mim\u00e8<\/a><\/h6>\n\n<div class=\"wp-block-post-excerpt\"><p class=\"wp-block-post-excerpt__excerpt\">Pi\u00e8ce d&rsquo;Elidjha de Magentia \/ Compte rendu par Marguerite Thery. <\/p><\/div>\n\n\n<div style=\"height:1px\" aria-hidden=\"true\" class=\"wp-block-spacer\"><\/div>\n\n<\/li><li class=\"wp-block-post post-19278 post type-post status-publish format-standard has-post-thumbnail category-entretien tag-marguerite-thery\">\n<h6 class=\"liensouligne wp-block-post-title\"><a href=\"https:\/\/wp.unil.ch\/ateliercritique\/2024\/06\/entretien-ave-elidjah-de-magentia-autour-de-mime\/\" target=\"_self\" >Entretien avec Elidjah de Magentia autour de \u00ab Mim\u00e8\u00a0\u00bb<\/a><\/h6>\n\n<div class=\"wp-block-post-excerpt\"><p class=\"wp-block-post-excerpt__excerpt\">Par Marguerite Th\u00e9ry. <\/p><\/div>\n\n\n<div style=\"height:1px\" aria-hidden=\"true\" class=\"wp-block-spacer\"><\/div>\n\n<\/li><li class=\"wp-block-post post-18869 post type-post status-publish format-standard has-post-thumbnail category-critique category-expired category-spectacle category-theatre-du-jorat tag-marguerite-thery\">\n<h6 class=\"liensouligne wp-block-post-title\"><a href=\"https:\/\/wp.unil.ch\/ateliercritique\/2024\/06\/20000-lieues-sous-les-mers-2\/\" target=\"_self\" >20\u2019000 lieues sous les mers\u00a0<\/a><\/h6>\n\n<div class=\"wp-block-post-excerpt\"><p class=\"wp-block-post-excerpt__excerpt\">D\u2019apr\u00e8s Jules Verne \/ Adaptation et mise en sc\u00e8ne par Christian Hecq et Val\u00e9rie Lesort \/ Th\u00e9\u00e2tre du Jorat (M\u00e9zi\u00e8res) \/ du 24 au 24 mai 2024 \/ Critique par Marguerite Thery . <\/p><\/div>\n\n\n<div style=\"height:1px\" aria-hidden=\"true\" class=\"wp-block-spacer\"><\/div>\n\n<\/li><li class=\"wp-block-post post-18060 post type-post status-publish format-standard has-post-thumbnail category-critique category-expired category-maison-saint-gervais category-spectacle tag-emma-chapatte tag-marguerite-thery\">\n<h6 class=\"liensouligne wp-block-post-title\"><a href=\"https:\/\/wp.unil.ch\/ateliercritique\/2024\/04\/quichotte-chevalerie-moderne-2\/\" target=\"_self\" >Quichotte, chevalerie moderne<\/a><\/h6>\n\n<div class=\"wp-block-post-excerpt\"><p class=\"wp-block-post-excerpt__excerpt\">Mise en sc\u00e8ne par Julien Basler \/ La Cie Les Fondateurs \/ Maison Saint-Gervais (Gen\u00e8ve) \/ du 18 au 28 avril 2024 \/ Critiques par Emma Chapatte et Marguerite Thery. <\/p><\/div>\n\n\n<div style=\"height:1px\" aria-hidden=\"true\" class=\"wp-block-spacer\"><\/div>\n\n<\/li><li class=\"wp-block-post post-17775 post type-post status-publish format-standard has-post-thumbnail category-critique category-expired category-theatre-comedie category-le-reflet category-spectacle category-spot-sion tag-marguerite-thery\">\n<h6 class=\"liensouligne wp-block-post-title\"><a href=\"https:\/\/wp.unil.ch\/ateliercritique\/2024\/04\/pile-ou-face\/\" target=\"_self\" >Pile ou face<\/a><\/h6>\n\n<div class=\"wp-block-post-excerpt\"><p class=\"wp-block-post-excerpt__excerpt\">D&rsquo;apr\u00e8s Catherine Colomb \/ adaptation et mise en sc\u00e8ne par le collectif CLAR \/ Le Reflet (Vevey) \/ du 16 au 17 avril 2024 \/ La Com\u00e9die (Gen\u00e8ve) \/ du 19 au 28 avril \/ critique par Marguerite Thery. <\/p><\/div>\n\n\n<div style=\"height:1px\" aria-hidden=\"true\" class=\"wp-block-spacer\"><\/div>\n\n<\/li><li class=\"wp-block-post post-17740 post type-post status-publish format-standard has-post-thumbnail category-critique category-expired category-spectacle category-theatre-des-marionnettes tag-marguerite-thery tag-mathilde-feraud\">\n<h6 class=\"liensouligne wp-block-post-title\"><a href=\"https:\/\/wp.unil.ch\/ateliercritique\/2024\/03\/tchaika\/\" target=\"_self\" >Tcha\u00efka<\/a><\/h6>\n\n<div class=\"wp-block-post-excerpt\"><p class=\"wp-block-post-excerpt__excerpt\">Librement inspir\u00e9 de\u00a0La Mouette d\u2019Anton Tchekhov\u00a0\/\u00a0mis en sc\u00e8ne par Natacha Belova et Tita Iacobelli \/ Th\u00e9\u00e2tre des marionnettes (Gen\u00e8ve)\/ du 19 au 24 mars 2024 \/ Critiques par Mathilde Feraud et Marguerite Thery. <\/p><\/div>\n\n\n<div style=\"height:1px\" aria-hidden=\"true\" class=\"wp-block-spacer\"><\/div>\n\n<\/li><li class=\"wp-block-post post-17681 post type-post status-publish format-standard has-post-thumbnail category-critique category-expired category-la-grange category-spectacle tag-anna-chialva tag-clelie-vuillaume tag-emma-chapatte tag-joaquin-marine-pinero tag-marguerite-thery\">\n<h6 class=\"liensouligne wp-block-post-title\"><a href=\"https:\/\/wp.unil.ch\/ateliercritique\/2024\/03\/peut-etre-quun-jour-quelque-chose-dinattendu-jaillira-de-ces-estomacs\/\" target=\"_self\" >Peut-\u00eatre qu\u2019un jour quelque chose d\u2019inattendu jaillira de ces estomacs<\/a><\/h6>\n\n<div class=\"wp-block-post-excerpt\"><p class=\"wp-block-post-excerpt__excerpt\">Conception, \u00e9criture et mise en sc\u00e8ne\u00a0Jonas Lambelet \/La Grange \u2013 Centre \/ Arts et Science \/ UNIL\u00a0\/\u00a0du 27 f\u00e9vrier au 03 mars 2024 \/ Cr\u00e9ations libres inspir\u00e9es par le spectacle par Marguerite Thery, Joaquin Marin\u00e9 Pi\u00f1ero, Cl\u00e9lie Vuillaume, Emma Chapatte\u2026 <\/p><\/div>\n\n\n<div style=\"height:1px\" aria-hidden=\"true\" class=\"wp-block-spacer\"><\/div>\n\n<\/li><li class=\"wp-block-post post-17584 post type-post status-publish format-standard has-post-thumbnail category-critique category-expired category-spectacle category-tkm-theatre-kleber-meleau tag-joaquin-marine-pinero tag-marguerite-thery\">\n<h6 class=\"liensouligne wp-block-post-title\"><a href=\"https:\/\/wp.unil.ch\/ateliercritique\/2024\/03\/loiseau-bleu\/\" target=\"_self\" >L\u2019Oiseau bleu\u00a0<\/a><\/h6>\n\n<div class=\"wp-block-post-excerpt\"><p class=\"wp-block-post-excerpt__excerpt\">D\u2019apr\u00e8s Maurice Maeterlinck \/ Mise en sc\u00e8ne et adaptation par Benjamin Knobil \/ TKM\u00a0\u2013 Th\u00e9\u00e2tre Kl\u00e9ber-M\u00e9leau (Renens) \/ du 5 au 24 mars 2024 \/ Critiques par Joaquin Marin\u00e9 Pi\u00f1ero et Marguerite Thery . <\/p><\/div>\n\n\n<div style=\"height:1px\" aria-hidden=\"true\" class=\"wp-block-spacer\"><\/div>\n\n<\/li><\/ul><\/div>\n","protected":false},"excerpt":{"rendered":"<p>Les critiques de Marguerite Thery :<\/p>\n","protected":false},"author":1002694,"featured_media":0,"parent":2716,"menu_order":0,"comment_status":"closed","ping_status":"closed","template":"","meta":{"_seopress_robots_primary_cat":"","_seopress_titles_title":"","_seopress_titles_desc":"","_seopress_robots_index":"","_seopress_analysis_target_kw":"","footnotes":""},"class_list":["post-17550","page","type-page","status-publish"],"_links":{"self":[{"href":"https:\/\/wp.unil.ch\/ateliercritique\/wp-json\/wp\/v2\/pages\/17550","targetHints":{"allow":["GET"]}}],"collection":[{"href":"https:\/\/wp.unil.ch\/ateliercritique\/wp-json\/wp\/v2\/pages"}],"about":[{"href":"https:\/\/wp.unil.ch\/ateliercritique\/wp-json\/wp\/v2\/types\/page"}],"author":[{"embeddable":true,"href":"https:\/\/wp.unil.ch\/ateliercritique\/wp-json\/wp\/v2\/users\/1002694"}],"replies":[{"embeddable":true,"href":"https:\/\/wp.unil.ch\/ateliercritique\/wp-json\/wp\/v2\/comments?post=17550"}],"version-history":[{"count":2,"href":"https:\/\/wp.unil.ch\/ateliercritique\/wp-json\/wp\/v2\/pages\/17550\/revisions"}],"predecessor-version":[{"id":22359,"href":"https:\/\/wp.unil.ch\/ateliercritique\/wp-json\/wp\/v2\/pages\/17550\/revisions\/22359"}],"up":[{"embeddable":true,"href":"https:\/\/wp.unil.ch\/ateliercritique\/wp-json\/wp\/v2\/pages\/2716"}],"wp:attachment":[{"href":"https:\/\/wp.unil.ch\/ateliercritique\/wp-json\/wp\/v2\/media?parent=17550"}],"curies":[{"name":"wp","href":"https:\/\/api.w.org\/{rel}","templated":true}]}}