{"id":17538,"date":"2024-02-27T10:25:26","date_gmt":"2024-02-27T09:25:26","guid":{"rendered":"https:\/\/wp.unil.ch\/ateliercritique\/?page_id=17538"},"modified":"2025-01-28T12:35:20","modified_gmt":"2025-01-28T11:35:20","slug":"anna-chialva","status":"publish","type":"page","link":"https:\/\/wp.unil.ch\/ateliercritique\/lequipe\/anna-chialva\/","title":{"rendered":"Anna Chialva"},"content":{"rendered":"\n<h4 class=\"wp-block-heading\">Les critiques de Anna Chialva :<\/h4>\n\n\n\n<div class=\"wp-block-query is-layout-flow wp-block-query-is-layout-flow\"><ul class=\"wp-block-post-template is-layout-flow wp-block-post-template-is-layout-flow\"><li class=\"wp-block-post post-21459 post type-post status-publish format-standard has-post-thumbnail category-critique category-expired category-spectacle tag-anna-chialva\">\n<h6 class=\"liensouligne wp-block-post-title\"><a href=\"https:\/\/wp.unil.ch\/ateliercritique\/2025\/01\/la-potion-chamallow\/\" target=\"_self\" >La Potion Chamallow<\/a><\/h6>\n\n<div class=\"wp-block-post-excerpt\"><p class=\"wp-block-post-excerpt__excerpt\">Pi\u00e8ce de Pauline Noblecourt \/ Compte-rendu par Anna Chialva . <\/p><\/div>\n\n\n<div style=\"height:1px\" aria-hidden=\"true\" class=\"wp-block-spacer\"><\/div>\n\n<\/li><li class=\"wp-block-post post-21452 post type-post status-publish format-standard has-post-thumbnail category-entretien tag-anna-chialva\">\n<h6 class=\"liensouligne wp-block-post-title\"><a href=\"https:\/\/wp.unil.ch\/ateliercritique\/2025\/01\/entretien-avec-pauline-noblecourt-sur-la-potion-chamallow\/\" target=\"_self\" >Entretien avec Pauline Noblecourt sur La Potion Chamallow<\/a><\/h6>\n\n<div class=\"wp-block-post-excerpt\"><p class=\"wp-block-post-excerpt__excerpt\">Par Anna Chialva. <\/p><\/div>\n\n\n<div style=\"height:1px\" aria-hidden=\"true\" class=\"wp-block-spacer\"><\/div>\n\n<\/li><li class=\"wp-block-post post-21324 post type-post status-publish format-standard has-post-thumbnail category-critique category-expired category-le-petit-theatre category-spectacle tag-anna-chialva tag-lou-sicovier\">\n<h6 class=\"liensouligne wp-block-post-title\"><a href=\"https:\/\/wp.unil.ch\/ateliercritique\/2024\/12\/lala-et-le-cirque-du-vent\/\" target=\"_self\" >Lala et le cirque du vent<\/a><\/h6>\n\n<div class=\"wp-block-post-excerpt\"><p class=\"wp-block-post-excerpt__excerpt\">Mise en sc\u00e8ne par Anne-C\u00e9cile Moser \/ D&rsquo;apr\u00e8s un conte musical d&rsquo;Anne Sylvestre \/ Le Petit Th\u00e9\u00e2tre (Lausanne) \/ Du 4 au 31 d\u00e9cembre 2024 \/ Critiques par Anna Chialva et Lou Sicovier . <\/p><\/div>\n\n\n<div style=\"height:1px\" aria-hidden=\"true\" class=\"wp-block-spacer\"><\/div>\n\n<\/li><li class=\"wp-block-post post-20008 post type-post status-publish format-standard has-post-thumbnail category-critique category-expired category-maison-saint-gervais category-spectacle tag-anna-chialva tag-hadrien-halter\">\n<h6 class=\"liensouligne wp-block-post-title\"><a href=\"https:\/\/wp.unil.ch\/ateliercritique\/2024\/11\/quichotte\/\" target=\"_self\" >Quichotte<\/a><\/h6>\n\n<div class=\"wp-block-post-excerpt\"><p class=\"wp-block-post-excerpt__excerpt\">Mise en sc\u00e8ne de Gwena\u00ebl Morin \/ D&rsquo;apr\u00e8s Miguel de Cervantes \/ Maison Saint-Gervais (Gen\u00e8ve) \/ Du 20 au 23 novembre 2024 \/ Critiques par Hadrien Halter et Anna Chialva . <\/p><\/div>\n\n\n<div style=\"height:1px\" aria-hidden=\"true\" class=\"wp-block-spacer\"><\/div>\n\n<\/li><li class=\"wp-block-post post-19971 post type-post status-publish format-standard has-post-thumbnail category-critique category-expired category-spectacle category-theatre-am-stram-gram-geneve tag-anna-chialva tag-auxane-bolanz\">\n<h6 class=\"liensouligne wp-block-post-title\"><a href=\"https:\/\/wp.unil.ch\/ateliercritique\/2024\/11\/l-arriere-pays\/\" target=\"_self\" >L&rsquo; Arri\u00e8re-pays<\/a><\/h6>\n\n<div class=\"wp-block-post-excerpt\"><p class=\"wp-block-post-excerpt__excerpt\">Conception et mise en sc\u00e8ne par Nicolas Chapoulier \/ Th\u00e9\u00e2tre Am Stram Gram (Gen\u00e8ve) \/ Du 8 au 17 novembre 2024 \/ Critiques par Anna Chialva et Auxane Bolanz . <\/p><\/div>\n\n\n<div style=\"height:1px\" aria-hidden=\"true\" class=\"wp-block-spacer\"><\/div>\n\n<\/li><li class=\"wp-block-post post-19869 post type-post status-publish format-standard has-post-thumbnail category-critique category-expired category-spectacle category-tkm-theatre-kleber-meleau tag-anna-chialva tag-auxane-bolanz tag-hadrien-halter tag-loris-ferrari tag-lou-sicovier tag-lucie-ortet tag-odile-jaques\">\n<h6 class=\"liensouligne wp-block-post-title\"><a href=\"https:\/\/wp.unil.ch\/ateliercritique\/2024\/10\/la-tempete-ou-la-voix-du-vent\/\" target=\"_self\" >La Temp\u00eate ou La Voix du Vent<\/a><\/h6>\n\n<div class=\"wp-block-post-excerpt\"><p class=\"wp-block-post-excerpt__excerpt\">Texte de William Shakespeare \/ Mise en sc\u00e8ne d\u2019Omar Porras \/ TKM \u2013 Th\u00e9\u00e2tre Kl\u00e9ber-M\u00e9leau (Renens-Malley) \/ Du 24 septembre au 13 octobre 2024 \/ Critiques par Lou Sicovier, Loris Ferrari, Odile Jaques, Anna Chialva, Lucie Ortet, Hadrien Halter et\u2026 <\/p><\/div>\n\n\n<div style=\"height:1px\" aria-hidden=\"true\" class=\"wp-block-spacer\"><\/div>\n\n<\/li><li class=\"wp-block-post post-18013 post type-post status-publish format-standard has-post-thumbnail category-critique category-expired category-spectacle tag-anna-chialva\">\n<h6 class=\"liensouligne wp-block-post-title\"><a href=\"https:\/\/wp.unil.ch\/ateliercritique\/2024\/05\/inedits-textes-dramatiques-partenariat-avec-le-courrier-2\/\" target=\"_self\" >D\u00e9gueu<\/a><\/h6>\n\n<div class=\"wp-block-post-excerpt\"><p class=\"wp-block-post-excerpt__excerpt\">Pi\u00e8ce d&rsquo;Antoine Courvoisier \/ Compte rendu par Anna Chialva. <\/p><\/div>\n\n\n<div style=\"height:1px\" aria-hidden=\"true\" class=\"wp-block-spacer\"><\/div>\n\n<\/li><li class=\"wp-block-post post-18016 post type-post status-publish format-standard has-post-thumbnail category-entretien tag-anna-chialva\">\n<h6 class=\"liensouligne wp-block-post-title\"><a href=\"https:\/\/wp.unil.ch\/ateliercritique\/2024\/05\/entretien-avec-antoine-courvoisier-autour-de-la-piece-degueu-2023\/\" target=\"_self\" >Entretien avec Antoine Courvoisier\u00a0autour de la pi\u00e8ce\u00a0D\u00e9gueu\u00a0(2023)<\/a><\/h6>\n\n<div class=\"wp-block-post-excerpt\"><p class=\"wp-block-post-excerpt__excerpt\">Par Anna Chialva. <\/p><\/div>\n\n\n<div style=\"height:1px\" aria-hidden=\"true\" class=\"wp-block-spacer\"><\/div>\n\n<\/li><li class=\"wp-block-post post-17847 post type-post status-publish format-standard has-post-thumbnail category-critique category-expired category-le-petit-theatre category-spectacle tag-anna-chialva tag-clelie-vuillaume\">\n<h6 class=\"liensouligne wp-block-post-title\"><a href=\"https:\/\/wp.unil.ch\/ateliercritique\/2024\/04\/les-voyages-de-gulliver\/\" target=\"_self\" >Les Voyages de Gulliver<\/a><\/h6>\n\n<div class=\"wp-block-post-excerpt\"><p class=\"wp-block-post-excerpt__excerpt\">D\u2019apr\u00e8s Jonathan Swift \/ Texte de Yvan Richardet \/ mise en sc\u00e8ne par Thierry Crozat \/ Cie Les arTpenteurs \/ Le Petit Th\u00e9\u00e2tre (Lausanne) \/ du 17 avril au 5 mai 2024 \/ Critiques par Cl\u00e9lie Vuillaume et Anna Chialva\u2026 <\/p><\/div>\n\n\n<div style=\"height:1px\" aria-hidden=\"true\" class=\"wp-block-spacer\"><\/div>\n\n<\/li><li class=\"wp-block-post post-17681 post type-post status-publish format-standard has-post-thumbnail category-critique category-expired category-la-grange category-spectacle tag-anna-chialva tag-clelie-vuillaume tag-emma-chapatte tag-joaquin-marine-pinero tag-marguerite-thery\">\n<h6 class=\"liensouligne wp-block-post-title\"><a href=\"https:\/\/wp.unil.ch\/ateliercritique\/2024\/03\/peut-etre-quun-jour-quelque-chose-dinattendu-jaillira-de-ces-estomacs\/\" target=\"_self\" >Peut-\u00eatre qu\u2019un jour quelque chose d\u2019inattendu jaillira de ces estomacs<\/a><\/h6>\n\n<div class=\"wp-block-post-excerpt\"><p class=\"wp-block-post-excerpt__excerpt\">Conception, \u00e9criture et mise en sc\u00e8ne\u00a0Jonas Lambelet \/La Grange \u2013 Centre \/ Arts et Science \/ UNIL\u00a0\/\u00a0du 27 f\u00e9vrier au 03 mars 2024 \/ Cr\u00e9ations libres inspir\u00e9es par le spectacle par Marguerite Thery, Joaquin Marin\u00e9 Pi\u00f1ero, Cl\u00e9lie Vuillaume, Emma Chapatte\u2026 <\/p><\/div>\n\n\n<div style=\"height:1px\" aria-hidden=\"true\" class=\"wp-block-spacer\"><\/div>\n\n<\/li><\/ul><\/div>\n","protected":false},"excerpt":{"rendered":"<p>Les critiques de Anna Chialva :<\/p>\n","protected":false},"author":1002694,"featured_media":0,"parent":2716,"menu_order":0,"comment_status":"closed","ping_status":"closed","template":"","meta":{"_seopress_robots_primary_cat":"","_seopress_titles_title":"","_seopress_titles_desc":"","_seopress_robots_index":"","footnotes":""},"class_list":["post-17538","page","type-page","status-publish"],"_links":{"self":[{"href":"https:\/\/wp.unil.ch\/ateliercritique\/wp-json\/wp\/v2\/pages\/17538","targetHints":{"allow":["GET"]}}],"collection":[{"href":"https:\/\/wp.unil.ch\/ateliercritique\/wp-json\/wp\/v2\/pages"}],"about":[{"href":"https:\/\/wp.unil.ch\/ateliercritique\/wp-json\/wp\/v2\/types\/page"}],"author":[{"embeddable":true,"href":"https:\/\/wp.unil.ch\/ateliercritique\/wp-json\/wp\/v2\/users\/1002694"}],"replies":[{"embeddable":true,"href":"https:\/\/wp.unil.ch\/ateliercritique\/wp-json\/wp\/v2\/comments?post=17538"}],"version-history":[{"count":5,"href":"https:\/\/wp.unil.ch\/ateliercritique\/wp-json\/wp\/v2\/pages\/17538\/revisions"}],"predecessor-version":[{"id":21279,"href":"https:\/\/wp.unil.ch\/ateliercritique\/wp-json\/wp\/v2\/pages\/17538\/revisions\/21279"}],"up":[{"embeddable":true,"href":"https:\/\/wp.unil.ch\/ateliercritique\/wp-json\/wp\/v2\/pages\/2716"}],"wp:attachment":[{"href":"https:\/\/wp.unil.ch\/ateliercritique\/wp-json\/wp\/v2\/media?parent=17538"}],"curies":[{"name":"wp","href":"https:\/\/api.w.org\/{rel}","templated":true}]}}