{"id":17181,"date":"2023-11-08T11:33:07","date_gmt":"2023-11-08T10:33:07","guid":{"rendered":"https:\/\/wp.unil.ch\/ateliercritique\/?page_id=17181"},"modified":"2026-02-12T15:48:51","modified_gmt":"2026-02-12T14:48:51","slug":"usine-a-gaz-nyon","status":"publish","type":"page","link":"https:\/\/wp.unil.ch\/ateliercritique\/theatres-partenaires\/usine-a-gaz-nyon\/","title":{"rendered":"Usine \u00e0 Gaz (Nyon)"},"content":{"rendered":"\n<figure class=\"wp-block-image size-full is-resized\"><a href=\"https:\/\/usineagaz.ch\/\"><img alt=\"\" loading=\"lazy\" decoding=\"async\" width=\"594\" height=\"331\" src=\"https:\/\/wp.unil.ch\/ateliercritique\/files\/2024\/09\/logo-nyon-usine-a-gaz.jpg\" alt=\"\" class=\"wp-image-19769\" style=\"aspect-ratio:1.7945619335347431;object-fit:cover;width:300px\" srcset=\"https:\/\/wp.unil.ch\/ateliercritique\/files\/2024\/09\/logo-nyon-usine-a-gaz.jpg 594w, https:\/\/wp.unil.ch\/ateliercritique\/files\/2024\/09\/logo-nyon-usine-a-gaz-300x167.jpg 300w, https:\/\/wp.unil.ch\/ateliercritique\/files\/2024\/09\/logo-nyon-usine-a-gaz-250x139.jpg 250w\" sizes=\"auto, (max-width: 594px) 100vw, 594px\" \/><\/a><\/figure>\n\n\n\n<h4 class=\"wp-block-heading\">Critiques par spectacles jou\u00e9s dans ce th\u00e9\u00e2tre :<\/h4>\n\n\n\n<div class=\"wp-block-query is-layout-flow wp-block-query-is-layout-flow\"><ul class=\"wp-block-post-template is-layout-flow wp-block-post-template-is-layout-flow\"><li class=\"wp-block-post post-22970 post type-post status-publish format-standard has-post-thumbnail category-critique category-expired category-spectacle category-lusine-a-gaz-nyon tag-hadrien-halter\">\n<h6 class=\"liensouligne wp-block-post-title\"><a href=\"https:\/\/wp.unil.ch\/ateliercritique\/2025\/03\/la-collection\/\" target=\"_self\" >La Collection<\/a><\/h6>\n\n<div class=\"wp-block-post-excerpt\"><p class=\"wp-block-post-excerpt__excerpt\">Conception et mise en sc\u00e8ne par le collectif BPM \/ Usine \u00e0 Gaz (Nyon) \/ Du 20 au 21 mars 2025 \/ Critique par Hadrien Halter . <\/p><\/div>\n\n\n<div style=\"height:1px\" aria-hidden=\"true\" class=\"wp-block-spacer\"><\/div>\n\n<\/li><li class=\"wp-block-post post-17912 post type-post status-publish format-standard has-post-thumbnail category-critique category-expired category-spectacle category-lusine-a-gaz-nyon tag-noelie-jeannerat\">\n<h6 class=\"liensouligne wp-block-post-title\"><a href=\"https:\/\/wp.unil.ch\/ateliercritique\/2024\/04\/television\/\" target=\"_self\" >T\u00e9l\u00e9vision<\/a><\/h6>\n\n<div class=\"wp-block-post-excerpt\"><p class=\"wp-block-post-excerpt__excerpt\">\u00c9criture, musique et mise en sc\u00e8ne par Bastien Bron \/ Usine \u00e0 gaz (Nyon) \/ du 25 au 26 avril 2024 \/ Critique par No\u00eblie Jeannerat. <\/p><\/div>\n\n\n<div style=\"height:1px\" aria-hidden=\"true\" class=\"wp-block-spacer\"><\/div>\n\n<\/li><li class=\"wp-block-post post-17173 post type-post status-publish format-standard has-post-thumbnail category-critique category-expired category-spectacle category-lusine-a-gaz-nyon tag-sophie-perruchoud\">\n<h6 class=\"liensouligne wp-block-post-title\"><a href=\"https:\/\/wp.unil.ch\/ateliercritique\/2023\/11\/la-belle-et-la-bete\/\" target=\"_self\" >La Belle et la B\u00eate<\/a><\/h6>\n\n<div class=\"wp-block-post-excerpt\"><p class=\"wp-block-post-excerpt__excerpt\">Conception et mise en sc\u00e8ne par Ludovic Chazaud\/ Cie Jeanne F\u00f6hn \/ Usine \u00e0 Gaz (Nyon)\/ 2 et 3 novembre 2023\/ du 7 au 12 novembre 2023 \u00e0 la Grange \/ du 17 au 25 novembre \u00e0 la Com\u00e9die (Gen\u00e8ve)\/\u2026 <\/p><\/div>\n\n\n<div style=\"height:1px\" aria-hidden=\"true\" class=\"wp-block-spacer\"><\/div>\n\n<\/li><\/ul><\/div>\n","protected":false},"excerpt":{"rendered":"<p>Critiques par spectacles jou\u00e9s dans ce th\u00e9\u00e2tre :<\/p>\n","protected":false},"author":1002694,"featured_media":0,"parent":2713,"menu_order":0,"comment_status":"closed","ping_status":"closed","template":"","meta":{"_seopress_robots_primary_cat":"","_seopress_titles_title":"","_seopress_titles_desc":"","_seopress_robots_index":"","footnotes":""},"class_list":["post-17181","page","type-page","status-publish"],"_links":{"self":[{"href":"https:\/\/wp.unil.ch\/ateliercritique\/wp-json\/wp\/v2\/pages\/17181","targetHints":{"allow":["GET"]}}],"collection":[{"href":"https:\/\/wp.unil.ch\/ateliercritique\/wp-json\/wp\/v2\/pages"}],"about":[{"href":"https:\/\/wp.unil.ch\/ateliercritique\/wp-json\/wp\/v2\/types\/page"}],"author":[{"embeddable":true,"href":"https:\/\/wp.unil.ch\/ateliercritique\/wp-json\/wp\/v2\/users\/1002694"}],"replies":[{"embeddable":true,"href":"https:\/\/wp.unil.ch\/ateliercritique\/wp-json\/wp\/v2\/comments?post=17181"}],"version-history":[{"count":5,"href":"https:\/\/wp.unil.ch\/ateliercritique\/wp-json\/wp\/v2\/pages\/17181\/revisions"}],"predecessor-version":[{"id":23435,"href":"https:\/\/wp.unil.ch\/ateliercritique\/wp-json\/wp\/v2\/pages\/17181\/revisions\/23435"}],"up":[{"embeddable":true,"href":"https:\/\/wp.unil.ch\/ateliercritique\/wp-json\/wp\/v2\/pages\/2713"}],"wp:attachment":[{"href":"https:\/\/wp.unil.ch\/ateliercritique\/wp-json\/wp\/v2\/media?parent=17181"}],"curies":[{"name":"wp","href":"https:\/\/api.w.org\/{rel}","templated":true}]}}