{"id":17087,"date":"2023-10-27T15:32:26","date_gmt":"2023-10-27T13:32:26","guid":{"rendered":"https:\/\/wp.unil.ch\/ateliercritique\/?page_id=17087"},"modified":"2026-02-12T15:01:15","modified_gmt":"2026-02-12T14:01:15","slug":"adn-association-danse-neuchatel","status":"publish","type":"page","link":"https:\/\/wp.unil.ch\/ateliercritique\/theatres-partenaires\/adn-association-danse-neuchatel\/","title":{"rendered":"ADN (Association Danse Neuch\u00e2tel)"},"content":{"rendered":"\n<figure class=\"wp-block-image size-full is-resized\"><a href=\"https:\/\/adn-danse.ch\/\"><img loading=\"lazy\" decoding=\"async\" width=\"255\" height=\"197\" src=\"https:\/\/wp.unil.ch\/ateliercritique\/files\/2026\/02\/adn-logo.png\" alt=\"adn logo\" class=\"wp-image-23393\" style=\"width:303px;height:auto\" srcset=\"https:\/\/wp.unil.ch\/ateliercritique\/files\/2026\/02\/adn-logo.png 255w, https:\/\/wp.unil.ch\/ateliercritique\/files\/2026\/02\/adn-logo-220x170.png 220w\" sizes=\"auto, (max-width: 255px) 100vw, 255px\" \/><\/a><\/figure>\n\n\n\n<h4 class=\"wp-block-heading\">Critiques par spectacles jou\u00e9s dans ce th\u00e9\u00e2tre<\/h4>\n\n\n\n<div class=\"wp-block-query is-layout-flow wp-block-query-is-layout-flow\"><ul class=\"wp-block-post-template is-layout-flow wp-block-post-template-is-layout-flow\"><li class=\"wp-block-post post-19989 post type-post status-publish format-standard has-post-thumbnail category-adn-association-danse-neuchatel category-critique category-expired category-le-pommier category-spectacle tag-odile-jaques\">\n<h6 class=\"liensouligne wp-block-post-title\"><a href=\"https:\/\/wp.unil.ch\/ateliercritique\/2024\/11\/wannabe\/\" target=\"_self\" >Wannabe<\/a><\/h6>\n\n<div class=\"wp-block-post-excerpt\"><p class=\"wp-block-post-excerpt__excerpt\">Performance par Kiyan Khoshoie \/ Th\u00e9\u00e2tre Le Pommier (Neuch\u00e2tel) et l&rsquo;ADN &#8211; Association Danse Neuch\u00e2tel \/ Du 14 au 15 novembre 2024 \/ Critique par Odile Jaques . <\/p><\/div>\n\n\n<div style=\"height:1px\" aria-hidden=\"true\" class=\"wp-block-spacer\"><\/div>\n\n<\/li><li class=\"wp-block-post post-17098 post type-post status-publish format-standard has-post-thumbnail category-adn-association-danse-neuchatel category-critique category-expired category-spectacle tag-sophie-perruchoud\">\n<h6 class=\"liensouligne wp-block-post-title\"><a href=\"https:\/\/wp.unil.ch\/ateliercritique\/2023\/10\/umwandlung-dialogue-avec-labsent\/\" target=\"_self\" >Umwandlung (dialogue avec l&rsquo;absent)<\/a><\/h6>\n\n<div class=\"wp-block-post-excerpt\"><p class=\"wp-block-post-excerpt__excerpt\">Cr\u00e9ation et chor\u00e9graphie par Anne Martin \/ ADN (Association Danse Neuch\u00e2tel) \/ La Poudri\u00e8re (Neuch\u00e2tel)\/ Dans la cadre du Festival INTERG\u00c9N\u00c9RACTIONS \/ 22 octobre 2023 \/ critique par Sophie Perruchoud . <\/p><\/div>\n\n\n<div style=\"height:1px\" aria-hidden=\"true\" class=\"wp-block-spacer\"><\/div>\n\n<\/li><\/ul><\/div>\n","protected":false},"excerpt":{"rendered":"<p>Critiques par spectacles jou\u00e9s dans ce th\u00e9\u00e2tre<\/p>\n","protected":false},"author":1002694,"featured_media":0,"parent":2713,"menu_order":0,"comment_status":"closed","ping_status":"closed","template":"","meta":{"_seopress_robots_primary_cat":"","_seopress_titles_title":"","_seopress_titles_desc":"","_seopress_robots_index":"","footnotes":""},"class_list":["post-17087","page","type-page","status-publish"],"_links":{"self":[{"href":"https:\/\/wp.unil.ch\/ateliercritique\/wp-json\/wp\/v2\/pages\/17087","targetHints":{"allow":["GET"]}}],"collection":[{"href":"https:\/\/wp.unil.ch\/ateliercritique\/wp-json\/wp\/v2\/pages"}],"about":[{"href":"https:\/\/wp.unil.ch\/ateliercritique\/wp-json\/wp\/v2\/types\/page"}],"author":[{"embeddable":true,"href":"https:\/\/wp.unil.ch\/ateliercritique\/wp-json\/wp\/v2\/users\/1002694"}],"replies":[{"embeddable":true,"href":"https:\/\/wp.unil.ch\/ateliercritique\/wp-json\/wp\/v2\/comments?post=17087"}],"version-history":[{"count":5,"href":"https:\/\/wp.unil.ch\/ateliercritique\/wp-json\/wp\/v2\/pages\/17087\/revisions"}],"predecessor-version":[{"id":23395,"href":"https:\/\/wp.unil.ch\/ateliercritique\/wp-json\/wp\/v2\/pages\/17087\/revisions\/23395"}],"up":[{"embeddable":true,"href":"https:\/\/wp.unil.ch\/ateliercritique\/wp-json\/wp\/v2\/pages\/2713"}],"wp:attachment":[{"href":"https:\/\/wp.unil.ch\/ateliercritique\/wp-json\/wp\/v2\/media?parent=17087"}],"curies":[{"name":"wp","href":"https:\/\/api.w.org\/{rel}","templated":true}]}}