{"id":16940,"date":"2023-09-27T16:40:32","date_gmt":"2023-09-27T14:40:32","guid":{"rendered":"https:\/\/wp.unil.ch\/ateliercritique\/?page_id=16940"},"modified":"2025-02-06T17:53:45","modified_gmt":"2025-02-06T16:53:45","slug":"sophie-perruchoud","status":"publish","type":"page","link":"https:\/\/wp.unil.ch\/ateliercritique\/lequipe\/sophie-perruchoud\/","title":{"rendered":"Sophie Perruchoud"},"content":{"rendered":"\n<h4 class=\"wp-block-heading\">Les critiques de Sophie Perruchoud :<\/h4>\n\n\n\n<div class=\"wp-block-query is-layout-flow wp-block-query-is-layout-flow\"><ul class=\"wp-block-post-template is-layout-flow wp-block-post-template-is-layout-flow\"><li class=\"wp-block-post post-17364 post type-post status-publish format-standard has-post-thumbnail category-critique category-expired category-spectacle category-theatre-2-21-lausanne tag-enola-rindlisbacher tag-sophie-perruchoud\">\n<h6 class=\"liensouligne wp-block-post-title\"><a href=\"https:\/\/wp.unil.ch\/ateliercritique\/2023\/12\/nous-par-le-ciel-si-bas\/\" target=\"_self\" >Nous par le ciel si bas<\/a><\/h6>\n\n<div class=\"wp-block-post-excerpt\"><p class=\"wp-block-post-excerpt__excerpt\">\u00c9criture et mise en sc\u00e8ne\u00a0par Julien Mages \/ Cie Julien Mages\/ Th\u00e9\u00e2tre 2.21 (Lausanne) \/ du 5 au 22 d\u00e9cembre 2023 \/ Critique par Sophie Perruchoud et Enola Rindlisbacher. <\/p><\/div>\n\n\n<div style=\"height:1px\" aria-hidden=\"true\" class=\"wp-block-spacer\"><\/div>\n\n<\/li><li class=\"wp-block-post post-17350 post type-post status-publish format-standard has-post-thumbnail category-critique category-expired category-theatre-de-larsenic category-spectacle tag-enola-rindlisbacher tag-sophie-perruchoud\">\n<h6 class=\"liensouligne wp-block-post-title\"><a href=\"https:\/\/wp.unil.ch\/ateliercritique\/2023\/12\/inactuels\/\" target=\"_self\" >INACTUELS<\/a><\/h6>\n\n<div class=\"wp-block-post-excerpt\"><p class=\"wp-block-post-excerpt__excerpt\">Chef de projet et mise en sc\u00e8ne\u00a0: Oscar G\u00f3mez Mata \/ Interpr\u00e9tation\u00a0: Oscar G\u00f3mez Mata et Juan Loriente \/ Arsenic (Lausanne) \/ du 7 au 10 d\u00e9cembre 2023 \/ critiques par Sophie Perruchoud et Enola Rindlisbacher. <\/p><\/div>\n\n\n<div style=\"height:1px\" aria-hidden=\"true\" class=\"wp-block-spacer\"><\/div>\n\n<\/li><li class=\"wp-block-post post-17226 post type-post status-publish format-standard has-post-thumbnail category-critique category-expired category-oriental-vevey category-spectacle tag-sophie-perruchoud\">\n<h6 class=\"liensouligne wp-block-post-title\"><a href=\"https:\/\/wp.unil.ch\/ateliercritique\/2023\/11\/la-voie-de-limperatrice\/\" target=\"_self\" >La Voie de l&rsquo;Imp\u00e9ratrice<\/a><\/h6>\n\n<div class=\"wp-block-post-excerpt\"><p class=\"wp-block-post-excerpt__excerpt\">Texte et mise en sc\u00e8ne de Jos\u00e9phine de Weck \/ Compagnie Opus 89 \/ Oriental-Vevey \/ du 17 au 19 novembre 2023 \/ critique par Sophie Perruchoud . <\/p><\/div>\n\n\n<div style=\"height:1px\" aria-hidden=\"true\" class=\"wp-block-spacer\"><\/div>\n\n<\/li><li class=\"wp-block-post post-17196 post type-post status-publish format-standard has-post-thumbnail category-critique category-expired category-theatre-de-larsenic category-spectacle tag-sophie-perruchoud\">\n<h6 class=\"liensouligne wp-block-post-title\"><a href=\"https:\/\/wp.unil.ch\/ateliercritique\/2023\/11\/comment-retenir-sa-respiration\/\" target=\"_self\" >Comment retenir sa respiration<\/a><\/h6>\n\n<div class=\"wp-block-post-excerpt\"><p class=\"wp-block-post-excerpt__excerpt\">Texte de Zinnie Harris \/ Mise en sc\u00e8ne et chor\u00e9graphie de Philippe Saire \/ Arsenic \/ du 8 au 19 novembre 2023 \/ critique par Sophie Perruchoud . <\/p><\/div>\n\n\n<div style=\"height:1px\" aria-hidden=\"true\" class=\"wp-block-spacer\"><\/div>\n\n<\/li><li class=\"wp-block-post post-17173 post type-post status-publish format-standard has-post-thumbnail category-critique category-expired category-spectacle category-lusine-a-gaz-nyon tag-sophie-perruchoud\">\n<h6 class=\"liensouligne wp-block-post-title\"><a href=\"https:\/\/wp.unil.ch\/ateliercritique\/2023\/11\/la-belle-et-la-bete\/\" target=\"_self\" >La Belle et la B\u00eate<\/a><\/h6>\n\n<div class=\"wp-block-post-excerpt\"><p class=\"wp-block-post-excerpt__excerpt\">Conception et mise en sc\u00e8ne par Ludovic Chazaud\/ Cie Jeanne F\u00f6hn \/ Usine \u00e0 Gaz (Nyon)\/ 2 et 3 novembre 2023\/ du 7 au 12 novembre 2023 \u00e0 la Grange \/ du 17 au 25 novembre \u00e0 la Com\u00e9die (Gen\u00e8ve)\/\u2026 <\/p><\/div>\n\n\n<div style=\"height:1px\" aria-hidden=\"true\" class=\"wp-block-spacer\"><\/div>\n\n<\/li><li class=\"wp-block-post post-17118 post type-post status-publish format-standard has-post-thumbnail category-entretien tag-sophie-perruchoud\">\n<h6 class=\"liensouligne wp-block-post-title\"><a href=\"https:\/\/wp.unil.ch\/ateliercritique\/2023\/10\/entretien-avec-anne-martin\/\" target=\"_self\" >Entretien avec Anne Martin<\/a><\/h6>\n\n<div class=\"wp-block-post-excerpt\"><p class=\"wp-block-post-excerpt__excerpt\">Par Sophie Perruchoud. <\/p><\/div>\n\n\n<div style=\"height:1px\" aria-hidden=\"true\" class=\"wp-block-spacer\"><\/div>\n\n<\/li><li class=\"wp-block-post post-17098 post type-post status-publish format-standard has-post-thumbnail category-adn-association-danse-neuchatel category-critique category-expired category-spectacle tag-sophie-perruchoud\">\n<h6 class=\"liensouligne wp-block-post-title\"><a href=\"https:\/\/wp.unil.ch\/ateliercritique\/2023\/10\/umwandlung-dialogue-avec-labsent\/\" target=\"_self\" >Umwandlung (dialogue avec l&rsquo;absent)<\/a><\/h6>\n\n<div class=\"wp-block-post-excerpt\"><p class=\"wp-block-post-excerpt__excerpt\">Cr\u00e9ation et chor\u00e9graphie par Anne Martin \/ ADN (Association Danse Neuch\u00e2tel) \/ La Poudri\u00e8re (Neuch\u00e2tel)\/ Dans la cadre du Festival INTERG\u00c9N\u00c9RACTIONS \/ 22 octobre 2023 \/ critique par Sophie Perruchoud . <\/p><\/div>\n\n\n<div style=\"height:1px\" aria-hidden=\"true\" class=\"wp-block-spacer\"><\/div>\n\n<\/li><li class=\"wp-block-post post-17045 post type-post status-publish format-standard has-post-thumbnail category-critique category-expired category-spectacle category-theatre-de-vidy tag-enola-rindlisbacher tag-joaquin-marine-pinero tag-sophie-perruchoud tag-theo-krebs\">\n<h6 class=\"liensouligne wp-block-post-title\"><a href=\"https:\/\/wp.unil.ch\/ateliercritique\/2023\/10\/jardin-des-delices\/\" target=\"_self\" >Le Jardin des d\u00e9lices<\/a><\/h6>\n\n<div class=\"wp-block-post-excerpt\"><p class=\"wp-block-post-excerpt__excerpt\">Conception et mise en sc\u00e8ne par Philippe Quesne \/ Compagnie Vivarium Studio \/ Th\u00e9\u00e2tre de Vidy (Lausanne) \/ du 26 septembre au 5 octobre 2023 \/ critiques par Sophie Perruchoud, Joaquin Marin\u00e9 Pi\u00f1ero, Enola Rindlisbacher et Th\u00e9o Krebs . <\/p><\/div>\n\n\n<div style=\"height:1px\" aria-hidden=\"true\" class=\"wp-block-spacer\"><\/div>\n\n<\/li><li class=\"wp-block-post post-17021 post type-post status-publish format-standard has-post-thumbnail category-critique category-expired category-theatre-comedie category-spectacle tag-joaquin-marine-pinero tag-sophie-perruchoud\">\n<h6 class=\"liensouligne wp-block-post-title\"><a href=\"https:\/\/wp.unil.ch\/ateliercritique\/2023\/10\/choeur-des-amants\/\" target=\"_self\" >Choeur des amants<\/a><\/h6>\n\n<div class=\"wp-block-post-excerpt\"><p class=\"wp-block-post-excerpt__excerpt\">Conception et mise en sc\u00e8ne par Tiago Rodrigues \/ Com\u00e9die de Gen\u00e8ve \/ du 12 au 15 octobre 2023 \/ critiques par Sophie Perruchoud et Joaquin Marin\u00e9 Pi\u00f1ero . <\/p><\/div>\n\n\n<div style=\"height:1px\" aria-hidden=\"true\" class=\"wp-block-spacer\"><\/div>\n\n<\/li><\/ul><\/div>\n","protected":false},"excerpt":{"rendered":"<p>Les critiques de Sophie Perruchoud :<\/p>\n","protected":false},"author":1002694,"featured_media":0,"parent":2716,"menu_order":0,"comment_status":"closed","ping_status":"closed","template":"","meta":{"_seopress_robots_primary_cat":"","_seopress_titles_title":"","_seopress_titles_desc":"","_seopress_robots_index":"","footnotes":""},"class_list":["post-16940","page","type-page","status-publish"],"_links":{"self":[{"href":"https:\/\/wp.unil.ch\/ateliercritique\/wp-json\/wp\/v2\/pages\/16940","targetHints":{"allow":["GET"]}}],"collection":[{"href":"https:\/\/wp.unil.ch\/ateliercritique\/wp-json\/wp\/v2\/pages"}],"about":[{"href":"https:\/\/wp.unil.ch\/ateliercritique\/wp-json\/wp\/v2\/types\/page"}],"author":[{"embeddable":true,"href":"https:\/\/wp.unil.ch\/ateliercritique\/wp-json\/wp\/v2\/users\/1002694"}],"replies":[{"embeddable":true,"href":"https:\/\/wp.unil.ch\/ateliercritique\/wp-json\/wp\/v2\/comments?post=16940"}],"version-history":[{"count":3,"href":"https:\/\/wp.unil.ch\/ateliercritique\/wp-json\/wp\/v2\/pages\/16940\/revisions"}],"predecessor-version":[{"id":22331,"href":"https:\/\/wp.unil.ch\/ateliercritique\/wp-json\/wp\/v2\/pages\/16940\/revisions\/22331"}],"up":[{"embeddable":true,"href":"https:\/\/wp.unil.ch\/ateliercritique\/wp-json\/wp\/v2\/pages\/2716"}],"wp:attachment":[{"href":"https:\/\/wp.unil.ch\/ateliercritique\/wp-json\/wp\/v2\/media?parent=16940"}],"curies":[{"name":"wp","href":"https:\/\/api.w.org\/{rel}","templated":true}]}}