{"id":16626,"date":"2023-03-12T11:04:29","date_gmt":"2023-03-12T10:04:29","guid":{"rendered":"https:\/\/wp.unil.ch\/ateliercritique\/?page_id=16626"},"modified":"2025-02-06T17:44:12","modified_gmt":"2025-02-06T16:44:12","slug":"timon-musy","status":"publish","type":"page","link":"https:\/\/wp.unil.ch\/ateliercritique\/lequipe\/timon-musy\/","title":{"rendered":"Timon Musy"},"content":{"rendered":"\n<h4 class=\"wp-block-heading\">Les critiques de Timon Musy : <\/h4>\n\n\n\n<div class=\"wp-block-query is-layout-flow wp-block-query-is-layout-flow\"><ul class=\"wp-block-post-template is-layout-flow wp-block-post-template-is-layout-flow\"><li class=\"wp-block-post post-16884 post type-post status-publish format-standard has-post-thumbnail category-critique category-expired category-spectacle category-theatre-de-vidy tag-timon-musy\">\n<h6 class=\"liensouligne wp-block-post-title\"><a href=\"https:\/\/wp.unil.ch\/ateliercritique\/2023\/06\/giselle\/\" target=\"_self\" >Giselle&#8230;<\/a><\/h6>\n\n<div class=\"wp-block-post-excerpt\"><p class=\"wp-block-post-excerpt__excerpt\">Texte et mise en sc\u00e8ne de Fran\u00e7ois Gremaud \/ Th\u00e9\u00e2tre de Vidy \/ du 8 au 11 juin 2023 \/ critique par Timon Musy <\/p><\/div>\n\n\n<div style=\"height:1px\" aria-hidden=\"true\" class=\"wp-block-spacer\"><\/div>\n\n<\/li><li class=\"wp-block-post post-16860 post type-post status-publish format-standard has-post-thumbnail category-critique category-expired category-spectacle category-tpr-la-chaux-de-fonds tag-timon-musy\">\n<h6 class=\"liensouligne wp-block-post-title\"><a href=\"https:\/\/wp.unil.ch\/ateliercritique\/2023\/06\/erwin-motor-devotion\/\" target=\"_self\" >Erwin Motor, d\u00e9votion<\/a><\/h6>\n\n<div class=\"wp-block-post-excerpt\"><p class=\"wp-block-post-excerpt__excerpt\">Texte de Magali Mougel \/ Mise en sc\u00e8ne Nicolas M\u00fcller et Patric Reves \/ TPR (La Chaux-de-Fonds) \/ du 25 au 26 mai 2023 \/ critique par Timon Musy . <\/p><\/div>\n\n\n<div style=\"height:1px\" aria-hidden=\"true\" class=\"wp-block-spacer\"><\/div>\n\n<\/li><li class=\"wp-block-post post-16836 post type-post status-publish format-standard has-post-thumbnail category-critique category-expired category-spectacle category-tpr-la-chaux-de-fonds tag-emma-chapatte tag-timon-musy\">\n<h6 class=\"liensouligne wp-block-post-title\"><a href=\"https:\/\/wp.unil.ch\/ateliercritique\/2023\/05\/depois-do-silencio-apres-le-silence\/\" target=\"_self\" >Depois do sil\u00eancio (Apr\u00e8s le silence)<\/a><\/h6>\n\n<div class=\"wp-block-post-excerpt\"><p class=\"wp-block-post-excerpt__excerpt\">Conception, mise en sc\u00e8ne et texte de Christiane Jatahy \/ Th\u00e9\u00e2tre Populaire Romand &#8211; TPR \/ Du 04 au 06 mai 2023 \/ critiques par Emma Chapatte et Timon Musy . <\/p><\/div>\n\n\n<div style=\"height:1px\" aria-hidden=\"true\" class=\"wp-block-spacer\"><\/div>\n\n<\/li><li class=\"wp-block-post post-16795 post type-post status-publish format-standard has-post-thumbnail category-critique category-expired category-la-grange category-spectacle tag-manon-lelievre tag-sylvain-grangier tag-theo-krebs tag-timon-musy\">\n<h6 class=\"liensouligne wp-block-post-title\"><a href=\"https:\/\/wp.unil.ch\/ateliercritique\/2023\/05\/tous-les-poetes-habitent-valparaiso\/\" target=\"_self\" >Tous les po\u00e8tes habitent Valparaiso<\/a><\/h6>\n\n<div class=\"wp-block-post-excerpt\"><p class=\"wp-block-post-excerpt__excerpt\">Texte de Carine Corajoud \/ Conception et mise en sc\u00e8ne par Dorian Rossel \/ Cie Super Trop Top \/ La Grange \u2013 Centre \/ Arts et Science \/ UNIL \/ du 07 au 12 mars 2023 \/ cr\u00e9ations libres par\u2026 <\/p><\/div>\n\n\n<div style=\"height:1px\" aria-hidden=\"true\" class=\"wp-block-spacer\"><\/div>\n\n<\/li><li class=\"wp-block-post post-16727 post type-post status-publish format-standard has-post-thumbnail category-critique category-expired category-theatre-de-larsenic category-spectacle tag-sylvain-grangier tag-timon-musy\">\n<h6 class=\"liensouligne wp-block-post-title\"><a href=\"https:\/\/wp.unil.ch\/ateliercritique\/2023\/04\/hominal-hominal\/\" target=\"_self\" >Hominal \/ Hominal<\/a><\/h6>\n\n<div class=\"wp-block-post-excerpt\"><p class=\"wp-block-post-excerpt__excerpt\">Conception et mise en sc\u00e8ne de Marie-Caroline et David Hominal \/ Arsenic \/ du 29 mars au 02 avril 2023 \/ critiques par Timon Musy et Sylvain Grangier . <\/p><\/div>\n\n\n<div style=\"height:1px\" aria-hidden=\"true\" class=\"wp-block-spacer\"><\/div>\n\n<\/li><li class=\"wp-block-post post-16699 post type-post status-publish format-standard has-post-thumbnail category-critique category-expired category-spectacle category-tkm-theatre-kleber-meleau tag-manon-lelievre tag-timon-musy\">\n<h6 class=\"liensouligne wp-block-post-title\"><a href=\"https:\/\/wp.unil.ch\/ateliercritique\/2023\/03\/les-7-soeurs-de-turakie\/\" target=\"_self\" >Les 7 s\u0153urs de Turakie<\/a><\/h6>\n\n<div class=\"wp-block-post-excerpt\"><p class=\"wp-block-post-excerpt__excerpt\">\u00c9crit et mis en sc\u00e8ne par Emili Hufnagel &amp; Michel Laubu \/ Th\u00e9\u00e2tre Kl\u00e9ber-M\u00e9leau \/ du 21 au 26 mars 2023 \/ critiques par Timon Musy et Manon Leli\u00e8vre . <\/p><\/div>\n\n\n<div style=\"height:1px\" aria-hidden=\"true\" class=\"wp-block-spacer\"><\/div>\n\n<\/li><li class=\"wp-block-post post-16678 post type-post status-publish format-standard has-post-thumbnail category-critique category-expired category-spectacle category-theatre-des-marionnettes tag-emma-chapatte tag-timon-musy\">\n<h6 class=\"liensouligne wp-block-post-title\"><a href=\"https:\/\/wp.unil.ch\/ateliercritique\/2023\/03\/les-9-coriaces\/\" target=\"_self\" >Les 9 Coriaces<\/a><\/h6>\n\n<div class=\"wp-block-post-excerpt\"><p class=\"wp-block-post-excerpt__excerpt\">D&rsquo;apr\u00e8s Patrick Dubost \/ Mis en sc\u00e8ne par Elise Merrien et Tchavdar Pentchev \/ Compagnie Elyo \/ Th\u00e9\u00e2tre des Marionnettes de Gen\u00e8ve \/ Du 22 au 26 mars 2023 \/ critiques par Emma Chapatte et Timon Musy . <\/p><\/div>\n\n\n<div style=\"height:1px\" aria-hidden=\"true\" class=\"wp-block-spacer\"><\/div>\n\n<\/li><li class=\"wp-block-post post-16653 post type-post status-publish format-standard has-post-thumbnail category-critique category-expired category-spectacle category-theatre-de-vidy tag-julie-fievez tag-timon-musy\">\n<h6 class=\"liensouligne wp-block-post-title\"><a href=\"https:\/\/wp.unil.ch\/ateliercritique\/2023\/03\/liebestod\/\" target=\"_self\" >Liebestod<\/a><\/h6>\n\n<div class=\"wp-block-post-excerpt\"><p class=\"wp-block-post-excerpt__excerpt\">Par Ang\u00e9lica Liddell \/ Th\u00e9\u00e2tre de Vidy \/ du 15 au 18 mars 2023 \/ critiques par Timon Musy et Julie Fievez . <\/p><\/div>\n\n\n<div style=\"height:1px\" aria-hidden=\"true\" class=\"wp-block-spacer\"><\/div>\n\n<\/li><\/ul><\/div>\n","protected":false},"excerpt":{"rendered":"<p>Les critiques de Timon Musy :<\/p>\n","protected":false},"author":1002282,"featured_media":0,"parent":2716,"menu_order":0,"comment_status":"closed","ping_status":"closed","template":"","meta":{"_seopress_robots_primary_cat":"","_seopress_titles_title":"","_seopress_titles_desc":"","_seopress_robots_index":"","footnotes":""},"class_list":["post-16626","page","type-page","status-publish"],"_links":{"self":[{"href":"https:\/\/wp.unil.ch\/ateliercritique\/wp-json\/wp\/v2\/pages\/16626","targetHints":{"allow":["GET"]}}],"collection":[{"href":"https:\/\/wp.unil.ch\/ateliercritique\/wp-json\/wp\/v2\/pages"}],"about":[{"href":"https:\/\/wp.unil.ch\/ateliercritique\/wp-json\/wp\/v2\/types\/page"}],"author":[{"embeddable":true,"href":"https:\/\/wp.unil.ch\/ateliercritique\/wp-json\/wp\/v2\/users\/1002282"}],"replies":[{"embeddable":true,"href":"https:\/\/wp.unil.ch\/ateliercritique\/wp-json\/wp\/v2\/comments?post=16626"}],"version-history":[{"count":1,"href":"https:\/\/wp.unil.ch\/ateliercritique\/wp-json\/wp\/v2\/pages\/16626\/revisions"}],"predecessor-version":[{"id":22324,"href":"https:\/\/wp.unil.ch\/ateliercritique\/wp-json\/wp\/v2\/pages\/16626\/revisions\/22324"}],"up":[{"embeddable":true,"href":"https:\/\/wp.unil.ch\/ateliercritique\/wp-json\/wp\/v2\/pages\/2716"}],"wp:attachment":[{"href":"https:\/\/wp.unil.ch\/ateliercritique\/wp-json\/wp\/v2\/media?parent=16626"}],"curies":[{"name":"wp","href":"https:\/\/api.w.org\/{rel}","templated":true}]}}