{"id":16624,"date":"2023-03-12T11:02:26","date_gmt":"2023-03-12T10:02:26","guid":{"rendered":"https:\/\/wp.unil.ch\/ateliercritique\/?page_id=16624"},"modified":"2025-02-06T16:55:26","modified_gmt":"2025-02-06T15:55:26","slug":"emma-chapatte","status":"publish","type":"page","link":"https:\/\/wp.unil.ch\/ateliercritique\/lequipe\/emma-chapatte\/","title":{"rendered":"Emma Chapatte"},"content":{"rendered":"\n<h4 class=\"wp-block-heading\">Les critiques d&rsquo;Emma Chapatte : <\/h4>\n\n\n\n<div class=\"wp-block-query is-layout-flow wp-block-query-is-layout-flow\"><ul class=\"wp-block-post-template is-layout-flow wp-block-post-template-is-layout-flow\"><li class=\"wp-block-post post-19240 post type-post status-publish format-standard has-post-thumbnail category-critique category-expired category-spectacle category-theatre-de-vidy tag-emma-chapatte\">\n<h6 class=\"liensouligne wp-block-post-title\"><a href=\"https:\/\/wp.unil.ch\/ateliercritique\/2024\/06\/antigone-in-the-amazon\/\" target=\"_self\" >Antigone in the Amazon<\/a><\/h6>\n\n<div class=\"wp-block-post-excerpt\"><p class=\"wp-block-post-excerpt__excerpt\">Conception et mise en sc\u00e8ne par Milo Rau \/ Th\u00e9\u00e2tre de Vidy (Lausanne) \/ Du 19 au 22 juin 2024 \/ Critique par Emma Chapatte . <\/p><\/div>\n\n\n<div style=\"height:1px\" aria-hidden=\"true\" class=\"wp-block-spacer\"><\/div>\n\n<\/li><li class=\"wp-block-post post-18060 post type-post status-publish format-standard has-post-thumbnail category-critique category-expired category-maison-saint-gervais category-spectacle tag-emma-chapatte tag-marguerite-thery\">\n<h6 class=\"liensouligne wp-block-post-title\"><a href=\"https:\/\/wp.unil.ch\/ateliercritique\/2024\/04\/quichotte-chevalerie-moderne-2\/\" target=\"_self\" >Quichotte, chevalerie moderne<\/a><\/h6>\n\n<div class=\"wp-block-post-excerpt\"><p class=\"wp-block-post-excerpt__excerpt\">Mise en sc\u00e8ne par Julien Basler \/ La Cie Les Fondateurs \/ Maison Saint-Gervais (Gen\u00e8ve) \/ du 18 au 28 avril 2024 \/ Critiques par Emma Chapatte et Marguerite Thery. <\/p><\/div>\n\n\n<div style=\"height:1px\" aria-hidden=\"true\" class=\"wp-block-spacer\"><\/div>\n\n<\/li><li class=\"wp-block-post post-17681 post type-post status-publish format-standard has-post-thumbnail category-critique category-expired category-la-grange category-spectacle tag-anna-chialva tag-clelie-vuillaume tag-emma-chapatte tag-joaquin-marine-pinero tag-marguerite-thery\">\n<h6 class=\"liensouligne wp-block-post-title\"><a href=\"https:\/\/wp.unil.ch\/ateliercritique\/2024\/03\/peut-etre-quun-jour-quelque-chose-dinattendu-jaillira-de-ces-estomacs\/\" target=\"_self\" >Peut-\u00eatre qu\u2019un jour quelque chose d\u2019inattendu jaillira de ces estomacs<\/a><\/h6>\n\n<div class=\"wp-block-post-excerpt\"><p class=\"wp-block-post-excerpt__excerpt\">Conception, \u00e9criture et mise en sc\u00e8ne\u00a0Jonas Lambelet \/La Grange \u2013 Centre \/ Arts et Science \/ UNIL\u00a0\/\u00a0du 27 f\u00e9vrier au 03 mars 2024 \/ Cr\u00e9ations libres inspir\u00e9es par le spectacle par Marguerite Thery, Joaquin Marin\u00e9 Pi\u00f1ero, Cl\u00e9lie Vuillaume, Emma Chapatte\u2026 <\/p><\/div>\n\n\n<div style=\"height:1px\" aria-hidden=\"true\" class=\"wp-block-spacer\"><\/div>\n\n<\/li><li class=\"wp-block-post post-17649 post type-post status-publish format-standard has-post-thumbnail category-critique category-expired category-maison-saint-gervais category-spectacle tag-emma-chapatte\">\n<h6 class=\"liensouligne wp-block-post-title\"><a href=\"https:\/\/wp.unil.ch\/ateliercritique\/2024\/03\/ars-nova\/\" target=\"_self\" >Ars Nova<\/a><\/h6>\n\n<div class=\"wp-block-post-excerpt\"><p class=\"wp-block-post-excerpt__excerpt\">Compagnie La Filiale Fant\u00f4me \/ Conception de Romain Daroles \/ Maison Saint-Gervais \/ du 5 au 10 mars 2024 \/ Critique par Emma Chapatte. <\/p><\/div>\n\n\n<div style=\"height:1px\" aria-hidden=\"true\" class=\"wp-block-spacer\"><\/div>\n\n<\/li><li class=\"wp-block-post post-17403 post type-post status-publish format-standard has-post-thumbnail category-critique category-expired category-spectacle category-teatre-du-grutli tag-emma-chapatte tag-joaquin-marine-pinero\">\n<h6 class=\"liensouligne wp-block-post-title\"><a href=\"https:\/\/wp.unil.ch\/ateliercritique\/2023\/12\/france-anodine-la-radio-des-petites-choses\/\" target=\"_self\" >FRANCE ANODINE &#8211; La radio des petites choses\u00a0<\/a><\/h6>\n\n<div class=\"wp-block-post-excerpt\"><p class=\"wp-block-post-excerpt__excerpt\">Cr\u00e9ation, conception, texte, mise en sc\u00e8ne et interpr\u00e9tation par Juliette Chaigneau, Dominique Gilliot et Antoine Pesle \/ Le Gr\u00fctli (Gen\u00e8ve) \/ du 18 au 22 d\u00e9cembre 2023\/ critiques par Emma Chapatte et Joaquin Marin\u00e9 Pi\u00f1ero . <\/p><\/div>\n\n\n<div style=\"height:1px\" aria-hidden=\"true\" class=\"wp-block-spacer\"><\/div>\n\n<\/li><li class=\"wp-block-post post-17291 post type-post status-publish format-standard has-post-thumbnail category-critique category-expired category-spectacle category-theatre-de-vidy tag-emma-chapatte tag-enola-rindlisbacher\">\n<h6 class=\"liensouligne wp-block-post-title\"><a href=\"https:\/\/wp.unil.ch\/ateliercritique\/2023\/12\/un-prince-de-hombourg\/\" target=\"_self\" >Un Prince de Hombourg<\/a><\/h6>\n\n<div class=\"wp-block-post-excerpt\"><p class=\"wp-block-post-excerpt__excerpt\">Mise en sc\u00e8ne par Robert Cantarella \/ d\u2019apr\u00e8s le texte de Heinrich von Kleist \/ Th\u00e9\u00e2tre de Vidy (Lausanne) \/ du 6 au 10 d\u00e9cembre 2023 \/ critiques par Emma Chapatte et Enola Rindlisbacher . <\/p><\/div>\n\n\n<div style=\"height:1px\" aria-hidden=\"true\" class=\"wp-block-spacer\"><\/div>\n\n<\/li><li class=\"wp-block-post post-17236 post type-post status-publish format-standard has-post-thumbnail category-critique category-expired category-theatre-de-larsenic category-spectacle tag-emma-chapatte\">\n<h6 class=\"liensouligne wp-block-post-title\"><a href=\"https:\/\/wp.unil.ch\/ateliercritique\/2023\/11\/nos-adieux-remake\/\" target=\"_self\" >Nos adieux (remake)<\/a><\/h6>\n\n<div class=\"wp-block-post-excerpt\"><p class=\"wp-block-post-excerpt__excerpt\">Mise en sc\u00e8ne et interpr\u00e9tation par Louise Belmas (FR) et Jo\u00ebl Maillard (CH) \/ Th\u00e9\u00e2tre de l\u2019Arsenic (Lausanne) \/ du 21 au 26 novembre 2023 \/ critique par Emma Chapatte <\/p><\/div>\n\n\n<div style=\"height:1px\" aria-hidden=\"true\" class=\"wp-block-spacer\"><\/div>\n\n<\/li><li class=\"wp-block-post post-17145 post type-post status-publish format-standard has-post-thumbnail category-critique category-expired category-spectacle category-theatre-de-vidy tag-emma-chapatte tag-theo-krebs\">\n<h6 class=\"liensouligne wp-block-post-title\"><a href=\"https:\/\/wp.unil.ch\/ateliercritique\/2023\/11\/preparation-pour-un-miracle\/\" target=\"_self\" >Pr\u00e9paration pour un miracle<\/a><\/h6>\n\n<div class=\"wp-block-post-excerpt\"><p class=\"wp-block-post-excerpt__excerpt\">Conception, mise en sc\u00e8ne et interpr\u00e9tation par Marc Oosterhoff \/Cie Moost \/ Th\u00e9\u00e2tre de Vidy (Lausanne) \/ du 31 octobre au 12 novembre 2023 \/ critique par Emma Chapatte et Th\u00e9o Krebs . <\/p><\/div>\n\n\n<div style=\"height:1px\" aria-hidden=\"true\" class=\"wp-block-spacer\"><\/div>\n\n<\/li><li class=\"wp-block-post post-16836 post type-post status-publish format-standard has-post-thumbnail category-critique category-expired category-spectacle category-tpr-la-chaux-de-fonds tag-emma-chapatte tag-timon-musy\">\n<h6 class=\"liensouligne wp-block-post-title\"><a href=\"https:\/\/wp.unil.ch\/ateliercritique\/2023\/05\/depois-do-silencio-apres-le-silence\/\" target=\"_self\" >Depois do sil\u00eancio (Apr\u00e8s le silence)<\/a><\/h6>\n\n<div class=\"wp-block-post-excerpt\"><p class=\"wp-block-post-excerpt__excerpt\">Conception, mise en sc\u00e8ne et texte de Christiane Jatahy \/ Th\u00e9\u00e2tre Populaire Romand &#8211; TPR \/ Du 04 au 06 mai 2023 \/ critiques par Emma Chapatte et Timon Musy . <\/p><\/div>\n\n\n<div style=\"height:1px\" aria-hidden=\"true\" class=\"wp-block-spacer\"><\/div>\n\n<\/li><li class=\"wp-block-post post-16765 post type-post status-publish format-standard has-post-thumbnail category-critique category-expired category-theatre-des-osses category-spectacle tag-emma-chapatte\">\n<h6 class=\"liensouligne wp-block-post-title\"><a href=\"https:\/\/wp.unil.ch\/ateliercritique\/2023\/05\/le-bizarre-incident-du-chient-pendant-la-nuit\/\" target=\"_self\" >Le bizarre incident du chien pendant la nuit<\/a><\/h6>\n\n<div class=\"wp-block-post-excerpt\"><p class=\"wp-block-post-excerpt__excerpt\">D&rsquo;apr\u00e8s le roman de Mark Haddon \/ Adaptation dramatique de Simon Stephens \/ Mis en sc\u00e8ne par Julien Schmutz \/ Th\u00e9\u00e2tre des Osses \/ Du 27 avril au 14 mai 2023 \/ critique par Emma Chapatte . <\/p><\/div>\n\n\n<div style=\"height:1px\" aria-hidden=\"true\" class=\"wp-block-spacer\"><\/div>\n\n<\/li><li class=\"wp-block-post post-16678 post type-post status-publish format-standard has-post-thumbnail category-critique category-expired category-spectacle category-theatre-des-marionnettes tag-emma-chapatte tag-timon-musy\">\n<h6 class=\"liensouligne wp-block-post-title\"><a href=\"https:\/\/wp.unil.ch\/ateliercritique\/2023\/03\/les-9-coriaces\/\" target=\"_self\" >Les 9 Coriaces<\/a><\/h6>\n\n<div class=\"wp-block-post-excerpt\"><p class=\"wp-block-post-excerpt__excerpt\">D&rsquo;apr\u00e8s Patrick Dubost \/ Mis en sc\u00e8ne par Elise Merrien et Tchavdar Pentchev \/ Compagnie Elyo \/ Th\u00e9\u00e2tre des Marionnettes de Gen\u00e8ve \/ Du 22 au 26 mars 2023 \/ critiques par Emma Chapatte et Timon Musy . <\/p><\/div>\n\n\n<div style=\"height:1px\" aria-hidden=\"true\" class=\"wp-block-spacer\"><\/div>\n\n<\/li><\/ul><\/div>\n","protected":false},"excerpt":{"rendered":"<p>Les critiques d&rsquo;Emma Chapatte :<\/p>\n","protected":false},"author":1002282,"featured_media":0,"parent":2716,"menu_order":0,"comment_status":"closed","ping_status":"closed","template":"","meta":{"_seopress_robots_primary_cat":"","_seopress_titles_title":"","_seopress_titles_desc":"","_seopress_robots_index":"","footnotes":""},"class_list":["post-16624","page","type-page","status-publish"],"_links":{"self":[{"href":"https:\/\/wp.unil.ch\/ateliercritique\/wp-json\/wp\/v2\/pages\/16624","targetHints":{"allow":["GET"]}}],"collection":[{"href":"https:\/\/wp.unil.ch\/ateliercritique\/wp-json\/wp\/v2\/pages"}],"about":[{"href":"https:\/\/wp.unil.ch\/ateliercritique\/wp-json\/wp\/v2\/types\/page"}],"author":[{"embeddable":true,"href":"https:\/\/wp.unil.ch\/ateliercritique\/wp-json\/wp\/v2\/users\/1002282"}],"replies":[{"embeddable":true,"href":"https:\/\/wp.unil.ch\/ateliercritique\/wp-json\/wp\/v2\/comments?post=16624"}],"version-history":[{"count":1,"href":"https:\/\/wp.unil.ch\/ateliercritique\/wp-json\/wp\/v2\/pages\/16624\/revisions"}],"predecessor-version":[{"id":22260,"href":"https:\/\/wp.unil.ch\/ateliercritique\/wp-json\/wp\/v2\/pages\/16624\/revisions\/22260"}],"up":[{"embeddable":true,"href":"https:\/\/wp.unil.ch\/ateliercritique\/wp-json\/wp\/v2\/pages\/2716"}],"wp:attachment":[{"href":"https:\/\/wp.unil.ch\/ateliercritique\/wp-json\/wp\/v2\/media?parent=16624"}],"curies":[{"name":"wp","href":"https:\/\/api.w.org\/{rel}","templated":true}]}}