{"id":16621,"date":"2023-03-12T10:55:48","date_gmt":"2023-03-12T09:55:48","guid":{"rendered":"https:\/\/wp.unil.ch\/ateliercritique\/?page_id=16621"},"modified":"2025-02-06T17:36:44","modified_gmt":"2025-02-06T16:36:44","slug":"theo-krebs","status":"publish","type":"page","link":"https:\/\/wp.unil.ch\/ateliercritique\/lequipe\/theo-krebs\/","title":{"rendered":"Th\u00e9o Krebs"},"content":{"rendered":"\n<h4 class=\"wp-block-heading\">Les critiques de Th\u00e9o Krebs : <\/h4>\n\n\n\n<div class=\"wp-block-query is-layout-flow wp-block-query-is-layout-flow\"><ul class=\"wp-block-post-template is-layout-flow wp-block-post-template-is-layout-flow\"><li class=\"wp-block-post post-17309 post type-post status-publish format-standard has-post-thumbnail category-critique category-expired category-la-grange category-spectacle tag-piera-biondina tag-theo-krebs\">\n<h6 class=\"liensouligne wp-block-post-title\"><a href=\"https:\/\/wp.unil.ch\/ateliercritique\/2023\/12\/festival\/\" target=\"_self\" >Festival<\/a><\/h6>\n\n<div class=\"wp-block-post-excerpt\"><p class=\"wp-block-post-excerpt__excerpt\">Conception et jeu par Claire Dessimoz, Clara Delorme, Louis Bonard \/La Grange \u2013 Centre \/ Arts et Science \/ UNIL \/ du 5 au 10 d\u00e9cembre 2023 \/ critiques par Th\u00e9o Krebs et Piera Biondina . <\/p><\/div>\n\n\n<div style=\"height:1px\" aria-hidden=\"true\" class=\"wp-block-spacer\"><\/div>\n\n<\/li><li class=\"wp-block-post post-17257 post type-post status-publish format-standard has-post-thumbnail category-critique category-expired category-spectacle category-theatre-de-vidy tag-enola-rindlisbacher tag-theo-krebs\">\n<h6 class=\"liensouligne wp-block-post-title\"><a href=\"https:\/\/wp.unil.ch\/ateliercritique\/2023\/12\/rivage-a-labandon-medee-materiau-paysage-avec-argonautes\/\" target=\"_self\" >Rivage \u00e0 l\u2019abandon, M\u00e9d\u00e9e-mat\u00e9riau, Paysage avec argonautes<\/a><\/h6>\n\n<div class=\"wp-block-post-excerpt\"><p class=\"wp-block-post-excerpt__excerpt\">Texte de Heiner M\u00fcller \/ Mise en sc\u00e8ne par Matthias Langhoff \/ Th\u00e9\u00e2tre de Vidy \/ du 22 au 26 novembre 2023 \/ critiques par Th\u00e9o Krebs et Enola Rindlisbacher . <\/p><\/div>\n\n\n<div style=\"height:1px\" aria-hidden=\"true\" class=\"wp-block-spacer\"><\/div>\n\n<\/li><li class=\"wp-block-post post-17145 post type-post status-publish format-standard has-post-thumbnail category-critique category-expired category-spectacle category-theatre-de-vidy tag-emma-chapatte tag-theo-krebs\">\n<h6 class=\"liensouligne wp-block-post-title\"><a href=\"https:\/\/wp.unil.ch\/ateliercritique\/2023\/11\/preparation-pour-un-miracle\/\" target=\"_self\" >Pr\u00e9paration pour un miracle<\/a><\/h6>\n\n<div class=\"wp-block-post-excerpt\"><p class=\"wp-block-post-excerpt__excerpt\">Conception, mise en sc\u00e8ne et interpr\u00e9tation par Marc Oosterhoff \/Cie Moost \/ Th\u00e9\u00e2tre de Vidy (Lausanne) \/ du 31 octobre au 12 novembre 2023 \/ critique par Emma Chapatte et Th\u00e9o Krebs . <\/p><\/div>\n\n\n<div style=\"height:1px\" aria-hidden=\"true\" class=\"wp-block-spacer\"><\/div>\n\n<\/li><li class=\"wp-block-post post-17045 post type-post status-publish format-standard has-post-thumbnail category-critique category-expired category-spectacle category-theatre-de-vidy tag-enola-rindlisbacher tag-joaquin-marine-pinero tag-sophie-perruchoud tag-theo-krebs\">\n<h6 class=\"liensouligne wp-block-post-title\"><a href=\"https:\/\/wp.unil.ch\/ateliercritique\/2023\/10\/jardin-des-delices\/\" target=\"_self\" >Le Jardin des d\u00e9lices<\/a><\/h6>\n\n<div class=\"wp-block-post-excerpt\"><p class=\"wp-block-post-excerpt__excerpt\">Conception et mise en sc\u00e8ne par Philippe Quesne \/ Compagnie Vivarium Studio \/ Th\u00e9\u00e2tre de Vidy (Lausanne) \/ du 26 septembre au 5 octobre 2023 \/ critiques par Sophie Perruchoud, Joaquin Marin\u00e9 Pi\u00f1ero, Enola Rindlisbacher et Th\u00e9o Krebs . <\/p><\/div>\n\n\n<div style=\"height:1px\" aria-hidden=\"true\" class=\"wp-block-spacer\"><\/div>\n\n<\/li><li class=\"wp-block-post post-16998 post type-post status-publish format-standard has-post-thumbnail category-critique category-equilibre-nuithonie category-expired category-spectacle tag-theo-krebs\">\n<h6 class=\"liensouligne wp-block-post-title\"><a href=\"https:\/\/wp.unil.ch\/ateliercritique\/2023\/10\/paule-et-luce\/\" target=\"_self\" >Paule et Luce<\/a><\/h6>\n\n<div class=\"wp-block-post-excerpt\"><p class=\"wp-block-post-excerpt__excerpt\">Texte de Manon Fargetton \/ Adaptation et mise en sc\u00e8ne de Sylviane Tille et de la Compagnie de l\u2019\u00c9tranget\u00e9 \/ Th\u00e9\u00e2tre Equilibre-Nuithonie \u00e0 Fribourg \/ du 27 septembre au 8 octobre 2023 \/ critique par Th\u00e9o Krebs . <\/p><\/div>\n\n\n<div style=\"height:1px\" aria-hidden=\"true\" class=\"wp-block-spacer\"><\/div>\n\n<\/li><li class=\"wp-block-post post-16899 post type-post status-publish format-standard has-post-thumbnail category-critique category-expired category-theatre-des-osses category-spectacle tag-theo-krebs\">\n<h6 class=\"liensouligne wp-block-post-title\"><a href=\"https:\/\/wp.unil.ch\/ateliercritique\/2023\/06\/la-quete\/\" target=\"_self\" >Qu\u00eate<\/a><\/h6>\n\n<div class=\"wp-block-post-excerpt\"><p class=\"wp-block-post-excerpt__excerpt\">Conception Juliette Vernerey \/ dans le cadre du Festival \u00ab Le Printemps des compagnies \u00bb \/ Th\u00e9\u00e2tre des Osses Fribourg \/ du 16 au 25 juin 2023 \/ critique par Th\u00e9o Krebs . <\/p><\/div>\n\n\n<div style=\"height:1px\" aria-hidden=\"true\" class=\"wp-block-spacer\"><\/div>\n\n<\/li><li class=\"wp-block-post post-16890 post type-post status-publish format-standard has-post-thumbnail category-critique category-expired category-theatre-des-osses category-spectacle tag-theo-krebs\">\n<h6 class=\"liensouligne wp-block-post-title\"><a href=\"https:\/\/wp.unil.ch\/ateliercritique\/2023\/06\/autostop\/\" target=\"_self\" >Autostop<\/a><\/h6>\n\n<div class=\"wp-block-post-excerpt\"><p class=\"wp-block-post-excerpt__excerpt\">Conception Floriane M\u00e9senge \/ dans le cadre du Festival \u00ab Le Printemps des compagnies \u00bb \/ Th\u00e9\u00e2tre des Osses Fribourg, du 16 au 25 juin 2023 \/ critique par Th\u00e9o Krebs . <\/p><\/div>\n\n\n<div style=\"height:1px\" aria-hidden=\"true\" class=\"wp-block-spacer\"><\/div>\n\n<\/li><li class=\"wp-block-post post-16843 post type-post status-publish format-standard has-post-thumbnail category-critique category-expired category-la-grange category-spectacle tag-theo-krebs\">\n<h6 class=\"liensouligne wp-block-post-title\"><a href=\"https:\/\/wp.unil.ch\/ateliercritique\/2023\/05\/camille\/\" target=\"_self\" >Camille<\/a><\/h6>\n\n<div class=\"wp-block-post-excerpt\"><p class=\"wp-block-post-excerpt__excerpt\">Cr\u00e9ation, direction artistique et performance Sarah Bucher \/La Grange \u2013 Centre \/ Arts et Science \/ UNIL \/ Du 11 au 13 mai 2023 \/ critique par Th\u00e9o Krebs . <\/p><\/div>\n\n\n<div style=\"height:1px\" aria-hidden=\"true\" class=\"wp-block-spacer\"><\/div>\n\n<\/li><li class=\"wp-block-post post-16795 post type-post status-publish format-standard has-post-thumbnail category-critique category-expired category-la-grange category-spectacle tag-manon-lelievre tag-sylvain-grangier tag-theo-krebs tag-timon-musy\">\n<h6 class=\"liensouligne wp-block-post-title\"><a href=\"https:\/\/wp.unil.ch\/ateliercritique\/2023\/05\/tous-les-poetes-habitent-valparaiso\/\" target=\"_self\" >Tous les po\u00e8tes habitent Valparaiso<\/a><\/h6>\n\n<div class=\"wp-block-post-excerpt\"><p class=\"wp-block-post-excerpt__excerpt\">Texte de Carine Corajoud \/ Conception et mise en sc\u00e8ne par Dorian Rossel \/ Cie Super Trop Top \/ La Grange \u2013 Centre \/ Arts et Science \/ UNIL \/ du 07 au 12 mars 2023 \/ cr\u00e9ations libres par\u2026 <\/p><\/div>\n\n\n<div style=\"height:1px\" aria-hidden=\"true\" class=\"wp-block-spacer\"><\/div>\n\n<\/li><li class=\"wp-block-post post-16759 post type-post status-publish format-standard has-post-thumbnail category-critique category-expired category-le-petit-theatre category-spectacle tag-sylvain-grangier tag-theo-krebs\">\n<h6 class=\"liensouligne wp-block-post-title\"><a href=\"https:\/\/wp.unil.ch\/ateliercritique\/2023\/04\/la-pomme-empoisonnee\/\" target=\"_self\" >La Pomme empoisonn\u00e9e<\/a><\/h6>\n\n<div class=\"wp-block-post-excerpt\"><p class=\"wp-block-post-excerpt__excerpt\">\u00c9criture et mise en sc\u00e8ne Julie Annen \/ Le Petit Th\u00e9\u00e2tre Lausanne \/ du 26 avril au 14 mai 2023 \/ critique par Sylvain Grangier et Th\u00e9o Krebs . <\/p><\/div>\n\n\n<div style=\"height:1px\" aria-hidden=\"true\" class=\"wp-block-spacer\"><\/div>\n\n<\/li><\/ul><\/div>\n","protected":false},"excerpt":{"rendered":"<p>Les critiques de Th\u00e9o Krebs :<\/p>\n","protected":false},"author":1002282,"featured_media":0,"parent":2716,"menu_order":0,"comment_status":"closed","ping_status":"closed","template":"","meta":{"_seopress_robots_primary_cat":"","_seopress_titles_title":"","_seopress_titles_desc":"","_seopress_robots_index":"","footnotes":""},"class_list":["post-16621","page","type-page","status-publish"],"_links":{"self":[{"href":"https:\/\/wp.unil.ch\/ateliercritique\/wp-json\/wp\/v2\/pages\/16621","targetHints":{"allow":["GET"]}}],"collection":[{"href":"https:\/\/wp.unil.ch\/ateliercritique\/wp-json\/wp\/v2\/pages"}],"about":[{"href":"https:\/\/wp.unil.ch\/ateliercritique\/wp-json\/wp\/v2\/types\/page"}],"author":[{"embeddable":true,"href":"https:\/\/wp.unil.ch\/ateliercritique\/wp-json\/wp\/v2\/users\/1002282"}],"replies":[{"embeddable":true,"href":"https:\/\/wp.unil.ch\/ateliercritique\/wp-json\/wp\/v2\/comments?post=16621"}],"version-history":[{"count":1,"href":"https:\/\/wp.unil.ch\/ateliercritique\/wp-json\/wp\/v2\/pages\/16621\/revisions"}],"predecessor-version":[{"id":22311,"href":"https:\/\/wp.unil.ch\/ateliercritique\/wp-json\/wp\/v2\/pages\/16621\/revisions\/22311"}],"up":[{"embeddable":true,"href":"https:\/\/wp.unil.ch\/ateliercritique\/wp-json\/wp\/v2\/pages\/2716"}],"wp:attachment":[{"href":"https:\/\/wp.unil.ch\/ateliercritique\/wp-json\/wp\/v2\/media?parent=16621"}],"curies":[{"name":"wp","href":"https:\/\/api.w.org\/{rel}","templated":true}]}}