{"id":16424,"date":"2022-10-11T11:54:07","date_gmt":"2022-10-11T09:54:07","guid":{"rendered":"https:\/\/wp.unil.ch\/ateliercritique\/?page_id=16424"},"modified":"2025-02-06T17:13:02","modified_gmt":"2025-02-06T16:13:02","slug":"sylvain-grangier","status":"publish","type":"page","link":"https:\/\/wp.unil.ch\/ateliercritique\/lequipe\/sylvain-grangier\/","title":{"rendered":"Sylvain Grangier"},"content":{"rendered":"\n<h4 class=\"wp-block-heading\">Les critiques de Sylvain Grangier :<\/h4>\n\n\n\n<div class=\"wp-block-query is-layout-flow wp-block-query-is-layout-flow\"><ul class=\"wp-block-post-template is-layout-flow wp-block-post-template-is-layout-flow\"><li class=\"wp-block-post post-16795 post type-post status-publish format-standard has-post-thumbnail category-critique category-expired category-la-grange category-spectacle tag-manon-lelievre tag-sylvain-grangier tag-theo-krebs tag-timon-musy\">\n<h6 class=\"liensouligne wp-block-post-title\"><a href=\"https:\/\/wp.unil.ch\/ateliercritique\/2023\/05\/tous-les-poetes-habitent-valparaiso\/\" target=\"_self\" >Tous les po\u00e8tes habitent Valparaiso<\/a><\/h6>\n\n<div class=\"wp-block-post-excerpt\"><p class=\"wp-block-post-excerpt__excerpt\">Texte de Carine Corajoud \/ Conception et mise en sc\u00e8ne par Dorian Rossel \/ Cie Super Trop Top \/ La Grange \u2013 Centre \/ Arts et Science \/ UNIL \/ du 07 au 12 mars 2023 \/ cr\u00e9ations libres par\u2026 <\/p><\/div>\n\n\n<div style=\"height:1px\" aria-hidden=\"true\" class=\"wp-block-spacer\"><\/div>\n\n<\/li><li class=\"wp-block-post post-16759 post type-post status-publish format-standard has-post-thumbnail category-critique category-expired category-le-petit-theatre category-spectacle tag-sylvain-grangier tag-theo-krebs\">\n<h6 class=\"liensouligne wp-block-post-title\"><a href=\"https:\/\/wp.unil.ch\/ateliercritique\/2023\/04\/la-pomme-empoisonnee\/\" target=\"_self\" >La Pomme empoisonn\u00e9e<\/a><\/h6>\n\n<div class=\"wp-block-post-excerpt\"><p class=\"wp-block-post-excerpt__excerpt\">\u00c9criture et mise en sc\u00e8ne Julie Annen \/ Le Petit Th\u00e9\u00e2tre Lausanne \/ du 26 avril au 14 mai 2023 \/ critique par Sylvain Grangier et Th\u00e9o Krebs . <\/p><\/div>\n\n\n<div style=\"height:1px\" aria-hidden=\"true\" class=\"wp-block-spacer\"><\/div>\n\n<\/li><li class=\"wp-block-post post-16752 post type-post status-publish format-standard has-post-thumbnail category-critique category-expired category-theatre-comedie category-spectacle tag-sylvain-grangier\">\n<h6 class=\"liensouligne wp-block-post-title\"><a href=\"https:\/\/wp.unil.ch\/ateliercritique\/2023\/04\/une-mort-dans-la-famille\/\" target=\"_self\" >Une mort dans la famille<\/a><\/h6>\n\n<div class=\"wp-block-post-excerpt\"><p class=\"wp-block-post-excerpt__excerpt\">\u00c9crit et mis en sc\u00e8ne par Alexander Zeldin \/ Com\u00e9die de Gen\u00e8ve \/ du 31 mars au 6 avril 2023 \/ critique par Sylvain Grangier . <\/p><\/div>\n\n\n<div style=\"height:1px\" aria-hidden=\"true\" class=\"wp-block-spacer\"><\/div>\n\n<\/li><li class=\"wp-block-post post-16727 post type-post status-publish format-standard has-post-thumbnail category-critique category-expired category-theatre-de-larsenic category-spectacle tag-sylvain-grangier tag-timon-musy\">\n<h6 class=\"liensouligne wp-block-post-title\"><a href=\"https:\/\/wp.unil.ch\/ateliercritique\/2023\/04\/hominal-hominal\/\" target=\"_self\" >Hominal \/ Hominal<\/a><\/h6>\n\n<div class=\"wp-block-post-excerpt\"><p class=\"wp-block-post-excerpt__excerpt\">Conception et mise en sc\u00e8ne de Marie-Caroline et David Hominal \/ Arsenic \/ du 29 mars au 02 avril 2023 \/ critiques par Timon Musy et Sylvain Grangier . <\/p><\/div>\n\n\n<div style=\"height:1px\" aria-hidden=\"true\" class=\"wp-block-spacer\"><\/div>\n\n<\/li><li class=\"wp-block-post post-16720 post type-post status-publish format-standard has-post-thumbnail category-critique category-expired category-spectacle category-theatre-de-vidy tag-julie-fievez tag-sylvain-grangier\">\n<h6 class=\"liensouligne wp-block-post-title\"><a href=\"https:\/\/wp.unil.ch\/ateliercritique\/2023\/03\/booom\/\" target=\"_self\" >Booom !<\/a><\/h6>\n\n<div class=\"wp-block-post-excerpt\"><p class=\"wp-block-post-excerpt__excerpt\">Une cr\u00e9ation collective avec Luxxx, Isabelle Vesseron, Carolina Varela, Adrien Rupp, Michael Scheuplein \/ Th\u00e9\u00e2tre de Vidy \/ du 28 mars au 06 avril \/ critiques par Julie Fievez et Sylvain Grangier . <\/p><\/div>\n\n\n<div style=\"height:1px\" aria-hidden=\"true\" class=\"wp-block-spacer\"><\/div>\n\n<\/li><li class=\"wp-block-post post-16671 post type-post status-publish format-standard has-post-thumbnail category-critique category-equilibre-nuithonie category-expired category-spectacle tag-sylvain-grangier\">\n<h6 class=\"liensouligne wp-block-post-title\"><a href=\"https:\/\/wp.unil.ch\/ateliercritique\/2023\/03\/les-femmes-trop-savantes\/\" target=\"_self\" >Les Femmes (trop) savantes ?<\/a><\/h6>\n\n<div class=\"wp-block-post-excerpt\"><p class=\"wp-block-post-excerpt__excerpt\">D&rsquo;apr\u00e8s Moli\u00e8re \/ Mise en sc\u00e8ne Robert Sandoz et Julia Portier \/ Nuithonie \/ du 16 au 18 mars 2023 \/ critique par Sylvain Grangier . <\/p><\/div>\n\n\n<div style=\"height:1px\" aria-hidden=\"true\" class=\"wp-block-spacer\"><\/div>\n\n<\/li><li class=\"wp-block-post post-16604 post type-post status-publish format-standard has-post-thumbnail category-critique category-expired category-le-poche category-spectacle tag-melanie-carrel-2 tag-sylvain-grangier\">\n<h6 class=\"liensouligne wp-block-post-title\"><a href=\"https:\/\/wp.unil.ch\/ateliercritique\/2023\/01\/une-oreille-nue-a-la-patte-de-lamour-ou-comment-filer-une-puce-malgre-soi\/\" target=\"_self\" >Une oreille nue \u00e0 la patte de l\u2019amour\u2026 ou comment filer une puce malgr\u00e9 soi<\/a><\/h6>\n\n<div class=\"wp-block-post-excerpt\"><p class=\"wp-block-post-excerpt__excerpt\">Par Rebekka Kricheldorf d\u2019apr\u00e8s l\u2019ensemble de l\u2019\u0153uvre de Georges Feydeau \/ Mise en sc\u00e8ne Superprod (C\u00e9line Nidegger et Bastien Semenzato) \/ Th\u00e9\u00e2tre Poche &#8211; Gen\u00e8ve \/ du 14 novembre 2022 au 5 f\u00e9vrier 2023 \/ critiques par M\u00e9lanie Carrel et\u2026 <\/p><\/div>\n\n\n<div style=\"height:1px\" aria-hidden=\"true\" class=\"wp-block-spacer\"><\/div>\n\n<\/li><li class=\"wp-block-post post-16545 post type-post status-publish format-standard has-post-thumbnail category-critique category-expired category-spectacle category-theatre-de-carouge tag-claire-cornaz tag-sylvain-grangier\">\n<h6 class=\"liensouligne wp-block-post-title\"><a href=\"https:\/\/wp.unil.ch\/ateliercritique\/2022\/11\/le-malade-imaginaire-2\/\" target=\"_self\" >Le Malade Imaginaire<\/a><\/h6>\n\n<div class=\"wp-block-post-excerpt\"><p class=\"wp-block-post-excerpt__excerpt\">D&rsquo;apr\u00e8s Moli\u00e8re \/ Mise en sc\u00e8ne de Jean Liermier \/ Th\u00e9\u00e2tre de Carouge (Gen\u00e8ve) \/ Du 22 novembre au 18 d\u00e9cembre 2022 \/ critiques par Claire Cornuz et Sylvain Grangier . <\/p><\/div>\n\n\n<div style=\"height:1px\" aria-hidden=\"true\" class=\"wp-block-spacer\"><\/div>\n\n<\/li><li class=\"wp-block-post post-16520 post type-post status-publish format-standard has-post-thumbnail category-critique category-expired category-theatre-de-larsenic category-spectacle tag-sylvain-grangier\">\n<h6 class=\"liensouligne wp-block-post-title\"><a href=\"https:\/\/wp.unil.ch\/ateliercritique\/2022\/11\/resilience-mon-cul\/\" target=\"_self\" >R\u00e9silience mon cul<\/a><\/h6>\n\n<div class=\"wp-block-post-excerpt\"><p class=\"wp-block-post-excerpt__excerpt\">\u00c9criture, mise en sc\u00e8ne et interpr\u00e9tation Jo\u00ebl Maillard \/ L\u2019 Arsenic \/ Du 15 au 20 novembre 2022 \/ critique par Sylvain Grangier . <\/p><\/div>\n\n\n<div style=\"height:1px\" aria-hidden=\"true\" class=\"wp-block-spacer\"><\/div>\n\n<\/li><li class=\"wp-block-post post-16493 post type-post status-publish format-standard has-post-thumbnail category-critique category-expired category-la-grange category-spectacle tag-sylvain-grangier\">\n<h6 class=\"liensouligne wp-block-post-title\"><a href=\"https:\/\/wp.unil.ch\/ateliercritique\/2022\/11\/les-oceanographes\/\" target=\"_self\" >Les Oc\u00e9anographes<\/a><\/h6>\n\n<div class=\"wp-block-post-excerpt\"><p class=\"wp-block-post-excerpt__excerpt\">Conception et mise en sc\u00e8ne \u00c9milie Rousset et Louise H\u00e9mon \/La Grange \u2013 Centre \/ Arts et Science \/ UNIL \/ Du 2 au 5 novembre 2022 \/ critique par Sylvain Grangier . <\/p><\/div>\n\n\n<div style=\"height:1px\" aria-hidden=\"true\" class=\"wp-block-spacer\"><\/div>\n\n<\/li><li class=\"wp-block-post post-16464 post type-post status-publish format-standard has-post-thumbnail category-critique category-expired category-spectacle category-tkm-theatre-kleber-meleau tag-melanie-carrel-2 tag-sylvain-grangier\">\n<h6 class=\"liensouligne wp-block-post-title\"><a href=\"https:\/\/wp.unil.ch\/ateliercritique\/2022\/10\/les-fourberies-de-scapin\/\" target=\"_self\" >Les Fourberies de Scapin<\/a><\/h6>\n\n<div class=\"wp-block-post-excerpt\"><p class=\"wp-block-post-excerpt__excerpt\">D\u2019apr\u00e8s Moli\u00e8re \/ mise en sc\u00e8ne Omar Porras, Teatro Malandro \/ TKM -Th\u00e9\u00e2tre Kl\u00e9ber-M\u00e9leau \/ du 27 septembre au 23 octobre 2022 [puis du 13 au 23 d\u00e9cembre 2022] \/ critiques par M\u00e9lanie Carrel et Sylvain Grangier . <\/p><\/div>\n\n\n<div style=\"height:1px\" aria-hidden=\"true\" class=\"wp-block-spacer\"><\/div>\n\n<\/li><\/ul><\/div>\n","protected":false},"excerpt":{"rendered":"<p>Les critiques de Sylvain Grangier :<\/p>\n","protected":false},"author":1002282,"featured_media":0,"parent":2716,"menu_order":0,"comment_status":"closed","ping_status":"closed","template":"","meta":{"_seopress_robots_primary_cat":"","_seopress_titles_title":"","_seopress_titles_desc":"","_seopress_robots_index":"","footnotes":""},"class_list":["post-16424","page","type-page","status-publish"],"_links":{"self":[{"href":"https:\/\/wp.unil.ch\/ateliercritique\/wp-json\/wp\/v2\/pages\/16424","targetHints":{"allow":["GET"]}}],"collection":[{"href":"https:\/\/wp.unil.ch\/ateliercritique\/wp-json\/wp\/v2\/pages"}],"about":[{"href":"https:\/\/wp.unil.ch\/ateliercritique\/wp-json\/wp\/v2\/types\/page"}],"author":[{"embeddable":true,"href":"https:\/\/wp.unil.ch\/ateliercritique\/wp-json\/wp\/v2\/users\/1002282"}],"replies":[{"embeddable":true,"href":"https:\/\/wp.unil.ch\/ateliercritique\/wp-json\/wp\/v2\/comments?post=16424"}],"version-history":[{"count":1,"href":"https:\/\/wp.unil.ch\/ateliercritique\/wp-json\/wp\/v2\/pages\/16424\/revisions"}],"predecessor-version":[{"id":22285,"href":"https:\/\/wp.unil.ch\/ateliercritique\/wp-json\/wp\/v2\/pages\/16424\/revisions\/22285"}],"up":[{"embeddable":true,"href":"https:\/\/wp.unil.ch\/ateliercritique\/wp-json\/wp\/v2\/pages\/2716"}],"wp:attachment":[{"href":"https:\/\/wp.unil.ch\/ateliercritique\/wp-json\/wp\/v2\/media?parent=16424"}],"curies":[{"name":"wp","href":"https:\/\/api.w.org\/{rel}","templated":true}]}}