{"id":16069,"date":"2022-03-22T10:43:18","date_gmt":"2022-03-22T09:43:18","guid":{"rendered":"https:\/\/wp.unil.ch\/ateliercritique\/?page_id=16069"},"modified":"2025-02-06T16:59:46","modified_gmt":"2025-02-06T15:59:46","slug":"claire-cornaz","status":"publish","type":"page","link":"https:\/\/wp.unil.ch\/ateliercritique\/lequipe\/claire-cornaz\/","title":{"rendered":"Claire Cornaz"},"content":{"rendered":"\n<h4 class=\"wp-block-heading\">Les critiques de Claire Cornaz : <\/h4>\n\n\n\n<div class=\"wp-block-query is-layout-flow wp-block-query-is-layout-flow\"><ul class=\"wp-block-post-template is-layout-flow wp-block-post-template-is-layout-flow\"><li class=\"wp-block-post post-16583 post type-post status-publish format-standard has-post-thumbnail category-critique category-expired category-theatre-comedie category-spectacle tag-claire-cornaz tag-julie-fievez\">\n<h6 class=\"liensouligne wp-block-post-title\"><a href=\"https:\/\/wp.unil.ch\/ateliercritique\/2022\/12\/diestinguished\/\" target=\"_self\" >DIEstinguished<\/a><\/h6>\n\n<div class=\"wp-block-post-excerpt\"><p class=\"wp-block-post-excerpt__excerpt\">Conception et mise en sc\u00e8ne par La Ribot \/ Com\u00e9die de Gen\u00e8ve \/ du 09 au 11 d\u00e9cembre 2022 \/ critiques par Julie Fievez et Claire Cornaz . <\/p><\/div>\n\n\n<div style=\"height:1px\" aria-hidden=\"true\" class=\"wp-block-spacer\"><\/div>\n\n<\/li><li class=\"wp-block-post post-16545 post type-post status-publish format-standard has-post-thumbnail category-critique category-expired category-spectacle category-theatre-de-carouge tag-claire-cornaz tag-sylvain-grangier\">\n<h6 class=\"liensouligne wp-block-post-title\"><a href=\"https:\/\/wp.unil.ch\/ateliercritique\/2022\/11\/le-malade-imaginaire-2\/\" target=\"_self\" >Le Malade Imaginaire<\/a><\/h6>\n\n<div class=\"wp-block-post-excerpt\"><p class=\"wp-block-post-excerpt__excerpt\">D&rsquo;apr\u00e8s Moli\u00e8re \/ Mise en sc\u00e8ne de Jean Liermier \/ Th\u00e9\u00e2tre de Carouge (Gen\u00e8ve) \/ Du 22 novembre au 18 d\u00e9cembre 2022 \/ critiques par Claire Cornuz et Sylvain Grangier . <\/p><\/div>\n\n\n<div style=\"height:1px\" aria-hidden=\"true\" class=\"wp-block-spacer\"><\/div>\n\n<\/li><li class=\"wp-block-post post-16537 post type-post status-publish format-standard has-post-thumbnail category-critique category-expired category-spectacle category-theatre-am-stram-gram-geneve tag-claire-cornaz\">\n<h6 class=\"liensouligne wp-block-post-title\"><a href=\"https:\/\/wp.unil.ch\/ateliercritique\/2022\/11\/twist\/\" target=\"_self\" >Twist<\/a><\/h6>\n\n<div class=\"wp-block-post-excerpt\"><p class=\"wp-block-post-excerpt__excerpt\">Con\u00e7u par Cie Yan Duyvendak et les game designers Kaedama (Corentin Lebrat et Th\u00e9o Rivi\u00e8re) \/ Th\u00e9\u00e2tre Am Stram Gram \/ Du 17 au 20 novembre 2022 \/ critique par Claire Cornaz . <\/p><\/div>\n\n\n<div style=\"height:1px\" aria-hidden=\"true\" class=\"wp-block-spacer\"><\/div>\n\n<\/li><li class=\"wp-block-post post-16346 post type-post status-publish format-standard has-post-thumbnail category-critique category-expired category-spectacle category-theatre-am-stram-gram-geneve tag-celine-bignotti tag-claire-cornaz\">\n<h6 class=\"liensouligne wp-block-post-title\"><a href=\"https:\/\/wp.unil.ch\/ateliercritique\/2022\/05\/le-colibri\/\" target=\"_self\" >Le Colibri<\/a><\/h6>\n\n<div class=\"wp-block-post-excerpt\"><p class=\"wp-block-post-excerpt__excerpt\">Texte d\u2019\u00c9lisa Shua Dusapin \/ Mise en sc\u00e8ne par Joan Mompart \/ Musique de Christophe Sturzenegger \/ Th\u00e9\u00e2tre Am Stram Gram \/ Du 10 mai au 15 mai 2022 \/ critiques par Claire Cornaz et C\u00e9line Bignotti . <\/p><\/div>\n\n\n<div style=\"height:1px\" aria-hidden=\"true\" class=\"wp-block-spacer\"><\/div>\n\n<\/li><li class=\"wp-block-post post-16267 post type-post status-publish format-standard has-post-thumbnail category-critique category-expired category-spectacle category-theatre-des-marionnettes tag-claire-cornaz tag-manon-lelievre\">\n<h6 class=\"liensouligne wp-block-post-title\"><a href=\"https:\/\/wp.unil.ch\/ateliercritique\/2022\/05\/le-paradis-des-chats\/\" target=\"_self\" >Le Paradis des chats<\/a><\/h6>\n\n<div class=\"wp-block-post-excerpt\"><p class=\"wp-block-post-excerpt__excerpt\">D&rsquo;apr\u00e8s Emile Zola \/ Adaptation et mise en sc\u00e8ne Delphine Barut \/ Th\u00e9\u00e2tre des marionnettes de Gen\u00e8ve \/ du 27 avril au 8 mai 2022 \/ Critiques par Manon Leli\u00e8vre et Claire Cornuz . <\/p><\/div>\n\n\n<div style=\"height:1px\" aria-hidden=\"true\" class=\"wp-block-spacer\"><\/div>\n\n<\/li><li class=\"wp-block-post post-16145 post type-post status-publish format-standard has-post-thumbnail category-critique category-expired category-theatre-comedie category-spectacle tag-celine-bignotti tag-claire-cornaz\">\n<h6 class=\"liensouligne wp-block-post-title\"><a href=\"https:\/\/wp.unil.ch\/ateliercritique\/2022\/03\/stars\/\" target=\"_self\" >STARs<\/a><\/h6>\n\n<div class=\"wp-block-post-excerpt\"><p class=\"wp-block-post-excerpt__excerpt\">\u00c9crit et mis en sc\u00e8ne par Pascal Rambert \/ Com\u00e9die de Gen\u00e8ve \/ Du 23 mars au 02 avril 2022 \/ critiques par C\u00e9line Bignotti et Claire Cornaz . <\/p><\/div>\n\n\n<div style=\"height:1px\" aria-hidden=\"true\" class=\"wp-block-spacer\"><\/div>\n\n<\/li><li class=\"wp-block-post post-16129 post type-post status-publish format-standard has-post-thumbnail category-critique category-expired category-spectacle category-theatre-de-vidy tag-antoine-klotz tag-celine-bignotti tag-claire-cornaz tag-clementine-glardon tag-melanie-carrel-2\">\n<h6 class=\"liensouligne wp-block-post-title\"><a href=\"https:\/\/wp.unil.ch\/ateliercritique\/2022\/03\/tartuffe-dapres-tartuffe-dapres-tartuffe-dapres-moliere\/\" target=\"_self\" >Tartuffe d\u2019apr\u00e8s Tartuffe d\u2019apr\u00e8s Tartuffe d\u2019apr\u00e8s Moli\u00e8re<\/a><\/h6>\n\n<div class=\"wp-block-post-excerpt\"><p class=\"wp-block-post-excerpt__excerpt\">D\u2019apr\u00e8s la pi\u00e8ce de Moli\u00e8re \/ Conception Guillaume Bailliart (Groupe Fant\u00f4mas) \/ Th\u00e9\u00e2tre de Vidy \/ du 2 au 12 mars 2022 \/\u00a0critiques par Antoine Klotz, M\u00e9lanie Carrel, C\u00e9line Bignotti, Claire Cornaz et Cl\u00e9mentine Glardon . <\/p><\/div>\n\n\n<div style=\"height:1px\" aria-hidden=\"true\" class=\"wp-block-spacer\"><\/div>\n\n<\/li><li class=\"wp-block-post post-16039 post type-post status-publish format-standard has-post-thumbnail category-critique category-expired category-spectacle category-grand-champ tag-claire-cornaz tag-manon-lelievre\">\n<h6 class=\"liensouligne wp-block-post-title\"><a href=\"https:\/\/wp.unil.ch\/ateliercritique\/2022\/03\/les-femmes-savantes-2\/\" target=\"_self\" >Les Femmes Savantes<\/a><\/h6>\n\n<div class=\"wp-block-post-excerpt\"><p class=\"wp-block-post-excerpt__excerpt\">Adaptation du texte de Moli\u00e8re \/ Mise en sc\u00e8ne de Vincent Bonillo \/ Th\u00e9\u00e2tre du Grand-Champ \/ Le 02 et 03 mars 2022 \/ critiques par Manon Leli\u00e8vre et Claire Cornaz . <\/p><\/div>\n\n\n<div style=\"height:1px\" aria-hidden=\"true\" class=\"wp-block-spacer\"><\/div>\n\n<\/li><\/ul><\/div>\n","protected":false},"excerpt":{"rendered":"<p>Les critiques de Claire Cornaz :<\/p>\n","protected":false},"author":1002282,"featured_media":0,"parent":2716,"menu_order":0,"comment_status":"closed","ping_status":"closed","template":"","meta":{"_seopress_robots_primary_cat":"","_seopress_titles_title":"","_seopress_titles_desc":"","_seopress_robots_index":"","footnotes":""},"class_list":["post-16069","page","type-page","status-publish"],"_links":{"self":[{"href":"https:\/\/wp.unil.ch\/ateliercritique\/wp-json\/wp\/v2\/pages\/16069","targetHints":{"allow":["GET"]}}],"collection":[{"href":"https:\/\/wp.unil.ch\/ateliercritique\/wp-json\/wp\/v2\/pages"}],"about":[{"href":"https:\/\/wp.unil.ch\/ateliercritique\/wp-json\/wp\/v2\/types\/page"}],"author":[{"embeddable":true,"href":"https:\/\/wp.unil.ch\/ateliercritique\/wp-json\/wp\/v2\/users\/1002282"}],"replies":[{"embeddable":true,"href":"https:\/\/wp.unil.ch\/ateliercritique\/wp-json\/wp\/v2\/comments?post=16069"}],"version-history":[{"count":1,"href":"https:\/\/wp.unil.ch\/ateliercritique\/wp-json\/wp\/v2\/pages\/16069\/revisions"}],"predecessor-version":[{"id":22266,"href":"https:\/\/wp.unil.ch\/ateliercritique\/wp-json\/wp\/v2\/pages\/16069\/revisions\/22266"}],"up":[{"embeddable":true,"href":"https:\/\/wp.unil.ch\/ateliercritique\/wp-json\/wp\/v2\/pages\/2716"}],"wp:attachment":[{"href":"https:\/\/wp.unil.ch\/ateliercritique\/wp-json\/wp\/v2\/media?parent=16069"}],"curies":[{"name":"wp","href":"https:\/\/api.w.org\/{rel}","templated":true}]}}