{"id":15778,"date":"2021-11-29T11:14:43","date_gmt":"2021-11-29T10:14:43","guid":{"rendered":"https:\/\/wp.unil.ch\/ateliercritique\/?page_id=15778"},"modified":"2025-02-06T17:34:53","modified_gmt":"2025-02-06T16:34:53","slug":"antoine-klotz","status":"publish","type":"page","link":"https:\/\/wp.unil.ch\/ateliercritique\/lequipe\/antoine-klotz\/","title":{"rendered":"Antoine Klotz"},"content":{"rendered":"\n<h4 class=\"wp-block-heading\">Les critiques d&rsquo;Antoine Klotz : <\/h4>\n\n\n\n<div class=\"wp-block-query is-layout-flow wp-block-query-is-layout-flow\"><ul class=\"wp-block-post-template is-layout-flow wp-block-post-template-is-layout-flow\"><li class=\"wp-block-post post-16367 post type-post status-publish format-standard has-post-thumbnail category-critique category-expired category-spectacle category-theatre-de-vidy tag-antoine-klotz tag-manon-lelievre\">\n<h6 class=\"liensouligne wp-block-post-title\"><a href=\"https:\/\/wp.unil.ch\/ateliercritique\/2022\/05\/utopolis-lausanne\/\" target=\"_self\" >Utopolis Lausanne<\/a><\/h6>\n\n<div class=\"wp-block-post-excerpt\"><p class=\"wp-block-post-excerpt__excerpt\">De Helgard Haug \/ Stefan Kaegi \/ Daniel Wetzel (Rimini Protokoll) \/ Th\u00e9\u00e2tre de Vidy \/ du 13 mai au 14 juin 2022\u00a0\/ critiques par Antoine Klotz et Manon Leli\u00e8vre . <\/p><\/div>\n\n\n<div style=\"height:1px\" aria-hidden=\"true\" class=\"wp-block-spacer\"><\/div>\n\n<\/li><li class=\"wp-block-post post-16246 post type-post status-publish format-standard has-post-thumbnail category-critique category-expired category-theatre-de-larsenic category-spectacle tag-antoine-klotz tag-noemie-jeannet\">\n<h6 class=\"liensouligne wp-block-post-title\"><a href=\"https:\/\/wp.unil.ch\/ateliercritique\/2022\/04\/les-univers\/\" target=\"_self\" >Les Univers<\/a><\/h6>\n\n<div class=\"wp-block-post-excerpt\"><p class=\"wp-block-post-excerpt__excerpt\">Mise en sc\u00e8ne par Jo\u00ebl Maillard \/ Conception et \u00e9criture Tiphanie Bovay-Klameth, Jo\u00eblle Fontannaz, Nicole Genovese, Jo\u00ebl Maillard, Alexis Rime \/ Compagnie SNAUT \/ Tutu Production \/ L&rsquo; Arsenic Lausanne \/ du 5 au 10 avril 2022 \/ Critiques par\u2026 <\/p><\/div>\n\n\n<div style=\"height:1px\" aria-hidden=\"true\" class=\"wp-block-spacer\"><\/div>\n\n<\/li><li class=\"wp-block-post post-16188 post type-post status-publish format-standard has-post-thumbnail category-critique category-expired category-spectacle category-theatre-de-vidy tag-antoine-klotz tag-brian-aubert\">\n<h6 class=\"liensouligne wp-block-post-title\"><a href=\"https:\/\/wp.unil.ch\/ateliercritique\/2022\/04\/farm-fatale\/\" target=\"_self\" >Farm Fatale<\/a><\/h6>\n\n<div class=\"wp-block-post-excerpt\"><p class=\"wp-block-post-excerpt__excerpt\">Conception et mise en sc\u00e8ne de Philippe Quesne \/ Th\u00e9\u00e2tre de Vidy \/ du 30 mars au 3 avril 2022 \/ critiques par Brian Aubert et Antoine Klotz . <\/p><\/div>\n\n\n<div style=\"height:1px\" aria-hidden=\"true\" class=\"wp-block-spacer\"><\/div>\n\n<\/li><li class=\"wp-block-post post-16129 post type-post status-publish format-standard has-post-thumbnail category-critique category-expired category-spectacle category-theatre-de-vidy tag-antoine-klotz tag-celine-bignotti tag-claire-cornaz tag-clementine-glardon tag-melanie-carrel-2\">\n<h6 class=\"liensouligne wp-block-post-title\"><a href=\"https:\/\/wp.unil.ch\/ateliercritique\/2022\/03\/tartuffe-dapres-tartuffe-dapres-tartuffe-dapres-moliere\/\" target=\"_self\" >Tartuffe d\u2019apr\u00e8s Tartuffe d\u2019apr\u00e8s Tartuffe d\u2019apr\u00e8s Moli\u00e8re<\/a><\/h6>\n\n<div class=\"wp-block-post-excerpt\"><p class=\"wp-block-post-excerpt__excerpt\">D\u2019apr\u00e8s la pi\u00e8ce de Moli\u00e8re \/ Conception Guillaume Bailliart (Groupe Fant\u00f4mas) \/ Th\u00e9\u00e2tre de Vidy \/ du 2 au 12 mars 2022 \/\u00a0critiques par Antoine Klotz, M\u00e9lanie Carrel, C\u00e9line Bignotti, Claire Cornaz et Cl\u00e9mentine Glardon . <\/p><\/div>\n\n\n<div style=\"height:1px\" aria-hidden=\"true\" class=\"wp-block-spacer\"><\/div>\n\n<\/li><li class=\"wp-block-post post-16079 post type-post status-publish format-standard has-post-thumbnail category-critique category-expired category-spectacle category-theatre-de-vidy tag-antoine-klotz tag-isabelle-fasnacht\">\n<h6 class=\"liensouligne wp-block-post-title\"><a href=\"https:\/\/wp.unil.ch\/ateliercritique\/2022\/03\/arborescence-programmee\/\" target=\"_self\" >Arborescence programm\u00e9e<\/a><\/h6>\n\n<div class=\"wp-block-post-excerpt\"><p class=\"wp-block-post-excerpt__excerpt\">Mise en sc\u00e8ne Muriel Imbach \/ Th\u00e9\u00e2tre de Vidy Hors-les-murs \/ La Grange-UNIL (Vortex) \/ du 16 au 20 mars 2022 \/ critiques par Antoine Klotz et Isabelle Fasnacht . <\/p><\/div>\n\n\n<div style=\"height:1px\" aria-hidden=\"true\" class=\"wp-block-spacer\"><\/div>\n\n<\/li><li class=\"wp-block-post post-15761 post type-post status-publish format-standard has-post-thumbnail category-critique category-expired category-theatre-de-larsenic category-spectacle tag-antoine-klotz tag-valentine-bovey\">\n<h6 class=\"liensouligne wp-block-post-title\"><a href=\"https:\/\/wp.unil.ch\/ateliercritique\/2021\/11\/farwest\/\" target=\"_self\" >Farwest<\/a><\/h6>\n\n<div class=\"wp-block-post-excerpt\"><p class=\"wp-block-post-excerpt__excerpt\">Librement inspir\u00e9 de Farwest de Peter Eliott et Kitty Crowther \/ Mise en sc\u00e8ne Aur\u00e9lien Patouillard \/ Arsenic \/ du 23 au 28 novembre 2021 \/ Critiques par Antoine Klotz et Valentine Bovey . <\/p><\/div>\n\n\n<div style=\"height:1px\" aria-hidden=\"true\" class=\"wp-block-spacer\"><\/div>\n\n<\/li><\/ul><\/div>\n","protected":false},"excerpt":{"rendered":"<p>Les critiques d&rsquo;Antoine Klotz :<\/p>\n","protected":false},"author":1002282,"featured_media":0,"parent":2716,"menu_order":0,"comment_status":"closed","ping_status":"closed","template":"","meta":{"_seopress_robots_primary_cat":"","_seopress_titles_title":"","_seopress_titles_desc":"","_seopress_robots_index":"","footnotes":""},"class_list":["post-15778","page","type-page","status-publish"],"_links":{"self":[{"href":"https:\/\/wp.unil.ch\/ateliercritique\/wp-json\/wp\/v2\/pages\/15778","targetHints":{"allow":["GET"]}}],"collection":[{"href":"https:\/\/wp.unil.ch\/ateliercritique\/wp-json\/wp\/v2\/pages"}],"about":[{"href":"https:\/\/wp.unil.ch\/ateliercritique\/wp-json\/wp\/v2\/types\/page"}],"author":[{"embeddable":true,"href":"https:\/\/wp.unil.ch\/ateliercritique\/wp-json\/wp\/v2\/users\/1002282"}],"replies":[{"embeddable":true,"href":"https:\/\/wp.unil.ch\/ateliercritique\/wp-json\/wp\/v2\/comments?post=15778"}],"version-history":[{"count":1,"href":"https:\/\/wp.unil.ch\/ateliercritique\/wp-json\/wp\/v2\/pages\/15778\/revisions"}],"predecessor-version":[{"id":22308,"href":"https:\/\/wp.unil.ch\/ateliercritique\/wp-json\/wp\/v2\/pages\/15778\/revisions\/22308"}],"up":[{"embeddable":true,"href":"https:\/\/wp.unil.ch\/ateliercritique\/wp-json\/wp\/v2\/pages\/2716"}],"wp:attachment":[{"href":"https:\/\/wp.unil.ch\/ateliercritique\/wp-json\/wp\/v2\/media?parent=15778"}],"curies":[{"name":"wp","href":"https:\/\/api.w.org\/{rel}","templated":true}]}}