{"id":15526,"date":"2021-10-12T16:16:23","date_gmt":"2021-10-12T14:16:23","guid":{"rendered":"https:\/\/wp.unil.ch\/ateliercritique\/?page_id=15526"},"modified":"2025-02-06T17:41:52","modified_gmt":"2025-02-06T16:41:52","slug":"hugo-merzeau","status":"publish","type":"page","link":"https:\/\/wp.unil.ch\/ateliercritique\/lequipe\/hugo-merzeau\/","title":{"rendered":"Hugo Merzeau"},"content":{"rendered":"\n<h4 class=\"wp-block-heading\">Les critiques de Hugo Merzeau : <\/h4>\n\n\n\n<div class=\"wp-block-query is-layout-flow wp-block-query-is-layout-flow\"><ul class=\"wp-block-post-template is-layout-flow wp-block-post-template-is-layout-flow\"><li class=\"wp-block-post post-16011 post type-post status-publish format-standard has-post-thumbnail category-entretien tag-hugo-merzeau\">\n<h6 class=\"liensouligne wp-block-post-title\"><a href=\"https:\/\/wp.unil.ch\/ateliercritique\/2022\/02\/entretien-avec-adrien-rupp-et-vincent-fontannaz\/\" target=\"_self\" >Entretien avec Adrien Rupp et Vincent Fontannaz<\/a><\/h6>\n\n<div class=\"wp-block-post-excerpt\"><p class=\"wp-block-post-excerpt__excerpt\">Par Hugo Merzeau. <\/p><\/div>\n\n\n<div style=\"height:1px\" aria-hidden=\"true\" class=\"wp-block-spacer\"><\/div>\n\n<\/li><li class=\"wp-block-post post-16005 post type-post status-publish format-standard has-post-thumbnail category-critique category-expired category-spectacle tag-hugo-merzeau\">\n<h6 class=\"liensouligne wp-block-post-title\"><a href=\"https:\/\/wp.unil.ch\/ateliercritique\/2022\/02\/ecouter-le-vivant\/\" target=\"_self\" >\u00c9couter le vivant<\/a><\/h6>\n\n<div class=\"wp-block-post-excerpt\"><p class=\"wp-block-post-excerpt__excerpt\">Pi\u00e8ce d&rsquo; Adrien Rupp \/ Compte-rendu par Hugo Merzeau . <\/p><\/div>\n\n\n<div style=\"height:1px\" aria-hidden=\"true\" class=\"wp-block-spacer\"><\/div>\n\n<\/li><li class=\"wp-block-post post-15939 post type-post status-publish format-standard has-post-thumbnail category-critique category-expired category-theatre-comedie category-spectacle tag-hugo-merzeau tag-sarah-neu\">\n<h6 class=\"liensouligne wp-block-post-title\"><a href=\"https:\/\/wp.unil.ch\/ateliercritique\/2022\/01\/le-dragon-dor\/\" target=\"_self\" >Le Dragon d&rsquo;or<\/a><\/h6>\n\n<div class=\"wp-block-post-excerpt\"><p class=\"wp-block-post-excerpt__excerpt\">Compos\u00e9 par Peter E\u00f6tv\u00f6s \/ Livret de Roland Schimmelpfennig \/ Mise en sc\u00e8ne par Julien Chavaz \/ Direction Musicale Gabriella Teychenn\u00e9 \/ Com\u00e9die de Gen\u00e8ve \/ du 20 au 23 &hellip; <\/p><\/div>\n\n\n<div style=\"height:1px\" aria-hidden=\"true\" class=\"wp-block-spacer\"><\/div>\n\n<\/li><li class=\"wp-block-post post-15912 post type-post status-publish format-standard has-post-thumbnail category-critique category-expired category-spectacle category-theatre-de-carouge tag-hugo-merzeau tag-stella-wohlers\">\n<h6 class=\"liensouligne wp-block-post-title\"><a href=\"https:\/\/wp.unil.ch\/ateliercritique\/2022\/01\/room\/\" target=\"_self\" >Room<\/a><\/h6>\n\n<div class=\"wp-block-post-excerpt\"><p class=\"wp-block-post-excerpt__excerpt\">Cr\u00e9ation et mise en sc\u00e8ne de James Thierr\u00e9e \/ Th\u00e9\u00e2tre de Carouge \/ du 12 janvier au 6 f\u00e9vrier 2022 \/ Critiques par Hugo Merzeau et Stella Wohlers . <\/p><\/div>\n\n\n<div style=\"height:1px\" aria-hidden=\"true\" class=\"wp-block-spacer\"><\/div>\n\n<\/li><li class=\"wp-block-post post-15768 post type-post status-publish format-standard has-post-thumbnail category-critique category-expired category-le-pommier category-spectacle tag-hugo-merzeau tag-maelle-aeby-2\">\n<h6 class=\"liensouligne wp-block-post-title\"><a href=\"https:\/\/wp.unil.ch\/ateliercritique\/2021\/11\/versant-rupal\/\" target=\"_self\" >Versant Rupal<\/a><\/h6>\n\n<div class=\"wp-block-post-excerpt\"><p class=\"wp-block-post-excerpt__excerpt\">Mise en sc\u00e8ne par Olivier Werner \/ Le Pommier \u2013 Neuch\u00e2tel \/ du 16 au 18 novembre 2021 \/ Critiques par Hugo Merzeau et Ma\u00eblle Aeby . <\/p><\/div>\n\n\n<div style=\"height:1px\" aria-hidden=\"true\" class=\"wp-block-spacer\"><\/div>\n\n<\/li><li class=\"wp-block-post post-15642 post type-post status-publish format-standard has-post-thumbnail category-critique category-expired category-spectacle category-tpr-la-chaux-de-fonds tag-hugo-merzeau tag-nathan-maggetti\">\n<h6 class=\"liensouligne wp-block-post-title\"><a href=\"https:\/\/wp.unil.ch\/ateliercritique\/2021\/10\/quete\/\" target=\"_self\" >Qu\u00eate<\/a><\/h6>\n\n<div class=\"wp-block-post-excerpt\"><p class=\"wp-block-post-excerpt__excerpt\">Mise en sc\u00e8ne par Juliette Vernerey \/ TPR \u2013 La Chaux-de-Fonds \/ du 21 au 26 octobre 2021 \/ Critiques par Nathan Maggetti et Hugo Merzeau . <\/p><\/div>\n\n\n<div style=\"height:1px\" aria-hidden=\"true\" class=\"wp-block-spacer\"><\/div>\n\n<\/li><li class=\"wp-block-post post-15619 post type-post status-publish format-standard has-post-thumbnail category-critique category-expired category-le-pommier category-spectacle tag-hugo-merzeau tag-noemie-jeannet\">\n<h6 class=\"liensouligne wp-block-post-title\"><a href=\"https:\/\/wp.unil.ch\/ateliercritique\/2021\/10\/nous-traversons-une-legere-perturbation\/\" target=\"_self\" >Nous traversons une l\u00e9g\u00e8re perturbation<\/a><\/h6>\n\n<div class=\"wp-block-post-excerpt\"><p class=\"wp-block-post-excerpt__excerpt\">Mise en sc\u00e8ne par Loredana von Allmen \/ Th\u00e9\u00e2tre du Pommier \u2013 Neuch\u00e2tel \/ du 22 au 24 octobre 2021 \/ Critiques par Hugo Merzeau et No\u00e9mie Jeanneret .&nbsp;Plus d\u2019infos. &hellip; <\/p><\/div>\n\n\n<div style=\"height:1px\" aria-hidden=\"true\" class=\"wp-block-spacer\"><\/div>\n\n<\/li><li class=\"wp-block-post post-15548 post type-post status-publish format-standard has-post-thumbnail category-critique category-expired category-spectacle category-theatre-de-vidy tag-brian-aubert tag-celine-bignotti tag-elisa-andrade tag-frederique-sautin tag-hugo-merzeau tag-maelle-aeby-2 tag-michael-rolli tag-nathan-maggetti tag-sarah-neu tag-stella-wohlers tag-valentine-bovey\">\n<h6 class=\"liensouligne wp-block-post-title\"><a href=\"https:\/\/wp.unil.ch\/ateliercritique\/2021\/10\/piece-pour-les-vivant%c2%b7e%c2%b7x%c2%b7s-en-temps-dextinction\/\" target=\"_self\" >Pi\u00e8ce pour les vivant\u00b7e\u00b7x\u00b7s en temps d\u2019extinction<\/a><\/h6>\n\n<div class=\"wp-block-post-excerpt\"><p class=\"wp-block-post-excerpt__excerpt\">Texte de Miranda Rose Hall \/ Mise en sc\u00e8ne par Katie Mitchell \/ Th\u00e9\u00e2tre de Vidy \u2013 Lausanne \/ du 25 septembre au 3 octobre 2021 \/ Critiques par Valentine Bovey, Sarah Neu, Fr\u00e9d\u00e9rique Sautin, Micha\u00ebl Rolli, Stella Wohlers, Nathan\u2026 <\/p><\/div>\n\n\n<div style=\"height:1px\" aria-hidden=\"true\" class=\"wp-block-spacer\"><\/div>\n\n<\/li><\/ul><\/div>\n","protected":false},"excerpt":{"rendered":"<p>Les critiques de Hugo Merzeau :<\/p>\n","protected":false},"author":1002282,"featured_media":0,"parent":2716,"menu_order":0,"comment_status":"closed","ping_status":"closed","template":"","meta":{"_seopress_robots_primary_cat":"","_seopress_titles_title":"","_seopress_titles_desc":"","_seopress_robots_index":"","footnotes":""},"class_list":["post-15526","page","type-page","status-publish"],"_links":{"self":[{"href":"https:\/\/wp.unil.ch\/ateliercritique\/wp-json\/wp\/v2\/pages\/15526","targetHints":{"allow":["GET"]}}],"collection":[{"href":"https:\/\/wp.unil.ch\/ateliercritique\/wp-json\/wp\/v2\/pages"}],"about":[{"href":"https:\/\/wp.unil.ch\/ateliercritique\/wp-json\/wp\/v2\/types\/page"}],"author":[{"embeddable":true,"href":"https:\/\/wp.unil.ch\/ateliercritique\/wp-json\/wp\/v2\/users\/1002282"}],"replies":[{"embeddable":true,"href":"https:\/\/wp.unil.ch\/ateliercritique\/wp-json\/wp\/v2\/comments?post=15526"}],"version-history":[{"count":3,"href":"https:\/\/wp.unil.ch\/ateliercritique\/wp-json\/wp\/v2\/pages\/15526\/revisions"}],"predecessor-version":[{"id":22320,"href":"https:\/\/wp.unil.ch\/ateliercritique\/wp-json\/wp\/v2\/pages\/15526\/revisions\/22320"}],"up":[{"embeddable":true,"href":"https:\/\/wp.unil.ch\/ateliercritique\/wp-json\/wp\/v2\/pages\/2716"}],"wp:attachment":[{"href":"https:\/\/wp.unil.ch\/ateliercritique\/wp-json\/wp\/v2\/media?parent=15526"}],"curies":[{"name":"wp","href":"https:\/\/api.w.org\/{rel}","templated":true}]}}