{"id":15523,"date":"2021-10-12T16:14:21","date_gmt":"2021-10-12T14:14:21","guid":{"rendered":"https:\/\/wp.unil.ch\/ateliercritique\/?page_id=15523"},"modified":"2024-12-12T10:27:49","modified_gmt":"2024-12-12T09:27:49","slug":"ariane-mariot","status":"publish","type":"page","link":"https:\/\/wp.unil.ch\/ateliercritique\/lequipe\/ariane-mariot\/","title":{"rendered":"Ariane Mariot"},"content":{"rendered":"\n<h4 class=\"wp-block-heading\">Les critiques de Ariane Mariot :<\/h4>\n\n\n\n<div class=\"wp-block-query is-layout-flow wp-block-query-is-layout-flow\"><ul class=\"wp-block-post-template is-layout-flow wp-block-post-template-is-layout-flow\"><li class=\"wp-block-post post-15880 post type-post status-publish format-standard has-post-thumbnail category-critique category-expired category-spectacle category-spot-sion tag-ariane-mariot\">\n<h6 class=\"liensouligne wp-block-post-title\"><a href=\"https:\/\/wp.unil.ch\/ateliercritique\/2021\/12\/voodoo-sandwich\/\" target=\"_self\" >Voodoo Sandwich<\/a><\/h6>\n\n<div class=\"wp-block-post-excerpt\"><p class=\"wp-block-post-excerpt__excerpt\">Voodoo Sandwich \/ Cr\u00e9ation et mise en sc\u00e8ne d\u2019Augustin Rebetez et Niklas Blomberg \/ Th\u00e9\u00e2tre Spot \u00e0 Sion \/ du 12 au 11 novembre 2021. <\/p><\/div>\n\n\n<div style=\"height:1px\" aria-hidden=\"true\" class=\"wp-block-spacer\"><\/div>\n\n<\/li><li class=\"wp-block-post post-15632 post type-post status-publish format-standard has-post-thumbnail category-critique category-expired category-spectacle category-theatre-am-stram-gram-geneve tag-ariane-mariot\">\n<h6 class=\"liensouligne wp-block-post-title\"><a href=\"https:\/\/wp.unil.ch\/ateliercritique\/2021\/10\/biais-aller-retour\/\" target=\"_self\" >Biais aller-retour<\/a><\/h6>\n\n<div class=\"wp-block-post-excerpt\"><p class=\"wp-block-post-excerpt__excerpt\">Texte et mise en sc\u00e8ne de Steven Matthews\/ Compagnie Don\u2019t Stop Me Now \/ Th\u00e9\u00e2tre Am Stram Gram \/ du 1 au 10 octobre 2021 \/ Critique par Ariane Mariot . <\/p><\/div>\n\n\n<div style=\"height:1px\" aria-hidden=\"true\" class=\"wp-block-spacer\"><\/div>\n\n<\/li><\/ul><\/div>\n","protected":false},"excerpt":{"rendered":"<p>Les critiques de Ariane Mariot :<\/p>\n","protected":false},"author":1002282,"featured_media":0,"parent":2716,"menu_order":0,"comment_status":"closed","ping_status":"closed","template":"","meta":{"_seopress_robots_primary_cat":"","_seopress_titles_title":"","_seopress_titles_desc":"","_seopress_robots_index":"","footnotes":""},"class_list":["post-15523","page","type-page","status-publish"],"_links":{"self":[{"href":"https:\/\/wp.unil.ch\/ateliercritique\/wp-json\/wp\/v2\/pages\/15523","targetHints":{"allow":["GET"]}}],"collection":[{"href":"https:\/\/wp.unil.ch\/ateliercritique\/wp-json\/wp\/v2\/pages"}],"about":[{"href":"https:\/\/wp.unil.ch\/ateliercritique\/wp-json\/wp\/v2\/types\/page"}],"author":[{"embeddable":true,"href":"https:\/\/wp.unil.ch\/ateliercritique\/wp-json\/wp\/v2\/users\/1002282"}],"replies":[{"embeddable":true,"href":"https:\/\/wp.unil.ch\/ateliercritique\/wp-json\/wp\/v2\/comments?post=15523"}],"version-history":[{"count":5,"href":"https:\/\/wp.unil.ch\/ateliercritique\/wp-json\/wp\/v2\/pages\/15523\/revisions"}],"predecessor-version":[{"id":21281,"href":"https:\/\/wp.unil.ch\/ateliercritique\/wp-json\/wp\/v2\/pages\/15523\/revisions\/21281"}],"up":[{"embeddable":true,"href":"https:\/\/wp.unil.ch\/ateliercritique\/wp-json\/wp\/v2\/pages\/2716"}],"wp:attachment":[{"href":"https:\/\/wp.unil.ch\/ateliercritique\/wp-json\/wp\/v2\/media?parent=15523"}],"curies":[{"name":"wp","href":"https:\/\/api.w.org\/{rel}","templated":true}]}}