{"id":15520,"date":"2021-10-12T16:13:31","date_gmt":"2021-10-12T14:13:31","guid":{"rendered":"https:\/\/wp.unil.ch\/ateliercritique\/?page_id=15520"},"modified":"2025-02-06T17:39:32","modified_gmt":"2025-02-06T16:39:32","slug":"nathan-maggetti","status":"publish","type":"page","link":"https:\/\/wp.unil.ch\/ateliercritique\/lequipe\/nathan-maggetti\/","title":{"rendered":"Nathan Maggetti"},"content":{"rendered":"\n<h4 class=\"wp-block-heading\">Les critiques de Nathan Maggetti : <\/h4>\n\n\n\n<div class=\"wp-block-query is-layout-flow wp-block-query-is-layout-flow\"><ul class=\"wp-block-post-template is-layout-flow wp-block-post-template-is-layout-flow\"><li class=\"wp-block-post post-15897 post type-post status-publish format-standard has-post-thumbnail category-critique category-expired category-theatre-de-larsenic category-la-grange category-spectacle tag-celine-bignotti tag-nathan-maggetti\">\n<h6 class=\"liensouligne wp-block-post-title\"><a href=\"https:\/\/wp.unil.ch\/ateliercritique\/2021\/12\/le-balcon-ou-la-maison-dillusions\/\" target=\"_self\" >Le Balcon ou la Maison d\u2019illusions<\/a><\/h6>\n\n<div class=\"wp-block-post-excerpt\"><p class=\"wp-block-post-excerpt__excerpt\">D\u2019apr\u00e8s Jean Genet \/ Mise en sc\u00e8ne par Sandra Gaudin \/ Cie un air de rien \/ La Grange de Dorigny hors les murs \/ du 17 au 23 d\u00e9cembre 2021. <\/p><\/div>\n\n\n<div style=\"height:1px\" aria-hidden=\"true\" class=\"wp-block-spacer\"><\/div>\n\n<\/li><li class=\"wp-block-post post-15837 post type-post status-publish format-standard has-post-thumbnail category-critique category-equilibre-nuithonie category-expired category-spectacle tag-nathan-maggetti tag-noemie-jeannet\">\n<h6 class=\"liensouligne wp-block-post-title\"><a href=\"https:\/\/wp.unil.ch\/ateliercritique\/2021\/12\/je-suis-devenue-ma-verite\/\" target=\"_self\" >Je suis devenue ma v\u00e9rit\u00e9<\/a><\/h6>\n\n<div class=\"wp-block-post-excerpt\"><p class=\"wp-block-post-excerpt__excerpt\">D\u2019apr\u00e8s la pi\u00e8ce Introspection de Peter Handke \/ Mise en sc\u00e8ne par Sarah Eltschinger \/ \u00c9quilibre Nuithonie \/ du 08 au 12 d\u00e9cembre \/ Critiques par Nathan Maggetti et No\u00e9mie Jeannet . <\/p><\/div>\n\n\n<div style=\"height:1px\" aria-hidden=\"true\" class=\"wp-block-spacer\"><\/div>\n\n<\/li><li class=\"wp-block-post post-15816 post type-post status-publish format-standard has-post-thumbnail category-critique category-expired category-spectacle category-theatre-de-vidy tag-nathan-maggetti tag-stella-wohlers\">\n<h6 class=\"liensouligne wp-block-post-title\"><a href=\"https:\/\/wp.unil.ch\/ateliercritique\/2021\/12\/dsimon\/\" target=\"_self\" >dSimon<\/a><\/h6>\n\n<div class=\"wp-block-post-excerpt\"><p class=\"wp-block-post-excerpt__excerpt\">dSimon \/ Conception, mise en sc\u00e8ne et interpr\u00e9tation par Tamara Leites et Simon Senn \/ Th\u00e9\u00e2tre de Vidy \/ du 2 au 12 d\u00e9cembre 2021 \/ Critiques par Stella Wohlers et Nathan Maggetti <\/p><\/div>\n\n\n<div style=\"height:1px\" aria-hidden=\"true\" class=\"wp-block-spacer\"><\/div>\n\n<\/li><li class=\"wp-block-post post-15642 post type-post status-publish format-standard has-post-thumbnail category-critique category-expired category-spectacle category-tpr-la-chaux-de-fonds tag-hugo-merzeau tag-nathan-maggetti\">\n<h6 class=\"liensouligne wp-block-post-title\"><a href=\"https:\/\/wp.unil.ch\/ateliercritique\/2021\/10\/quete\/\" target=\"_self\" >Qu\u00eate<\/a><\/h6>\n\n<div class=\"wp-block-post-excerpt\"><p class=\"wp-block-post-excerpt__excerpt\">Mise en sc\u00e8ne par Juliette Vernerey \/ TPR \u2013 La Chaux-de-Fonds \/ du 21 au 26 octobre 2021 \/ Critiques par Nathan Maggetti et Hugo Merzeau . <\/p><\/div>\n\n\n<div style=\"height:1px\" aria-hidden=\"true\" class=\"wp-block-spacer\"><\/div>\n\n<\/li><li class=\"wp-block-post post-15548 post type-post status-publish format-standard has-post-thumbnail category-critique category-expired category-spectacle category-theatre-de-vidy tag-brian-aubert tag-celine-bignotti tag-elisa-andrade tag-frederique-sautin tag-hugo-merzeau tag-maelle-aeby-2 tag-michael-rolli tag-nathan-maggetti tag-sarah-neu tag-stella-wohlers tag-valentine-bovey\">\n<h6 class=\"liensouligne wp-block-post-title\"><a href=\"https:\/\/wp.unil.ch\/ateliercritique\/2021\/10\/piece-pour-les-vivant%c2%b7e%c2%b7x%c2%b7s-en-temps-dextinction\/\" target=\"_self\" >Pi\u00e8ce pour les vivant\u00b7e\u00b7x\u00b7s en temps d\u2019extinction<\/a><\/h6>\n\n<div class=\"wp-block-post-excerpt\"><p class=\"wp-block-post-excerpt__excerpt\">Texte de Miranda Rose Hall \/ Mise en sc\u00e8ne par Katie Mitchell \/ Th\u00e9\u00e2tre de Vidy \u2013 Lausanne \/ du 25 septembre au 3 octobre 2021 \/ Critiques par Valentine Bovey, Sarah Neu, Fr\u00e9d\u00e9rique Sautin, Micha\u00ebl Rolli, Stella Wohlers, Nathan\u2026 <\/p><\/div>\n\n\n<div style=\"height:1px\" aria-hidden=\"true\" class=\"wp-block-spacer\"><\/div>\n\n<\/li><\/ul><\/div>\n","protected":false},"excerpt":{"rendered":"<p>Les critiques de Nathan Maggetti :<\/p>\n","protected":false},"author":1002282,"featured_media":0,"parent":2716,"menu_order":0,"comment_status":"closed","ping_status":"closed","template":"","meta":{"_seopress_robots_primary_cat":"","_seopress_titles_title":"","_seopress_titles_desc":"","_seopress_robots_index":"","footnotes":""},"class_list":["post-15520","page","type-page","status-publish"],"_links":{"self":[{"href":"https:\/\/wp.unil.ch\/ateliercritique\/wp-json\/wp\/v2\/pages\/15520","targetHints":{"allow":["GET"]}}],"collection":[{"href":"https:\/\/wp.unil.ch\/ateliercritique\/wp-json\/wp\/v2\/pages"}],"about":[{"href":"https:\/\/wp.unil.ch\/ateliercritique\/wp-json\/wp\/v2\/types\/page"}],"author":[{"embeddable":true,"href":"https:\/\/wp.unil.ch\/ateliercritique\/wp-json\/wp\/v2\/users\/1002282"}],"replies":[{"embeddable":true,"href":"https:\/\/wp.unil.ch\/ateliercritique\/wp-json\/wp\/v2\/comments?post=15520"}],"version-history":[{"count":1,"href":"https:\/\/wp.unil.ch\/ateliercritique\/wp-json\/wp\/v2\/pages\/15520\/revisions"}],"predecessor-version":[{"id":22316,"href":"https:\/\/wp.unil.ch\/ateliercritique\/wp-json\/wp\/v2\/pages\/15520\/revisions\/22316"}],"up":[{"embeddable":true,"href":"https:\/\/wp.unil.ch\/ateliercritique\/wp-json\/wp\/v2\/pages\/2716"}],"wp:attachment":[{"href":"https:\/\/wp.unil.ch\/ateliercritique\/wp-json\/wp\/v2\/media?parent=15520"}],"curies":[{"name":"wp","href":"https:\/\/api.w.org\/{rel}","templated":true}]}}