{"id":15507,"date":"2021-10-12T16:04:26","date_gmt":"2021-10-12T14:04:26","guid":{"rendered":"https:\/\/wp.unil.ch\/ateliercritique\/?page_id=15507"},"modified":"2025-02-06T16:35:00","modified_gmt":"2025-02-06T15:35:00","slug":"elisa-andrade","status":"publish","type":"page","link":"https:\/\/wp.unil.ch\/ateliercritique\/lequipe\/elisa-andrade\/","title":{"rendered":"Elisa Andrade"},"content":{"rendered":"\n<h4 class=\"wp-block-heading\">Les critiques de Elisa Andrade : <\/h4>\n\n\n\n<div class=\"wp-block-query is-layout-flow wp-block-query-is-layout-flow\"><ul class=\"wp-block-post-template is-layout-flow wp-block-post-template-is-layout-flow\"><li class=\"wp-block-post post-15728 post type-post status-publish format-standard has-post-thumbnail category-critique category-expired category-spectacle category-theatre-de-vidy tag-elisa-andrade tag-sarah-neu\">\n<h6 class=\"liensouligne wp-block-post-title\"><a href=\"https:\/\/wp.unil.ch\/ateliercritique\/2021\/11\/la-visite-de-la-vieille-dame-2\/\" target=\"_self\" >La Visite de la vieille dame<\/a><\/h6>\n\n<div class=\"wp-block-post-excerpt\"><p class=\"wp-block-post-excerpt__excerpt\">D\u2019apr\u00e8s Friedrich D\u00fcrrenmatt \/ Mise en sc\u00e8ne par Nicolas Stemann \/ Th\u00e9\u00e2tre de Vidy \/ du 16 au 18 novembre \/ Critiques par Sarah Neu et Elisa Andrade . <\/p><\/div>\n\n\n<div style=\"height:1px\" aria-hidden=\"true\" class=\"wp-block-spacer\"><\/div>\n\n<\/li><li class=\"wp-block-post post-15676 post type-post status-publish format-standard has-post-thumbnail category-critique category-expired category-spectacle category-tkm-theatre-kleber-meleau tag-elisa-andrade tag-stella-wohlers\">\n<h6 class=\"liensouligne wp-block-post-title\"><a href=\"https:\/\/wp.unil.ch\/ateliercritique\/2021\/11\/les-trois-soeurs-2\/\" target=\"_self\" >Les Trois S\u0153urs<\/a><\/h6>\n\n<div class=\"wp-block-post-excerpt\"><p class=\"wp-block-post-excerpt__excerpt\">Les Trois S\u0153urs \/ d\u2019apr\u00e8s Anton Tchekhov \/ Mise en sc\u00e8ne de Gianni Schneider \/ TKM Th\u00e9\u00e2tre Kl\u00e9ber- M\u00e9leau \/ du 2 au 21 novembre \/ Critiques par Elisa Andrade et Stella Wohlers. <\/p><\/div>\n\n\n<div style=\"height:1px\" aria-hidden=\"true\" class=\"wp-block-spacer\"><\/div>\n\n<\/li><li class=\"wp-block-post post-15548 post type-post status-publish format-standard has-post-thumbnail category-critique category-expired category-spectacle category-theatre-de-vidy tag-brian-aubert tag-celine-bignotti tag-elisa-andrade tag-frederique-sautin tag-hugo-merzeau tag-maelle-aeby-2 tag-michael-rolli tag-nathan-maggetti tag-sarah-neu tag-stella-wohlers tag-valentine-bovey\">\n<h6 class=\"liensouligne wp-block-post-title\"><a href=\"https:\/\/wp.unil.ch\/ateliercritique\/2021\/10\/piece-pour-les-vivant%c2%b7e%c2%b7x%c2%b7s-en-temps-dextinction\/\" target=\"_self\" >Pi\u00e8ce pour les vivant\u00b7e\u00b7x\u00b7s en temps d\u2019extinction<\/a><\/h6>\n\n<div class=\"wp-block-post-excerpt\"><p class=\"wp-block-post-excerpt__excerpt\">Texte de Miranda Rose Hall \/ Mise en sc\u00e8ne par Katie Mitchell \/ Th\u00e9\u00e2tre de Vidy \u2013 Lausanne \/ du 25 septembre au 3 octobre 2021 \/ Critiques par Valentine Bovey, Sarah Neu, Fr\u00e9d\u00e9rique Sautin, Micha\u00ebl Rolli, Stella Wohlers, Nathan\u2026 <\/p><\/div>\n\n\n<div style=\"height:1px\" aria-hidden=\"true\" class=\"wp-block-spacer\"><\/div>\n\n<\/li><\/ul><\/div>\n","protected":false},"excerpt":{"rendered":"<p>Les critiques de Elisa Andrade :<\/p>\n","protected":false},"author":1002282,"featured_media":0,"parent":2716,"menu_order":0,"comment_status":"closed","ping_status":"closed","template":"","meta":{"_seopress_robots_primary_cat":"","_seopress_titles_title":"","_seopress_titles_desc":"","_seopress_robots_index":"","footnotes":""},"class_list":["post-15507","page","type-page","status-publish"],"_links":{"self":[{"href":"https:\/\/wp.unil.ch\/ateliercritique\/wp-json\/wp\/v2\/pages\/15507","targetHints":{"allow":["GET"]}}],"collection":[{"href":"https:\/\/wp.unil.ch\/ateliercritique\/wp-json\/wp\/v2\/pages"}],"about":[{"href":"https:\/\/wp.unil.ch\/ateliercritique\/wp-json\/wp\/v2\/types\/page"}],"author":[{"embeddable":true,"href":"https:\/\/wp.unil.ch\/ateliercritique\/wp-json\/wp\/v2\/users\/1002282"}],"replies":[{"embeddable":true,"href":"https:\/\/wp.unil.ch\/ateliercritique\/wp-json\/wp\/v2\/comments?post=15507"}],"version-history":[{"count":3,"href":"https:\/\/wp.unil.ch\/ateliercritique\/wp-json\/wp\/v2\/pages\/15507\/revisions"}],"predecessor-version":[{"id":22233,"href":"https:\/\/wp.unil.ch\/ateliercritique\/wp-json\/wp\/v2\/pages\/15507\/revisions\/22233"}],"up":[{"embeddable":true,"href":"https:\/\/wp.unil.ch\/ateliercritique\/wp-json\/wp\/v2\/pages\/2716"}],"wp:attachment":[{"href":"https:\/\/wp.unil.ch\/ateliercritique\/wp-json\/wp\/v2\/media?parent=15507"}],"curies":[{"name":"wp","href":"https:\/\/api.w.org\/{rel}","templated":true}]}}