{"id":15478,"date":"2021-09-16T11:33:08","date_gmt":"2021-09-16T09:33:08","guid":{"rendered":"https:\/\/wp.unil.ch\/ateliercritique\/?page_id=15478"},"modified":"2026-02-12T15:49:28","modified_gmt":"2026-02-12T14:49:28","slug":"le-pommier-neuchatel","status":"publish","type":"page","link":"https:\/\/wp.unil.ch\/ateliercritique\/theatres-partenaires\/le-pommier-neuchatel\/","title":{"rendered":"Le Pommier (Neuch\u00e2tel)"},"content":{"rendered":"\n<figure class=\"wp-block-image size-full is-resized\"><a href=\"https:\/\/lepommier.ch\/\"><img alt=\"\" loading=\"lazy\" decoding=\"async\" width=\"297\" height=\"170\" src=\"https:\/\/wp.unil.ch\/ateliercritique\/files\/2021\/09\/logo_pommier_Neuchatel.png\" alt=\"\" class=\"wp-image-15479\" style=\"width:223px;height:128px\" srcset=\"https:\/\/wp.unil.ch\/ateliercritique\/files\/2021\/09\/logo_pommier_Neuchatel.png 297w, https:\/\/wp.unil.ch\/ateliercritique\/files\/2021\/09\/logo_pommier_Neuchatel-250x143.png 250w\" sizes=\"auto, (max-width: 297px) 100vw, 297px\" \/><\/a><\/figure>\n\n\n\n<h4 class=\"wp-block-heading\">Critiques par spectacles jou\u00e9s dans ce th\u00e9\u00e2tre :<\/h4>\n\n\n\n<div class=\"wp-block-query is-layout-flow wp-block-query-is-layout-flow\"><ul class=\"wp-block-post-template is-layout-flow wp-block-post-template-is-layout-flow\"><li class=\"wp-block-post post-23486 post type-post status-publish format-standard has-post-thumbnail category-critique category-expired category-le-pommier category-spectacle category-tpr-la-chaux-de-fonds tag-felix-blandin\">\n<h6 class=\"liensouligne wp-block-post-title\"><a href=\"https:\/\/wp.unil.ch\/ateliercritique\/2026\/04\/grand-conseil\/\" target=\"_self\" >Grand Conseil<\/a><\/h6>\n\n<div class=\"wp-block-post-excerpt\"><p class=\"wp-block-post-excerpt__excerpt\">Conception et mise en sc\u00e8ne par Laurence Ma\u00eetre \/ Le Pommier \/ TPR hors les murs au Ch\u00e2teau de Neuch\u00e2tel \/ Du 17 au 28 mars 2026 \/ Critique par F\u00e9lix Blandin . <\/p><\/div>\n\n\n<div style=\"height:1px\" aria-hidden=\"true\" class=\"wp-block-spacer\"><\/div>\n\n<\/li><li class=\"wp-block-post post-23354 post type-post status-publish format-standard has-post-thumbnail category-critique category-expired category-le-pommier category-spectacle tag-laurie-boissenin tag-maud-seem\">\n<h6 class=\"liensouligne wp-block-post-title\"><a href=\"https:\/\/wp.unil.ch\/ateliercritique\/2025\/12\/poil-de-carotte-poil-de-carotte\/\" target=\"_self\" >Poil de Carotte, Poil de Carotte<\/a><\/h6>\n\n<div class=\"wp-block-post-excerpt\"><p class=\"wp-block-post-excerpt__excerpt\">D&rsquo;apr\u00e8s Jules Renard \/ Mise en sc\u00e8ne par Flavien Bellec et Etienne Blanc \/ Th\u00e9\u00e2tre Le Pommier (Neuch\u00e2tel) \/ Du 26 au 27 novembre 2025 \/ Critiques par Laurie Boissenin et Maud Seem. <\/p><\/div>\n\n\n<div style=\"height:1px\" aria-hidden=\"true\" class=\"wp-block-spacer\"><\/div>\n\n<\/li><li class=\"wp-block-post post-19989 post type-post status-publish format-standard has-post-thumbnail category-adn-association-danse-neuchatel category-critique category-expired category-le-pommier category-spectacle tag-odile-jaques\">\n<h6 class=\"liensouligne wp-block-post-title\"><a href=\"https:\/\/wp.unil.ch\/ateliercritique\/2024\/11\/wannabe\/\" target=\"_self\" >Wannabe<\/a><\/h6>\n\n<div class=\"wp-block-post-excerpt\"><p class=\"wp-block-post-excerpt__excerpt\">Performance par Kiyan Khoshoie \/ Th\u00e9\u00e2tre Le Pommier (Neuch\u00e2tel) et l&rsquo;ADN &#8211; Association Danse Neuch\u00e2tel \/ Du 14 au 15 novembre 2024 \/ Critique par Odile Jaques . <\/p><\/div>\n\n\n<div style=\"height:1px\" aria-hidden=\"true\" class=\"wp-block-spacer\"><\/div>\n\n<\/li><li class=\"wp-block-post post-17659 post type-post status-publish format-standard has-post-thumbnail category-critique category-expired category-le-pommier category-spectacle tag-noelie-jeannerat\">\n<h6 class=\"liensouligne wp-block-post-title\"><a href=\"https:\/\/wp.unil.ch\/ateliercritique\/2024\/03\/la-promenade\/\" target=\"_self\" >La Promenade<\/a><\/h6>\n\n<div class=\"wp-block-post-excerpt\"><p class=\"wp-block-post-excerpt__excerpt\">Conception et jeu\u00a0Alain Borek et Odile Cantero \/ Musique de Albert Chinet \/ Le Pommier (Neuch\u00e2tel) \/ le 7 mars 2024 \/ Critique par No\u00eblie Jeannerat . <\/p><\/div>\n\n\n<div style=\"height:1px\" aria-hidden=\"true\" class=\"wp-block-spacer\"><\/div>\n\n<\/li><li class=\"wp-block-post post-16274 post type-post status-publish format-standard has-post-thumbnail category-critique category-expired category-le-pommier category-spectacle tag-isabelle-fasnacht tag-noemie-jeannet\">\n<h6 class=\"liensouligne wp-block-post-title\"><a href=\"https:\/\/wp.unil.ch\/ateliercritique\/2022\/05\/munich-athenes\/\" target=\"_self\" >Munich-Ath\u00e8nes<\/a><\/h6>\n\n<div class=\"wp-block-post-excerpt\"><p class=\"wp-block-post-excerpt__excerpt\">D\u2019apr\u00e8s Lars Nor\u00e9n \/ Mise en sc\u00e8ne de Nastassja Tanner et Gr\u00e9goire Strecker, Cie NT \/ Le Pommier, Neuch\u00e2tel \/ du 27 au 30\u00a0avril 2022 \/ Critiques par Isabelle Fasnacht et No\u00e9mie Jeannet . <\/p><\/div>\n\n\n<div style=\"height:1px\" aria-hidden=\"true\" class=\"wp-block-spacer\"><\/div>\n\n<\/li><li class=\"wp-block-post post-15768 post type-post status-publish format-standard has-post-thumbnail category-critique category-expired category-le-pommier category-spectacle tag-hugo-merzeau tag-maelle-aeby-2\">\n<h6 class=\"liensouligne wp-block-post-title\"><a href=\"https:\/\/wp.unil.ch\/ateliercritique\/2021\/11\/versant-rupal\/\" target=\"_self\" >Versant Rupal<\/a><\/h6>\n\n<div class=\"wp-block-post-excerpt\"><p class=\"wp-block-post-excerpt__excerpt\">Mise en sc\u00e8ne par Olivier Werner \/ Le Pommier \u2013 Neuch\u00e2tel \/ du 16 au 18 novembre 2021 \/ Critiques par Hugo Merzeau et Ma\u00eblle Aeby . <\/p><\/div>\n\n\n<div style=\"height:1px\" aria-hidden=\"true\" class=\"wp-block-spacer\"><\/div>\n\n<\/li><li class=\"wp-block-post post-15619 post type-post status-publish format-standard has-post-thumbnail category-critique category-expired category-le-pommier category-spectacle tag-hugo-merzeau tag-noemie-jeannet\">\n<h6 class=\"liensouligne wp-block-post-title\"><a href=\"https:\/\/wp.unil.ch\/ateliercritique\/2021\/10\/nous-traversons-une-legere-perturbation\/\" target=\"_self\" >Nous traversons une l\u00e9g\u00e8re perturbation<\/a><\/h6>\n\n<div class=\"wp-block-post-excerpt\"><p class=\"wp-block-post-excerpt__excerpt\">Mise en sc\u00e8ne par Loredana von Allmen \/ Th\u00e9\u00e2tre du Pommier \u2013 Neuch\u00e2tel \/ du 22 au 24 octobre 2021 \/ Critiques par Hugo Merzeau et No\u00e9mie Jeanneret .&nbsp;Plus d\u2019infos. &hellip; <\/p><\/div>\n\n\n<div style=\"height:1px\" aria-hidden=\"true\" class=\"wp-block-spacer\"><\/div>\n\n<\/li><\/ul><\/div>\n","protected":false},"excerpt":{"rendered":"<p>Critiques par spectacles jou\u00e9s dans ce th\u00e9\u00e2tre :<\/p>\n","protected":false},"author":1002282,"featured_media":0,"parent":2713,"menu_order":0,"comment_status":"closed","ping_status":"closed","template":"","meta":{"_seopress_robots_primary_cat":"","_seopress_titles_title":"","_seopress_titles_desc":"","_seopress_robots_index":"","footnotes":""},"class_list":["post-15478","page","type-page","status-publish"],"_links":{"self":[{"href":"https:\/\/wp.unil.ch\/ateliercritique\/wp-json\/wp\/v2\/pages\/15478","targetHints":{"allow":["GET"]}}],"collection":[{"href":"https:\/\/wp.unil.ch\/ateliercritique\/wp-json\/wp\/v2\/pages"}],"about":[{"href":"https:\/\/wp.unil.ch\/ateliercritique\/wp-json\/wp\/v2\/types\/page"}],"author":[{"embeddable":true,"href":"https:\/\/wp.unil.ch\/ateliercritique\/wp-json\/wp\/v2\/users\/1002282"}],"replies":[{"embeddable":true,"href":"https:\/\/wp.unil.ch\/ateliercritique\/wp-json\/wp\/v2\/comments?post=15478"}],"version-history":[{"count":3,"href":"https:\/\/wp.unil.ch\/ateliercritique\/wp-json\/wp\/v2\/pages\/15478\/revisions"}],"predecessor-version":[{"id":22834,"href":"https:\/\/wp.unil.ch\/ateliercritique\/wp-json\/wp\/v2\/pages\/15478\/revisions\/22834"}],"up":[{"embeddable":true,"href":"https:\/\/wp.unil.ch\/ateliercritique\/wp-json\/wp\/v2\/pages\/2713"}],"wp:attachment":[{"href":"https:\/\/wp.unil.ch\/ateliercritique\/wp-json\/wp\/v2\/media?parent=15478"}],"curies":[{"name":"wp","href":"https:\/\/api.w.org\/{rel}","templated":true}]}}