{"id":14989,"date":"2021-03-15T20:37:46","date_gmt":"2021-03-15T19:37:46","guid":{"rendered":"https:\/\/wp.unil.ch\/ateliercritique\/?page_id=14989"},"modified":"2025-02-07T09:31:46","modified_gmt":"2025-02-07T08:31:46","slug":"michael-rolli","status":"publish","type":"page","link":"https:\/\/wp.unil.ch\/ateliercritique\/lequipe\/michael-rolli\/","title":{"rendered":"Micha\u00ebl Rolli"},"content":{"rendered":"<h4>Les critiques de Micha\u00ebl Rolli :<\/h4>\n\n\n<div class=\"wp-block-query is-layout-flow wp-block-query-is-layout-flow\"><ul class=\"wp-block-post-template is-layout-flow wp-block-post-template-is-layout-flow\"><li class=\"wp-block-post post-15548 post type-post status-publish format-standard has-post-thumbnail category-critique category-expired category-spectacle category-theatre-de-vidy tag-brian-aubert tag-celine-bignotti tag-elisa-andrade tag-frederique-sautin tag-hugo-merzeau tag-maelle-aeby-2 tag-michael-rolli tag-nathan-maggetti tag-sarah-neu tag-stella-wohlers tag-valentine-bovey\">\n<h6 class=\"liensouligne wp-block-post-title\"><a href=\"https:\/\/wp.unil.ch\/ateliercritique\/2021\/10\/piece-pour-les-vivant%c2%b7e%c2%b7x%c2%b7s-en-temps-dextinction\/\" target=\"_self\" >Pi\u00e8ce pour les vivant\u00b7e\u00b7x\u00b7s en temps d\u2019extinction<\/a><\/h6>\n\n<div class=\"wp-block-post-excerpt\"><p class=\"wp-block-post-excerpt__excerpt\">Texte de Miranda Rose Hall \/ Mise en sc\u00e8ne par Katie Mitchell \/ Th\u00e9\u00e2tre de Vidy \u2013 Lausanne \/ du 25 septembre au 3 octobre 2021 \/ Critiques par Valentine Bovey, Sarah Neu, Fr\u00e9d\u00e9rique Sautin, Micha\u00ebl Rolli, Stella Wohlers, Nathan\u2026 <\/p><\/div>\n\n\n<div style=\"height:1px\" aria-hidden=\"true\" class=\"wp-block-spacer\"><\/div>\n\n<\/li><li class=\"wp-block-post post-15333 post type-post status-publish format-standard has-post-thumbnail category-creation-libre category-critique category-expired category-spectacle tag-michael-rolli\">\n<h6 class=\"liensouligne wp-block-post-title\"><a href=\"https:\/\/wp.unil.ch\/ateliercritique\/2021\/06\/pelleas-et-melisande\/\" target=\"_self\" >Pell\u00e9as et M\u00e9lisande<\/a><\/h6>\n\n<div class=\"wp-block-post-excerpt\"><p class=\"wp-block-post-excerpt__excerpt\">Compos\u00e9 par Claude Debussy \/ sur un livret de Maurice Maeterlinck \/ enregistr\u00e9 au Grand Th\u00e9\u00e2tre de Gen\u00e8ve le 19 Janvier 2021 \/ Mise en sc\u00e8ne et chor\u00e9graphie de Damien Jalet et Sidi Larbi Cherkaoui \/ Sc\u00e9nographie et concept de\u2026 <\/p><\/div>\n\n\n<div style=\"height:1px\" aria-hidden=\"true\" class=\"wp-block-spacer\"><\/div>\n\n<\/li><li class=\"wp-block-post post-15184 post type-post status-publish format-standard has-post-thumbnail category-critique category-expired category-le-poche category-spectacle category-theatre-de-vidy tag-michael-rolli\">\n<h6 class=\"liensouligne wp-block-post-title\"><a href=\"https:\/\/wp.unil.ch\/ateliercritique\/2021\/05\/villa-dolorosa\/\" target=\"_self\" >Villa Dolorosa<\/a><\/h6>\n\n<div class=\"wp-block-post-excerpt\"><p class=\"wp-block-post-excerpt__excerpt\">Texte de Rebekka Kricheldorf \/ Mise en sc\u00e8ne de Guillaume B\u00e9guin \/ Sc\u00e9nographie de Sylvie Kleiber \/ Captation au Poche\/GVE en octobre 2015, repris au Th\u00e9\u00e2tre Vidy du 9 au 18 f\u00e9vrier 2016 \/ Critique par Micha\u00ebl Rolli . <\/p><\/div>\n\n\n<div style=\"height:1px\" aria-hidden=\"true\" class=\"wp-block-spacer\"><\/div>\n\n<\/li><li class=\"wp-block-post post-15081 post type-post status-publish format-standard has-post-thumbnail category-critique category-expired category-theatre-comedie category-spectacle tag-michael-rolli\">\n<h6 class=\"liensouligne wp-block-post-title\"><a href=\"https:\/\/wp.unil.ch\/ateliercritique\/2021\/04\/les-trois-soeurs\/\" target=\"_self\" >Les Trois s\u0153urs<\/a><\/h6>\n\n<div class=\"wp-block-post-excerpt\"><p class=\"wp-block-post-excerpt__excerpt\">Texte d\u2019Anton Tchekhov \/ Mise en sc\u00e8ne de Timofe\u00ef Kouliabine \/ Com\u00e9die de Gen\u00e8ve \/ Janvier 2019 \/ Critique par Micha\u00ebl Rolli . <\/p><\/div>\n\n\n<div style=\"height:1px\" aria-hidden=\"true\" class=\"wp-block-spacer\"><\/div>\n\n<\/li><li class=\"wp-block-post post-15069 post type-post status-publish format-standard has-post-thumbnail category-critique category-expired category-la-grange category-spectacle tag-cloe-bensai tag-darya-feral tag-frederique-sautin tag-johanna-codourey tag-maelle-aeby-2 tag-michael-rolli tag-sarah-neu tag-valentine-bovey\">\n<h6 class=\"liensouligne wp-block-post-title\"><a href=\"https:\/\/wp.unil.ch\/ateliercritique\/2021\/04\/danse-delhi\/\" target=\"_self\" >Danse \u00ab Delhi \u00bb<\/a><\/h6>\n\n<div class=\"wp-block-post-excerpt\"><p class=\"wp-block-post-excerpt__excerpt\">Texte d\u2019Ivan Viripaev \/ Mise en sc\u00e8ne par C\u00e9dric Dorier (Les C\u00e9l\u00e9brants) \/ Initialement programm\u00e9 \u00e0 La Grange de Dorigny en avril 2021 \/ Captation vid\u00e9o du 28 octobre 2020 au Th\u00e9\u00e2tre Oriental-Vevey \/ Critique par Sarah Neu, Micha\u00ebl Rolli,\u2026 <\/p><\/div>\n\n\n<div style=\"height:1px\" aria-hidden=\"true\" class=\"wp-block-spacer\"><\/div>\n\n<\/li><li class=\"wp-block-post post-15024 post type-post status-publish format-standard has-post-thumbnail category-critique category-expired category-spectacle tag-michael-rolli\">\n<h6 class=\"liensouligne wp-block-post-title\"><a href=\"https:\/\/wp.unil.ch\/ateliercritique\/2021\/03\/la-clemenza-di-tito\/\" target=\"_self\" >La Clemenza di Tito<\/a><\/h6>\n\n<div class=\"wp-block-post-excerpt\"><p class=\"wp-block-post-excerpt__excerpt\">Compos\u00e9 par Wolfgang A. Mozart \/ Grand Th\u00e9\u00e2tre de Gen\u00e8ve \/ Mis en sc\u00e8ne par Milo Rau \/ Sc\u00e9nographie de Anton Lukas \/ Costumes d\u2019Ottavia Castellotti \/ Lumi\u00e8res de J\u00fcrgen Kolb \/ Dramaturgie de Clara Pons \/ Direction des ch\u0153urs\u2026 <\/p><\/div>\n\n\n<div style=\"height:1px\" aria-hidden=\"true\" class=\"wp-block-spacer\"><\/div>\n\n<\/li><li class=\"wp-block-post post-14983 post type-post status-publish format-standard has-post-thumbnail category-critique category-expired category-spectacle tag-johanna-codourey tag-michael-rolli\">\n<h6 class=\"liensouligne wp-block-post-title\"><a href=\"https:\/\/wp.unil.ch\/ateliercritique\/2021\/03\/notre-cabane\/\" target=\"_self\" >Notre cabane<\/a><\/h6>\n\n<div class=\"wp-block-post-excerpt\"><p class=\"wp-block-post-excerpt__excerpt\">\u00c9criture et mise en sc\u00e8ne par Maria Da Silva \/ Sc\u00e9nographie par Fanny Courvoisier, lumi\u00e8res par Vicky Althaus et costumes par Maria Muscalu \/ du 5 au 7 mars 2021 \/ Th\u00e9\u00e2tre de L\u2019\u00c9tincelle \u2013 Gen\u00e8ve \/ Critique par Johanna\u2026 <\/p><\/div>\n\n\n<div style=\"height:1px\" aria-hidden=\"true\" class=\"wp-block-spacer\"><\/div>\n\n<\/li><li class=\"wp-block-post post-14602 post type-post status-publish format-standard has-post-thumbnail category-critique category-expired category-spectacle tag-avi-cagin tag-judith-marchal tag-michael-rolli\">\n<h6 class=\"liensouligne wp-block-post-title\"><a href=\"https:\/\/wp.unil.ch\/ateliercritique\/2020\/05\/a-lheure-du-confinement\/\" target=\"_self\" >\u00c0 l\u2019heure du confinement&#8230;<\/a><\/h6>\n\n<div class=\"wp-block-post-excerpt\"><p class=\"wp-block-post-excerpt__excerpt\">Dans le contexte de fermeture des th\u00e9\u00e2tres, entre mars et juin 2020, les \u00e9tudiant\u00b7e\u00b7s de l\u2019Atelier critique et de La Manufacture ont \u00e9t\u00e9 invit\u00e9s \u00e0 travailler sur des captations de spectacles cr\u00e9\u00e9s ou jou\u00e9s en Suisse romande. C\u2019est l\u2019occasion pour\u2026 <\/p><\/div>\n\n\n<div style=\"height:1px\" aria-hidden=\"true\" class=\"wp-block-spacer\"><\/div>\n\n<\/li><\/ul><\/div>\n","protected":false},"excerpt":{"rendered":"<p>Les critiques de Micha\u00ebl Rolli :<\/p>\n","protected":false},"author":1001835,"featured_media":0,"parent":2716,"menu_order":0,"comment_status":"closed","ping_status":"closed","template":"","meta":{"_seopress_robots_primary_cat":"","_seopress_titles_title":"","_seopress_titles_desc":"","_seopress_robots_index":"","footnotes":""},"class_list":["post-14989","page","type-page","status-publish"],"_links":{"self":[{"href":"https:\/\/wp.unil.ch\/ateliercritique\/wp-json\/wp\/v2\/pages\/14989","targetHints":{"allow":["GET"]}}],"collection":[{"href":"https:\/\/wp.unil.ch\/ateliercritique\/wp-json\/wp\/v2\/pages"}],"about":[{"href":"https:\/\/wp.unil.ch\/ateliercritique\/wp-json\/wp\/v2\/types\/page"}],"author":[{"embeddable":true,"href":"https:\/\/wp.unil.ch\/ateliercritique\/wp-json\/wp\/v2\/users\/1001835"}],"replies":[{"embeddable":true,"href":"https:\/\/wp.unil.ch\/ateliercritique\/wp-json\/wp\/v2\/comments?post=14989"}],"version-history":[{"count":1,"href":"https:\/\/wp.unil.ch\/ateliercritique\/wp-json\/wp\/v2\/pages\/14989\/revisions"}],"predecessor-version":[{"id":22343,"href":"https:\/\/wp.unil.ch\/ateliercritique\/wp-json\/wp\/v2\/pages\/14989\/revisions\/22343"}],"up":[{"embeddable":true,"href":"https:\/\/wp.unil.ch\/ateliercritique\/wp-json\/wp\/v2\/pages\/2716"}],"wp:attachment":[{"href":"https:\/\/wp.unil.ch\/ateliercritique\/wp-json\/wp\/v2\/media?parent=14989"}],"curies":[{"name":"wp","href":"https:\/\/api.w.org\/{rel}","templated":true}]}}