{"id":14689,"date":"2020-09-26T21:32:18","date_gmt":"2020-09-26T19:32:18","guid":{"rendered":"https:\/\/wp.unil.ch\/ateliercritique\/?page_id=14689"},"modified":"2025-02-06T16:39:25","modified_gmt":"2025-02-06T15:39:25","slug":"cloe-bensai","status":"publish","type":"page","link":"https:\/\/wp.unil.ch\/ateliercritique\/lequipe\/cloe-bensai\/","title":{"rendered":"Clo\u00e9 Bensa\u00ef"},"content":{"rendered":"<h4>Les critiques de Clo\u00e9 Bensa\u00ef :<\/h4>\n\n\n<div class=\"wp-block-query is-layout-flow wp-block-query-is-layout-flow\"><ul class=\"wp-block-post-template is-layout-flow wp-block-post-template-is-layout-flow\"><li class=\"wp-block-post post-15069 post type-post status-publish format-standard has-post-thumbnail category-critique category-expired category-la-grange category-spectacle tag-cloe-bensai tag-darya-feral tag-frederique-sautin tag-johanna-codourey tag-maelle-aeby-2 tag-michael-rolli tag-sarah-neu tag-valentine-bovey\">\n<h6 class=\"liensouligne wp-block-post-title\"><a href=\"https:\/\/wp.unil.ch\/ateliercritique\/2021\/04\/danse-delhi\/\" target=\"_self\" >Danse \u00ab Delhi \u00bb<\/a><\/h6>\n\n<div class=\"wp-block-post-excerpt\"><p class=\"wp-block-post-excerpt__excerpt\">Texte d\u2019Ivan Viripaev \/ Mise en sc\u00e8ne par C\u00e9dric Dorier (Les C\u00e9l\u00e9brants) \/ Initialement programm\u00e9 \u00e0 La Grange de Dorigny en avril 2021 \/ Captation vid\u00e9o du 28 octobre 2020 au Th\u00e9\u00e2tre Oriental-Vevey \/ Critique par Sarah Neu, Micha\u00ebl Rolli,\u2026 <\/p><\/div>\n\n\n<div style=\"height:1px\" aria-hidden=\"true\" class=\"wp-block-spacer\"><\/div>\n\n<\/li><li class=\"wp-block-post post-14918 post type-post status-publish format-standard has-post-thumbnail category-entretien tag-cloe-bensai\">\n<h6 class=\"liensouligne wp-block-post-title\"><a href=\"https:\/\/wp.unil.ch\/ateliercritique\/2021\/01\/entretien-avec-le-collectif-sur-un-malentendu\/\" target=\"_self\" >Entretien avec le Collectif sur un Malentendu<\/a><\/h6>\n\n<div class=\"wp-block-post-excerpt\"><p class=\"wp-block-post-excerpt__excerpt\">Par Clo\u00e9 Bensai. <\/p><\/div>\n\n\n<div style=\"height:1px\" aria-hidden=\"true\" class=\"wp-block-spacer\"><\/div>\n\n<\/li><li class=\"wp-block-post post-14914 post type-post status-publish format-standard has-post-thumbnail category-critique category-expired category-spectacle tag-cloe-bensai\">\n<h6 class=\"liensouligne wp-block-post-title\"><a href=\"https:\/\/wp.unil.ch\/ateliercritique\/2021\/01\/g-i-f-l-e-une-claque-de-bienveillance\/\" target=\"_self\" >G.I.F.L.E.: une claque de bienveillance<\/a><\/h6>\n\n<div class=\"wp-block-post-excerpt\"><p class=\"wp-block-post-excerpt__excerpt\">Du Collectif sur un Malentendu \/ Compte-rendu par Clo\u00e9 Bensai . <\/p><\/div>\n\n\n<div style=\"height:1px\" aria-hidden=\"true\" class=\"wp-block-spacer\"><\/div>\n\n<\/li><li class=\"wp-block-post post-14902 post type-post status-publish format-standard has-post-thumbnail category-entretien tag-cloe-bensai\">\n<h6 class=\"liensouligne wp-block-post-title\"><a href=\"https:\/\/wp.unil.ch\/ateliercritique\/2021\/01\/entretien-avec-camille-rebetez\/\" target=\"_self\" >Entretien avec Camille Rebetez<\/a><\/h6>\n\n<div class=\"wp-block-post-excerpt\"><p class=\"wp-block-post-excerpt__excerpt\">Par Clo\u00e9 Bensa\u00ef. <\/p><\/div>\n\n\n<div style=\"height:1px\" aria-hidden=\"true\" class=\"wp-block-spacer\"><\/div>\n\n<\/li><li class=\"wp-block-post post-14899 post type-post status-publish format-standard has-post-thumbnail category-critique category-expired category-spectacle tag-cloe-bensai\">\n<h6 class=\"liensouligne wp-block-post-title\"><a href=\"https:\/\/wp.unil.ch\/ateliercritique\/2021\/01\/quand-la-democratie-nous-pose-un-lapin\/\" target=\"_self\" >Quand la d\u00e9mocratie nous pose un lapin\u00a0<\/a><\/h6>\n\n<div class=\"wp-block-post-excerpt\"><p class=\"wp-block-post-excerpt__excerpt\">Pi\u00e8ce de Camille Rebetez \/ Compte-rendu par Clo\u00e9 Bensai . <\/p><\/div>\n\n\n<div style=\"height:1px\" aria-hidden=\"true\" class=\"wp-block-spacer\"><\/div>\n\n<\/li><li class=\"wp-block-post post-14818 post type-post status-publish format-standard has-post-thumbnail category-critique category-expired category-spectacle category-theatre-des-marionnettes tag-alicia-carron tag-amilou-parsons tag-charlyne-genoud tag-cloe-bensai tag-darya-feral tag-katharine-simblet tag-sarah-neu tag-simon-henein tag-stella-wohlers tag-valentine-bovey\">\n<h6 class=\"liensouligne wp-block-post-title\"><a href=\"https:\/\/wp.unil.ch\/ateliercritique\/2020\/11\/le-malade-imaginaire\/\" target=\"_self\" >Le Malade Imaginaire<\/a><\/h6>\n\n<div class=\"wp-block-post-excerpt\"><p class=\"wp-block-post-excerpt__excerpt\">De Moli\u00e8re \/ Mise en sc\u00e8ne par Cyril Kaiser (compagnie Le Saule Rieur) \/ Th\u00e9\u00e2tre des marionnettes de Gen\u00e8ve \/ Spectacle programm\u00e9 en novembre 2020 annul\u00e9 apr\u00e8s une repr\u00e9sentation en raison des conditions sanitaires \/ Captation vid\u00e9o r\u00e9alis\u00e9e au Th\u00e9\u00e2tre\u2026 <\/p><\/div>\n\n\n<div style=\"height:1px\" aria-hidden=\"true\" class=\"wp-block-spacer\"><\/div>\n\n<\/li><li class=\"wp-block-post post-14805 post type-post status-publish format-standard has-post-thumbnail category-critique category-expired category-spectacle category-theatre-de-vidy tag-cloe-bensai\">\n<h6 class=\"liensouligne wp-block-post-title\"><a href=\"https:\/\/wp.unil.ch\/ateliercritique\/2020\/11\/societe-en-chantier\/\" target=\"_self\" >Soci\u00e9t\u00e9 en Chantier<\/a><\/h6>\n\n<div class=\"wp-block-post-excerpt\"><p class=\"wp-block-post-excerpt__excerpt\">Cr\u00e9ation de Stefan Keagi (Rimini Protokoll) \/ Th\u00e9\u00e2tre de Vidy (hors les murs : Palais de Beaulieu) \/ du 23 au 28 octobre 2020 \/ Critique par Clo\u00e9 Bensa\u00ef. <\/p><\/div>\n\n\n<div style=\"height:1px\" aria-hidden=\"true\" class=\"wp-block-spacer\"><\/div>\n\n<\/li><li class=\"wp-block-post post-14783 post type-post status-publish format-standard has-post-thumbnail category-critique category-expired category-theatre-de-larsenic category-spectacle tag-charlyne-genoud tag-cloe-bensai\">\n<h6 class=\"liensouligne wp-block-post-title\"><a href=\"https:\/\/wp.unil.ch\/ateliercritique\/2020\/11\/cest-le-silence-qui-repond\/\" target=\"_self\" >C\u2019est le silence qui r\u00e9pond<\/a><\/h6>\n\n<div class=\"wp-block-post-excerpt\"><p class=\"wp-block-post-excerpt__excerpt\">Conception et mise en sc\u00e8ne par Yves-No\u00ebl Genod \/ Arsenic \u2013 Centre d\u2019art sc\u00e9nique contemporain \/ du 26 octobre au 1er novembre 2020 \/ Critiques par Charlyne Genoud et Clo\u00e9 Bensa\u00ef. <\/p><\/div>\n\n\n<div style=\"height:1px\" aria-hidden=\"true\" class=\"wp-block-spacer\"><\/div>\n\n<\/li><li class=\"wp-block-post post-14771 post type-post status-publish format-standard has-post-thumbnail category-critique category-expired category-spectacle category-tkm-theatre-kleber-meleau tag-cloe-bensai tag-melanie-carrel-2\">\n<h6 class=\"liensouligne wp-block-post-title\"><a href=\"https:\/\/wp.unil.ch\/ateliercritique\/2020\/11\/le-conte-des-contes\/\" target=\"_self\" >Le Conte des contes<\/a><\/h6>\n\n<div class=\"wp-block-post-excerpt\"><p class=\"wp-block-post-excerpt__excerpt\">D\u2019apr\u00e8s le texte de Giambattiste Basile \/ Conception et mise en sc\u00e8ne par Omar Porras \/ TKM \u2013 Th\u00e9\u00e2tre Kl\u00e9ber-M\u00e9leau \/ du 27 octobre au 22 novembre 2020 \/ Critique par M\u00e9lanie Carrel et Clo\u00e9 Bensa\u00ef. <\/p><\/div>\n\n\n<div style=\"height:1px\" aria-hidden=\"true\" class=\"wp-block-spacer\"><\/div>\n\n<\/li><\/ul><\/div>\n","protected":false},"excerpt":{"rendered":"<p>Les critiques de Clo\u00e9 Bensa\u00ef :<\/p>\n","protected":false},"author":1001835,"featured_media":0,"parent":2716,"menu_order":0,"comment_status":"closed","ping_status":"closed","template":"","meta":{"_seopress_robots_primary_cat":"","_seopress_titles_title":"","_seopress_titles_desc":"","_seopress_robots_index":"","footnotes":""},"class_list":["post-14689","page","type-page","status-publish"],"_links":{"self":[{"href":"https:\/\/wp.unil.ch\/ateliercritique\/wp-json\/wp\/v2\/pages\/14689","targetHints":{"allow":["GET"]}}],"collection":[{"href":"https:\/\/wp.unil.ch\/ateliercritique\/wp-json\/wp\/v2\/pages"}],"about":[{"href":"https:\/\/wp.unil.ch\/ateliercritique\/wp-json\/wp\/v2\/types\/page"}],"author":[{"embeddable":true,"href":"https:\/\/wp.unil.ch\/ateliercritique\/wp-json\/wp\/v2\/users\/1001835"}],"replies":[{"embeddable":true,"href":"https:\/\/wp.unil.ch\/ateliercritique\/wp-json\/wp\/v2\/comments?post=14689"}],"version-history":[{"count":1,"href":"https:\/\/wp.unil.ch\/ateliercritique\/wp-json\/wp\/v2\/pages\/14689\/revisions"}],"predecessor-version":[{"id":22239,"href":"https:\/\/wp.unil.ch\/ateliercritique\/wp-json\/wp\/v2\/pages\/14689\/revisions\/22239"}],"up":[{"embeddable":true,"href":"https:\/\/wp.unil.ch\/ateliercritique\/wp-json\/wp\/v2\/pages\/2716"}],"wp:attachment":[{"href":"https:\/\/wp.unil.ch\/ateliercritique\/wp-json\/wp\/v2\/media?parent=14689"}],"curies":[{"name":"wp","href":"https:\/\/api.w.org\/{rel}","templated":true}]}}