{"id":14680,"date":"2020-09-26T21:21:15","date_gmt":"2020-09-26T19:21:15","guid":{"rendered":"https:\/\/wp.unil.ch\/ateliercritique\/?page_id=14680"},"modified":"2025-02-06T17:53:11","modified_gmt":"2025-02-06T16:53:11","slug":"ami-lou-parsons","status":"publish","type":"page","link":"https:\/\/wp.unil.ch\/ateliercritique\/lequipe\/ami-lou-parsons\/","title":{"rendered":"Ami Lou Parsons"},"content":{"rendered":"<h4>Les critiques de Ami Lou Parsons :<\/h4>\n\n\n<div class=\"wp-block-query is-layout-flow wp-block-query-is-layout-flow\"><ul class=\"wp-block-post-template is-layout-flow wp-block-post-template-is-layout-flow\"><li class=\"wp-block-post post-14818 post type-post status-publish format-standard has-post-thumbnail category-critique category-expired category-spectacle category-theatre-des-marionnettes tag-alicia-carron tag-amilou-parsons tag-charlyne-genoud tag-cloe-bensai tag-darya-feral tag-katharine-simblet tag-sarah-neu tag-simon-henein tag-stella-wohlers tag-valentine-bovey\">\n<h6 class=\"liensouligne wp-block-post-title\"><a href=\"https:\/\/wp.unil.ch\/ateliercritique\/2020\/11\/le-malade-imaginaire\/\" target=\"_self\" >Le Malade Imaginaire<\/a><\/h6>\n\n<div class=\"wp-block-post-excerpt\"><p class=\"wp-block-post-excerpt__excerpt\">De Moli\u00e8re \/ Mise en sc\u00e8ne par Cyril Kaiser (compagnie Le Saule Rieur) \/ Th\u00e9\u00e2tre des marionnettes de Gen\u00e8ve \/ Spectacle programm\u00e9 en novembre 2020 annul\u00e9 apr\u00e8s une repr\u00e9sentation en raison des conditions sanitaires \/ Captation vid\u00e9o r\u00e9alis\u00e9e au Th\u00e9\u00e2tre\u2026 <\/p><\/div>\n\n\n<div style=\"height:1px\" aria-hidden=\"true\" class=\"wp-block-spacer\"><\/div>\n\n<\/li><li class=\"wp-block-post post-14749 post type-post status-publish format-standard has-post-thumbnail category-critique category-expired category-spectacle category-theatre-de-vidy tag-amilou-parsons tag-sarah-neu\">\n<h6 class=\"liensouligne wp-block-post-title\"><a href=\"https:\/\/wp.unil.ch\/ateliercritique\/2020\/10\/latlas-de-lanthropocene\/\" target=\"_self\" >L\u2019Atlas de l\u2019anthropoc\u00e8ne<\/a><\/h6>\n\n<div class=\"wp-block-post-excerpt\"><p class=\"wp-block-post-excerpt__excerpt\">Cycle de conf\u00e9rences et de performances de Fr\u00e9d\u00e9ric Ferrer \/ Th\u00e9\u00e2tre de Vidy (hors les murs : UNIL) \/ du 26 octobre au 9 d\u00e9cembre 2020 \/ Critiques par Sarah Neu et Ami Lou Parsons. <\/p><\/div>\n\n\n<div style=\"height:1px\" aria-hidden=\"true\" class=\"wp-block-spacer\"><\/div>\n\n<\/li><\/ul><\/div>\n","protected":false},"excerpt":{"rendered":"<p>Les critiques de Ami Lou Parsons :<\/p>\n","protected":false},"author":1001835,"featured_media":0,"parent":2716,"menu_order":0,"comment_status":"closed","ping_status":"closed","template":"","meta":{"_seopress_robots_primary_cat":"","_seopress_titles_title":"","_seopress_titles_desc":"","_seopress_robots_index":"","footnotes":""},"class_list":["post-14680","page","type-page","status-publish"],"_links":{"self":[{"href":"https:\/\/wp.unil.ch\/ateliercritique\/wp-json\/wp\/v2\/pages\/14680","targetHints":{"allow":["GET"]}}],"collection":[{"href":"https:\/\/wp.unil.ch\/ateliercritique\/wp-json\/wp\/v2\/pages"}],"about":[{"href":"https:\/\/wp.unil.ch\/ateliercritique\/wp-json\/wp\/v2\/types\/page"}],"author":[{"embeddable":true,"href":"https:\/\/wp.unil.ch\/ateliercritique\/wp-json\/wp\/v2\/users\/1001835"}],"replies":[{"embeddable":true,"href":"https:\/\/wp.unil.ch\/ateliercritique\/wp-json\/wp\/v2\/comments?post=14680"}],"version-history":[{"count":1,"href":"https:\/\/wp.unil.ch\/ateliercritique\/wp-json\/wp\/v2\/pages\/14680\/revisions"}],"predecessor-version":[{"id":22330,"href":"https:\/\/wp.unil.ch\/ateliercritique\/wp-json\/wp\/v2\/pages\/14680\/revisions\/22330"}],"up":[{"embeddable":true,"href":"https:\/\/wp.unil.ch\/ateliercritique\/wp-json\/wp\/v2\/pages\/2716"}],"wp:attachment":[{"href":"https:\/\/wp.unil.ch\/ateliercritique\/wp-json\/wp\/v2\/media?parent=14680"}],"curies":[{"name":"wp","href":"https:\/\/api.w.org\/{rel}","templated":true}]}}