{"id":14179,"date":"2020-03-03T18:50:37","date_gmt":"2020-03-03T17:50:37","guid":{"rendered":"http:\/\/wp.unil.ch\/ateliercritique\/?page_id=14179"},"modified":"2025-02-07T09:44:24","modified_gmt":"2025-02-07T08:44:24","slug":"stella-wohlers","status":"publish","type":"page","link":"https:\/\/wp.unil.ch\/ateliercritique\/lequipe\/stella-wohlers\/","title":{"rendered":"Stella Wohlers"},"content":{"rendered":"<h4>Les critiques de Stella Wohlers :<\/h4>\n\n\n<div class=\"wp-block-query is-layout-flow wp-block-query-is-layout-flow\"><ul class=\"wp-block-post-template is-layout-flow wp-block-post-template-is-layout-flow\"><li class=\"wp-block-post post-16311 post type-post status-publish format-standard has-post-thumbnail category-critique category-expired category-spectacle category-tkm-theatre-kleber-meleau tag-sarah-neu tag-stella-wohlers\">\n<h6 class=\"liensouligne wp-block-post-title\"><a href=\"https:\/\/wp.unil.ch\/ateliercritique\/2022\/05\/un-fil-a-la-patte\/\" target=\"_self\" >Un Fil \u00e0 la patte<\/a><\/h6>\n\n<div class=\"wp-block-post-excerpt\"><p class=\"wp-block-post-excerpt__excerpt\">Texte de Georges Feydeau \/ Mise en sc\u00e8ne de Julien George \/ Th\u00e9\u00e2tre Kl\u00e9ber-M\u00e9leau \/ du 3 au 15 mai 2022 \/ Critiques par Stella Wohlers et Sarah Neu . <\/p><\/div>\n\n\n<div style=\"height:1px\" aria-hidden=\"true\" class=\"wp-block-spacer\"><\/div>\n\n<\/li><li class=\"wp-block-post post-16201 post type-post status-publish format-standard has-post-thumbnail category-critique category-expired category-l-abri category-spectacle tag-isabelle-fasnacht tag-stella-wohlers\">\n<h6 class=\"liensouligne wp-block-post-title\"><a href=\"https:\/\/wp.unil.ch\/ateliercritique\/2022\/04\/crudo-y-pesado\/\" target=\"_self\" >Crudo y pesado<\/a><\/h6>\n\n<div class=\"wp-block-post-excerpt\"><p class=\"wp-block-post-excerpt__excerpt\">Conception et mise en sc\u00e8ne par Pierre-Angelo Zavaglia \/ L\u2019Abri (Gen\u00e8ve) \u00e0 La Madeleine \/ du 5 au 7 avril 2022 \/ Critiques par Stella Wohlers et Isabelle Fasnacht . <\/p><\/div>\n\n\n<div style=\"height:1px\" aria-hidden=\"true\" class=\"wp-block-spacer\"><\/div>\n\n<\/li><li class=\"wp-block-post post-16097 post type-post status-publish format-standard has-post-thumbnail category-critique category-expired category-spectacle category-teatre-du-grutli tag-sarah-neu tag-stella-wohlers\">\n<h6 class=\"liensouligne wp-block-post-title\"><a href=\"https:\/\/wp.unil.ch\/ateliercritique\/2022\/03\/hammamturgia\/\" target=\"_self\" >Hammamturgia<\/a><\/h6>\n\n<div class=\"wp-block-post-excerpt\"><p class=\"wp-block-post-excerpt__excerpt\">Dramaturgie et mise en sc\u00e8ne par Sof\u00eda Asencio et Tom\u00e0s Aragay \/ Th\u00e9\u00e2tre du Gr\u00fctli \/ du 16 au 20 mars 2022 \/ critiques par Stella Wohlers et Sarah Neu . <\/p><\/div>\n\n\n<div style=\"height:1px\" aria-hidden=\"true\" class=\"wp-block-spacer\"><\/div>\n\n<\/li><li class=\"wp-block-post post-15912 post type-post status-publish format-standard has-post-thumbnail category-critique category-expired category-spectacle category-theatre-de-carouge tag-hugo-merzeau tag-stella-wohlers\">\n<h6 class=\"liensouligne wp-block-post-title\"><a href=\"https:\/\/wp.unil.ch\/ateliercritique\/2022\/01\/room\/\" target=\"_self\" >Room<\/a><\/h6>\n\n<div class=\"wp-block-post-excerpt\"><p class=\"wp-block-post-excerpt__excerpt\">Cr\u00e9ation et mise en sc\u00e8ne de James Thierr\u00e9e \/ Th\u00e9\u00e2tre de Carouge \/ du 12 janvier au 6 f\u00e9vrier 2022 \/ Critiques par Hugo Merzeau et Stella Wohlers . <\/p><\/div>\n\n\n<div style=\"height:1px\" aria-hidden=\"true\" class=\"wp-block-spacer\"><\/div>\n\n<\/li><li class=\"wp-block-post post-15816 post type-post status-publish format-standard has-post-thumbnail category-critique category-expired category-spectacle category-theatre-de-vidy tag-nathan-maggetti tag-stella-wohlers\">\n<h6 class=\"liensouligne wp-block-post-title\"><a href=\"https:\/\/wp.unil.ch\/ateliercritique\/2021\/12\/dsimon\/\" target=\"_self\" >dSimon<\/a><\/h6>\n\n<div class=\"wp-block-post-excerpt\"><p class=\"wp-block-post-excerpt__excerpt\">dSimon \/ Conception, mise en sc\u00e8ne et interpr\u00e9tation par Tamara Leites et Simon Senn \/ Th\u00e9\u00e2tre de Vidy \/ du 2 au 12 d\u00e9cembre 2021 \/ Critiques par Stella Wohlers et Nathan Maggetti <\/p><\/div>\n\n\n<div style=\"height:1px\" aria-hidden=\"true\" class=\"wp-block-spacer\"><\/div>\n\n<\/li><li class=\"wp-block-post post-15676 post type-post status-publish format-standard has-post-thumbnail category-critique category-expired category-spectacle category-tkm-theatre-kleber-meleau tag-elisa-andrade tag-stella-wohlers\">\n<h6 class=\"liensouligne wp-block-post-title\"><a href=\"https:\/\/wp.unil.ch\/ateliercritique\/2021\/11\/les-trois-soeurs-2\/\" target=\"_self\" >Les Trois S\u0153urs<\/a><\/h6>\n\n<div class=\"wp-block-post-excerpt\"><p class=\"wp-block-post-excerpt__excerpt\">Les Trois S\u0153urs \/ d\u2019apr\u00e8s Anton Tchekhov \/ Mise en sc\u00e8ne de Gianni Schneider \/ TKM Th\u00e9\u00e2tre Kl\u00e9ber- M\u00e9leau \/ du 2 au 21 novembre \/ Critiques par Elisa Andrade et Stella Wohlers. <\/p><\/div>\n\n\n<div style=\"height:1px\" aria-hidden=\"true\" class=\"wp-block-spacer\"><\/div>\n\n<\/li><li class=\"wp-block-post post-15548 post type-post status-publish format-standard has-post-thumbnail category-critique category-expired category-spectacle category-theatre-de-vidy tag-brian-aubert tag-celine-bignotti tag-elisa-andrade tag-frederique-sautin tag-hugo-merzeau tag-maelle-aeby-2 tag-michael-rolli tag-nathan-maggetti tag-sarah-neu tag-stella-wohlers tag-valentine-bovey\">\n<h6 class=\"liensouligne wp-block-post-title\"><a href=\"https:\/\/wp.unil.ch\/ateliercritique\/2021\/10\/piece-pour-les-vivant%c2%b7e%c2%b7x%c2%b7s-en-temps-dextinction\/\" target=\"_self\" >Pi\u00e8ce pour les vivant\u00b7e\u00b7x\u00b7s en temps d\u2019extinction<\/a><\/h6>\n\n<div class=\"wp-block-post-excerpt\"><p class=\"wp-block-post-excerpt__excerpt\">Texte de Miranda Rose Hall \/ Mise en sc\u00e8ne par Katie Mitchell \/ Th\u00e9\u00e2tre de Vidy \u2013 Lausanne \/ du 25 septembre au 3 octobre 2021 \/ Critiques par Valentine Bovey, Sarah Neu, Fr\u00e9d\u00e9rique Sautin, Micha\u00ebl Rolli, Stella Wohlers, Nathan\u2026 <\/p><\/div>\n\n\n<div style=\"height:1px\" aria-hidden=\"true\" class=\"wp-block-spacer\"><\/div>\n\n<\/li><li class=\"wp-block-post post-14818 post type-post status-publish format-standard has-post-thumbnail category-critique category-expired category-spectacle category-theatre-des-marionnettes tag-alicia-carron tag-amilou-parsons tag-charlyne-genoud tag-cloe-bensai tag-darya-feral tag-katharine-simblet tag-sarah-neu tag-simon-henein tag-stella-wohlers tag-valentine-bovey\">\n<h6 class=\"liensouligne wp-block-post-title\"><a href=\"https:\/\/wp.unil.ch\/ateliercritique\/2020\/11\/le-malade-imaginaire\/\" target=\"_self\" >Le Malade Imaginaire<\/a><\/h6>\n\n<div class=\"wp-block-post-excerpt\"><p class=\"wp-block-post-excerpt__excerpt\">De Moli\u00e8re \/ Mise en sc\u00e8ne par Cyril Kaiser (compagnie Le Saule Rieur) \/ Th\u00e9\u00e2tre des marionnettes de Gen\u00e8ve \/ Spectacle programm\u00e9 en novembre 2020 annul\u00e9 apr\u00e8s une repr\u00e9sentation en raison des conditions sanitaires \/ Captation vid\u00e9o r\u00e9alis\u00e9e au Th\u00e9\u00e2tre\u2026 <\/p><\/div>\n\n\n<div style=\"height:1px\" aria-hidden=\"true\" class=\"wp-block-spacer\"><\/div>\n\n<\/li><li class=\"wp-block-post post-14762 post type-post status-publish format-standard has-post-thumbnail category-critique category-expired category-spectacle category-theatre-du-loup tag-katharine-simblet tag-stella-wohlers\">\n<h6 class=\"liensouligne wp-block-post-title\"><a href=\"https:\/\/wp.unil.ch\/ateliercritique\/2020\/10\/dapres\/\" target=\"_self\" >D&rsquo;apr\u00e8s<\/a><\/h6>\n\n<div class=\"wp-block-post-excerpt\"><p class=\"wp-block-post-excerpt__excerpt\">Adapt\u00e9 du texte Benoni\u00a0de Knut Hamsun \/ Conception, adaptation et mise en sc\u00e8ne de Adrien Barazzone \/ Co-mise en sc\u00e8ne Barbara Schlittler \/ Th\u00e9\u00e2tre du Loup \/ du 23 octobre au 8 novembre 2020 \/ Critiques par Stella Wohlers et\u2026 <\/p><\/div>\n\n\n<div style=\"height:1px\" aria-hidden=\"true\" class=\"wp-block-spacer\"><\/div>\n\n<\/li><li class=\"wp-block-post post-14237 post type-post status-publish format-standard has-post-thumbnail category-critique category-expired category-la-grange category-spectacle tag-alicia-carron tag-avi-cagin tag-fadri-gumy tag-jade-lambelet tag-judith-marchal tag-monique-kountangni tag-noe-maggetti tag-stella-wohlers\">\n<h6 class=\"liensouligne wp-block-post-title\"><a href=\"https:\/\/wp.unil.ch\/ateliercritique\/2020\/03\/peer-ou-nous-ne-monterons-pas-peer-gynt\/\" target=\"_self\" >Peer ou, nous ne monterons pas Peer Gynt<\/a><\/h6>\n\n<div class=\"wp-block-post-excerpt\"><p class=\"wp-block-post-excerpt__excerpt\">Concept et mise en sc\u00e8ne de Fabrice Gorgerat \/ La Grange de Dorigny \/ du 25 au 29 f\u00e9vrier 2020 \/ Critiques par No\u00e9 Maggetti, Judith Marchal, Alicia Carron, Monique Kountangni, Jade Lambelet, Av\u00ee Cagnin, Stella Wohlers et Fadri Gumy. <\/p><\/div>\n\n\n<div style=\"height:1px\" aria-hidden=\"true\" class=\"wp-block-spacer\"><\/div>\n\n<\/li><\/ul><\/div>\n","protected":false},"excerpt":{"rendered":"<p>Les critiques de Stella Wohlers :<\/p>\n","protected":false},"author":1001835,"featured_media":0,"parent":2716,"menu_order":0,"comment_status":"closed","ping_status":"closed","template":"","meta":{"_seopress_robots_primary_cat":"","_seopress_titles_title":"","_seopress_titles_desc":"","_seopress_robots_index":"","footnotes":""},"class_list":["post-14179","page","type-page","status-publish"],"_links":{"self":[{"href":"https:\/\/wp.unil.ch\/ateliercritique\/wp-json\/wp\/v2\/pages\/14179","targetHints":{"allow":["GET"]}}],"collection":[{"href":"https:\/\/wp.unil.ch\/ateliercritique\/wp-json\/wp\/v2\/pages"}],"about":[{"href":"https:\/\/wp.unil.ch\/ateliercritique\/wp-json\/wp\/v2\/types\/page"}],"author":[{"embeddable":true,"href":"https:\/\/wp.unil.ch\/ateliercritique\/wp-json\/wp\/v2\/users\/1001835"}],"replies":[{"embeddable":true,"href":"https:\/\/wp.unil.ch\/ateliercritique\/wp-json\/wp\/v2\/comments?post=14179"}],"version-history":[{"count":1,"href":"https:\/\/wp.unil.ch\/ateliercritique\/wp-json\/wp\/v2\/pages\/14179\/revisions"}],"predecessor-version":[{"id":22367,"href":"https:\/\/wp.unil.ch\/ateliercritique\/wp-json\/wp\/v2\/pages\/14179\/revisions\/22367"}],"up":[{"embeddable":true,"href":"https:\/\/wp.unil.ch\/ateliercritique\/wp-json\/wp\/v2\/pages\/2716"}],"wp:attachment":[{"href":"https:\/\/wp.unil.ch\/ateliercritique\/wp-json\/wp\/v2\/media?parent=14179"}],"curies":[{"name":"wp","href":"https:\/\/api.w.org\/{rel}","templated":true}]}}