{"id":14175,"date":"2020-03-03T18:49:18","date_gmt":"2020-03-03T17:49:18","guid":{"rendered":"http:\/\/wp.unil.ch\/ateliercritique\/?page_id=14175"},"modified":"2025-02-06T16:50:20","modified_gmt":"2025-02-06T15:50:20","slug":"avi-cagin","status":"publish","type":"page","link":"https:\/\/wp.unil.ch\/ateliercritique\/lequipe\/avi-cagin\/","title":{"rendered":"Av\u00ee Cagin"},"content":{"rendered":"<h4>Les critiques de Av\u00ee Cagin :<\/h4>\n\n\n<div class=\"wp-block-query is-layout-flow wp-block-query-is-layout-flow\"><ul class=\"wp-block-post-template is-layout-flow wp-block-post-template-is-layout-flow\"><li class=\"wp-block-post post-14602 post type-post status-publish format-standard has-post-thumbnail category-critique category-expired category-spectacle tag-avi-cagin tag-judith-marchal tag-michael-rolli\">\n<h6 class=\"liensouligne wp-block-post-title\"><a href=\"https:\/\/wp.unil.ch\/ateliercritique\/2020\/05\/a-lheure-du-confinement\/\" target=\"_self\" >\u00c0 l\u2019heure du confinement&#8230;<\/a><\/h6>\n\n<div class=\"wp-block-post-excerpt\"><p class=\"wp-block-post-excerpt__excerpt\">Dans le contexte de fermeture des th\u00e9\u00e2tres, entre mars et juin 2020, les \u00e9tudiant\u00b7e\u00b7s de l\u2019Atelier critique et de La Manufacture ont \u00e9t\u00e9 invit\u00e9s \u00e0 travailler sur des captations de spectacles cr\u00e9\u00e9s ou jou\u00e9s en Suisse romande. C\u2019est l\u2019occasion pour\u2026 <\/p><\/div>\n\n\n<div style=\"height:1px\" aria-hidden=\"true\" class=\"wp-block-spacer\"><\/div>\n\n<\/li><li class=\"wp-block-post post-14237 post type-post status-publish format-standard has-post-thumbnail category-critique category-expired category-la-grange category-spectacle tag-alicia-carron tag-avi-cagin tag-fadri-gumy tag-jade-lambelet tag-judith-marchal tag-monique-kountangni tag-noe-maggetti tag-stella-wohlers\">\n<h6 class=\"liensouligne wp-block-post-title\"><a href=\"https:\/\/wp.unil.ch\/ateliercritique\/2020\/03\/peer-ou-nous-ne-monterons-pas-peer-gynt\/\" target=\"_self\" >Peer ou, nous ne monterons pas Peer Gynt<\/a><\/h6>\n\n<div class=\"wp-block-post-excerpt\"><p class=\"wp-block-post-excerpt__excerpt\">Concept et mise en sc\u00e8ne de Fabrice Gorgerat \/ La Grange de Dorigny \/ du 25 au 29 f\u00e9vrier 2020 \/ Critiques par No\u00e9 Maggetti, Judith Marchal, Alicia Carron, Monique Kountangni, Jade Lambelet, Av\u00ee Cagnin, Stella Wohlers et Fadri Gumy. <\/p><\/div>\n\n\n<div style=\"height:1px\" aria-hidden=\"true\" class=\"wp-block-spacer\"><\/div>\n\n<\/li><li class=\"wp-block-post post-14222 post type-post status-publish format-standard has-post-thumbnail category-critique category-expired category-la-grange category-spectacle tag-avi-cagin tag-monique-kountangni\">\n<h6 class=\"liensouligne wp-block-post-title\"><a href=\"https:\/\/wp.unil.ch\/ateliercritique\/2020\/03\/les-veilleuses\/\" target=\"_self\" >Les Veilleuses<\/a><\/h6>\n\n<div class=\"wp-block-post-excerpt\"><p class=\"wp-block-post-excerpt__excerpt\">Texte d\u2019Anne-Fr\u00e9d\u00e9rique Rochat \/ Mise en sc\u00e8ne d\u2019Olivier P\u00e9riat \u2013 Cie Interlope \/ La Grange de Dorigny \/ du 12 au 15 mars 2020 \/ Critiques par Monique Kountangni et Av\u00ee Cagin. <\/p><\/div>\n\n\n<div style=\"height:1px\" aria-hidden=\"true\" class=\"wp-block-spacer\"><\/div>\n\n<\/li><li class=\"wp-block-post post-14199 post type-post status-publish format-standard has-post-thumbnail category-critique category-expired category-la-grange category-spectacle tag-avi-cagin tag-monique-kountangni\">\n<h6 class=\"liensouligne wp-block-post-title\"><a href=\"https:\/\/wp.unil.ch\/ateliercritique\/2020\/03\/en-chemin\/\" target=\"_self\" >En chemin<\/a><\/h6>\n\n<div class=\"wp-block-post-excerpt\"><p class=\"wp-block-post-excerpt__excerpt\">Texte et mise en sc\u00e8ne de Gustavo Giacosa \/ La Grange de Dorigny \/ du 5 au 6 mars 2020 \/ Critiques par Av\u00ee Cagin et Monique Kountangni. <\/p><\/div>\n\n\n<div style=\"height:1px\" aria-hidden=\"true\" class=\"wp-block-spacer\"><\/div>\n\n<\/li><\/ul><\/div>\n","protected":false},"excerpt":{"rendered":"<p>Les critiques de Av\u00ee Cagin :<\/p>\n","protected":false},"author":1001835,"featured_media":0,"parent":2716,"menu_order":0,"comment_status":"closed","ping_status":"closed","template":"","meta":{"_seopress_robots_primary_cat":"","_seopress_titles_title":"","_seopress_titles_desc":"","_seopress_robots_index":"","footnotes":""},"class_list":["post-14175","page","type-page","status-publish"],"_links":{"self":[{"href":"https:\/\/wp.unil.ch\/ateliercritique\/wp-json\/wp\/v2\/pages\/14175","targetHints":{"allow":["GET"]}}],"collection":[{"href":"https:\/\/wp.unil.ch\/ateliercritique\/wp-json\/wp\/v2\/pages"}],"about":[{"href":"https:\/\/wp.unil.ch\/ateliercritique\/wp-json\/wp\/v2\/types\/page"}],"author":[{"embeddable":true,"href":"https:\/\/wp.unil.ch\/ateliercritique\/wp-json\/wp\/v2\/users\/1001835"}],"replies":[{"embeddable":true,"href":"https:\/\/wp.unil.ch\/ateliercritique\/wp-json\/wp\/v2\/comments?post=14175"}],"version-history":[{"count":1,"href":"https:\/\/wp.unil.ch\/ateliercritique\/wp-json\/wp\/v2\/pages\/14175\/revisions"}],"predecessor-version":[{"id":22254,"href":"https:\/\/wp.unil.ch\/ateliercritique\/wp-json\/wp\/v2\/pages\/14175\/revisions\/22254"}],"up":[{"embeddable":true,"href":"https:\/\/wp.unil.ch\/ateliercritique\/wp-json\/wp\/v2\/pages\/2716"}],"wp:attachment":[{"href":"https:\/\/wp.unil.ch\/ateliercritique\/wp-json\/wp\/v2\/media?parent=14175"}],"curies":[{"name":"wp","href":"https:\/\/api.w.org\/{rel}","templated":true}]}}