{"id":14171,"date":"2020-03-03T18:47:55","date_gmt":"2020-03-03T17:47:55","guid":{"rendered":"http:\/\/wp.unil.ch\/ateliercritique\/?page_id=14171"},"modified":"2025-02-06T16:52:21","modified_gmt":"2025-02-06T15:52:21","slug":"alicia-carron","status":"publish","type":"page","link":"https:\/\/wp.unil.ch\/ateliercritique\/lequipe\/alicia-carron\/","title":{"rendered":"Alicia Carron"},"content":{"rendered":"\n<p>\u00c9tudiante en histoire de l\u2019art et en fran\u00e7ais moderne, je me passionne pour les liens qui unissent les mots et les images, la po\u00e9sie et la peinture, la musique et la danse. Le th\u00e9\u00e2tre est ce monde incroyable dans lequel toutes les formes d\u2019art travaillent de concert pour vous emmener loin des pr\u00e9occupations terrestres. Il \u00e9blouit les yeux autant qu\u2019il charme les oreilles. Il appelle chacun \u00e0 vivre le spectacle dans toute sa dimension collective pour ressentir les \u00e9motions les plus intimes. C\u2019est cette int\u00e9riorit\u00e9 partag\u00e9e qui m\u2019attire et me bouleverse. L\u2019exercice de la critique ajoute \u00e0 cela un autre niveau d\u2019intensit\u00e9, quand, \u00e0 leur tour, les mots lanc\u00e9s \u00e0 l\u2019aveugle font naitre chez le lecteurs des images nouvelles.<\/p>\n\n\n\n<h4 class=\"wp-block-heading\">Les critiques de Alicia Carron :<\/h4>\n\n\n\n<div class=\"wp-block-query is-layout-flow wp-block-query-is-layout-flow\"><ul class=\"wp-block-post-template is-layout-flow wp-block-post-template-is-layout-flow\"><li class=\"wp-block-post post-14818 post type-post status-publish format-standard has-post-thumbnail category-critique category-expired category-spectacle category-theatre-des-marionnettes tag-alicia-carron tag-amilou-parsons tag-charlyne-genoud tag-cloe-bensai tag-darya-feral tag-katharine-simblet tag-sarah-neu tag-simon-henein tag-stella-wohlers tag-valentine-bovey\">\n<h6 class=\"liensouligne wp-block-post-title\"><a href=\"https:\/\/wp.unil.ch\/ateliercritique\/2020\/11\/le-malade-imaginaire\/\" target=\"_self\" >Le Malade Imaginaire<\/a><\/h6>\n\n<div class=\"wp-block-post-excerpt\"><p class=\"wp-block-post-excerpt__excerpt\">De Moli\u00e8re \/ Mise en sc\u00e8ne par Cyril Kaiser (compagnie Le Saule Rieur) \/ Th\u00e9\u00e2tre des marionnettes de Gen\u00e8ve \/ Spectacle programm\u00e9 en novembre 2020 annul\u00e9 apr\u00e8s une repr\u00e9sentation en raison des conditions sanitaires \/ Captation vid\u00e9o r\u00e9alis\u00e9e au Th\u00e9\u00e2tre\u2026 <\/p><\/div>\n\n\n<div style=\"height:1px\" aria-hidden=\"true\" class=\"wp-block-spacer\"><\/div>\n\n<\/li><li class=\"wp-block-post post-14237 post type-post status-publish format-standard has-post-thumbnail category-critique category-expired category-la-grange category-spectacle tag-alicia-carron tag-avi-cagin tag-fadri-gumy tag-jade-lambelet tag-judith-marchal tag-monique-kountangni tag-noe-maggetti tag-stella-wohlers\">\n<h6 class=\"liensouligne wp-block-post-title\"><a href=\"https:\/\/wp.unil.ch\/ateliercritique\/2020\/03\/peer-ou-nous-ne-monterons-pas-peer-gynt\/\" target=\"_self\" >Peer ou, nous ne monterons pas Peer Gynt<\/a><\/h6>\n\n<div class=\"wp-block-post-excerpt\"><p class=\"wp-block-post-excerpt__excerpt\">Concept et mise en sc\u00e8ne de Fabrice Gorgerat \/ La Grange de Dorigny \/ du 25 au 29 f\u00e9vrier 2020 \/ Critiques par No\u00e9 Maggetti, Judith Marchal, Alicia Carron, Monique Kountangni, Jade Lambelet, Av\u00ee Cagnin, Stella Wohlers et Fadri Gumy. <\/p><\/div>\n\n\n<div style=\"height:1px\" aria-hidden=\"true\" class=\"wp-block-spacer\"><\/div>\n\n<\/li><\/ul><\/div>\n","protected":false},"excerpt":{"rendered":"<p>\u00c9tudiante en histoire de l\u2019art et en fran\u00e7ais moderne, je me passionne pour les liens qui unissent les mots et les images, la po\u00e9sie et la peinture, la musique et &hellip; <\/p>\n","protected":false},"author":1001835,"featured_media":0,"parent":2716,"menu_order":0,"comment_status":"closed","ping_status":"closed","template":"","meta":{"_seopress_robots_primary_cat":"","_seopress_titles_title":"","_seopress_titles_desc":"","_seopress_robots_index":"","footnotes":""},"class_list":["post-14171","page","type-page","status-publish"],"_links":{"self":[{"href":"https:\/\/wp.unil.ch\/ateliercritique\/wp-json\/wp\/v2\/pages\/14171","targetHints":{"allow":["GET"]}}],"collection":[{"href":"https:\/\/wp.unil.ch\/ateliercritique\/wp-json\/wp\/v2\/pages"}],"about":[{"href":"https:\/\/wp.unil.ch\/ateliercritique\/wp-json\/wp\/v2\/types\/page"}],"author":[{"embeddable":true,"href":"https:\/\/wp.unil.ch\/ateliercritique\/wp-json\/wp\/v2\/users\/1001835"}],"replies":[{"embeddable":true,"href":"https:\/\/wp.unil.ch\/ateliercritique\/wp-json\/wp\/v2\/comments?post=14171"}],"version-history":[{"count":3,"href":"https:\/\/wp.unil.ch\/ateliercritique\/wp-json\/wp\/v2\/pages\/14171\/revisions"}],"predecessor-version":[{"id":22258,"href":"https:\/\/wp.unil.ch\/ateliercritique\/wp-json\/wp\/v2\/pages\/14171\/revisions\/22258"}],"up":[{"embeddable":true,"href":"https:\/\/wp.unil.ch\/ateliercritique\/wp-json\/wp\/v2\/pages\/2716"}],"wp:attachment":[{"href":"https:\/\/wp.unil.ch\/ateliercritique\/wp-json\/wp\/v2\/media?parent=14171"}],"curies":[{"name":"wp","href":"https:\/\/api.w.org\/{rel}","templated":true}]}}