{"id":13724,"date":"2019-09-29T15:06:10","date_gmt":"2019-09-29T13:06:10","guid":{"rendered":"http:\/\/wp.unil.ch\/ateliercritique\/?page_id=13724"},"modified":"2025-02-06T17:38:28","modified_gmt":"2025-02-06T16:38:28","slug":"manon-lelievre","status":"publish","type":"page","link":"https:\/\/wp.unil.ch\/ateliercritique\/lequipe\/manon-lelievre\/","title":{"rendered":"Manon Leli\u00e8vre"},"content":{"rendered":"<h4>Les critiques de Manon Leli\u00e8vre :<\/h4>\n\n\n<div class=\"wp-block-query is-layout-flow wp-block-query-is-layout-flow\"><ul class=\"wp-block-post-template is-layout-flow wp-block-post-template-is-layout-flow\"><li class=\"wp-block-post post-16795 post type-post status-publish format-standard has-post-thumbnail category-critique category-expired category-la-grange category-spectacle tag-manon-lelievre tag-sylvain-grangier tag-theo-krebs tag-timon-musy\">\n<h6 class=\"liensouligne wp-block-post-title\"><a href=\"https:\/\/wp.unil.ch\/ateliercritique\/2023\/05\/tous-les-poetes-habitent-valparaiso\/\" target=\"_self\" >Tous les po\u00e8tes habitent Valparaiso<\/a><\/h6>\n\n<div class=\"wp-block-post-excerpt\"><p class=\"wp-block-post-excerpt__excerpt\">Texte de Carine Corajoud \/ Conception et mise en sc\u00e8ne par Dorian Rossel \/ Cie Super Trop Top \/ La Grange \u2013 Centre \/ Arts et Science \/ UNIL \/ du 07 au 12 mars 2023 \/ cr\u00e9ations libres par\u2026 <\/p><\/div>\n\n\n<div style=\"height:1px\" aria-hidden=\"true\" class=\"wp-block-spacer\"><\/div>\n\n<\/li><li class=\"wp-block-post post-16699 post type-post status-publish format-standard has-post-thumbnail category-critique category-expired category-spectacle category-tkm-theatre-kleber-meleau tag-manon-lelievre tag-timon-musy\">\n<h6 class=\"liensouligne wp-block-post-title\"><a href=\"https:\/\/wp.unil.ch\/ateliercritique\/2023\/03\/les-7-soeurs-de-turakie\/\" target=\"_self\" >Les 7 s\u0153urs de Turakie<\/a><\/h6>\n\n<div class=\"wp-block-post-excerpt\"><p class=\"wp-block-post-excerpt__excerpt\">\u00c9crit et mis en sc\u00e8ne par Emili Hufnagel &amp; Michel Laubu \/ Th\u00e9\u00e2tre Kl\u00e9ber-M\u00e9leau \/ du 21 au 26 mars 2023 \/ critiques par Timon Musy et Manon Leli\u00e8vre . <\/p><\/div>\n\n\n<div style=\"height:1px\" aria-hidden=\"true\" class=\"wp-block-spacer\"><\/div>\n\n<\/li><li class=\"wp-block-post post-16613 post type-post status-publish format-standard has-post-thumbnail category-critique category-expired category-oriental-vevey category-spectacle tag-manon-lelievre\">\n<h6 class=\"liensouligne wp-block-post-title\"><a href=\"https:\/\/wp.unil.ch\/ateliercritique\/2023\/03\/sainte-jeanne-des-abattoirs\/\" target=\"_self\" >Sainte Jeanne des abattoirs<\/a><\/h6>\n\n<div class=\"wp-block-post-excerpt\"><p class=\"wp-block-post-excerpt__excerpt\">De Bertolt Brecht \/ Mise en sc\u00e8ne Tibor Ockenfels \/ Par Les Trois Petits Points \/ Oriental Vevey \/ Du 1er au 5 mars \/ critique par Manon Leli\u00e8vre . <\/p><\/div>\n\n\n<div style=\"height:1px\" aria-hidden=\"true\" class=\"wp-block-spacer\"><\/div>\n\n<\/li><li class=\"wp-block-post post-16509 post type-post status-publish format-standard has-post-thumbnail category-critique category-expired category-la-grange category-spectacle tag-manon-lelievre\">\n<h6 class=\"liensouligne wp-block-post-title\"><a href=\"https:\/\/wp.unil.ch\/ateliercritique\/2022\/11\/on-nest-pas-venues-les-mains-vides\/\" target=\"_self\" >On n\u2019est pas venues les mains vides !<\/a><\/h6>\n\n<div class=\"wp-block-post-excerpt\"><p class=\"wp-block-post-excerpt__excerpt\">De Tatiana Baumgartner et Caroline Imhof de la Compagnie S\u00f6r\u00f6r\u00f6 \/ La Grange \u2013 Centre \/ Arts et Science \/ UNIL \/ du 11 au 16 novembre 2022 \/ critique par Manon Leli\u00e8vre . <\/p><\/div>\n\n\n<div style=\"height:1px\" aria-hidden=\"true\" class=\"wp-block-spacer\"><\/div>\n\n<\/li><li class=\"wp-block-post post-16367 post type-post status-publish format-standard has-post-thumbnail category-critique category-expired category-spectacle category-theatre-de-vidy tag-antoine-klotz tag-manon-lelievre\">\n<h6 class=\"liensouligne wp-block-post-title\"><a href=\"https:\/\/wp.unil.ch\/ateliercritique\/2022\/05\/utopolis-lausanne\/\" target=\"_self\" >Utopolis Lausanne<\/a><\/h6>\n\n<div class=\"wp-block-post-excerpt\"><p class=\"wp-block-post-excerpt__excerpt\">De Helgard Haug \/ Stefan Kaegi \/ Daniel Wetzel (Rimini Protokoll) \/ Th\u00e9\u00e2tre de Vidy \/ du 13 mai au 14 juin 2022\u00a0\/ critiques par Antoine Klotz et Manon Leli\u00e8vre . <\/p><\/div>\n\n\n<div style=\"height:1px\" aria-hidden=\"true\" class=\"wp-block-spacer\"><\/div>\n\n<\/li><li class=\"wp-block-post post-16319 post type-post status-publish format-standard has-post-thumbnail category-critique category-expired category-spectacle category-theatre-2-21-lausanne tag-clementine-glardon tag-manon-lelievre\">\n<h6 class=\"liensouligne wp-block-post-title\"><a href=\"https:\/\/wp.unil.ch\/ateliercritique\/2022\/05\/dix-petites-anarchistes\/\" target=\"_self\" >Dix petites anarchistes<\/a><\/h6>\n\n<div class=\"wp-block-post-excerpt\"><p class=\"wp-block-post-excerpt__excerpt\">Adaptation du roman de Daniel de Roulet par Marie Perny \/ Mise en sc\u00e8ne de Julie Burnier \/ 2.21 Lausanne \/ du 03 au 08 mai 2022 \/ Critiques par Manon Leli\u00e8vre et Cl\u00e9mentine Glardon . <\/p><\/div>\n\n\n<div style=\"height:1px\" aria-hidden=\"true\" class=\"wp-block-spacer\"><\/div>\n\n<\/li><li class=\"wp-block-post post-16267 post type-post status-publish format-standard has-post-thumbnail category-critique category-expired category-spectacle category-theatre-des-marionnettes tag-claire-cornaz tag-manon-lelievre\">\n<h6 class=\"liensouligne wp-block-post-title\"><a href=\"https:\/\/wp.unil.ch\/ateliercritique\/2022\/05\/le-paradis-des-chats\/\" target=\"_self\" >Le Paradis des chats<\/a><\/h6>\n\n<div class=\"wp-block-post-excerpt\"><p class=\"wp-block-post-excerpt__excerpt\">D&rsquo;apr\u00e8s Emile Zola \/ Adaptation et mise en sc\u00e8ne Delphine Barut \/ Th\u00e9\u00e2tre des marionnettes de Gen\u00e8ve \/ du 27 avril au 8 mai 2022 \/ Critiques par Manon Leli\u00e8vre et Claire Cornuz . <\/p><\/div>\n\n\n<div style=\"height:1px\" aria-hidden=\"true\" class=\"wp-block-spacer\"><\/div>\n\n<\/li><li class=\"wp-block-post post-16176 post type-post status-publish format-standard has-post-thumbnail category-critique category-expired category-la-grange category-spectacle tag-clementine-glardon tag-manon-lelievre\">\n<h6 class=\"liensouligne wp-block-post-title\"><a href=\"https:\/\/wp.unil.ch\/ateliercritique\/2022\/04\/g5\/\" target=\"_self\" >G5<\/a><\/h6>\n\n<div class=\"wp-block-post-excerpt\"><p class=\"wp-block-post-excerpt__excerpt\">Texte et mise en sc\u00e8ne Rocio Berenguer \/ La Grange \u2013 Centre \/ Arts et Science \/ UNIL \/ du 24 au 27 mars 2022 \/ critiques par Cl\u00e9mentine Glardon et Manon Leli\u00e8vre . <\/p><\/div>\n\n\n<div style=\"height:1px\" aria-hidden=\"true\" class=\"wp-block-spacer\"><\/div>\n\n<\/li><li class=\"wp-block-post post-16039 post type-post status-publish format-standard has-post-thumbnail category-critique category-expired category-spectacle category-grand-champ tag-claire-cornaz tag-manon-lelievre\">\n<h6 class=\"liensouligne wp-block-post-title\"><a href=\"https:\/\/wp.unil.ch\/ateliercritique\/2022\/03\/les-femmes-savantes-2\/\" target=\"_self\" >Les Femmes Savantes<\/a><\/h6>\n\n<div class=\"wp-block-post-excerpt\"><p class=\"wp-block-post-excerpt__excerpt\">Adaptation du texte de Moli\u00e8re \/ Mise en sc\u00e8ne de Vincent Bonillo \/ Th\u00e9\u00e2tre du Grand-Champ \/ Le 02 et 03 mars 2022 \/ critiques par Manon Leli\u00e8vre et Claire Cornaz . <\/p><\/div>\n\n\n<div style=\"height:1px\" aria-hidden=\"true\" class=\"wp-block-spacer\"><\/div>\n\n<\/li><li class=\"wp-block-post post-16026 post type-post status-publish format-standard has-post-thumbnail category-critique category-expired category-spectacle category-theatre-de-carouge tag-manon-lelievre\">\n<h6 class=\"liensouligne wp-block-post-title\"><a href=\"https:\/\/wp.unil.ch\/ateliercritique\/2022\/03\/16026\/\" target=\"_self\" >La Fausse Suivante<\/a><\/h6>\n\n<div class=\"wp-block-post-excerpt\"><p class=\"wp-block-post-excerpt__excerpt\">D\u2019apr\u00e8s Marivaux \/ Mise en sc\u00e8ne de Jean Liermier \/ Th\u00e9\u00e2tre de Carouge \/ du 22 f\u00e9vrier au 06 mars 2022 \/\u00a0critiques par Manon Leli\u00e8vre et Claire Cornaz . <\/p><\/div>\n\n\n<div style=\"height:1px\" aria-hidden=\"true\" class=\"wp-block-spacer\"><\/div>\n\n<\/li><li class=\"wp-block-post post-14016 post type-post status-publish format-standard has-post-thumbnail category-critique category-expired category-spectacle category-theatre-de-carouge tag-judith-marchal tag-manon-lelievre\">\n<h6 class=\"liensouligne wp-block-post-title\"><a href=\"https:\/\/wp.unil.ch\/ateliercritique\/2019\/12\/un-conte-de-noel\/\" target=\"_self\" >Un conte de No\u00ebl<\/a><\/h6>\n\n<div class=\"wp-block-post-excerpt\"><p class=\"wp-block-post-excerpt__excerpt\">D\u2019apr\u00e8s Charles Dickens \/ Adaptation et mise en sc\u00e8ne de Claude-Inga Barbey \/ Th\u00e9\u00e2tre de Carouge \/ du 3 au 22 d\u00e9cembre 2019\/ Critiques par Judith Marchal et Manon Leli\u00e8vre.\u00a0 <\/p><\/div>\n\n\n<div style=\"height:1px\" aria-hidden=\"true\" class=\"wp-block-spacer\"><\/div>\n\n<\/li><li class=\"wp-block-post post-13907 post type-post status-publish format-standard has-post-thumbnail category-critique category-expired category-la-grange category-spectacle tag-manon-lelievre tag-noe-maggetti\">\n<h6 class=\"liensouligne wp-block-post-title\"><a href=\"https:\/\/wp.unil.ch\/ateliercritique\/2019\/11\/tableau-dune-execution\/\" target=\"_self\" >Tableau d\u2019une ex\u00e9cution<\/a><\/h6>\n\n<div class=\"wp-block-post-excerpt\"><p class=\"wp-block-post-excerpt__excerpt\">Texte de Howard Barker \/ Mise en sc\u00e8ne de Vincent Bonillo \/ La Grange de Dorigny \/ du 7 au 10 novembre 2019 \/ Critiques par No\u00e9 Maggetti et Manon Leli\u00e8vre. <\/p><\/div>\n\n\n<div style=\"height:1px\" aria-hidden=\"true\" class=\"wp-block-spacer\"><\/div>\n\n<\/li><li class=\"wp-block-post post-13802 post type-post status-publish format-standard has-post-thumbnail category-critique category-expired category-spectacle category-theatre-de-vidy tag-emmanuel-jung tag-jade-lambelet tag-manon-lelievre tag-monique-kountangni tag-noe-maggetti tag-sarah-juilland tag-thibault-hugentobler\">\n<h6 class=\"liensouligne wp-block-post-title\"><a href=\"https:\/\/wp.unil.ch\/ateliercritique\/2019\/10\/la-vallee-de-letrange\/\" target=\"_self\" >La Vall\u00e9e de l&rsquo;\u00e9trange<\/a><\/h6>\n\n<div class=\"wp-block-post-excerpt\"><p class=\"wp-block-post-excerpt__excerpt\">Texte de Thomas Melle et Stefan Kaegi (Rimini Protokoll) \/ Mise en sc\u00e8ne de Stefan Kaegi \/ Th\u00e9\u00e2tre de Vidy \/ du 25 septembre au 10 octobre 2019 \/ Critiques par Jade Lambelet, Emmanuel Jung, Sarah Juilland, Thibault Hugentobler, No\u00e9\u2026 <\/p><\/div>\n\n\n<div style=\"height:1px\" aria-hidden=\"true\" class=\"wp-block-spacer\"><\/div>\n\n<\/li><\/ul><\/div>\n","protected":false},"excerpt":{"rendered":"<p>Les critiques de Manon Leli\u00e8vre :<\/p>\n","protected":false},"author":1001835,"featured_media":0,"parent":2716,"menu_order":0,"comment_status":"closed","ping_status":"closed","template":"","meta":{"_seopress_robots_primary_cat":"","_seopress_titles_title":"","_seopress_titles_desc":"","_seopress_robots_index":"","footnotes":""},"class_list":["post-13724","page","type-page","status-publish"],"_links":{"self":[{"href":"https:\/\/wp.unil.ch\/ateliercritique\/wp-json\/wp\/v2\/pages\/13724","targetHints":{"allow":["GET"]}}],"collection":[{"href":"https:\/\/wp.unil.ch\/ateliercritique\/wp-json\/wp\/v2\/pages"}],"about":[{"href":"https:\/\/wp.unil.ch\/ateliercritique\/wp-json\/wp\/v2\/types\/page"}],"author":[{"embeddable":true,"href":"https:\/\/wp.unil.ch\/ateliercritique\/wp-json\/wp\/v2\/users\/1001835"}],"replies":[{"embeddable":true,"href":"https:\/\/wp.unil.ch\/ateliercritique\/wp-json\/wp\/v2\/comments?post=13724"}],"version-history":[{"count":1,"href":"https:\/\/wp.unil.ch\/ateliercritique\/wp-json\/wp\/v2\/pages\/13724\/revisions"}],"predecessor-version":[{"id":22314,"href":"https:\/\/wp.unil.ch\/ateliercritique\/wp-json\/wp\/v2\/pages\/13724\/revisions\/22314"}],"up":[{"embeddable":true,"href":"https:\/\/wp.unil.ch\/ateliercritique\/wp-json\/wp\/v2\/pages\/2716"}],"wp:attachment":[{"href":"https:\/\/wp.unil.ch\/ateliercritique\/wp-json\/wp\/v2\/media?parent=13724"}],"curies":[{"name":"wp","href":"https:\/\/api.w.org\/{rel}","templated":true}]}}