{"id":13717,"date":"2019-09-29T15:02:45","date_gmt":"2019-09-29T13:02:45","guid":{"rendered":"http:\/\/wp.unil.ch\/ateliercritique\/?page_id=13717"},"modified":"2025-02-06T17:34:13","modified_gmt":"2025-02-06T16:34:13","slug":"emmanuel-jung","status":"publish","type":"page","link":"https:\/\/wp.unil.ch\/ateliercritique\/lequipe\/emmanuel-jung\/","title":{"rendered":"Emmanuel Jung"},"content":{"rendered":"<h4>Les critiques de Emmanuel Jung :<\/h4>\n\n\n<div class=\"wp-block-query is-layout-flow wp-block-query-is-layout-flow\"><ul class=\"wp-block-post-template is-layout-flow wp-block-post-template-is-layout-flow\"><li class=\"wp-block-post post-14124 post type-post status-publish format-standard has-post-thumbnail category-centre-pluriculturel-et-social-douchy category-critique category-expired category-spectacle tag-emmanuel-jung tag-monique-kountangni\">\n<h6 class=\"liensouligne wp-block-post-title\"><a href=\"https:\/\/wp.unil.ch\/ateliercritique\/2020\/02\/retour-a-lexpediteur\/\" target=\"_self\" >Retour \u00e0 l\u2019exp\u00e9diteur<\/a><\/h6>\n\n<div class=\"wp-block-post-excerpt\"><p class=\"wp-block-post-excerpt__excerpt\">Conception et mise en sc\u00e8ne de Katy Hernan et Barbara Schlittler \/ CPO Ouchy \/ du 29 janvier au 2 f\u00e9vrier 2020 \/ Critiques par Monique Kountangni et Emmanuel Jung. <\/p><\/div>\n\n\n<div style=\"height:1px\" aria-hidden=\"true\" class=\"wp-block-spacer\"><\/div>\n\n<\/li><li class=\"wp-block-post post-14102 post type-post status-publish format-standard has-post-thumbnail category-critique category-expired category-spectacle category-tpr-la-chaux-de-fonds tag-emmanuel-jung tag-margaux-farron\">\n<h6 class=\"liensouligne wp-block-post-title\"><a href=\"https:\/\/wp.unil.ch\/ateliercritique\/2020\/01\/small-g-une-idylle-dete\/\" target=\"_self\" >Small g \u2013 Une idylle d\u2019\u00e9t\u00e9<\/a><\/h6>\n\n<div class=\"wp-block-post-excerpt\"><p class=\"wp-block-post-excerpt__excerpt\">D\u2019apr\u00e8s Patricia Highsmith \/ Mise en sc\u00e8ne par Anne Bisang \/ TPR \u2013 Th\u00e9\u00e2tre populaire romand \/ du 16 au 19 janvier 2020 \/ Critiques par Margaux Farron et Emmanuel Jung. <\/p><\/div>\n\n\n<div style=\"height:1px\" aria-hidden=\"true\" class=\"wp-block-spacer\"><\/div>\n\n<\/li><li class=\"wp-block-post post-14066 post type-post status-publish format-standard has-post-thumbnail category-entretien tag-emmanuel-jung\">\n<h6 class=\"liensouligne wp-block-post-title\"><a href=\"https:\/\/wp.unil.ch\/ateliercritique\/2019\/12\/entretien-avec-sarah-jane-moloney\/\" target=\"_self\" >Entretien avec Sarah Jane Moloney<\/a><\/h6>\n\n<div class=\"wp-block-post-excerpt\"><p class=\"wp-block-post-excerpt__excerpt\">Par Emmanuel Jung. <\/p><\/div>\n\n\n<div style=\"height:1px\" aria-hidden=\"true\" class=\"wp-block-spacer\"><\/div>\n\n<\/li><li class=\"wp-block-post post-14069 post type-post status-publish format-standard has-post-thumbnail category-critique category-expired category-spectacle tag-emmanuel-jung\">\n<h6 class=\"liensouligne wp-block-post-title\"><a href=\"https:\/\/wp.unil.ch\/ateliercritique\/2019\/12\/ramener-sappho-a-la-vie\/\" target=\"_self\" >Ramener Sappho \u00e0 la vie<\/a><\/h6>\n\n<div class=\"wp-block-post-excerpt\"><p class=\"wp-block-post-excerpt__excerpt\">Pi\u00e8ce de Sarah Jane Moloney \/ Compte-rendu par Emmanuel Jung . <\/p><\/div>\n\n\n<div style=\"height:1px\" aria-hidden=\"true\" class=\"wp-block-spacer\"><\/div>\n\n<\/li><li class=\"wp-block-post post-14062 post type-post status-publish format-standard has-post-thumbnail category-expired category-spectacle tag-emmanuel-jung tag-margaux-farron tag-monique-kountangni\">\n<h6 class=\"liensouligne wp-block-post-title\"><a href=\"https:\/\/wp.unil.ch\/ateliercritique\/2019\/12\/ecritures-dramatiques-contemporaines-partenariat-avec-le-courrier-3\/\" target=\"_self\" >Ecritures dramatiques contemporaines \/ Partenariat avec Le Courrier<\/a><\/h6>\n\n<div class=\"wp-block-post-excerpt\"><p class=\"wp-block-post-excerpt__excerpt\">Deux lundis par mois, pendant l\u2019\u00e9t\u00e9 2019, Le Courrier\u00a0a publi\u00e9 le texte in\u00e9dit (extrait) d\u2019un-e auteur-e de th\u00e9\u00e2tre suisse ou r\u00e9sidant en Suisse. L\u2019Atelier critique a eu acc\u00e8s \u00e0 la version int\u00e9grale de ces oeuvres et en propose aujourd\u2019hui une\u2026 <\/p><\/div>\n\n\n<div style=\"height:1px\" aria-hidden=\"true\" class=\"wp-block-spacer\"><\/div>\n\n<\/li><li class=\"wp-block-post post-14025 post type-post status-publish format-standard has-post-thumbnail category-critique category-expired category-spectacle category-theatre-de-vidy tag-emmanuel-jung\">\n<h6 class=\"liensouligne wp-block-post-title\"><a href=\"https:\/\/wp.unil.ch\/ateliercritique\/2019\/12\/orestes-in-mosul\/\" target=\"_self\" >Orestes in Mosul<\/a><\/h6>\n\n<div class=\"wp-block-post-excerpt\"><p class=\"wp-block-post-excerpt__excerpt\">D\u2019apr\u00e8s Eschyle \/ Mise en sc\u00e8ne de Milo Rau \/ Th\u00e9\u00e2tre de Vidy \/ du 4 au 7 d\u00e9cembre 2019 \/ Critique par Emmanuel Jung. <\/p><\/div>\n\n\n<div style=\"height:1px\" aria-hidden=\"true\" class=\"wp-block-spacer\"><\/div>\n\n<\/li><li class=\"wp-block-post post-14001 post type-post status-publish format-standard has-post-thumbnail category-critique category-expired category-petitheatre-sion category-spectacle tag-emmanuel-jung\">\n<h6 class=\"liensouligne wp-block-post-title\"><a href=\"https:\/\/wp.unil.ch\/ateliercritique\/2019\/12\/sing-sing-bar\/\" target=\"_self\" >Sing sing bar<\/a><\/h6>\n\n<div class=\"wp-block-post-excerpt\"><p class=\"wp-block-post-excerpt__excerpt\">Cr\u00e9ation de la Cie Jusqu\u2019\u00e0 m\u2019y fondre \/ Texte et mise en sc\u00e8ne de Mali Van Valenberg \/ Petith\u00e9\u00e2tre Sion \/ du 28 novembre au 8 d\u00e9cembre 2019 \/ Critique par Emmanuel Jung. <\/p><\/div>\n\n\n<div style=\"height:1px\" aria-hidden=\"true\" class=\"wp-block-spacer\"><\/div>\n\n<\/li><li class=\"wp-block-post post-13898 post type-post status-publish format-standard has-post-thumbnail category-critique category-expired category-theatre-de-larsenic category-spectacle tag-emmanuel-jung tag-jade-lambelet\">\n<h6 class=\"liensouligne wp-block-post-title\"><a href=\"https:\/\/wp.unil.ch\/ateliercritique\/2019\/11\/le-souper\/\" target=\"_self\" >Le Souper<\/a><\/h6>\n\n<div class=\"wp-block-post-excerpt\"><p class=\"wp-block-post-excerpt__excerpt\">Conception, \u00e9criture et jeu par Julia Perazzini \/ Arsenic \u2013 Centre d\u2019art sc\u00e9nique contemporain \/ du 5 au 10 novembre 2019 \/ Critiques par Emmanuel Jung et Jade Lambelet. <\/p><\/div>\n\n\n<div style=\"height:1px\" aria-hidden=\"true\" class=\"wp-block-spacer\"><\/div>\n\n<\/li><li class=\"wp-block-post post-13802 post type-post status-publish format-standard has-post-thumbnail category-critique category-expired category-spectacle category-theatre-de-vidy tag-emmanuel-jung tag-jade-lambelet tag-manon-lelievre tag-monique-kountangni tag-noe-maggetti tag-sarah-juilland tag-thibault-hugentobler\">\n<h6 class=\"liensouligne wp-block-post-title\"><a href=\"https:\/\/wp.unil.ch\/ateliercritique\/2019\/10\/la-vallee-de-letrange\/\" target=\"_self\" >La Vall\u00e9e de l&rsquo;\u00e9trange<\/a><\/h6>\n\n<div class=\"wp-block-post-excerpt\"><p class=\"wp-block-post-excerpt__excerpt\">Texte de Thomas Melle et Stefan Kaegi (Rimini Protokoll) \/ Mise en sc\u00e8ne de Stefan Kaegi \/ Th\u00e9\u00e2tre de Vidy \/ du 25 septembre au 10 octobre 2019 \/ Critiques par Jade Lambelet, Emmanuel Jung, Sarah Juilland, Thibault Hugentobler, No\u00e9\u2026 <\/p><\/div>\n\n\n<div style=\"height:1px\" aria-hidden=\"true\" class=\"wp-block-spacer\"><\/div>\n\n<\/li><li class=\"wp-block-post post-13764 post type-post status-publish format-standard has-post-thumbnail category-critique category-expired category-theatre-comedie category-spectacle tag-emmanuel-jung tag-judith-marchal\">\n<h6 class=\"liensouligne wp-block-post-title\"><a href=\"https:\/\/wp.unil.ch\/ateliercritique\/2019\/10\/invisible\/\" target=\"_self\" >Invisible<\/a><\/h6>\n\n<div class=\"wp-block-post-excerpt\"><p class=\"wp-block-post-excerpt__excerpt\">Imagin\u00e9 par Yan Duyvendak \/ Co-\u00e9criture par 32 auteurs \/ du 9 octobre 2019 au 28 mars 2020 \/ Critique par Judith Marchal et Emmanuel Jung. <\/p><\/div>\n\n\n<div style=\"height:1px\" aria-hidden=\"true\" class=\"wp-block-spacer\"><\/div>\n\n<\/li><\/ul><\/div>\n","protected":false},"excerpt":{"rendered":"<p>Les critiques de Emmanuel Jung :<\/p>\n","protected":false},"author":1001835,"featured_media":0,"parent":2716,"menu_order":0,"comment_status":"closed","ping_status":"closed","template":"","meta":{"_seopress_robots_primary_cat":"","_seopress_titles_title":"","_seopress_titles_desc":"","_seopress_robots_index":"","footnotes":""},"class_list":["post-13717","page","type-page","status-publish"],"_links":{"self":[{"href":"https:\/\/wp.unil.ch\/ateliercritique\/wp-json\/wp\/v2\/pages\/13717","targetHints":{"allow":["GET"]}}],"collection":[{"href":"https:\/\/wp.unil.ch\/ateliercritique\/wp-json\/wp\/v2\/pages"}],"about":[{"href":"https:\/\/wp.unil.ch\/ateliercritique\/wp-json\/wp\/v2\/types\/page"}],"author":[{"embeddable":true,"href":"https:\/\/wp.unil.ch\/ateliercritique\/wp-json\/wp\/v2\/users\/1001835"}],"replies":[{"embeddable":true,"href":"https:\/\/wp.unil.ch\/ateliercritique\/wp-json\/wp\/v2\/comments?post=13717"}],"version-history":[{"count":1,"href":"https:\/\/wp.unil.ch\/ateliercritique\/wp-json\/wp\/v2\/pages\/13717\/revisions"}],"predecessor-version":[{"id":22307,"href":"https:\/\/wp.unil.ch\/ateliercritique\/wp-json\/wp\/v2\/pages\/13717\/revisions\/22307"}],"up":[{"embeddable":true,"href":"https:\/\/wp.unil.ch\/ateliercritique\/wp-json\/wp\/v2\/pages\/2716"}],"wp:attachment":[{"href":"https:\/\/wp.unil.ch\/ateliercritique\/wp-json\/wp\/v2\/media?parent=13717"}],"curies":[{"name":"wp","href":"https:\/\/api.w.org\/{rel}","templated":true}]}}